{"id":71535,"date":"2025-12-04T20:23:36","date_gmt":"2025-12-04T19:23:36","guid":{"rendered":"https:\/\/royalcasinocompany.nl\/?page_id=71535"},"modified":"2025-12-04T20:47:54","modified_gmt":"2025-12-04T19:47:54","slug":"uurloon","status":"publish","type":"page","link":"https:\/\/royalcasinocompany.nl\/es\/personeel\/uurloon\/","title":{"rendered":"Salario por hora"},"content":{"rendered":"<div class=\"wpb-content-wrapper\"><div data-parent=\"true\" class=\"vc_row row-container boomapps_vcrow\" id=\"row-unique-0\"><div class=\"row limit-width row-parent\"><div class=\"wpb_row row-inner\"><div class=\"wpb_column pos-top pos-center align_left column_parent col-lg-12 boomapps_vccolumn single-internal-gutter\"><div class=\"uncol style-dark\"  ><div class=\"uncoltable\"><div class=\"uncell  boomapps_vccolumn no-block-padding\" ><div class=\"uncont\" ><div class=\"vc_row row-internal row-container boomapps_vcrow\"><div class=\"row row-child\"><div class=\"wpb_row row-inner\"><div class=\"wpb_column pos-top pos-center align_left column_child col-lg-12 boomapps_vccolumn single-internal-gutter\"><div class=\"uncol style-dark\" ><div class=\"uncoltable\"><div class=\"uncell  boomapps_vccolumn no-block-padding\" ><div class=\"uncont\" ><div class=\"vc_custom_heading_wrap\"><div class=\"heading-text el-text\" ><\/p>\n<h1>Todo sobre su salario por hora<\/h1>\n<p>\n<hr class=\"separator-break separator-accent\" \/><\/div><div class=\"clear\"><\/div><\/div><div class=\"empty-space empty-single\" ><span class=\"empty-space-inner\"><\/span><\/div>\n<div class=\"uncode_text_column\" ><\/p>\n<h2>\ud83e\uddfe Remuneraci\u00f3n y jornada laboral<\/h2>\n<p>Se le pagar\u00e1 desde el momento en que empiece el trabajo hasta que termine en el almac\u00e9n.<br \/>\nPara evitar malentendidos, en la hoja de reclamaciones siempre se indica una hora m\u00e1xima de finalizaci\u00f3n.<br \/>\nEstos tiempos son realistas y bien alcanzables en condiciones de trabajo normales y eficientes.<\/p>\n<p>Con nosotros, tambi\u00e9n le pagamos \u00edntegramente:<\/p>\n<ul>\n<li><strong>\u23f1\ufe0f Duraci\u00f3n del viaje<\/strong><\/li>\n<li><strong>\u231b Tiempo de espera o puenteo<\/strong><\/li>\n<\/ul>\n<p>Esto es \u00fanico en la industria del entretenimiento, muchas empresas no pagan por estos momentos.<br \/>\nSin embargo, creemos que su tiempo, esfuerzo y presencia tienen valor, incluso cuando hay que esperar un poco m\u00e1s.<br \/>\nAl fin y al cabo, est\u00e1s a disposici\u00f3n de la empresa y contribuyes al \u00e9xito de la velada.<\/p>\n<h2>\ud83d\udccb Importante saber<\/h2>\n<p>Trabajamos sobre la base de <strong>conf\u00ede en<\/strong> y <strong>razonabilidad<\/strong>.<br \/>\nA veces los actos se celebran con un poco de retraso, y a veces se acaba antes y se dispone de tiempo de descanso adicional.<br \/>\nEn general, esto siempre se endereza muy bien.<\/p>\n<ul>\n<li>Los tiempos en la hoja de llamadas son siempre l\u00edderes.<\/li>\n<li>\u00bfHa terminado antes de lo previsto en el almac\u00e9n? Entonces anote ese tiempo real de acabado.<\/li>\n<li>Durante un evento, no se trabaja activamente en todo momento, pero se est\u00e1 presente y, por tanto, se acaba de cobrar.<\/li>\n<\/ul>\n<p>Confiamos en que todos lo hagan con profesionalidad y honestidad, con sentido de la responsabilidad tanto hacia el equipo como hacia la empresa.<\/p>\n<h2>\ud83d\udcb6 Salario bruto por hora m\u00ednimo legal<\/h2>\n<p>En el siguiente cuadro se indican los salarios m\u00ednimos brutos legales de 2025 en los que se basa su salario por hora:<\/p>\n<table>\n<thead>\n<tr>\n<th>Edad<\/th>\n<th>Salario por hora (bruto)<\/th>\n<\/tr>\n<\/thead>\n<tbody>\n<tr>\n<td>21 a\u00f1os y m\u00e1s<\/td>\n<td>14,40 euros por hora<\/td>\n<\/tr>\n<tr>\n<td>20 a\u00f1os<\/td>\n<td>11,52 euros por hora<\/td>\n<\/tr>\n<tr>\n<td>19 a\u00f1os<\/td>\n<td>8,64 euros por hora<\/td>\n<\/tr>\n<tr>\n<td>18 a\u00f1os<\/td>\n<td>7,20 euros por hora<\/td>\n<\/tr>\n<tr>\n<td>17 a\u00f1os<\/td>\n<td>5,69 euros por hora<\/td>\n<\/tr>\n<\/tbody>\n<\/table>\n<p>La retribuci\u00f3n se calcula en funci\u00f3n del n\u00famero de horas trabajadas por misi\u00f3n.<br \/>\nPara garantizar que todo el mundo recibe una remuneraci\u00f3n justa e \u00edntegra, los pagos de los salarios se realizan en el <strong>primera semana del nuevo mes<\/strong>.<\/p>\n<h3>\u00bfPor qu\u00e9 en la primera semana?<\/h3>\n<p>Suele ocurrir que el \u00faltimo d\u00eda del mes tengas una tarea.<br \/>\nLas horas de esa asignaci\u00f3n pertenecen naturalmente al mismo mes y, por tanto, quiere cobrarlas en el mismo periodo.<\/p>\n<p>El proceso es el siguiente:<\/p>\n<ul>\n<li><strong>1. Las horas del \u00faltimo d\u00eda se procesan al d\u00eda siguiente.<\/strong><br \/>\nSus colegas de la oficina comprueban y procesan cuidadosamente todas las horas trabajadas.<br \/>\nSi hay un fin de semana de por medio, pasar\u00e1 autom\u00e1ticamente al siguiente d\u00eda laborable.<\/li>\n<li><strong>2. Tratamiento por parte del auditor.<\/strong><br \/>\nUna vez que todas las horas se han procesado completa y correctamente, las enviamos a nuestro contable.<br \/>\nPreparan el lote de pagos y llevan a cabo el control administrativo.<\/li>\n<li><strong>3. Desembolso.<\/strong><br \/>\nTodo este proceso dura unos d\u00edas.<br \/>\nPor lo tanto, comunicamos claramente que el salario se pagar\u00e1 en la primera semana del nuevo mes.<\/li>\n<\/ul>\n<p>Por supuesto, siempre nos esforzamos por efectuar el pago lo antes posible.<br \/>\nLa transparencia y la fiabilidad son nuestras m\u00e1ximas prioridades. Puede contar con que su salario se transferir\u00e1 correctamente y a tiempo.<\/p>\n<\/div><\/div><\/div><\/div><\/div><\/div><\/div><\/div><\/div><\/div><\/div><\/div><\/div><\/div><script id=\"script-row-unique-0\" data-row=\"script-row-unique-0\" type=\"text\/javascript\" class=\"vc_controls\">UNCODE.initRow(document.getElementById(\"row-unique-0\"));<\/script><\/div><\/div><\/div>\n<\/div>","protected":false},"excerpt":{"rendered":"Alles over je uurloon \ud83e\uddfe Beloning &amp; Werktijd Je wordt betaald vanaf het moment dat je aan de opdracht begint [...]","protected":false},"author":1,"featured_media":0,"parent":71016,"menu_order":0,"comment_status":"closed","ping_status":"closed","template":"","meta":{"footnotes":""},"class_list":["post-71535","page","type-page","status-publish","hentry","page_category-personeel-portaal"],"_links":{"self":[{"href":"https:\/\/royalcasinocompany.nl\/es\/wp-json\/wp\/v2\/pages\/71535","targetHints":{"allow":["GET"]}}],"collection":[{"href":"https:\/\/royalcasinocompany.nl\/es\/wp-json\/wp\/v2\/pages"}],"about":[{"href":"https:\/\/royalcasinocompany.nl\/es\/wp-json\/wp\/v2\/types\/page"}],"author":[{"embeddable":true,"href":"https:\/\/royalcasinocompany.nl\/es\/wp-json\/wp\/v2\/users\/1"}],"replies":[{"embeddable":true,"href":"https:\/\/royalcasinocompany.nl\/es\/wp-json\/wp\/v2\/comments?post=71535"}],"version-history":[{"count":4,"href":"https:\/\/royalcasinocompany.nl\/es\/wp-json\/wp\/v2\/pages\/71535\/revisions"}],"predecessor-version":[{"id":71549,"href":"https:\/\/royalcasinocompany.nl\/es\/wp-json\/wp\/v2\/pages\/71535\/revisions\/71549"}],"up":[{"embeddable":true,"href":"https:\/\/royalcasinocompany.nl\/es\/wp-json\/wp\/v2\/pages\/71016"}],"wp:attachment":[{"href":"https:\/\/royalcasinocompany.nl\/es\/wp-json\/wp\/v2\/media?parent=71535"}],"curies":[{"name":"wp","href":"https:\/\/api.w.org\/{rel}","templated":true}]}}