{"id":71538,"date":"2025-12-04T20:27:41","date_gmt":"2025-12-04T19:27:41","guid":{"rendered":"https:\/\/royalcasinocompany.nl\/?page_id=71538"},"modified":"2026-01-15T23:31:52","modified_gmt":"2026-01-15T22:31:52","slug":"reiskostenvergoeding","status":"publish","type":"page","link":"https:\/\/royalcasinocompany.nl\/es\/personeel\/reiskostenvergoeding\/","title":{"rendered":"Reembolso de gastos de viaje"},"content":{"rendered":"<div class=\"wpb-content-wrapper\"><div data-parent=\"true\" class=\"vc_row row-container boomapps_vcrow\" id=\"row-unique-0\"><div class=\"row limit-width row-parent\"><div class=\"wpb_row row-inner\"><div class=\"wpb_column pos-top pos-center align_left column_parent col-lg-12 boomapps_vccolumn single-internal-gutter\"><div class=\"uncol style-dark\"  ><div class=\"uncoltable\"><div class=\"uncell  boomapps_vccolumn no-block-padding\" ><div class=\"uncont\" ><div class=\"vc_row row-internal row-container boomapps_vcrow\"><div class=\"row row-child\"><div class=\"wpb_row row-inner\"><div class=\"wpb_column pos-top pos-center align_left column_child col-lg-12 boomapps_vccolumn single-internal-gutter\"><div class=\"uncol style-dark\" ><div class=\"uncoltable\"><div class=\"uncell  boomapps_vccolumn no-block-padding\" ><div class=\"uncont\" ><div class=\"vc_custom_heading_wrap\"><div class=\"heading-text el-text\" ><\/p>\n<h1>Informaci\u00f3n sobre dietas de viaje<\/h1>\n<p>\n<hr class=\"separator-break separator-accent\" \/><\/div><div class=\"clear\"><\/div><\/div><div class=\"empty-space empty-single\" ><span class=\"empty-space-inner\"><\/span><\/div>\n<div class=\"uncode_text_column\" ><\/p>\n<h2>\ud83d\udccd Desplazamiento al cobertizo o a la oficina<\/h2>\n<p>Los gastos de viaje de ida y vuelta a nuestro almac\u00e9n u oficina central se incluyen en los gastos de desplazamiento y, por tanto, corren por su cuenta.<br \/>\nEsto se aplica tanto a los viajes de ida como a los de vuelta, salvo que se acuerde otra cosa por adelantado.<\/p>\n<p>-<\/p>\n<h2>\ud83d\ude8c Desplazamiento al lugar de la misi\u00f3n<\/h2>\n<p>\u00bfVa a viajar directamente al lugar del acontecimiento en su propio medio de transporte o en transporte p\u00fablico? Entonces se aplican las siguientes normas:<\/p>\n<ul>\n<li>La primera <strong>30 minutos de viaje <\/strong>son por cuenta propia (desplazamientos).<\/li>\n<li>Todo el tiempo de viaje que supere esos 30 minutos se pagar\u00e1 \u00edntegramente a su tarifa horaria normal.<\/li>\n<\/ul>\n<p>-<\/p>\n<h2>\ud83d\udcb0 Dietas por kilometraje<\/h2>\n<p>Si se desplaza al lugar de la misi\u00f3n en su propio coche, recibir\u00e1 una indemnizaci\u00f3n por kilometraje de 1.000 euros. <strong>0,23 euros por kil\u00f3metro<\/strong>.<br \/>\nEste subsidio se aplica a todos los kil\u00f3metros que conduzca por motivos de trabajo.<br \/>\nAseg\u00farese de anotar o declarar correctamente estos kil\u00f3metros despu\u00e9s de cada turno.<\/p>\n<p>-<\/p>\n<h2>\u2728 Resumen<\/h2>\n<p>En Be Our Guest Events, creemos que es importante que todo el mundo sea recompensado de forma justa y transparente. Tu compromiso, tiempo y asistencia son valiosos, y nos gusta demostrarlo en nuestra estructura de compensaci\u00f3n.<\/p>\n<ul>\n<li>\ud83d\udc8e <strong>Transparencia y honradez<\/strong> son fundamentales.<\/li>\n<li>\ud83d\udcaa Su compromiso y presencia son siempre apreciados.<\/li>\n<li>\ud83d\udd52 Se te pagar\u00e1 por todo el tiempo que pases en el lugar, incluido el tiempo de espera y el tiempo de desplazamiento m\u00e1s all\u00e1 de los primeros 30 minutos.<\/li>\n<li>\ud83e\udd1d Trabajamos sobre la base de la confianza, la equidad y el trabajo en equipo.<\/li>\n<\/ul>\n<p>-<\/p>\n<p>Tu tiempo es valioso y nos aseguramos de que se recompense de forma justa, clara y apreciada.<br \/>\nEsa es nuestra promesa para ti. \ud83d\udcaa\ud83d\udcb0<\/p>\n<\/div><div class=\"divider-wrapper\"  >\n    <hr class=\"border-accent-color separator-no-padding\"  \/>\n<\/div>\n<\/div><\/div><\/div><\/div><\/div><\/div><\/div><\/div><\/div><\/div><\/div><\/div><\/div><script id=\"script-row-unique-0\" data-row=\"script-row-unique-0\" type=\"text\/javascript\" class=\"vc_controls\">UNCODE.initRow(document.getElementById(\"row-unique-0\"));<\/script><\/div><\/div><\/div>\n<\/div>","protected":false},"excerpt":{"rendered":"Reiskostenvergoeding informatie \ud83d\udccd Reizen naar de loods of het kantoor Reiskosten van en naar onze loods of het hoofdkantoor vallen [...]","protected":false},"author":1,"featured_media":0,"parent":71016,"menu_order":0,"comment_status":"closed","ping_status":"closed","template":"","meta":{"footnotes":""},"class_list":["post-71538","page","type-page","status-publish","hentry","page_category-personeel-portaal"],"_links":{"self":[{"href":"https:\/\/royalcasinocompany.nl\/es\/wp-json\/wp\/v2\/pages\/71538","targetHints":{"allow":["GET"]}}],"collection":[{"href":"https:\/\/royalcasinocompany.nl\/es\/wp-json\/wp\/v2\/pages"}],"about":[{"href":"https:\/\/royalcasinocompany.nl\/es\/wp-json\/wp\/v2\/types\/page"}],"author":[{"embeddable":true,"href":"https:\/\/royalcasinocompany.nl\/es\/wp-json\/wp\/v2\/users\/1"}],"replies":[{"embeddable":true,"href":"https:\/\/royalcasinocompany.nl\/es\/wp-json\/wp\/v2\/comments?post=71538"}],"version-history":[{"count":6,"href":"https:\/\/royalcasinocompany.nl\/es\/wp-json\/wp\/v2\/pages\/71538\/revisions"}],"predecessor-version":[{"id":71953,"href":"https:\/\/royalcasinocompany.nl\/es\/wp-json\/wp\/v2\/pages\/71538\/revisions\/71953"}],"up":[{"embeddable":true,"href":"https:\/\/royalcasinocompany.nl\/es\/wp-json\/wp\/v2\/pages\/71016"}],"wp:attachment":[{"href":"https:\/\/royalcasinocompany.nl\/es\/wp-json\/wp\/v2\/media?parent=71538"}],"curies":[{"name":"wp","href":"https:\/\/api.w.org\/{rel}","templated":true}]}}