{"id":71721,"date":"2026-01-10T14:01:36","date_gmt":"2026-01-10T13:01:36","guid":{"rendered":"https:\/\/royalcasinocompany.nl\/?page_id=71721"},"modified":"2026-01-15T21:42:43","modified_gmt":"2026-01-15T20:42:43","slug":"amerikaans-roulette","status":"publish","type":"page","link":"https:\/\/royalcasinocompany.nl\/es\/personeel\/amerikaans-roulette\/","title":{"rendered":"Ruleta americana"},"content":{"rendered":"<div class=\"wpb-content-wrapper\"><div data-parent=\"true\" class=\"vc_row row-container boomapps_vcrow\" id=\"row-unique-0\"><div class=\"row limit-width row-parent\"><div class=\"wpb_row row-inner\"><div class=\"wpb_column pos-top pos-center align_left column_parent col-lg-12 boomapps_vccolumn single-internal-gutter\"><div class=\"uncol style-dark\"  ><div class=\"uncoltable\"><div class=\"uncell  boomapps_vccolumn no-block-padding\" ><div class=\"uncont\" ><div class=\"vc_row row-internal row-container boomapps_vcrow\"><div class=\"row row-child\"><div class=\"wpb_row row-inner\"><div class=\"wpb_column pos-top pos-center align_left column_child col-lg-12 boomapps_vccolumn single-internal-gutter\"><div class=\"uncol style-dark\" ><div class=\"uncoltable\"><div class=\"uncell  boomapps_vccolumn no-block-padding\" ><div class=\"uncont\" ><div class=\"vc_custom_heading_wrap\"><div class=\"heading-text el-text\" ><\/p>\n<h1>\ud83c\udfb0 Ruleta americana<\/h1>\n<p>\n<hr class=\"separator-break separator-accent\" \/><\/div><div class=\"clear\"><\/div><\/div><div class=\"empty-space empty-single\" ><span class=\"empty-space-inner\"><\/span><\/div>\n<\/div><\/div><\/div><\/div><\/div><\/div><\/div><\/div><div class=\"vc_row row-internal row-container boomapps_vcrow\"><div class=\"row row-child\"><div class=\"wpb_row row-inner\"><div class=\"wpb_column pos-top pos-center align_left column_child col-lg-12 boomapps_vccolumn single-internal-gutter\"><div class=\"uncol style-dark\" ><div class=\"uncoltable\"><div class=\"uncell  boomapps_vccolumn no-block-padding\" ><div class=\"uncont\" ><div class=\"uncode_text_column\" ><\/p>\n<h3>\ud83c\udfaf Introducci\u00f3n<\/h3>\n<p>La ruleta americana es un juego de casino cl\u00e1sico y accesible. Como crupier, eres quien gu\u00eda el juego, aporta estructura y garantiza un ambiente relajado y profesional en la mesa.<\/p>\n<h3>\ud83e\udde0 \u00bfQu\u00e9 es la ruleta americana?<\/h3>\n<p>La ruleta americana se juega con una rueda de 38 casillas: los n\u00fameros del 1 al 36, un solo cero (0) y un doble cero (00). La bola determina qu\u00e9 n\u00famero gana.<\/p>\n<h3>\ud83d\udde3\ufe0f \u00bfC\u00f3mo se explica este juego al invitado?<\/h3>\n<p>Utiliza palabras sencillas y t\u00f3mate tu tiempo. C\u00e9ntrate sobre todo en lo b\u00e1sico.<\/p>\n<p><strong>Ejemplos de frases para el crupier:<\/strong><\/p>\n<ul>\n<li>\u201cPuedes apostar a un n\u00famero, a varios o a simples probabilidades, como rojo o negro\u201d.\u201d<\/li>\n<li>\u201cUna vez hechas todas las apuestas, hago girar la ruleta y la bola determina el n\u00famero ganador\u201d.\u201d<\/li>\n<li>\u201cRojo o negro y par o impar son las apuestas m\u00e1s elegidas\u201d.\u201d<\/li>\n<\/ul>\n<h3>\ud83c\udfb2 \u00bfC\u00f3mo se juega?<\/h3>\n<p>Los invitados colocan sus fichas en el campo de juego. Usted cierra las apuestas, hace girar la ruleta y deja que ruede la bola. Una vez que la bola est\u00e1 parada, anuncias el n\u00famero ganador y pagas a los ganadores.<\/p>\n<p><strong>Pr\u00e1cticos anuncios:<\/strong><\/p>\n<ul>\n<li>\u201cDamas y caballeros, las apuestas est\u00e1n cerradas\u201d.\u201d<\/li>\n<li>\u201cEl n\u00famero ganador es el 23, rojo\u201d.\u201d<\/li>\n<\/ul>\n<h3>\ud83d\udc54 \u00bfQu\u00e9 hace el crupier?<\/h3>\n<p>Diriges el juego, haces girar la ruleta, controlas las reglas y te aseguras de que los pagos sean correctos. Eres el punto de contacto para cualquier pregunta.<\/p>\n<h3>\u2728 Puntos focales profesionales<\/h3>\n<ul>\n<li>Trabaje siempre con calma y claridad<\/li>\n<li>Mantenga el contacto visual y sea amable<\/li>\n<li>Llame siempre al n\u00famero en voz alta<\/li>\n<li>No se deje apresurar por los invitados<\/li>\n<\/ul>\n<p>\n<\/div><\/div><\/div><\/div><\/div><\/div><\/div><\/div><\/div><\/div><\/div><\/div><\/div><\/div><script id=\"script-row-unique-0\" data-row=\"script-row-unique-0\" type=\"text\/javascript\" class=\"vc_controls\">UNCODE.initRow(document.getElementById(\"row-unique-0\"));<\/script><\/div><\/div><\/div>\n<\/div>","protected":false},"excerpt":{"rendered":"\ud83c\udfb0 Amerikaans Roulette \ud83c\udfaf Introductie Amerikaans roulette is een klassiek en toegankelijk casinospel. Als croupier ben jij degene die het [...]","protected":false},"author":1,"featured_media":0,"parent":71016,"menu_order":0,"comment_status":"closed","ping_status":"closed","template":"","meta":{"footnotes":""},"class_list":["post-71721","page","type-page","status-publish","hentry","page_category-personeel-portaal"],"_links":{"self":[{"href":"https:\/\/royalcasinocompany.nl\/es\/wp-json\/wp\/v2\/pages\/71721","targetHints":{"allow":["GET"]}}],"collection":[{"href":"https:\/\/royalcasinocompany.nl\/es\/wp-json\/wp\/v2\/pages"}],"about":[{"href":"https:\/\/royalcasinocompany.nl\/es\/wp-json\/wp\/v2\/types\/page"}],"author":[{"embeddable":true,"href":"https:\/\/royalcasinocompany.nl\/es\/wp-json\/wp\/v2\/users\/1"}],"replies":[{"embeddable":true,"href":"https:\/\/royalcasinocompany.nl\/es\/wp-json\/wp\/v2\/comments?post=71721"}],"version-history":[{"count":20,"href":"https:\/\/royalcasinocompany.nl\/es\/wp-json\/wp\/v2\/pages\/71721\/revisions"}],"predecessor-version":[{"id":71877,"href":"https:\/\/royalcasinocompany.nl\/es\/wp-json\/wp\/v2\/pages\/71721\/revisions\/71877"}],"up":[{"embeddable":true,"href":"https:\/\/royalcasinocompany.nl\/es\/wp-json\/wp\/v2\/pages\/71016"}],"wp:attachment":[{"href":"https:\/\/royalcasinocompany.nl\/es\/wp-json\/wp\/v2\/media?parent=71721"}],"curies":[{"name":"wp","href":"https:\/\/api.w.org\/{rel}","templated":true}]}}