{"id":71728,"date":"2026-01-10T14:10:45","date_gmt":"2026-01-10T13:10:45","guid":{"rendered":"https:\/\/royalcasinocompany.nl\/?page_id=71728"},"modified":"2026-01-10T14:10:45","modified_gmt":"2026-01-10T13:10:45","slug":"blackjack","status":"publish","type":"page","link":"https:\/\/royalcasinocompany.nl\/es\/personeel\/blackjack\/","title":{"rendered":"Blackjack"},"content":{"rendered":"<div class=\"wpb-content-wrapper\"><div data-parent=\"true\" class=\"vc_row row-container boomapps_vcrow\" id=\"row-unique-0\"><div class=\"row limit-width row-parent\"><div class=\"wpb_row row-inner\"><div class=\"wpb_column pos-top pos-center align_left column_parent col-lg-12 boomapps_vccolumn single-internal-gutter\"><div class=\"uncol style-dark\"  ><div class=\"uncoltable\"><div class=\"uncell  boomapps_vccolumn no-block-padding\" ><div class=\"uncont\" ><div class=\"vc_row row-internal row-container boomapps_vcrow\"><div class=\"row row-child\"><div class=\"wpb_row row-inner\"><div class=\"wpb_column pos-top pos-center align_left column_child col-lg-12 boomapps_vccolumn single-internal-gutter\"><div class=\"uncol style-dark\" ><div class=\"uncoltable\"><div class=\"uncell  boomapps_vccolumn no-block-padding\" ><div class=\"uncont\" ><div class=\"vc_custom_heading_wrap\"><div class=\"heading-text el-text\" ><\/p>\n<h1>\ud83d\udfe2 Blackjack<\/h1>\n<p>\n<hr class=\"separator-break separator-accent\" \/><\/div><div class=\"clear\"><\/div><\/div><div class=\"empty-space empty-single\" ><span class=\"empty-space-inner\"><\/span><\/div>\n<div class=\"uncode_text_column\" ><\/p>\n<h3>\ud83c\udfaf Introducci\u00f3n<\/h3>\n<p>El blackjack es un popular juego de cartas en el que los jugadores juegan contra la banca. El juego es f\u00e1cil de aprender, pero requiere explicaciones claras y un juego ajustado.<\/p>\n<h3>\ud83e\udde0 \u00bfQu\u00e9 es el blackjack?<\/h3>\n<p>El objetivo del Blackjack es acercarse lo m\u00e1s posible a 21 puntos sin pasarse. Las cartas del 2 al 10 tienen su propio valor, los cuadros cuentan por 10 y un As es 1 u 11.<\/p>\n<h3>\ud83d\udde3\ufe0f \u00bfC\u00f3mo se explica este juego al invitado?<\/h3>\n<p>Empieza siempre por el objetivo del juego y utiliza t\u00e9rminos reconocibles.<\/p>\n<p><strong>Ejemplos de frases para el crupier:<\/strong><\/p>\n<ul>\n<li>\u201cEl objetivo es acercarse a 21 m\u00e1s que el crupier, sin pasarse\u201d, dijo.\u201d<\/li>\n<li>\u201cPuedes elegir jugar una carta extra, que llamamos \u2018acierto\u2019, o pasar, que es \u2018plantarse\u2019\u201d.\u201d<\/li>\n<li>\u201cSi pasas de 21, pierdes autom\u00e1ticamente\u201d.\u201d<\/li>\n<\/ul>\n<h3>\ud83c\udfb2 \u00bfC\u00f3mo se juega?<\/h3>\n<p>Cada jugador recibe dos cartas. Usted, como repartidor, tambi\u00e9n recibe cartas. Los jugadores deciden si quieren cartas adicionales. A continuaci\u00f3n, juegan su mano seg\u00fan las reglas establecidas.<\/p>\n<p><strong>Pr\u00e1cticos anuncios:<\/strong><\/p>\n<ul>\n<li>\u201c\u00bfQuieres otra carta o pasas?\u201d<\/li>\n<li>\u201cEl crupier juega hasta al menos 17\u201d.\u201d<\/li>\n<\/ul>\n<h3>\ud83d\udc54 \u00bfQu\u00e9 hace el crupier?<\/h3>\n<p>Usted reparte las cartas, supervisa las reglas, gu\u00eda a los jugadores y se asegura de que los pagos sean correctos.<\/p>\n<h3>\u2728 Puntos focales profesionales<\/h3>\n<ul>\n<li>Juega siempre al mismo ritmo<\/li>\n<li>Ayudar a los nuevos jugadores sin entrenamiento<\/li>\n<li>Mantener las tarjetas bien visibles<\/li>\n<li>Mantenerse neutral y profesional<\/li>\n<\/ul>\n<p>\n<\/div><\/div><\/div><\/div><\/div><\/div><\/div><\/div><\/div><\/div><\/div><\/div><\/div><\/div><script id=\"script-row-unique-0\" data-row=\"script-row-unique-0\" type=\"text\/javascript\" class=\"vc_controls\">UNCODE.initRow(document.getElementById(\"row-unique-0\"));<\/script><\/div><\/div><\/div>\n<\/div>","protected":false},"excerpt":{"rendered":"\ud83d\udfe2 Blackjack \ud83c\udfaf Introductie Blackjack is een populair kaartspel waarbij spelers tegen de bank spelen. Het spel is eenvoudig te [...]","protected":false},"author":1,"featured_media":0,"parent":71016,"menu_order":0,"comment_status":"closed","ping_status":"closed","template":"","meta":{"footnotes":""},"class_list":["post-71728","page","type-page","status-publish","hentry","page_category-personeel-portaal"],"_links":{"self":[{"href":"https:\/\/royalcasinocompany.nl\/es\/wp-json\/wp\/v2\/pages\/71728","targetHints":{"allow":["GET"]}}],"collection":[{"href":"https:\/\/royalcasinocompany.nl\/es\/wp-json\/wp\/v2\/pages"}],"about":[{"href":"https:\/\/royalcasinocompany.nl\/es\/wp-json\/wp\/v2\/types\/page"}],"author":[{"embeddable":true,"href":"https:\/\/royalcasinocompany.nl\/es\/wp-json\/wp\/v2\/users\/1"}],"replies":[{"embeddable":true,"href":"https:\/\/royalcasinocompany.nl\/es\/wp-json\/wp\/v2\/comments?post=71728"}],"version-history":[{"count":1,"href":"https:\/\/royalcasinocompany.nl\/es\/wp-json\/wp\/v2\/pages\/71728\/revisions"}],"predecessor-version":[{"id":71729,"href":"https:\/\/royalcasinocompany.nl\/es\/wp-json\/wp\/v2\/pages\/71728\/revisions\/71729"}],"up":[{"embeddable":true,"href":"https:\/\/royalcasinocompany.nl\/es\/wp-json\/wp\/v2\/pages\/71016"}],"wp:attachment":[{"href":"https:\/\/royalcasinocompany.nl\/es\/wp-json\/wp\/v2\/media?parent=71728"}],"curies":[{"name":"wp","href":"https:\/\/api.w.org\/{rel}","templated":true}]}}