{"id":71734,"date":"2026-01-11T12:59:17","date_gmt":"2026-01-11T11:59:17","guid":{"rendered":"https:\/\/royalcasinocompany.nl\/?page_id=71734"},"modified":"2026-01-11T12:59:17","modified_gmt":"2026-01-11T11:59:17","slug":"money-wheel","status":"publish","type":"page","link":"https:\/\/royalcasinocompany.nl\/es\/personeel\/money-wheel\/","title":{"rendered":"Rueda del dinero"},"content":{"rendered":"<div class=\"wpb-content-wrapper\"><div data-parent=\"true\" class=\"vc_row row-container boomapps_vcrow\" id=\"row-unique-0\"><div class=\"row limit-width row-parent\"><div class=\"wpb_row row-inner\"><div class=\"wpb_column pos-top pos-center align_left column_parent col-lg-12 boomapps_vccolumn single-internal-gutter\"><div class=\"uncol style-dark\"  ><div class=\"uncoltable\"><div class=\"uncell  boomapps_vccolumn no-block-padding\" ><div class=\"uncont\" ><div class=\"vc_row row-internal row-container boomapps_vcrow\"><div class=\"row row-child\"><div class=\"wpb_row row-inner\"><div class=\"wpb_column pos-top pos-center align_left column_child col-lg-12 boomapps_vccolumn single-internal-gutter\"><div class=\"uncol style-dark\" ><div class=\"uncoltable\"><div class=\"uncell  boomapps_vccolumn no-block-padding\" ><div class=\"uncont\" ><div class=\"vc_custom_heading_wrap\"><div class=\"heading-text el-text\" ><\/p>\n<h1>\ud83c\udfa1 Rueda del dinero<\/h1>\n<p>\n<hr class=\"separator-break separator-accent\" \/><\/div><div class=\"clear\"><\/div><\/div><div class=\"empty-space empty-single\" ><span class=\"empty-space-inner\"><\/span><\/div>\n<div class=\"uncode_text_column\" ><\/p>\n<h3>\ud83c\udfaf Introducci\u00f3n<\/h3>\n<p>Money Wheel es un juego visual y en\u00e9rgico perfecto para el entretenimiento. El juego es accesible y crea r\u00e1pidamente interacci\u00f3n con los invitados.<\/p>\n<h3>\ud83e\udde0 \u00bfQu\u00e9 es la rueda del dinero?<\/h3>\n<p>El juego consiste en una gran rueda giratoria con varios compartimentos. Cada compartimento tiene su propio pago.<\/p>\n<h3>\ud83d\udde3\ufe0f \u00bfC\u00f3mo se explica este juego al invitado?<\/h3>\n<p>La explicaci\u00f3n debe ser breve y entusiasta.<\/p>\n<p><strong>Ejemplos de frases para el crupier:<\/strong><\/p>\n<ul>\n<li>\u201cApuestas por la casilla en la que crees que la rueda se detendr\u00e1\u201d.\u201d<\/li>\n<li>\u201cHago girar la ruleta y la casilla donde se pare es la ganadora\u201d.\u201d<\/li>\n<li>\u201cCuanto mayor sea la cifra, mayor ser\u00e1 el pago\u201d.\u201d<\/li>\n<\/ul>\n<h3>\ud83c\udfb2 \u00bfC\u00f3mo se juega?<\/h3>\n<p>Tras realizar las apuestas, se hace girar la ruleta. Una vez que la ruleta se detiene, se determina el ganador y se paga.<\/p>\n<h3>\ud83d\udc54 \u00bfQu\u00e9 hace el crupier?<\/h3>\n<p>Supervisas las apuestas, haces girar la ruleta y te aseguras de que los pagos sean correctos.<\/p>\n<h3>\u2728 Puntos focales profesionales<\/h3>\n<ul>\n<li>Ser en\u00e9rgico y entusiasta<\/li>\n<li>Anuncie claramente<\/li>\n<li>Deje que la rueda se desenrolle completamente<\/li>\n<li>Mantener un alto ritmo de juego<\/li>\n<\/ul>\n<p>\n<\/div><\/div><\/div><\/div><\/div><\/div><\/div><\/div><\/div><\/div><\/div><\/div><\/div><\/div><script id=\"script-row-unique-0\" data-row=\"script-row-unique-0\" type=\"text\/javascript\" class=\"vc_controls\">UNCODE.initRow(document.getElementById(\"row-unique-0\"));<\/script><\/div><\/div><\/div>\n<\/div>","protected":false},"excerpt":{"rendered":"\ud83c\udfa1 Money Wheel \ud83c\udfaf Introductie Money Wheel is een visueel en energiek spel dat perfect is voor entertainment. Het spel [...]","protected":false},"author":1,"featured_media":0,"parent":71016,"menu_order":0,"comment_status":"closed","ping_status":"closed","template":"","meta":{"footnotes":""},"class_list":["post-71734","page","type-page","status-publish","hentry","page_category-personeel-portaal"],"_links":{"self":[{"href":"https:\/\/royalcasinocompany.nl\/es\/wp-json\/wp\/v2\/pages\/71734","targetHints":{"allow":["GET"]}}],"collection":[{"href":"https:\/\/royalcasinocompany.nl\/es\/wp-json\/wp\/v2\/pages"}],"about":[{"href":"https:\/\/royalcasinocompany.nl\/es\/wp-json\/wp\/v2\/types\/page"}],"author":[{"embeddable":true,"href":"https:\/\/royalcasinocompany.nl\/es\/wp-json\/wp\/v2\/users\/1"}],"replies":[{"embeddable":true,"href":"https:\/\/royalcasinocompany.nl\/es\/wp-json\/wp\/v2\/comments?post=71734"}],"version-history":[{"count":2,"href":"https:\/\/royalcasinocompany.nl\/es\/wp-json\/wp\/v2\/pages\/71734\/revisions"}],"predecessor-version":[{"id":71736,"href":"https:\/\/royalcasinocompany.nl\/es\/wp-json\/wp\/v2\/pages\/71734\/revisions\/71736"}],"up":[{"embeddable":true,"href":"https:\/\/royalcasinocompany.nl\/es\/wp-json\/wp\/v2\/pages\/71016"}],"wp:attachment":[{"href":"https:\/\/royalcasinocompany.nl\/es\/wp-json\/wp\/v2\/media?parent=71734"}],"curies":[{"name":"wp","href":"https:\/\/api.w.org\/{rel}","templated":true}]}}