{"id":71737,"date":"2026-01-11T13:00:48","date_gmt":"2026-01-11T12:00:48","guid":{"rendered":"https:\/\/royalcasinocompany.nl\/?page_id=71737"},"modified":"2026-01-11T13:00:48","modified_gmt":"2026-01-11T12:00:48","slug":"chuck-a-luck","status":"publish","type":"page","link":"https:\/\/royalcasinocompany.nl\/es\/personeel\/chuck-a-luck\/","title":{"rendered":"Chuck a Luck"},"content":{"rendered":"<div class=\"wpb-content-wrapper\"><div data-parent=\"true\" class=\"vc_row row-container boomapps_vcrow\" id=\"row-unique-0\"><div class=\"row limit-width row-parent\"><div class=\"wpb_row row-inner\"><div class=\"wpb_column pos-top pos-center align_left column_parent col-lg-12 boomapps_vccolumn single-internal-gutter\"><div class=\"uncol style-dark\"  ><div class=\"uncoltable\"><div class=\"uncell  boomapps_vccolumn no-block-padding\" ><div class=\"uncont\" ><div class=\"vc_row row-internal row-container boomapps_vcrow\"><div class=\"row row-child\"><div class=\"wpb_row row-inner\"><div class=\"wpb_column pos-top pos-center align_left column_child col-lg-12 boomapps_vccolumn single-internal-gutter\"><div class=\"uncol style-dark\" ><div class=\"uncoltable\"><div class=\"uncell  boomapps_vccolumn no-block-padding\" ><div class=\"uncont\" ><div class=\"vc_custom_heading_wrap\"><div class=\"heading-text el-text\" ><\/p>\n<h1>\ud83c\udfb2 Chuck-a-Luck<\/h1>\n<p>\n<hr class=\"separator-break separator-accent\" \/><\/div><div class=\"clear\"><\/div><\/div><div class=\"empty-space empty-single\" ><span class=\"empty-space-inner\"><\/span><\/div>\n<div class=\"uncode_text_column\" ><\/p>\n<h3>\ud83c\udfaf Introducci\u00f3n<\/h3>\n<p>Chuck-a-Luck es un sencillo juego de dados que se basa en la suerte y la rapidez. Ideal para los invitados que quieran jugar r\u00e1pido.<\/p>\n<h3>\ud83e\udde0 \u00bfQu\u00e9 es Chuck-a-Luck?<\/h3>\n<p>Se juega con tres dados. Los jugadores apuestan por n\u00fameros del 1 al 6.<\/p>\n<h3>\ud83d\udde3\ufe0f \u00bfC\u00f3mo se explica este juego al invitado?<\/h3>\n<p>Explique el pago en t\u00e9rminos sencillos.<\/p>\n<p><strong>Ejemplos de frases para el crupier:<\/strong><\/p>\n<ul>\n<li>\u201cApuestas a un n\u00famero del uno al seis\u201d.\u201d<\/li>\n<li>\u201cCuanto m\u00e1s a menudo caiga tu n\u00famero, mayor ser\u00e1 el pago\u201d.\u201d<\/li>\n<li>\u201cSi ning\u00fan dado cae en tu n\u00famero, pierdes\u201d.\u201d<\/li>\n<\/ul>\n<h3>\ud83c\udfb2 \u00bfC\u00f3mo se juega?<\/h3>\n<p>Despu\u00e9s de hacer las apuestas, tiras los tres dados y determinas los ganadores.<\/p>\n<h3>\ud83d\udc54 \u00bfQu\u00e9 hace el crupier?<\/h3>\n<p>Usted gestiona las apuestas, tira los dados y paga.<\/p>\n<h3>\u2728 Puntos focales profesionales<\/h3>\n<ul>\n<li>Trabajar con rapidez y claridad<\/li>\n<li>Que el juego sea divertido y desenfadado<\/li>\n<li>Tira los dados a la vista<\/li>\n<\/ul>\n<p>\n<\/div><\/div><\/div><\/div><\/div><\/div><\/div><\/div><\/div><\/div><\/div><\/div><\/div><\/div><script id=\"script-row-unique-0\" data-row=\"script-row-unique-0\" type=\"text\/javascript\" class=\"vc_controls\">UNCODE.initRow(document.getElementById(\"row-unique-0\"));<\/script><\/div><\/div><\/div>\n<\/div>","protected":false},"excerpt":{"rendered":"\ud83c\udfb2 Chuck-a-Luck \ud83c\udfaf Introductie Chuck-a-Luck is een eenvoudig dobbelspel dat draait om geluk en snelheid. Ideaal voor gasten die snel [...]","protected":false},"author":1,"featured_media":0,"parent":71016,"menu_order":0,"comment_status":"closed","ping_status":"closed","template":"","meta":{"footnotes":""},"class_list":["post-71737","page","type-page","status-publish","hentry","page_category-personeel-portaal"],"_links":{"self":[{"href":"https:\/\/royalcasinocompany.nl\/es\/wp-json\/wp\/v2\/pages\/71737","targetHints":{"allow":["GET"]}}],"collection":[{"href":"https:\/\/royalcasinocompany.nl\/es\/wp-json\/wp\/v2\/pages"}],"about":[{"href":"https:\/\/royalcasinocompany.nl\/es\/wp-json\/wp\/v2\/types\/page"}],"author":[{"embeddable":true,"href":"https:\/\/royalcasinocompany.nl\/es\/wp-json\/wp\/v2\/users\/1"}],"replies":[{"embeddable":true,"href":"https:\/\/royalcasinocompany.nl\/es\/wp-json\/wp\/v2\/comments?post=71737"}],"version-history":[{"count":2,"href":"https:\/\/royalcasinocompany.nl\/es\/wp-json\/wp\/v2\/pages\/71737\/revisions"}],"predecessor-version":[{"id":71739,"href":"https:\/\/royalcasinocompany.nl\/es\/wp-json\/wp\/v2\/pages\/71737\/revisions\/71739"}],"up":[{"embeddable":true,"href":"https:\/\/royalcasinocompany.nl\/es\/wp-json\/wp\/v2\/pages\/71016"}],"wp:attachment":[{"href":"https:\/\/royalcasinocompany.nl\/es\/wp-json\/wp\/v2\/media?parent=71737"}],"curies":[{"name":"wp","href":"https:\/\/api.w.org\/{rel}","templated":true}]}}