{"id":71745,"date":"2026-01-11T13:06:21","date_gmt":"2026-01-11T12:06:21","guid":{"rendered":"https:\/\/royalcasinocompany.nl\/?page_id=71745"},"modified":"2026-01-11T13:06:33","modified_gmt":"2026-01-11T12:06:33","slug":"craps","status":"publish","type":"page","link":"https:\/\/royalcasinocompany.nl\/es\/personeel\/craps\/","title":{"rendered":"Dados"},"content":{"rendered":"<div class=\"wpb-content-wrapper\"><div data-parent=\"true\" class=\"vc_row row-container boomapps_vcrow\" id=\"row-unique-0\"><div class=\"row limit-width row-parent\"><div class=\"wpb_row row-inner\"><div class=\"wpb_column pos-top pos-center align_left column_parent col-lg-12 boomapps_vccolumn single-internal-gutter\"><div class=\"uncol style-dark\"  ><div class=\"uncoltable\"><div class=\"uncell  boomapps_vccolumn no-block-padding\" ><div class=\"uncont\" ><div class=\"vc_row row-internal row-container boomapps_vcrow\"><div class=\"row row-child\"><div class=\"wpb_row row-inner\"><div class=\"wpb_column pos-top pos-center align_left column_child col-lg-12 boomapps_vccolumn single-internal-gutter\"><div class=\"uncol style-dark\" ><div class=\"uncoltable\"><div class=\"uncell  boomapps_vccolumn no-block-padding\" ><div class=\"uncont\" ><div class=\"vc_custom_heading_wrap\"><div class=\"heading-text el-text\" ><\/p>\n<h1>\ud83c\udfb2 Dados<\/h1>\n<p>\n<hr class=\"separator-break separator-accent\" \/><\/div><div class=\"clear\"><\/div><\/div><div class=\"empty-space empty-single\" ><span class=\"empty-space-inner\"><\/span><\/div>\n<div class=\"uncode_text_column\" ><\/p>\n<h3>\ud83c\udfaf Introducci\u00f3n<\/h3>\n<p>El craps es un juego de dados en\u00e9rgico con mucha interacci\u00f3n. Como crupier, lo principal es ofrecer una visi\u00f3n general y explicaciones claras.<\/p>\n<h3>\ud83e\udde0 \u00bfQu\u00e9 es el Craps?<\/h3>\n<p>El juego gira en torno al lanzamiento de dos dados. Son posibles varias apuestas, de las cuales la L\u00ednea de Pase es la m\u00e1s com\u00fanmente jugada.<\/p>\n<h3>\ud83d\udde3\ufe0f \u00bfC\u00f3mo se explica este juego al invitado?<\/h3>\n<p>Empieza siempre por lo b\u00e1sico.<\/p>\n<p><strong>Ejemplos de frases para el crupier:<\/strong><\/p>\n<ul>\n<li>\u201cEmpezamos a apostar en la L\u00ednea de Pase\u201d.\u201d<\/li>\n<li>\u201cA las 7 o a las 11, ganas inmediatamente\u201d.\u201d<\/li>\n<li>\u201cDespu\u00e9s del primer lanzamiento, seguimos jugando hasta que caiga el punto o un siete\u201d.\u201d<\/li>\n<\/ul>\n<h3>\ud83c\udfb2 \u00bfC\u00f3mo se juega?<\/h3>\n<p>El tirador lanza los dados. En funci\u00f3n del resultado, ganan o pierden.<\/p>\n<h3>\ud83d\udc54 \u00bfQu\u00e9 hace el crupier?<\/h3>\n<p>Supervisa las apuestas, vigila las reglas y se asegura de que el juego se mantenga ordenado.<\/p>\n<h3>\u2728 Puntos focales profesionales<\/h3>\n<ul>\n<li>Mantenga la calma entre la multitud<\/li>\n<li>Explicar demasiado en lugar de demasiado poco<\/li>\n<li>Mantener el control de la mesa<\/li>\n<\/ul>\n<p>\n<\/div><\/div><\/div><\/div><\/div><\/div><\/div><\/div><\/div><\/div><\/div><\/div><\/div><\/div><script id=\"script-row-unique-0\" data-row=\"script-row-unique-0\" type=\"text\/javascript\" class=\"vc_controls\">UNCODE.initRow(document.getElementById(\"row-unique-0\"));<\/script><\/div><\/div><\/div>\n<\/div>","protected":false},"excerpt":{"rendered":"\ud83c\udfb2 Craps \ud83c\udfaf Introductie Craps is een energiek dobbelspel met veel interactie. Als croupier zorg je vooral voor overzicht en [...]","protected":false},"author":1,"featured_media":0,"parent":71016,"menu_order":0,"comment_status":"closed","ping_status":"closed","template":"","meta":{"footnotes":""},"class_list":["post-71745","page","type-page","status-publish","hentry","page_category-personeel-portaal"],"_links":{"self":[{"href":"https:\/\/royalcasinocompany.nl\/es\/wp-json\/wp\/v2\/pages\/71745","targetHints":{"allow":["GET"]}}],"collection":[{"href":"https:\/\/royalcasinocompany.nl\/es\/wp-json\/wp\/v2\/pages"}],"about":[{"href":"https:\/\/royalcasinocompany.nl\/es\/wp-json\/wp\/v2\/types\/page"}],"author":[{"embeddable":true,"href":"https:\/\/royalcasinocompany.nl\/es\/wp-json\/wp\/v2\/users\/1"}],"replies":[{"embeddable":true,"href":"https:\/\/royalcasinocompany.nl\/es\/wp-json\/wp\/v2\/comments?post=71745"}],"version-history":[{"count":2,"href":"https:\/\/royalcasinocompany.nl\/es\/wp-json\/wp\/v2\/pages\/71745\/revisions"}],"predecessor-version":[{"id":71747,"href":"https:\/\/royalcasinocompany.nl\/es\/wp-json\/wp\/v2\/pages\/71745\/revisions\/71747"}],"up":[{"embeddable":true,"href":"https:\/\/royalcasinocompany.nl\/es\/wp-json\/wp\/v2\/pages\/71016"}],"wp:attachment":[{"href":"https:\/\/royalcasinocompany.nl\/es\/wp-json\/wp\/v2\/media?parent=71745"}],"curies":[{"name":"wp","href":"https:\/\/api.w.org\/{rel}","templated":true}]}}