{"id":71755,"date":"2026-01-11T13:31:20","date_gmt":"2026-01-11T12:31:20","guid":{"rendered":"https:\/\/royalcasinocompany.nl\/?page_id=71755"},"modified":"2026-01-15T21:52:12","modified_gmt":"2026-01-15T20:52:12","slug":"xl-dobbelstenen","status":"publish","type":"page","link":"https:\/\/royalcasinocompany.nl\/es\/personeel\/xl-dobbelstenen\/","title":{"rendered":"Dados XL"},"content":{"rendered":"<div class=\"wpb-content-wrapper\"><div data-parent=\"true\" class=\"vc_row row-container boomapps_vcrow\" id=\"row-unique-0\"><div class=\"row limit-width row-parent\"><div class=\"wpb_row row-inner\"><div class=\"wpb_column pos-top pos-center align_left column_parent col-lg-12 boomapps_vccolumn single-internal-gutter\"><div class=\"uncol style-dark\"  ><div class=\"uncoltable\"><div class=\"uncell  boomapps_vccolumn no-block-padding\" ><div class=\"uncont\" ><div class=\"vc_row row-internal row-container boomapps_vcrow\"><div class=\"row row-child\"><div class=\"wpb_row row-inner\"><div class=\"wpb_column pos-top pos-center align_left column_child col-lg-8 boomapps_vccolumn single-internal-gutter\"><div class=\"uncol style-dark\" ><div class=\"uncoltable\"><div class=\"uncell  boomapps_vccolumn no-block-padding\" ><div class=\"uncont\" ><div class=\"vc_custom_heading_wrap\"><div class=\"heading-text el-text\" ><\/p>\n<h1>\ud83c\udff7\ufe0f Dados XL<\/h1>\n<p>\n<hr class=\"separator-break separator-accent\" \/><\/div><div class=\"clear\"><\/div><\/div><div class=\"empty-space empty-single\" ><span class=\"empty-space-inner\"><\/span><\/div>\n<div class=\"uncode_text_column\" ><\/p>\n<h3>\u2139\ufe0f Introducci\u00f3n<\/h3>\n<p>Los dados XL son elementos decorativos que llaman la atenci\u00f3n y dan al instante un aspecto l\u00fadico y lujoso al casino. Suelen utilizarse en la entrada, en la decoraci\u00f3n o alrededor de las mesas de juego.<\/p>\n<h3>\ud83d\udce6 \u00bfQu\u00e9 se entregar\u00e1?<\/h3>\n<ul>\n<li>Dados decorativos XL (n\u00famero en funci\u00f3n de la reserva)<\/li>\n<\/ul>\n<h3>\ud83d\udee0\ufe0f Montaje e instalaci\u00f3n in situ<\/h3>\n<ul>\n<li>Col\u00f3quelo en un lugar bien visible, nunca en medio de una ruta peatonal.<\/li>\n<li>Mejores lugares: entrada, punto de foto, cerca de un decorado, junto a una mesa de casino.<\/li>\n<li>Aseg\u00farese de que son estables y no pueden desplazarse.<\/li>\n<\/ul>\n<h3>\ud83c\udfa8 Estilo y aspecto<\/h3>\n<ul>\n<li>Col\u00f3quelos apretados y rectos, con los \u201cojos\u201d visibles hacia los invitados.<\/li>\n<li>Comb\u00ednelo preferentemente con chips\/banderas\/letras luminosas para obtener una imagen completa.<\/li>\n<\/ul>\n<h3>\ud83e\uddfc Control y acabado<\/h3>\n<ul>\n<li>Limpie el polvo y las huellas dactilares con un pa\u00f1o limpio.<\/li>\n<li>Comprueba el suelo a su alrededor (sin desorden, cables limpios).<\/li>\n<\/ul>\n<h3>\u2705 Resultado final<\/h3>\n<p>Los dados XL son elegantes, limpios y mejoran la experiencia del casino nada m\u00e1s entrar.<\/p>\n<\/div><\/div><\/div><\/div><\/div><\/div><div class=\"wpb_column pos-top pos-center align_left column_child col-lg-4 boomapps_vccolumn single-internal-gutter\"><div class=\"uncol style-dark\" ><div class=\"uncoltable\"><div class=\"uncell  boomapps_vccolumn no-block-padding\" ><div class=\"uncont\" ><div class=\"empty-space empty-triple\" ><span class=\"empty-space-inner\"><\/span><\/div>\n<div class=\"uncode-single-media  text-left\"><div class=\"single-wrapper\" style=\"max-width: 100%;\"><div class=\"tmb tmb-light  img-round img-round-std tmb-img-ratio tmb-media-first tmb-media-last tmb-content-overlay tmb-no-bg\"><div class=\"t-inside\"><div class=\"t-entry-visual\"><div class=\"t-entry-visual-tc\"><div class=\"uncode-single-media-wrapper img-round img-round-std\"><div class=\"dummy\" style=\"padding-top: 75%;\"><\/div><img decoding=\"async\" class=\"wp-image-69414\" src=\"https:\/\/royalcasinocompany.nl\/wp-content\/uploads\/2024\/08\/WhatsApp-Image-2024-08-21-at-13.30.53-uai-1536x1152.jpeg\" width=\"1536\" height=\"1152\" alt=\"casino op locatie\" title=\"\"><\/div>\n\t\t\t\t\t<\/div>\n\t\t\t\t<\/div><\/div><\/div><\/div><\/div><div class=\"uncode-single-media  text-left\"><div class=\"single-wrapper\" style=\"max-width: 100%;\"><div class=\"tmb tmb-light  img-round img-round-std tmb-img-ratio tmb-media-first tmb-media-last tmb-content-overlay tmb-no-bg\"><div class=\"t-inside\"><div class=\"t-entry-visual\"><div class=\"t-entry-visual-tc\"><div class=\"uncode-single-media-wrapper img-round img-round-std\"><div class=\"dummy\" style=\"padding-top: 75%;\"><\/div><img decoding=\"async\" class=\"wp-image-69104\" src=\"https:\/\/royalcasinocompany.nl\/wp-content\/uploads\/2024\/05\/IMG_1393-scaled-uai-1920x1440.jpg\" width=\"1920\" height=\"1440\" alt=\"xxl casino doek huren\" title=\"\"><\/div>\n\t\t\t\t\t<\/div>\n\t\t\t\t<\/div><\/div><\/div><\/div><\/div><div class=\"uncode-single-media  text-left\"><div class=\"single-wrapper\" style=\"max-width: 100%;\"><div class=\"tmb tmb-light  img-round img-round-std tmb-img-ratio tmb-media-first tmb-media-last tmb-content-overlay tmb-no-bg\"><div class=\"t-inside\"><div class=\"t-entry-visual\"><div class=\"t-entry-visual-tc\"><div class=\"uncode-single-media-wrapper img-round img-round-std\"><div class=\"dummy\" style=\"padding-top: 75%;\"><\/div><img decoding=\"async\" class=\"wp-image-69007\" src=\"https:\/\/royalcasinocompany.nl\/wp-content\/uploads\/2024\/05\/WhatsApp-Image-2023-12-27-at-10.44.06-9-uai-1066x799.jpeg\" width=\"1066\" height=\"799\" alt=\"XL Dobbelstenen huren\" title=\"\"><\/div>\n\t\t\t\t\t<\/div>\n\t\t\t\t<\/div><\/div><\/div><\/div><\/div><\/div><\/div><\/div><\/div><\/div><\/div><\/div><\/div><\/div><\/div><\/div><\/div><\/div><script id=\"script-row-unique-0\" data-row=\"script-row-unique-0\" type=\"text\/javascript\" class=\"vc_controls\">UNCODE.initRow(document.getElementById(\"row-unique-0\"));<\/script><\/div><\/div><\/div>\n<\/div>","protected":false},"excerpt":{"rendered":"\ud83c\udff7\ufe0f XL Dobbelstenen \u2139\ufe0f Introductie XL dobbelstenen zijn decoratieve eyecatchers die direct een speelse en luxe casino-uitstraling geven. Ze worden [...]","protected":false},"author":1,"featured_media":0,"parent":71016,"menu_order":0,"comment_status":"closed","ping_status":"closed","template":"","meta":{"footnotes":""},"class_list":["post-71755","page","type-page","status-publish","hentry","page_category-personeel-portaal"],"_links":{"self":[{"href":"https:\/\/royalcasinocompany.nl\/es\/wp-json\/wp\/v2\/pages\/71755","targetHints":{"allow":["GET"]}}],"collection":[{"href":"https:\/\/royalcasinocompany.nl\/es\/wp-json\/wp\/v2\/pages"}],"about":[{"href":"https:\/\/royalcasinocompany.nl\/es\/wp-json\/wp\/v2\/types\/page"}],"author":[{"embeddable":true,"href":"https:\/\/royalcasinocompany.nl\/es\/wp-json\/wp\/v2\/users\/1"}],"replies":[{"embeddable":true,"href":"https:\/\/royalcasinocompany.nl\/es\/wp-json\/wp\/v2\/comments?post=71755"}],"version-history":[{"count":5,"href":"https:\/\/royalcasinocompany.nl\/es\/wp-json\/wp\/v2\/pages\/71755\/revisions"}],"predecessor-version":[{"id":71887,"href":"https:\/\/royalcasinocompany.nl\/es\/wp-json\/wp\/v2\/pages\/71755\/revisions\/71887"}],"up":[{"embeddable":true,"href":"https:\/\/royalcasinocompany.nl\/es\/wp-json\/wp\/v2\/pages\/71016"}],"wp:attachment":[{"href":"https:\/\/royalcasinocompany.nl\/es\/wp-json\/wp\/v2\/media?parent=71755"}],"curies":[{"name":"wp","href":"https:\/\/api.w.org\/{rel}","templated":true}]}}