{"id":71769,"date":"2026-01-11T13:39:10","date_gmt":"2026-01-11T12:39:10","guid":{"rendered":"https:\/\/royalcasinocompany.nl\/?page_id=71769"},"modified":"2026-01-15T22:04:18","modified_gmt":"2026-01-15T21:04:18","slug":"roulette-loper","status":"publish","type":"page","link":"https:\/\/royalcasinocompany.nl\/es\/personeel\/roulette-loper\/","title":{"rendered":"Ruleta corredora"},"content":{"rendered":"<div class=\"wpb-content-wrapper\"><div data-parent=\"true\" class=\"vc_row row-container boomapps_vcrow\" id=\"row-unique-0\"><div class=\"row limit-width row-parent\"><div class=\"wpb_row row-inner\"><div class=\"wpb_column pos-top pos-center align_left column_parent col-lg-12 boomapps_vccolumn single-internal-gutter\"><div class=\"uncol style-dark\"  ><div class=\"uncoltable\"><div class=\"uncell  boomapps_vccolumn no-block-padding\" ><div class=\"uncont\" ><div class=\"vc_row row-internal row-container boomapps_vcrow\"><div class=\"row row-child\"><div class=\"wpb_row row-inner\"><div class=\"wpb_column pos-top pos-center align_left column_child col-lg-8 boomapps_vccolumn single-internal-gutter\"><div class=\"uncol style-dark\" ><div class=\"uncoltable\"><div class=\"uncell  boomapps_vccolumn no-block-padding\" ><div class=\"uncont\" ><div class=\"vc_custom_heading_wrap\"><div class=\"heading-text el-text\" ><\/p>\n<h1>\ud83c\udff7\ufe0f Ruleta Runner<\/h1>\n<p>\n<hr class=\"separator-break separator-accent\" \/><\/div><div class=\"clear\"><\/div><\/div><div class=\"empty-space empty-single\" ><span class=\"empty-space-inner\"><\/span><\/div>\n<div class=\"uncode_text_column\" ><\/p>\n<h3>\u2139\ufe0f Introducci\u00f3n<\/h3>\n<p>El camino de la ruleta es un camino tem\u00e1tico que crea un ambiente de casino al instante. Ideal como entrada o elemento de uni\u00f3n entre la decoraci\u00f3n y las mesas de juego.<\/p>\n<h3>\ud83d\udce6 \u00bfQu\u00e9 se entregar\u00e1?<\/h3>\n<ul>\n<li>Ruleta corredora<\/li>\n<\/ul>\n<h3>\ud83d\udee0\ufe0f Montaje e instalaci\u00f3n in situ<\/h3>\n<ul>\n<li>Desenrolle la gu\u00eda sobre una superficie limpia.<\/li>\n<li>Col\u00f3quelo recto y apretado, sin arrugas.<\/li>\n<li>Col\u00f3quelo preferentemente hacia la entrada o como ruta hacia las mesas de juego.<\/li>\n<\/ul>\n<h3>\ud83c\udfa8 Estilo y aspecto<\/h3>\n<ul>\n<li>Utiliza la ficha para \u201cdelimitar\u201d la zona del casino.<\/li>\n<li>Comb\u00ednelo con pancartas\/letras luminosas para obtener el m\u00e1ximo impacto.<\/li>\n<\/ul>\n<h3>\ud83e\uddfc Control y acabado<\/h3>\n<ul>\n<li>Compruebe si hay suciedad o manchas; l\u00edmpielas si es necesario.<\/li>\n<li>Sin bordes sueltos: evita el peligro de tropezar.<\/li>\n<\/ul>\n<h3>\u2705 Resultado final<\/h3>\n<p>El corredor es firme, limpio y crea una ruta\/zona de casino clara.<\/p>\n<\/div><\/div><\/div><\/div><\/div><\/div><div class=\"wpb_column pos-top pos-center align_left column_child col-lg-4 boomapps_vccolumn single-internal-gutter\"><div class=\"uncol style-dark\" ><div class=\"uncoltable\"><div class=\"uncell  boomapps_vccolumn no-block-padding\" ><div class=\"uncont\" ><div class=\"empty-space empty-triple\" ><span class=\"empty-space-inner\"><\/span><\/div>\n<div class=\"uncode-single-media  text-left\"><div class=\"single-wrapper\" style=\"max-width: 100%;\"><div class=\"tmb tmb-light  img-round img-round-std tmb-img-ratio tmb-media-first tmb-media-last tmb-content-overlay tmb-no-bg\"><div class=\"t-inside\"><div class=\"t-entry-visual\"><div class=\"t-entry-visual-tc\"><div class=\"uncode-single-media-wrapper img-round img-round-std\"><div class=\"dummy\" style=\"padding-top: 75%;\"><\/div><img decoding=\"async\" class=\"wp-image-70057\" src=\"https:\/\/royalcasinocompany.nl\/wp-content\/uploads\/2025\/02\/IMG_9773-scaled-uai-2104x1578.jpeg\" width=\"2104\" height=\"1578\" alt=\"casino op locatie\" title=\"\"><\/div>\n\t\t\t\t\t<\/div>\n\t\t\t\t<\/div><\/div><\/div><\/div><\/div><div class=\"uncode-single-media  text-left\"><div class=\"single-wrapper\" style=\"max-width: 100%;\"><div class=\"tmb tmb-light  img-round img-round-std tmb-img-ratio tmb-media-first tmb-media-last tmb-content-overlay tmb-no-bg\"><div class=\"t-inside\"><div class=\"t-entry-visual\"><div class=\"t-entry-visual-tc\"><div class=\"uncode-single-media-wrapper img-round img-round-std\"><div class=\"dummy\" style=\"padding-top: 75%;\"><\/div><img decoding=\"async\" class=\"wp-image-71892\" src=\"https:\/\/royalcasinocompany.nl\/wp-content\/uploads\/2026\/01\/WhatsApp-Image-2026-01-15-at-22.00.43-uai-1536x1152.jpeg\" width=\"1536\" height=\"1152\" alt=\"- Royal Casino Company\" title=\"\"><\/div>\n\t\t\t\t\t<\/div>\n\t\t\t\t<\/div><\/div><\/div><\/div><\/div><div class=\"uncode-single-media  text-left\"><div class=\"single-wrapper\" style=\"max-width: 100%;\"><div class=\"tmb tmb-light  img-round img-round-std tmb-img-ratio tmb-media-first tmb-media-last tmb-content-overlay tmb-no-bg\"><div class=\"t-inside\"><div class=\"t-entry-visual\"><div class=\"t-entry-visual-tc\"><div class=\"uncode-single-media-wrapper img-round img-round-std\"><div class=\"dummy\" style=\"padding-top: 75%;\"><\/div><img decoding=\"async\" class=\"wp-image-71894\" src=\"https:\/\/royalcasinocompany.nl\/wp-content\/uploads\/2026\/01\/WhatsApp-Image-2026-01-15-at-22.03.09-uai-1536x1152.jpeg\" width=\"1536\" height=\"1152\" alt=\"- Royal Casino Company\" title=\"\"><\/div>\n\t\t\t\t\t<\/div>\n\t\t\t\t<\/div><\/div><\/div><\/div><\/div><\/div><\/div><\/div><\/div><\/div><\/div><\/div><\/div><\/div><\/div><\/div><\/div><\/div><script id=\"script-row-unique-0\" data-row=\"script-row-unique-0\" type=\"text\/javascript\" class=\"vc_controls\">UNCODE.initRow(document.getElementById(\"row-unique-0\"));<\/script><\/div><\/div><\/div>\n<\/div>","protected":false},"excerpt":{"rendered":"\ud83c\udff7\ufe0f Roulette Loper \u2139\ufe0f Introductie De roulette loper is een thematische loper die direct casino sfeer geeft. Ideaal als binnenkomer [...]","protected":false},"author":1,"featured_media":0,"parent":71016,"menu_order":0,"comment_status":"closed","ping_status":"closed","template":"","meta":{"footnotes":""},"class_list":["post-71769","page","type-page","status-publish","hentry","page_category-personeel-portaal"],"_links":{"self":[{"href":"https:\/\/royalcasinocompany.nl\/es\/wp-json\/wp\/v2\/pages\/71769","targetHints":{"allow":["GET"]}}],"collection":[{"href":"https:\/\/royalcasinocompany.nl\/es\/wp-json\/wp\/v2\/pages"}],"about":[{"href":"https:\/\/royalcasinocompany.nl\/es\/wp-json\/wp\/v2\/types\/page"}],"author":[{"embeddable":true,"href":"https:\/\/royalcasinocompany.nl\/es\/wp-json\/wp\/v2\/users\/1"}],"replies":[{"embeddable":true,"href":"https:\/\/royalcasinocompany.nl\/es\/wp-json\/wp\/v2\/comments?post=71769"}],"version-history":[{"count":5,"href":"https:\/\/royalcasinocompany.nl\/es\/wp-json\/wp\/v2\/pages\/71769\/revisions"}],"predecessor-version":[{"id":71895,"href":"https:\/\/royalcasinocompany.nl\/es\/wp-json\/wp\/v2\/pages\/71769\/revisions\/71895"}],"up":[{"embeddable":true,"href":"https:\/\/royalcasinocompany.nl\/es\/wp-json\/wp\/v2\/pages\/71016"}],"wp:attachment":[{"href":"https:\/\/royalcasinocompany.nl\/es\/wp-json\/wp\/v2\/media?parent=71769"}],"curies":[{"name":"wp","href":"https:\/\/api.w.org\/{rel}","templated":true}]}}