{"id":71779,"date":"2026-01-11T13:45:01","date_gmt":"2026-01-11T12:45:01","guid":{"rendered":"https:\/\/royalcasinocompany.nl\/?page_id=71779"},"modified":"2026-01-15T22:21:51","modified_gmt":"2026-01-15T21:21:51","slug":"las-vegas-sign-met-lampjes","status":"publish","type":"page","link":"https:\/\/royalcasinocompany.nl\/es\/personeel\/las-vegas-sign-met-lampjes\/","title":{"rendered":"Las Vegas Sign con luces"},"content":{"rendered":"<div class=\"wpb-content-wrapper\"><div data-parent=\"true\" class=\"vc_row row-container boomapps_vcrow\" id=\"row-unique-0\"><div class=\"row limit-width row-parent\"><div class=\"wpb_row row-inner\"><div class=\"wpb_column pos-top pos-center align_left column_parent col-lg-12 boomapps_vccolumn single-internal-gutter\"><div class=\"uncol style-dark\"  ><div class=\"uncoltable\"><div class=\"uncell  boomapps_vccolumn no-block-padding\" ><div class=\"uncont\" ><div class=\"vc_row row-internal row-container boomapps_vcrow\"><div class=\"row row-child\"><div class=\"wpb_row row-inner\"><div class=\"wpb_column pos-top pos-center align_left column_child col-lg-8 boomapps_vccolumn single-internal-gutter\"><div class=\"uncol style-dark\" ><div class=\"uncoltable\"><div class=\"uncell  boomapps_vccolumn no-block-padding\" ><div class=\"uncont\" ><div class=\"vc_custom_heading_wrap\"><div class=\"heading-text el-text\" ><\/p>\n<h1>\ud83c\udff7\ufe0f Se\u00f1al de Las Vegas con luces<\/h1>\n<p>\n<hr class=\"separator-break separator-accent\" \/><\/div><div class=\"clear\"><\/div><\/div><div class=\"empty-space empty-single\" ><span class=\"empty-space-inner\"><\/span><\/div>\n<div class=\"uncode_text_column\" ><\/p>\n<h3>\u2139\ufe0f Introducci\u00f3n<\/h3>\n<p>El cartel de Las Vegas es un icono que llama la atenci\u00f3n y refuerza al instante la tem\u00e1tica. Ideal en la entrada, punto de foto o como elemento destacado en la zona de decoraci\u00f3n.<\/p>\n<h3>\ud83d\udce6 \u00bfQu\u00e9 se entregar\u00e1?<\/h3>\n<ul>\n<li>Letrero de Las Vegas con iluminaci\u00f3n<\/li>\n<li>Cable\/adaptador (si procede)<\/li>\n<\/ul>\n<h3>\ud83d\udee0\ufe0f Montaje e instalaci\u00f3n in situ<\/h3>\n<ul>\n<li>Coloque el cartel en un lugar destacado donde los invitados lo vean inmediatamente.<\/li>\n<li>Col\u00f3calo de forma estable (no sobre mesas tambaleantes).<\/li>\n<li>Tienda los cables de forma ordenada y evite los peligros de tropiezo.<\/li>\n<\/ul>\n<h3>\ud83c\udfa8 Estilo y aspecto<\/h3>\n<ul>\n<li>Comb\u00ednelo con el tel\u00f3n de fondo y las pancartas para obtener el mejor aspecto general.<\/li>\n<li>Aseg\u00farese de que la se\u00f1al sea totalmente visible (no la mitad detr\u00e1s de objetos).<\/li>\n<\/ul>\n<h3>\ud83e\uddfc Control y acabado<\/h3>\n<ul>\n<li>Compruebe que todas las luces funcionan.<\/li>\n<li>Limpie el polvo y las huellas dactilares, especialmente en las partes brillantes.<\/li>\n<\/ul>\n<h3>\u2705 Resultado final<\/h3>\n<p>Un cartel de Las Vegas totalmente visible, bien colocado y que funciona como reclamo de primera calidad.<\/p>\n<\/div><\/div><\/div><\/div><\/div><\/div><div class=\"wpb_column pos-top pos-center align_left column_child col-lg-4 boomapps_vccolumn single-internal-gutter\"><div class=\"uncol style-dark\" ><div class=\"uncoltable\"><div class=\"uncell  boomapps_vccolumn no-block-padding\" ><div class=\"uncont\" ><div class=\"empty-space empty-triple\" ><span class=\"empty-space-inner\"><\/span><\/div>\n<div class=\"uncode-single-media  text-left\"><div class=\"single-wrapper\" style=\"max-width: 100%;\"><div class=\"tmb tmb-light  img-round img-round-std tmb-img-ratio tmb-media-first tmb-media-last tmb-content-overlay tmb-no-bg\"><div class=\"t-inside\"><div class=\"t-entry-visual\"><div class=\"t-entry-visual-tc\"><div class=\"uncode-single-media-wrapper img-round img-round-std\"><div class=\"dummy\" style=\"padding-top: 75%;\"><\/div><img decoding=\"async\" class=\"wp-image-69408\" src=\"https:\/\/royalcasinocompany.nl\/wp-content\/uploads\/2024\/08\/WhatsApp-Image-2024-08-21-at-13.30.49-uai-1022x767.jpeg\" width=\"1022\" height=\"767\" alt=\"- Royal Casino Company\" title=\"\"><\/div>\n\t\t\t\t\t<\/div>\n\t\t\t\t<\/div><\/div><\/div><\/div><\/div><div class=\"uncode-single-media  text-left\"><div class=\"single-wrapper\" style=\"max-width: 100%;\"><div class=\"tmb tmb-light  img-round img-round-std tmb-img-ratio tmb-media-first tmb-media-last tmb-content-overlay tmb-no-bg\"><div class=\"t-inside\"><div class=\"t-entry-visual\"><div class=\"t-entry-visual-tc\"><div class=\"uncode-single-media-wrapper img-round img-round-std\"><div class=\"dummy\" style=\"padding-top: 75%;\"><\/div><img decoding=\"async\" class=\"wp-image-69021\" src=\"https:\/\/royalcasinocompany.nl\/wp-content\/uploads\/2024\/05\/EUCJ8117.jpg\" width=\"1600\" height=\"1200\" alt=\"- Royal Casino Company\" title=\"\" srcset=\"https:\/\/royalcasinocompany.nl\/wp-content\/uploads\/2024\/05\/EUCJ8117.jpg 1600w, https:\/\/royalcasinocompany.nl\/wp-content\/uploads\/2024\/05\/EUCJ8117-300x225.jpg 300w, https:\/\/royalcasinocompany.nl\/wp-content\/uploads\/2024\/05\/EUCJ8117-1024x768.jpg 1024w, https:\/\/royalcasinocompany.nl\/wp-content\/uploads\/2024\/05\/EUCJ8117-768x576.jpg 768w, https:\/\/royalcasinocompany.nl\/wp-content\/uploads\/2024\/05\/EUCJ8117-1536x1152.jpg 1536w, https:\/\/royalcasinocompany.nl\/wp-content\/uploads\/2024\/05\/EUCJ8117-350x263.jpg 350w\" sizes=\"(max-width: 1600px) 100vw, 1600px\"><\/div>\n\t\t\t\t\t<\/div>\n\t\t\t\t<\/div><\/div><\/div><\/div><\/div><div class=\"uncode-single-media  text-left\"><div class=\"single-wrapper\" style=\"max-width: 100%;\"><div class=\"tmb tmb-light  img-round img-round-std tmb-img-ratio tmb-media-first tmb-media-last tmb-content-overlay tmb-no-bg\"><div class=\"t-inside\"><div class=\"t-entry-visual\"><div class=\"t-entry-visual-tc\"><div class=\"uncode-single-media-wrapper img-round img-round-std\"><div class=\"dummy\" style=\"padding-top: 75%;\"><\/div><img decoding=\"async\" class=\"wp-image-65608\" src=\"https:\/\/royalcasinocompany.nl\/wp-content\/uploads\/2023\/05\/QVTY1603-uai-1200x900.jpg\" width=\"1200\" height=\"900\" alt=\"- Royal Casino Company\" title=\"\"><\/div>\n\t\t\t\t\t<\/div>\n\t\t\t\t<\/div><\/div><\/div><\/div><\/div><\/div><\/div><\/div><\/div><\/div><\/div><\/div><\/div><\/div><\/div><\/div><\/div><\/div><script id=\"script-row-unique-0\" data-row=\"script-row-unique-0\" type=\"text\/javascript\" class=\"vc_controls\">UNCODE.initRow(document.getElementById(\"row-unique-0\"));<\/script><\/div><\/div><\/div>\n<\/div>","protected":false},"excerpt":{"rendered":"\ud83c\udff7\ufe0f Las Vegas Sign met Lampjes \u2139\ufe0f Introductie Het Las Vegas sign is een iconische eyecatcher die direct het thema [...]","protected":false},"author":1,"featured_media":0,"parent":71016,"menu_order":0,"comment_status":"closed","ping_status":"closed","template":"","meta":{"footnotes":""},"class_list":["post-71779","page","type-page","status-publish","hentry","page_category-personeel-portaal"],"_links":{"self":[{"href":"https:\/\/royalcasinocompany.nl\/es\/wp-json\/wp\/v2\/pages\/71779","targetHints":{"allow":["GET"]}}],"collection":[{"href":"https:\/\/royalcasinocompany.nl\/es\/wp-json\/wp\/v2\/pages"}],"about":[{"href":"https:\/\/royalcasinocompany.nl\/es\/wp-json\/wp\/v2\/types\/page"}],"author":[{"embeddable":true,"href":"https:\/\/royalcasinocompany.nl\/es\/wp-json\/wp\/v2\/users\/1"}],"replies":[{"embeddable":true,"href":"https:\/\/royalcasinocompany.nl\/es\/wp-json\/wp\/v2\/comments?post=71779"}],"version-history":[{"count":5,"href":"https:\/\/royalcasinocompany.nl\/es\/wp-json\/wp\/v2\/pages\/71779\/revisions"}],"predecessor-version":[{"id":71905,"href":"https:\/\/royalcasinocompany.nl\/es\/wp-json\/wp\/v2\/pages\/71779\/revisions\/71905"}],"up":[{"embeddable":true,"href":"https:\/\/royalcasinocompany.nl\/es\/wp-json\/wp\/v2\/pages\/71016"}],"wp:attachment":[{"href":"https:\/\/royalcasinocompany.nl\/es\/wp-json\/wp\/v2\/media?parent=71779"}],"curies":[{"name":"wp","href":"https:\/\/api.w.org\/{rel}","templated":true}]}}