{"id":56675,"date":"2025-06-24T21:00:38","date_gmt":"2025-06-24T19:00:38","guid":{"rendered":"http:\/\/royalcasinocompany.nl\/?page_id=56675"},"modified":"2025-07-14T19:56:33","modified_gmt":"2025-07-14T17:56:33","slug":"over-ons","status":"publish","type":"page","link":"https:\/\/royalcasinocompany.nl\/fr\/over-ons\/","title":{"rendered":"A propos de nous"},"content":{"rendered":"<div class=\"wpb-content-wrapper\"><div data-parent=\"true\" class=\"vc_row row-container boomapps_vcrow\" id=\"row-unique-0\"><div class=\"row limit-width row-parent\"><div class=\"wpb_row row-inner\"><div class=\"wpb_column pos-top pos-center align_left column_parent col-lg-12 boomapps_vccolumn single-internal-gutter\"><div class=\"uncol style-dark\"  ><div class=\"uncoltable\"><div class=\"uncell  boomapps_vccolumn no-block-padding\" ><div class=\"uncont\" ><div class=\"vc_row row-internal row-container boomapps_vcrow\"><div class=\"row row-child\"><div class=\"wpb_row row-inner\"><div class=\"wpb_column pos-top pos-center align_center column_child col-lg-12 boomapps_vccolumn single-internal-gutter\"><div class=\"uncol style-dark font-134980\" ><div class=\"uncoltable\"><div class=\"uncell  boomapps_vccolumn no-block-padding\" ><div class=\"uncont\" style=\" max-width:696px;\" ><div class=\"vc_custom_heading_wrap\"><div class=\"heading-text el-text\" ><\/p>\n<h1>A PROPOS DE ROYAL CASINO COMPANY<\/h1>\n<p>\n<hr class=\"separator-break separator-accent\" \/><\/div><div class=\"clear\"><\/div><\/div><\/div><\/div><\/div><\/div><\/div><\/div><\/div><\/div><\/div><\/div><\/div><\/div><\/div><script id=\"script-row-unique-0\" data-row=\"script-row-unique-0\" type=\"text\/javascript\" class=\"vc_controls\">UNCODE.initRow(document.getElementById(\"row-unique-0\"));<\/script><\/div><\/div><\/div><div data-parent=\"true\" class=\"vc_row row-container boomapps_vcrow\" id=\"row-unique-1\"><div class=\"row limit-width row-parent\"><div class=\"wpb_row row-inner\"><div class=\"wpb_column pos-top pos-center align_left column_parent col-lg-12 boomapps_vccolumn single-internal-gutter\"><div class=\"uncol style-dark\"  ><div class=\"uncoltable\"><div class=\"uncell  boomapps_vccolumn no-block-padding\" ><div class=\"uncont\" ><div class=\"vc_row row-internal row-container boomapps_vcrow\"><div class=\"row row-child\"><div class=\"wpb_row row-inner\"><div class=\"wpb_column pos-middle pos-center align_left column_child col-lg-6 boomapps_vccolumn single-internal-gutter\"><div class=\"uncol style-dark\" ><div class=\"uncoltable\"><div class=\"uncell  boomapps_vccolumn no-block-padding\" ><div class=\"uncont\" ><div class=\"vc_custom_heading_wrap\"><div class=\"heading-text el-text\" ><\/p>\n<h2>Votre partenaire exclusif pour les \u00e9v\u00e9nements de casino<\/h2>\n<p>\n<\/div><div class=\"clear\"><\/div><\/div><div class=\"uncode_text_column\" ><\/p>\n<p class=\"text-body font-regular text-gray-800 leading-&#091;24px&#093; pt-&#091;9px&#093; pb-&#091;2px&#093;\" dir=\"ltr\">Royal Casino Company est votre principal expert en mati\u00e8re de <a href=\"https:\/\/royalcasinocompany.nl\/fr\/casino-inhuur-prijzen\/\">embaucher<\/a> d'\u00e9v\u00e9nements casino aux Pays-Bas et en Belgique. Notre large <a href=\"https:\/\/royalcasinocompany.nl\/fr\/prijs-kwaliteit-service\/\">exp\u00e9rience<\/a>Notre exp\u00e9rience, acquise depuis plus de vingt ans, fait de nous votre premier choix pour des exp\u00e9riences de casino de haute qualit\u00e9, o\u00f9 nous sommes flexibles dans notre fa\u00e7on de travailler. <a href=\"https:\/\/www.locaties.nl\/\" target=\"_blank\" rel=\"noopener\">choix du lieu<\/a>. Qu'il s'agisse d'un <a href=\"https:\/\/royalcasinocompany.nl\/fr\/casino-concepten\/casino-huren-bedrijfsfeest\/\">f\u00eate d'entreprise<\/a>, a <a href=\"https:\/\/royalcasinocompany.nl\/fr\/casino-concepten\/casino-huren-goededoelen-club\/\">\u00e9v\u00e9nement caritatif<\/a>, a <a href=\"https:\/\/royalcasinocompany.nl\/fr\/casino-concepten\/casino-huren-private-party\/\">installation priv\u00e9e<\/a> ou une grande f\u00eate dans un h\u00f4tel, faites-nous confiance comme partenaire.<\/p>\n<p>\n<\/div><\/div><\/div><\/div><\/div><\/div><div class=\"wpb_column pos-top pos-center align_left column_child col-lg-6 boomapps_vccolumn single-internal-gutter\"><div class=\"uncol style-dark\" ><div class=\"uncoltable\"><div class=\"uncell  boomapps_vccolumn no-block-padding\" ><div class=\"uncont\" ><div class=\"uncode-single-media  text-left\"><div class=\"single-wrapper\" style=\"max-width: 100%;\"><div class=\"tmb tmb-light  img-round img-round-lg tmb-img-ratio tmb-media-first tmb-media-last tmb-content-overlay tmb-no-bg\"><div class=\"t-inside\"><div class=\"t-entry-visual\"><div class=\"t-entry-visual-tc\"><div class=\"uncode-single-media-wrapper img-round img-round-lg\"><div class=\"dummy\" style=\"padding-top: 75%;\"><\/div><img decoding=\"async\" class=\"wp-image-65632\" src=\"https:\/\/royalcasinocompany.nl\/wp-content\/uploads\/2023\/05\/19-SFEER-5november-HermanceVanDijkPhotography-uai-756x567.jpg\" width=\"756\" height=\"567\" alt=\"- Royal Casino Company\" title=\"\"><\/div>\n\t\t\t\t\t<\/div>\n\t\t\t\t<\/div><\/div><\/div><\/div><\/div><\/div><\/div><\/div><\/div><\/div><\/div><\/div><\/div><div class=\"divider-wrapper\"  >\n    <hr class=\"border-accent-color separator-no-padding\"  \/>\n<\/div>\n<div class=\"vc_row row-internal row-container boomapps_vcrow\"><div class=\"row row-child\"><div class=\"wpb_row row-inner\"><div class=\"wpb_column pos-top pos-center align_left column_child col-lg-6 boomapps_vccolumn single-internal-gutter\"><div class=\"uncol style-dark\" ><div class=\"uncoltable\"><div class=\"uncell  boomapps_vccolumn no-block-padding\" ><div class=\"uncont\" ><div class=\"uncode-single-media  text-left\"><div class=\"single-wrapper\" style=\"max-width: 100%;\"><div class=\"tmb tmb-light  img-round img-round-lg tmb-img-ratio tmb-media-first tmb-media-last tmb-content-overlay tmb-no-bg\"><div class=\"t-inside\"><div class=\"t-entry-visual\"><div class=\"t-entry-visual-tc\"><div class=\"uncode-single-media-wrapper img-round img-round-lg\"><div class=\"dummy\" style=\"padding-top: 75.1%;\"><\/div><img decoding=\"async\" class=\"wp-image-68151\" src=\"https:\/\/royalcasinocompany.nl\/wp-content\/uploads\/2024\/05\/OGER_CasinoRoyaleAntwerp2024_%C2%A9RachelEcclestonePhotography_March072024_-254-uai-910x683.jpg\" width=\"910\" height=\"683\" alt=\"Mooie locatie met rode lampen met diverse casino tafels\" title=\"\"><\/div>\n\t\t\t\t\t<\/div>\n\t\t\t\t<\/div><\/div><\/div><\/div><\/div><\/div><\/div><\/div><\/div><\/div><div class=\"wpb_column pos-middle pos-center align_left column_child col-lg-6 boomapps_vccolumn single-internal-gutter\"><div class=\"uncol style-dark\" ><div class=\"uncoltable\"><div class=\"uncell  boomapps_vccolumn no-block-padding\" ><div class=\"uncont\" ><div class=\"uncode_text_column\" ><\/p>\n<h3 dir=\"ltr\">Tables de casino de luxe<\/h3>\n<p class=\"text-body font-regular text-gray-800 leading-&#091;24px&#093; pt-&#091;9px&#093; pb-&#091;2px&#093;\" dir=\"ltr\">Nous assurons avec notre luxe <a href=\"https:\/\/royalcasinocompany.nl\/fr\/casino-inhuur-prijzen\/blackjack-tafel-inhuren\/\">tables de casino<\/a> et comp\u00e9tents <a href=\"https:\/\/royalcasinocompany.nl\/fr\/croupiers\/\">croupiers<\/a> pour une atmosph\u00e8re pleine d'enthousiasme, de convivialit\u00e9, d'interaction active et d'\u00e9l\u00e9gance. Donnez \u00e0 vos invit\u00e9s l'impression d'une v\u00e9ritable <a href=\"https:\/\/royalcasinocompany.nl\/fr\/impressie\/\">l'exp\u00e9rience du casino<\/a> et soulevez votre <a href=\"https:\/\/www.beourguestevents.nl\/\" target=\"_blank\" rel=\"noopener\">\u00e9v\u00e9nement<\/a> jusqu'\u00e0 un point culminant inoubliable. Royal Casino Company garantit une organisation sans faille, quelle que soit la taille de votre \u00e9v\u00e9nement.<\/p>\n<p>\n<\/div><\/div><\/div><\/div><\/div><\/div><\/div><\/div><\/div><div class=\"divider-wrapper\"  >\n    <hr class=\"border-accent-color separator-no-padding\"  \/>\n<\/div>\n<div class=\"vc_row row-internal row-container boomapps_vcrow\"><div class=\"row row-child\"><div class=\"wpb_row row-inner\"><div class=\"wpb_column pos-middle pos-center align_left column_child col-lg-6 boomapps_vccolumn single-internal-gutter\"><div class=\"uncol style-dark\" ><div class=\"uncoltable\"><div class=\"uncell  boomapps_vccolumn no-block-padding\" ><div class=\"uncont\" ><div class=\"uncode_text_column\" ><\/p>\n<h3 dir=\"ltr\">Fournisseur professionnel<\/h3>\n<p class=\"text-body font-regular text-gray-800 leading-&#091;24px&#093; pt-&#091;9px&#093; pb-&#091;2px&#093;\" dir=\"ltr\">Si vous choisissez Royal Casino Company, vous pouvez compter sur une approche personnelle et professionnelle de votre \u00e9v\u00e9nement. Nous travaillons intensivement avec nos clients pour saisir leur vision et lui donner vie gr\u00e2ce \u00e0 l'exp\u00e9rience de casino unique que nous d\u00e9veloppons sp\u00e9cialement pour eux. Nos croupiers ne sont pas seulement des experts dans leur domaine, ils sont \u00e9galement comp\u00e9tents pour cr\u00e9er une atmosph\u00e8re vibrante et interactive dans laquelle vos invit\u00e9s se perdront compl\u00e8tement.<\/p>\n<p>\n<\/div><\/div><\/div><\/div><\/div><\/div><div class=\"wpb_column pos-top pos-center align_left column_child col-lg-6 boomapps_vccolumn single-internal-gutter\"><div class=\"uncol style-dark\" ><div class=\"uncoltable\"><div class=\"uncell  boomapps_vccolumn no-block-padding\" ><div class=\"uncont\" ><div class=\"uncode-single-media  text-left\"><div class=\"single-wrapper\" style=\"max-width: 100%;\"><div class=\"tmb tmb-light  img-round img-round-lg tmb-img-ratio tmb-media-first tmb-media-last tmb-content-overlay tmb-no-bg\"><div class=\"t-inside\"><div class=\"t-entry-visual\"><div class=\"t-entry-visual-tc\"><div class=\"uncode-single-media-wrapper img-round img-round-lg\"><div class=\"dummy\" style=\"padding-top: 75.1%;\"><\/div><img decoding=\"async\" class=\"wp-image-68067\" src=\"https:\/\/royalcasinocompany.nl\/wp-content\/uploads\/2024\/05\/OGER_CasinoRoyaleAntwerp2024_%C2%A9RachelEcclestonePhotography_March072024_-442-uai-910x683.jpg\" width=\"910\" height=\"683\" alt=\"twee professionele casino croupiers met in het midden een winnende speler\" title=\"\"><\/div>\n\t\t\t\t\t<\/div>\n\t\t\t\t<\/div><\/div><\/div><\/div><\/div><\/div><\/div><\/div><\/div><\/div><\/div><\/div><\/div><div class=\"divider-wrapper\"  >\n    <hr class=\"border-accent-color separator-no-padding\"  \/>\n<\/div>\n<div class=\"vc_row row-internal row-container boomapps_vcrow\"><div class=\"row row-child\"><div class=\"wpb_row row-inner\"><div class=\"wpb_column pos-top pos-center align_left column_child col-lg-6 boomapps_vccolumn single-internal-gutter\"><div class=\"uncol style-dark\" ><div class=\"uncoltable\"><div class=\"uncell  boomapps_vccolumn no-block-padding\" ><div class=\"uncont\" ><div class=\"uncode-single-media  text-left\"><div class=\"single-wrapper\" style=\"max-width: 100%;\"><div class=\"tmb tmb-light  img-round img-round-lg tmb-img-ratio tmb-media-first tmb-media-last tmb-content-overlay tmb-no-bg\"><div class=\"t-inside\"><div class=\"t-entry-visual\"><div class=\"t-entry-visual-tc\"><div class=\"uncode-single-media-wrapper img-round img-round-lg\"><div class=\"dummy\" style=\"padding-top: 75%;\"><\/div><img decoding=\"async\" class=\"wp-image-68086\" src=\"https:\/\/royalcasinocompany.nl\/wp-content\/uploads\/2024\/05\/OGER_CasinoRoyaleAntwerp2024_%C2%A9RachelEcclestonePhotography_March072024_-18-uai-1024x768.jpg\" width=\"1024\" height=\"768\" alt=\"Mobiele casinotafel huren op locatie in Nederland\" title=\"\"><\/div>\n\t\t\t\t\t<\/div>\n\t\t\t\t<\/div><\/div><\/div><\/div><\/div><\/div><\/div><\/div><\/div><\/div><div class=\"wpb_column pos-middle pos-center align_left column_child col-lg-6 boomapps_vccolumn single-internal-gutter\"><div class=\"uncol style-dark\" ><div class=\"uncoltable\"><div class=\"uncell  boomapps_vccolumn no-block-padding\" ><div class=\"uncont\" ><div class=\"uncode_text_column\" ><\/p>\n<h3 dir=\"ltr\">Jeux de casino populaires<\/h3>\n<p class=\"text-body font-regular text-gray-800 leading-&#091;24px&#093; pt-&#091;9px&#093; pb-&#091;2px&#093;\" dir=\"ltr\">Optez pour les classiques tels que<a href=\"https:\/\/royalcasinocompany.nl\/fr\/casino-inhuur-prijzen\/roulettetafel-huren\/\"> roulette<\/a>, <a href=\"https:\/\/royalcasinocompany.nl\/fr\/casino-inhuur-prijzen\/blackjack-tafel-inhuren\/\">blackjack<\/a> et <a href=\"https:\/\/royalcasinocompany.nl\/fr\/casino-inhuur-prijzen\/poker-tafel-inhuren\/\">poker<\/a> Ou surprendre avec des jeux exclusifs comme le <a href=\"https:\/\/royalcasinocompany.nl\/fr\/casino-inhuur-prijzen\/money-wheel-inhuren-tip\/\">Roue de l'argent<\/a> ou <a href=\"https:\/\/royalcasinocompany.nl\/fr\/casino-inhuur-prijzen\/craps-tafel-huren-tip\/\">Craps<\/a>; notre vaste s\u00e9lection de tables et de jeux de casino captivera et enthousiasmera vos invit\u00e9s. Gr\u00e2ce \u00e0 nos options polyvalentes en mati\u00e8re de d\u00e9coration et d'\u00e9clairage, nous cr\u00e9ons l'atmosph\u00e8re parfaite, quel que soit l'endroit o\u00f9 se d\u00e9roule votre \u00e9v\u00e9nement.<\/p>\n<p>\n<\/div><\/div><\/div><\/div><\/div><\/div><\/div><\/div><\/div><div class=\"divider-wrapper\"  >\n    <hr class=\"border-accent-color separator-no-padding\"  \/>\n<\/div>\n<div class=\"vc_row row-internal row-container boomapps_vcrow\"><div class=\"row row-child\"><div class=\"wpb_row row-inner\"><div class=\"wpb_column pos-top pos-center align_left column_child col-lg-6 boomapps_vccolumn single-internal-gutter\"><div class=\"uncol style-dark\" ><div class=\"uncoltable\"><div class=\"uncell  boomapps_vccolumn no-block-padding\" ><div class=\"uncont\" ><div class=\"vc_custom_heading_wrap\"><div class=\"heading-text el-text\" ><\/p>\n<h2>Vivez l'excitation du casino dans le confort et le style.<\/h2>\n<p>\n<\/div><div class=\"clear\"><\/div><\/div><div class=\"uncode_text_column\" ><\/p>\n<p class=\"text-body font-regular text-gray-800 leading-&#091;24px&#093; pt-&#091;9px&#093; pb-&#091;2px&#093;\" dir=\"ltr\">La Royal Casino Company est sp\u00e9cialis\u00e9e dans la location de casinos pour des \u00e9v\u00e9nements de toute taille. Nous nous occupons de tous les d\u00e9tails pour que vous puissiez vous d\u00e9tendre et profiter d'un spectacle \u00e9poustouflant. <a href=\"https:\/\/www.beourguestevents.nl\/\" target=\"_blank\" rel=\"noopener\">f\u00eate organis\u00e9e<\/a> avec nos partenaires de confiance.<\/p>\n<p class=\"text-body font-regular text-gray-800 leading-&#091;24px&#093; pt-&#091;9px&#093; pb-&#091;2px&#093;\" dir=\"ltr\">Nos services impliquent un divertissement sans argent r\u00e9el, mais cela ne diminue en rien notre engagement \u00e0 cr\u00e9er un environnement de casino authentique et exceptionnel. Nos services <a href=\"https:\/\/royalcasinocompany.nl\/fr\/croupiers\/\">croupiers<\/a> sont connus dans le secteur pour leur professionnalisme et leur personnalit\u00e9 dynamique. Gr\u00e2ce \u00e0 leurs conseils avis\u00e9s et \u00e0 leur passion pour le jeu, ils apportent dynamisme et amusement \u00e0 tout \u00e9v\u00e9nement et font vivre \u00e0 vos invit\u00e9s une v\u00e9ritable exp\u00e9rience de casino.<\/p>\n<p>\n<\/div><\/div><\/div><\/div><\/div><\/div><div class=\"wpb_column pos-top pos-center align_left column_child col-lg-6 boomapps_vccolumn single-internal-gutter\"><div class=\"uncol style-dark\" ><div class=\"uncoltable\"><div class=\"uncell  boomapps_vccolumn no-block-padding\" ><div class=\"uncont\" ><div class=\"uncode-single-media  text-left\"><div class=\"single-wrapper\" style=\"max-width: 100%;\"><div class=\"tmb tmb-light  img-round img-round-lg tmb-img-ratio tmb-media-first tmb-media-last tmb-content-overlay tmb-no-bg\"><div class=\"t-inside\"><div class=\"t-entry-visual\"><div class=\"t-entry-visual-tc\"><div class=\"uncode-single-media-wrapper img-round img-round-lg\"><div class=\"dummy\" style=\"padding-top: 75%;\"><\/div><img decoding=\"async\" class=\"wp-image-65695\" src=\"https:\/\/royalcasinocompany.nl\/wp-content\/uploads\/2023\/05\/TQII9811-1.jpg\" width=\"1599\" height=\"1200\" alt=\"Casino op locatie\" title=\"\" srcset=\"https:\/\/royalcasinocompany.nl\/wp-content\/uploads\/2023\/05\/TQII9811-1.jpg 1599w, https:\/\/royalcasinocompany.nl\/wp-content\/uploads\/2023\/05\/TQII9811-1-300x225.jpg 300w, https:\/\/royalcasinocompany.nl\/wp-content\/uploads\/2023\/05\/TQII9811-1-1024x768.jpg 1024w, https:\/\/royalcasinocompany.nl\/wp-content\/uploads\/2023\/05\/TQII9811-1-768x576.jpg 768w, https:\/\/royalcasinocompany.nl\/wp-content\/uploads\/2023\/05\/TQII9811-1-1536x1153.jpg 1536w, https:\/\/royalcasinocompany.nl\/wp-content\/uploads\/2023\/05\/TQII9811-1-350x263.jpg 350w\" sizes=\"(max-width: 1599px) 100vw, 1599px\"><\/div>\n\t\t\t\t\t<\/div>\n\t\t\t\t<\/div><\/div><\/div><\/div><\/div><\/div><\/div><\/div><\/div><\/div><\/div><\/div><\/div><div class=\"divider-wrapper\"  >\n    <hr class=\"border-accent-color separator-no-padding\"  \/>\n<\/div>\n<div class=\"vc_row row-internal row-container boomapps_vcrow\"><div class=\"row row-child\"><div class=\"wpb_row row-inner\"><div class=\"wpb_column pos-top pos-center align_left column_child col-lg-6 boomapps_vccolumn single-internal-gutter\"><div class=\"uncol style-dark\" ><div class=\"uncoltable\"><div class=\"uncell  boomapps_vccolumn no-block-padding\" ><div class=\"uncont\" ><div class=\"uncode-single-media  text-left\"><div class=\"single-wrapper\" style=\"max-width: 100%;\"><div class=\"tmb tmb-light  img-round img-round-lg tmb-img-ratio tmb-media-first tmb-media-last tmb-content-overlay tmb-no-bg\"><div class=\"t-inside\"><div class=\"t-entry-visual\"><div class=\"t-entry-visual-tc\"><div class=\"uncode-single-media-wrapper img-round img-round-lg\"><div class=\"dummy\" style=\"padding-top: 75%;\"><\/div><img decoding=\"async\" class=\"wp-image-65304\" src=\"https:\/\/royalcasinocompany.nl\/wp-content\/uploads\/2023\/05\/IMG_1383-scaled.jpg\" width=\"2560\" height=\"1920\" alt=\"Roulette tafel huren\" title=\"\" srcset=\"https:\/\/royalcasinocompany.nl\/wp-content\/uploads\/2023\/05\/IMG_1383-scaled.jpg 2560w, https:\/\/royalcasinocompany.nl\/wp-content\/uploads\/2023\/05\/IMG_1383-300x225.jpg 300w, https:\/\/royalcasinocompany.nl\/wp-content\/uploads\/2023\/05\/IMG_1383-1024x768.jpg 1024w, https:\/\/royalcasinocompany.nl\/wp-content\/uploads\/2023\/05\/IMG_1383-768x576.jpg 768w, https:\/\/royalcasinocompany.nl\/wp-content\/uploads\/2023\/05\/IMG_1383-1536x1152.jpg 1536w, https:\/\/royalcasinocompany.nl\/wp-content\/uploads\/2023\/05\/IMG_1383-2048x1536.jpg 2048w, https:\/\/royalcasinocompany.nl\/wp-content\/uploads\/2023\/05\/IMG_1383-350x263.jpg 350w\" sizes=\"(max-width: 2560px) 100vw, 2560px\"><\/div>\n\t\t\t\t\t<\/div>\n\t\t\t\t<\/div><\/div><\/div><\/div><\/div><\/div><\/div><\/div><\/div><\/div><div class=\"wpb_column pos-middle pos-center align_left column_child col-lg-6 boomapps_vccolumn single-internal-gutter\"><div class=\"uncol style-dark\" ><div class=\"uncoltable\"><div class=\"uncell  boomapps_vccolumn no-block-padding\" ><div class=\"uncont\" ><div class=\"vc_custom_heading_wrap\"><div class=\"heading-text el-text\" ><\/p>\n<h2>Plus de 20 ans d'exp\u00e9rience professionnelle dans les casinos<\/h2>\n<p>\n<\/div><div class=\"clear\"><\/div><\/div><div class=\"uncode_text_column\" ><p>En tant qu'entreprise leader dans le secteur de la location de casinos, nous sommes devenus le premier fournisseur de casinos aux Pays-Bas et en Belgique gr\u00e2ce \u00e0 nos partenariats de confiance. Notre riche histoire de services r\u00e9ussis s'\u00e9tend du soutien aux organisations caritatives et aux entreprises \u00e0 l'organisation de galas et d'\u00e9v\u00e9nements pour des groupes priv\u00e9s et des clubs d'affaires. Gr\u00e2ce \u00e0 notre vaste exp\u00e9rience, nous sommes devenus des experts dans la fourniture d'informations correctes et l'organisation parfaite de vos \u00e9v\u00e9nements li\u00e9s aux casinos.<\/p>\n<\/div><\/div><\/div><\/div><\/div><\/div><\/div><\/div><\/div><div class=\"divider-wrapper\"  >\n    <hr class=\"border-accent-color separator-no-padding\"  \/>\n<\/div>\n<div class=\"vc_row row-internal row-container boomapps_vcrow\"><div class=\"row row-child\"><div class=\"wpb_row row-inner\"><div class=\"wpb_column pos-middle pos-center align_left column_child col-lg-6 boomapps_vccolumn single-internal-gutter\"><div class=\"uncol style-dark\" ><div class=\"uncoltable\"><div class=\"uncell  boomapps_vccolumn no-block-padding\" ><div class=\"uncont\" ><div class=\"vc_custom_heading_wrap\"><div class=\"heading-text el-text\" ><\/p>\n<h2>Tables et mat\u00e9riel de casino de luxe<\/h2>\n<p>\n<\/div><div class=\"clear\"><\/div><\/div><div class=\"uncode_text_column\" ><\/p>\n<p class=\"text-body font-regular text-gray-800 leading-&#091;24px&#093; pt-&#091;9px&#093; pb-&#091;2px&#093;\" dir=\"ltr\">Gr\u00e2ce \u00e0 notre s\u00e9lection sophistiqu\u00e9e de tables de casino de luxe, notre soci\u00e9t\u00e9 de location transforme chaque f\u00eate et \u00e9v\u00e9nement en une exp\u00e9rience inoubliable. Depuis des ann\u00e9es, nous rassemblons les \u00e9quipements de casino les plus \u00e9l\u00e9gants et les plus sophistiqu\u00e9s pour impressionner vos invit\u00e9s et cr\u00e9er une atmosph\u00e8re unique. Choisissez-nous et faites de votre \u00e9v\u00e9nement une exp\u00e9rience extraordinaire gr\u00e2ce \u00e0 nos attraits accrocheurs !<\/p>\n<p class=\"text-body font-regular text-gray-800 leading-&#091;24px&#093; pt-&#091;9px&#093; pb-&#091;2px&#093;\" dir=\"ltr\">Outre la location de tables de casino de haute qualit\u00e9, Royal Casino Company propose \u00e9galement une large gamme de services pour prendre en charge l'int\u00e9gralit\u00e9 de votre \u00e9v\u00e9nement. De la d\u00e9coration \u00e0 l'\u00e9clairage en passant par la restauration et l'animation, nous nous occupons de tous les d\u00e9tails n\u00e9cessaires \u00e0 la r\u00e9ussite de votre \u00e9v\u00e9nement. Notre personnel expert est toujours pr\u00eat \u00e0 vous conseiller et \u00e0 vous aider \u00e0 mettre au point un plan sur mesure pour r\u00e9pondre \u00e0 vos besoins.<\/p>\n<p>\n<\/div><\/div><\/div><\/div><\/div><\/div><div class=\"wpb_column pos-top pos-center align_left column_child col-lg-6 boomapps_vccolumn single-internal-gutter\"><div class=\"uncol style-dark\" ><div class=\"uncoltable\"><div class=\"uncell  boomapps_vccolumn no-block-padding\" ><div class=\"uncont\" ><div class=\"uncode-single-media  text-left\"><div class=\"single-wrapper\" style=\"max-width: 100%;\"><div class=\"tmb tmb-light  img-round img-round-lg tmb-img-ratio tmb-media-first tmb-media-last tmb-content-overlay tmb-no-bg\"><div class=\"t-inside\"><div class=\"t-entry-visual\"><div class=\"t-entry-visual-tc\"><div class=\"uncode-single-media-wrapper img-round img-round-lg\"><div class=\"dummy\" style=\"padding-top: 75%;\"><\/div><img decoding=\"async\" class=\"wp-image-65325\" src=\"https:\/\/royalcasinocompany.nl\/wp-content\/uploads\/2023\/05\/IMG_1418-scaled-uai-1920x1440.jpg\" width=\"1920\" height=\"1440\" alt=\"- Royal Casino Company\" title=\"\"><\/div>\n\t\t\t\t\t<\/div>\n\t\t\t\t<\/div><\/div><\/div><\/div><\/div><\/div><\/div><\/div><\/div><\/div><\/div><\/div><\/div><\/div><\/div><\/div><\/div><\/div><script id=\"script-row-unique-1\" data-row=\"script-row-unique-1\" type=\"text\/javascript\" class=\"vc_controls\">UNCODE.initRow(document.getElementById(\"row-unique-1\"));<\/script><\/div><\/div><\/div><div data-parent=\"true\" class=\"vc_row row-container boomapps_vcrow\" id=\"row-unique-2\"><div class=\"row col-no-gutter no-top-padding no-bottom-padding no-h-padding full-width row-parent\"><div class=\"wpb_row row-inner\"><script id=\"script-row-unique-2\" data-row=\"script-row-unique-2\" type=\"text\/javascript\" class=\"vc_controls\">UNCODE.initRow(document.getElementById(\"row-unique-2\"));<\/script><\/div><\/div><\/div><div data-parent=\"true\" class=\"vc_row row-container boomapps_vcrow\" id=\"row-unique-3\"><div class=\"row unequal col-no-gutter no-top-padding no-bottom-padding no-h-padding full-width row-parent\"><div class=\"wpb_row row-inner\"><script id=\"script-row-unique-3\" data-row=\"script-row-unique-3\" type=\"text\/javascript\" class=\"vc_controls\">UNCODE.initRow(document.getElementById(\"row-unique-3\"));<\/script><\/div><\/div><\/div><div data-parent=\"true\" class=\"vc_row row-container boomapps_vcrow\" id=\"row-unique-4\"><div class=\"row limit-width row-parent\"><div class=\"wpb_row row-inner\"><div class=\"wpb_column pos-top pos-center align_center column_parent col-lg-12 boomapps_vccolumn single-internal-gutter\"><div class=\"uncol style-dark\"  ><div class=\"uncoltable\"><div class=\"uncell  boomapps_vccolumn no-block-padding\" ><div class=\"uncont\" ><span class=\"btn-container\" ><a role=\"button\"  href=\"https:\/\/royalcasinocompany.nl\/fr\/offerteformulier\/\" class=\"custom-link btn border-width-0 btn-accent btn-outline btn-icon-left btn-ripple-in btn-border-animated\" title=\"DEMANDER UN DEVIS\">Demander un devis sans engagement ? Cliquez ici.<\/a><\/span><\/div><\/div><\/div><\/div><\/div><script id=\"script-row-unique-4\" data-row=\"script-row-unique-4\" type=\"text\/javascript\" class=\"vc_controls\">UNCODE.initRow(document.getElementById(\"row-unique-4\"));<\/script><\/div><\/div><\/div>\n<\/div>","protected":false},"excerpt":{"rendered":"OVER ROYAL CASINO COMPANY Uw Exclusieve Casino-evenement Partner Royal Casino Company is uw toonaangevend expert in het verhuren van casino-evenementen [...]","protected":false},"author":1,"featured_media":68227,"parent":0,"menu_order":0,"comment_status":"closed","ping_status":"closed","template":"","meta":{"footnotes":""},"class_list":["post-56675","page","type-page","status-publish","has-post-thumbnail","hentry","page_category-over-ons"],"_links":{"self":[{"href":"https:\/\/royalcasinocompany.nl\/fr\/wp-json\/wp\/v2\/pages\/56675","targetHints":{"allow":["GET"]}}],"collection":[{"href":"https:\/\/royalcasinocompany.nl\/fr\/wp-json\/wp\/v2\/pages"}],"about":[{"href":"https:\/\/royalcasinocompany.nl\/fr\/wp-json\/wp\/v2\/types\/page"}],"author":[{"embeddable":true,"href":"https:\/\/royalcasinocompany.nl\/fr\/wp-json\/wp\/v2\/users\/1"}],"replies":[{"embeddable":true,"href":"https:\/\/royalcasinocompany.nl\/fr\/wp-json\/wp\/v2\/comments?post=56675"}],"version-history":[{"count":20,"href":"https:\/\/royalcasinocompany.nl\/fr\/wp-json\/wp\/v2\/pages\/56675\/revisions"}],"predecessor-version":[{"id":70555,"href":"https:\/\/royalcasinocompany.nl\/fr\/wp-json\/wp\/v2\/pages\/56675\/revisions\/70555"}],"wp:featuredmedia":[{"embeddable":true,"href":"https:\/\/royalcasinocompany.nl\/fr\/wp-json\/wp\/v2\/media\/68227"}],"wp:attachment":[{"href":"https:\/\/royalcasinocompany.nl\/fr\/wp-json\/wp\/v2\/media?parent=56675"}],"curies":[{"name":"wp","href":"https:\/\/api.w.org\/{rel}","templated":true}]}}