{"id":56679,"date":"2025-06-24T21:00:51","date_gmt":"2025-06-24T19:00:51","guid":{"rendered":"http:\/\/royalcasinocompany.nl\/?page_id=56679"},"modified":"2026-02-22T18:58:11","modified_gmt":"2026-02-22T17:58:11","slug":"offerte","status":"publish","type":"page","link":"https:\/\/royalcasinocompany.nl\/fr\/offerte\/","title":{"rendered":"Informations sur le devis"},"content":{"rendered":"<div class=\"wpb-content-wrapper\"><div data-parent=\"true\" class=\"vc_row row-container boomapps_vcrow\" id=\"row-unique-0\"><div class=\"row limit-width row-parent\"><div class=\"wpb_row row-inner\"><div class=\"wpb_column pos-top pos-center align_center column_parent col-lg-12 boomapps_vccolumn single-internal-gutter\"><div class=\"uncol style-dark\"  ><div class=\"uncoltable\"><div class=\"uncell  boomapps_vccolumn no-block-padding\" ><div class=\"uncont\" ><div class=\"vc_custom_heading_wrap\"><div class=\"heading-text el-text\" ><h1 class=\"h1 font-weight-700 text-uppercase\" ><span>DEMANDER UN DEVIS<\/span><\/h1><hr class=\"separator-break separator-accent\" \/><\/div><div class=\"clear\"><\/div><\/div><div class=\"vc_row row-internal row-container boomapps_vcrow\"><div class=\"row row-child\"><div class=\"wpb_row row-inner\"><div class=\"wpb_column pos-top pos-center align_left column_child col-lg-6 boomapps_vccolumn single-internal-gutter\"><div class=\"uncol style-dark\" ><div class=\"uncoltable\"><div class=\"uncell  boomapps_vccolumn no-block-padding\" ><div class=\"uncont\" ><div class=\"uncode_text_column\" ><\/p>\n<blockquote>\n<p>Avez-vous vu notre <a href=\"https:\/\/royalcasinocompany.nl\/fr\/prijzen\/\">prix<\/a> consult\u00e9 avant de demander un devis ? <a href=\"https:\/\/royalcasinocompany.nl\/fr\/prijzen\/\">Voir tous les prix ici.<\/a><\/p>\n<\/blockquote>\n<p style=\"text-align: left;\">Des croupiers professionnels et amusants, une atmosph\u00e8re glamour et des mat\u00e9riaux de la meilleure qualit\u00e9, voil\u00e0 comment Royal Casino Company se profile et se distingue de la concurrence. Avec un grand entrep\u00f4t, plusieurs bus de transport et de nombreuses tables de casino et d\u00e9corations, nous sommes heureux de vous servir. Avec nous, vous louez une exp\u00e9rience de casino compl\u00e8te avec tous les accessoires dont vous et vos invit\u00e9s vous souviendrez longtemps.<\/p>\n<p>Nous vous demandons de ne pas nous demander un devis au hasard si votre budget est minime et que votre intention est de choisir le fournisseur qui propose le prix le plus bas. Apr\u00e8s tout, ce n'est pas nous.<\/p>\n<\/div><\/div><\/div><\/div><\/div><\/div><div class=\"wpb_column pos-top pos-center align_left column_child col-lg-6 boomapps_vccolumn single-internal-gutter\"><div class=\"uncol style-dark\" ><div class=\"uncoltable\"><div class=\"uncell  boomapps_vccolumn no-block-padding\" ><div class=\"uncont\" ><div class=\"uncode_text_column\" ><p>Nous avons choisi d'\u00eatre tr\u00e8s ouverts et transparents en ce qui concerne les prix de location de nos casinos, afin de ne pas vous d\u00e9cevoir par rapport \u00e0 l'offre que vous recevrez de notre part.<\/p>\n<p>Nous ne pouvons et ne voulons pas concurrencer les \"petites\" entreprises amateurs qui proposent une soir\u00e9e casino pour quelques centaines d'euros avec des d\u00e9corations et des frais de transport gratuits. Vous savez vous-m\u00eame qu'il faut alors rogner sur quelque chose, et dans la plupart des cas, il s'agit de la qualit\u00e9 du mat\u00e9riel et de l'exp\u00e9rience du personnel. Vous choisissez Royal Casino Company parce que vous voulez que tout soit parfaitement organis\u00e9, que vous recherchez des tables de casino de luxe et de belles d\u00e9corations et que vous voulez que vos invit\u00e9s passent une excellente soir\u00e9e.<\/p>\n<p>Le devis que nous vous soumettons est sans engagement et tr\u00e8s complet afin que vous puissiez vous faire une bonne id\u00e9e de ce que nous pouvons vous offrir.<\/p>\n<\/div><div class=\"divider-wrapper\"  >\n    <hr class=\"border-accent-color separator-no-padding\"  \/>\n<\/div>\n<span class=\"btn-container btn-block\" ><a role=\"button\"  href=\"https:\/\/royalcasinocompany.nl\/fr\/offerteformulier\/\" class=\"custom-link btn border-width-0 btn-accent btn-outline btn-block btn-icon-left\">Cliquez ici pour demander un devis<\/a><\/span><\/div><\/div><\/div><\/div><\/div><\/div><\/div><\/div><\/div><\/div><\/div><\/div><\/div><script id=\"script-row-unique-0\" data-row=\"script-row-unique-0\" type=\"text\/javascript\" class=\"vc_controls\">UNCODE.initRow(document.getElementById(\"row-unique-0\"));<\/script><\/div><\/div><\/div>\n<\/div>","protected":false},"excerpt":{"rendered":"OFFERTE AANVRAGENHeeft u onze prijzen bekeken voordat u een offerte aanvraagt? Bekijk alle prijzen hier. Professioneel, leuke croupiers, glamour sfeer [...]","protected":false},"author":1,"featured_media":0,"parent":0,"menu_order":0,"comment_status":"closed","ping_status":"closed","template":"","meta":{"footnotes":""},"class_list":["post-56679","page","type-page","status-publish","hentry","page_category-offerte"],"_links":{"self":[{"href":"https:\/\/royalcasinocompany.nl\/fr\/wp-json\/wp\/v2\/pages\/56679","targetHints":{"allow":["GET"]}}],"collection":[{"href":"https:\/\/royalcasinocompany.nl\/fr\/wp-json\/wp\/v2\/pages"}],"about":[{"href":"https:\/\/royalcasinocompany.nl\/fr\/wp-json\/wp\/v2\/types\/page"}],"author":[{"embeddable":true,"href":"https:\/\/royalcasinocompany.nl\/fr\/wp-json\/wp\/v2\/users\/1"}],"replies":[{"embeddable":true,"href":"https:\/\/royalcasinocompany.nl\/fr\/wp-json\/wp\/v2\/comments?post=56679"}],"version-history":[{"count":20,"href":"https:\/\/royalcasinocompany.nl\/fr\/wp-json\/wp\/v2\/pages\/56679\/revisions"}],"predecessor-version":[{"id":71990,"href":"https:\/\/royalcasinocompany.nl\/fr\/wp-json\/wp\/v2\/pages\/56679\/revisions\/71990"}],"wp:attachment":[{"href":"https:\/\/royalcasinocompany.nl\/fr\/wp-json\/wp\/v2\/media?parent=56679"}],"curies":[{"name":"wp","href":"https:\/\/api.w.org\/{rel}","templated":true}]}}