{"id":57959,"date":"2025-06-11T11:00:12","date_gmt":"2025-06-11T09:00:12","guid":{"rendered":"http:\/\/royalcasinocompany.nl\/?page_id=57959"},"modified":"2025-06-24T23:29:38","modified_gmt":"2025-06-24T21:29:38","slug":"casino-goochelaar","status":"publish","type":"page","link":"https:\/\/royalcasinocompany.nl\/fr\/casino-goochelaar\/","title":{"rendered":"Magicien de casino"},"content":{"rendered":"<div class=\"wpb-content-wrapper\"><div data-parent=\"true\" class=\"vc_row row-container boomapps_vcrow\" id=\"row-unique-0\"><div class=\"row limit-width row-parent\"><div class=\"wpb_row row-inner\"><div class=\"wpb_column pos-top pos-center align_center column_parent col-lg-12 boomapps_vccolumn single-internal-gutter\"><div class=\"uncol style-dark\"  ><div class=\"uncoltable\"><div class=\"uncell  boomapps_vccolumn no-block-padding\" ><div class=\"uncont\" ><div class=\"vc_custom_heading_wrap\"><div class=\"heading-text el-text\" ><h1 class=\"font-762333 h1 font-weight-700\" ><span><\/p><\/span><span><h1 class=\"p1\">MAGICIEN DE CASINO<\/h1><\/span><span><p><\/span><\/h1><hr class=\"separator-break separator-accent\" \/><\/div><div class=\"clear\"><\/div><\/div><\/div><\/div><\/div><\/div><\/div><script id=\"script-row-unique-0\" data-row=\"script-row-unique-0\" type=\"text\/javascript\" class=\"vc_controls\">UNCODE.initRow(document.getElementById(\"row-unique-0\"));<\/script><\/div><\/div><\/div><div data-parent=\"true\" class=\"vc_row row-container boomapps_vcrow\" id=\"row-unique-1\"><div class=\"row col-double-gutter single-top-padding single-bottom-padding single-h-padding limit-width row-parent\"><div class=\"wpb_row row-inner\"><div class=\"wpb_column pos-top pos-center align_left column_parent col-lg-6 boomapps_vccolumn single-internal-gutter\"><div class=\"uncol style-dark\"  ><div class=\"uncoltable\"><div class=\"uncell  boomapps_vccolumn no-block-padding\" ><div class=\"uncont\" ><div class=\"uncode_text_column\" ><\/p>\n<blockquote>\n<p>Prix : 1 050 \u20ac hors TVA<br \/>\nDur\u00e9e : 3 heures de magie de table<br \/>\nFrais de d\u00e9placement : 0,45 \u20ac p\/km + 25,- \u20ac p\/hr<\/p>\n<\/blockquote>\n<h2>Champion magicien<\/h2>\n<p>Laissez-vous envo\u00fbter par notre animateur de casino prim\u00e9, le tout nouveau champion magicien n\u00e9erlandais. Non seulement vous vivrez un divertissement de haut niveau, mais vous profiterez \u00e9galement de ses conseils et astuces exclusifs qui enrichiront votre visite au casino. Avec des tours de cartes \u00e9poustouflants et un num\u00e9ro de lecture de l'esprit \u00e0 couper le souffle, il se faufilera sans probl\u00e8me dans votre \u00e9v\u00e9nement, laissant vos invit\u00e9s bouche b\u00e9e et leur faisant vivre une exp\u00e9rience inoubliable.<\/p>\n<h3>Le monde de la magie<\/h3>\n<p>Notre magicien de casino transformera votre <a href=\"https:\/\/www.beourguestevents.nl\/\" target=\"_blank\" rel=\"noopener\">\u00e9v\u00e9nement<\/a> dans une exp\u00e9rience fascinante ; les invit\u00e9s sont emmen\u00e9s dans un monde de <a href=\"https:\/\/nl.wikipedia.org\/wiki\/Magie\" target=\"_blank\" rel=\"noopener\">magie<\/a> o\u00f9 ils sont non seulement les t\u00e9moins mais aussi les protagonistes d'illusions \u00e9tonnantes. R\u00e9servez d\u00e8s maintenant et donnez le ton d'une <a href=\"https:\/\/www.beourguestevents.nl\/\" target=\"_blank\" rel=\"noopener\">une c\u00e9l\u00e9bration inoubliable<\/a>!<\/p>\n<\/div><\/div><\/div><\/div><\/div><\/div><div class=\"wpb_column pos-top pos-center align_left column_parent col-lg-6 boomapps_vccolumn single-internal-gutter\"><div class=\"uncol style-dark\"  ><div class=\"uncoltable\"><div class=\"uncell  boomapps_vccolumn no-block-padding\" ><div class=\"uncont\" ><div class=\"uncode_text_column\" ><\/p>\n<h3 dir=\"ltr\">Royal Casino Magic.<\/h3>\n<p class=\"text-body font-regular text-gray-800 leading-&#091;24px&#093; pt-&#091;9px&#093; pb-&#091;2px&#093;\" dir=\"ltr\">Entrez dans le domaine enchanteur de <a href=\"https:\/\/royalcasinocompany.nl\/fr\/\">Royal Casino<\/a> Magie ! Laissez vos invit\u00e9s se laisser envo\u00fbter par la magie de notre ma\u00eetre magicien. Pr\u00e9parez-vous \u00e0 une soir\u00e9e de tours \u00e9poustouflants qui vont au-del\u00e0 des \"<a href=\"https:\/\/nl.wikipedia.org\/wiki\/Balletje-balletje\" target=\"_blank\" rel=\"noopener\">Ballet Ball<\/a>\". Notre artiste ex\u00e9cute un m\u00e9lange fr\u00e9n\u00e9tique d'illusions psychologiques et d'habilet\u00e9.<\/p>\n<h3 dir=\"ltr\">Suspense et myst\u00e8res<\/h3>\n<p class=\"text-body font-regular text-gray-800 leading-&#091;24px&#093; pt-&#091;9px&#093; pb-&#091;2px&#093;\" dir=\"ltr\">Pr\u00e9parez-vous \u00e0 vivre une exp\u00e9rience spectaculaire, riche en \u00e9motions et en jeux, o\u00f9 les myst\u00e8res de l'impossible se r\u00e9v\u00e8lent sous vos yeux. Notre spectacle allie charme, finesse et s\u00e9duction pour cr\u00e9er une atmosph\u00e8re in\u00e9gal\u00e9e dont vos invit\u00e9s parleront pendant des jours.<\/p>\n<p class=\"text-body font-regular text-gray-800 leading-&#091;24px&#093; pt-&#091;9px&#093; pb-&#091;2px&#093;\" dir=\"ltr\">Faites l'exp\u00e9rience de la magie et de la ma\u00eetrise de notre artiste Royal Casino Magic et laissez-vous transporter dans un monde o\u00f9 tout semble possible !<\/p>\n<p>\n<\/div><\/div><\/div><\/div><\/div><\/div><script id=\"script-row-unique-1\" data-row=\"script-row-unique-1\" type=\"text\/javascript\" class=\"vc_controls\">UNCODE.initRow(document.getElementById(\"row-unique-1\"));<\/script><\/div><\/div><\/div><div data-parent=\"true\" class=\"vc_row row-container boomapps_vcrow\" id=\"row-unique-2\"><div class=\"row limit-width row-parent\"><div class=\"wpb_row row-inner\"><div class=\"wpb_column pos-top pos-center align_left column_parent col-lg-12 boomapps_vccolumn single-internal-gutter\"><div class=\"uncol style-dark\"  ><div class=\"uncoltable\"><div class=\"uncell  boomapps_vccolumn no-block-padding\" ><div class=\"uncont\" ><div class=\"vc_row row-internal row-container boomapps_vcrow\"><div class=\"row row-child\"><div class=\"wpb_row row-inner\"><div class=\"wpb_column pos-top pos-center align_left column_child col-lg-12 boomapps_vccolumn one-internal-gutter\"><div class=\"uncol style-dark\" ><div class=\"uncoltable\"><div class=\"uncell  boomapps_vccolumn no-block-padding\" ><div class=\"uncont\" style=\" max-width:50%;\" ><div class=\"uncode_text_column\" ><\/p>\n<blockquote>\n<p>\"Un magicien de casino n'apporte pas seulement de la magie au jeu, mais fait de chaque main un moment gagnant plein d'excitation et de myst\u00e8re.<\/p>\n<\/blockquote>\n<p>\n<\/div><\/div><\/div><\/div><\/div><\/div><\/div><\/div><\/div><\/div><\/div><\/div><\/div><\/div><script id=\"script-row-unique-2\" data-row=\"script-row-unique-2\" type=\"text\/javascript\" class=\"vc_controls\">UNCODE.initRow(document.getElementById(\"row-unique-2\"));<\/script><\/div><\/div><\/div><div data-parent=\"true\" class=\"vc_row row-container boomapps_vcrow\" id=\"row-unique-3\"><div class=\"row one-top-padding single-bottom-padding single-h-padding limit-width row-parent\"><div class=\"wpb_row row-inner\"><div class=\"wpb_column pos-top pos-center align_left column_parent col-lg-12 boomapps_vccolumn single-internal-gutter\"><div class=\"uncol style-dark\"  ><div class=\"uncoltable\"><div class=\"uncell  boomapps_vccolumn no-block-padding\" ><div class=\"uncont\" ><div class=\"divider-wrapper\"  >\n    <hr class=\"border-accent-color separator-no-padding\"  \/>\n<\/div>\n<div class=\"vc_row row-internal row-container boomapps_vcrow\"><div class=\"row row-child\"><div class=\"wpb_row row-inner\"><div class=\"wpb_column pos-top pos-center align_left column_child col-lg-12 boomapps_vccolumn single-internal-gutter\"><div class=\"uncol style-dark\" ><div class=\"uncoltable\"><div class=\"uncell  boomapps_vccolumn no-block-padding\" ><div class=\"uncont\" ><div id=\"gallery-171214\" class=\"un-media-gallery isotope-system isotope-general-dark grid-general-dark\">\n\t\t\t\t\t\n\t\n\t<div class=\"isotope-wrapper grid-wrapper half-gutter\" >\n\t\t\t\t\t\t\t\t\t<div class=\"isotope-container isotope-layout style-masonry\" data-type=\"masonry\" data-layout=\"masonry\" data-lg=\"1000\" data-md=\"600\" data-sm=\"480\">\n<div class=\"tmb tmb-iso-w4 tmb-iso-h4 img-round img-round-lg tmb-dark tmb-overlay-text-anim tmb-overlay-anim tmb-overlay-middle tmb-overlay-text-left tmb-image-anim tmb-id-68160  tmb-img-ratio tmb-media-first tmb-media-last tmb-content-overlay tmb-no-bg tmb-lightbox\" ><div class=\"t-inside no-anim\" ><div class=\"t-entry-visual\"><div class=\"t-entry-visual-tc\"><div class=\"t-entry-visual-cont\"><div class=\"dummy\" style=\"padding-top: 75%;\"><\/div><a href=\"https:\/\/royalcasinocompany.nl\/wp-content\/uploads\/2024\/05\/OGER_CasinoRoyaleAntwerp2024_\u00a9RachelEcclestonePhotography_March072024_-281.jpg\" class=\"pushed\" data-active=\"1\" data-lbox=\"ilightbox_gallery-171214\" data-options=\"width:1024,height:1536,thumbnail: &#039;https:\/\/royalcasinocompany.nl\/wp-content\/uploads\/2024\/05\/OGER_CasinoRoyaleAntwerp2024_\u00a9RachelEcclestonePhotography_March072024_-281-200x300.jpg&#039;\" data-lb-index=\"0\"><div class=\"t-entry-visual-overlay\"><div class=\"t-entry-visual-overlay-in style-light-bg\" style=\"opacity: 0.01;\"><\/div><\/div><img decoding=\"async\" class=\"wp-image-68160\" src=\"https:\/\/royalcasinocompany.nl\/wp-content\/uploads\/2024\/05\/OGER_CasinoRoyaleAntwerp2024_\u00a9RachelEcclestonePhotography_March072024_-281-uai-1024x768.jpg\" width=\"1024\" height=\"768\" alt=\"man gekleed in smoking die goocheltrucs voor gasten presenteerd\" title=\"\"><\/a><\/div>\n\t\t\t\t\t<\/div>\n\t\t\t\t<\/div><\/div><\/div><div class=\"tmb tmb-iso-w4 tmb-iso-h4 img-round img-round-lg tmb-dark tmb-overlay-text-anim tmb-overlay-anim tmb-overlay-middle tmb-overlay-text-left tmb-image-anim tmb-id-68364  tmb-img-ratio tmb-media-first tmb-media-last tmb-content-overlay tmb-no-bg tmb-lightbox\" ><div class=\"t-inside no-anim\" ><div class=\"t-entry-visual\"><div class=\"t-entry-visual-tc\"><div class=\"t-entry-visual-cont\"><div class=\"dummy\" style=\"padding-top: 75%;\"><\/div><a href=\"https:\/\/royalcasinocompany.nl\/wp-content\/uploads\/2024\/05\/SME_238712819_053.jpg\" class=\"pushed\" data-active=\"1\" data-lbox=\"ilightbox_gallery-171214\" data-options=\"width:1920,height:1280,thumbnail: &#039;https:\/\/royalcasinocompany.nl\/wp-content\/uploads\/2024\/05\/SME_238712819_053-300x200.jpg&#039;\" data-lb-index=\"1\"><div class=\"t-entry-visual-overlay\"><div class=\"t-entry-visual-overlay-in style-light-bg\" style=\"opacity: 0.01;\"><\/div><\/div><img decoding=\"async\" class=\"wp-image-68364\" src=\"https:\/\/royalcasinocompany.nl\/wp-content\/uploads\/2024\/05\/SME_238712819_053-uai-1706x1280.jpg\" width=\"1706\" height=\"1280\" alt=\"Casino dames met een croupier en de goochelaar met casino decoratie op de achtergrond\" title=\"\"><\/a><\/div>\n\t\t\t\t\t<\/div>\n\t\t\t\t<\/div><\/div><\/div><div class=\"tmb tmb-iso-w4 tmb-iso-h4 img-round img-round-lg tmb-dark tmb-overlay-text-anim tmb-overlay-anim tmb-overlay-middle tmb-overlay-text-left tmb-image-anim tmb-id-68351  tmb-img-ratio tmb-media-first tmb-media-last tmb-content-overlay tmb-no-bg tmb-lightbox\" ><div class=\"t-inside no-anim\" ><div class=\"t-entry-visual\"><div class=\"t-entry-visual-tc\"><div class=\"t-entry-visual-cont\"><div class=\"dummy\" style=\"padding-top: 75%;\"><\/div><a href=\"https:\/\/royalcasinocompany.nl\/wp-content\/uploads\/2024\/05\/OGER_CasinoRoyaleAntwerp2024_\u00a9RachelEcclestonePhotography_March072024_-285-1.jpg\" class=\"pushed\" data-active=\"1\" data-lbox=\"ilightbox_gallery-171214\" data-options=\"width:1024,height:1536,thumbnail: &#039;https:\/\/royalcasinocompany.nl\/wp-content\/uploads\/2024\/05\/OGER_CasinoRoyaleAntwerp2024_\u00a9RachelEcclestonePhotography_March072024_-285-1-200x300.jpg&#039;\" data-lb-index=\"2\"><div class=\"t-entry-visual-overlay\"><div class=\"t-entry-visual-overlay-in style-light-bg\" style=\"opacity: 0.01;\"><\/div><\/div><img decoding=\"async\" class=\"wp-image-68351\" src=\"https:\/\/royalcasinocompany.nl\/wp-content\/uploads\/2024\/05\/OGER_CasinoRoyaleAntwerp2024_\u00a9RachelEcclestonePhotography_March072024_-285-1-uai-1024x768.jpg\" width=\"1024\" height=\"768\" alt=\"man gekleed in smoking die goocheltrucs voor gasten presenteerd\" title=\"\"><\/a><\/div>\n\t\t\t\t\t<\/div>\n\t\t\t\t<\/div><\/div><\/div><div class=\"tmb tmb-iso-w4 tmb-iso-h4 img-round img-round-lg tmb-dark tmb-overlay-text-anim tmb-overlay-anim tmb-overlay-middle tmb-overlay-text-left tmb-image-anim tmb-id-68363  tmb-img-ratio tmb-media-first tmb-media-last tmb-content-overlay tmb-no-bg tmb-lightbox\" ><div class=\"t-inside no-anim\" ><div class=\"t-entry-visual\"><div class=\"t-entry-visual-tc\"><div class=\"t-entry-visual-cont\"><div class=\"dummy\" style=\"padding-top: 75%;\"><\/div><a href=\"https:\/\/royalcasinocompany.nl\/wp-content\/uploads\/2024\/05\/SME_238712819_032.jpg\" class=\"pushed\" data-active=\"1\" data-lbox=\"ilightbox_gallery-171214\" data-options=\"width:1920,height:1280,thumbnail: &#039;https:\/\/royalcasinocompany.nl\/wp-content\/uploads\/2024\/05\/SME_238712819_032-300x200.jpg&#039;\" data-lb-index=\"3\"><div class=\"t-entry-visual-overlay\"><div class=\"t-entry-visual-overlay-in style-light-bg\" style=\"opacity: 0.01;\"><\/div><\/div><img decoding=\"async\" class=\"wp-image-68363\" src=\"https:\/\/royalcasinocompany.nl\/wp-content\/uploads\/2024\/05\/SME_238712819_032-uai-1706x1280.jpg\" width=\"1706\" height=\"1280\" alt=\"- Royal Casino Company\" title=\"\"><\/a><\/div>\n\t\t\t\t\t<\/div>\n\t\t\t\t<\/div><\/div><\/div><div class=\"tmb tmb-iso-w4 tmb-iso-h4 img-round img-round-lg tmb-dark tmb-overlay-text-anim tmb-overlay-anim tmb-overlay-middle tmb-overlay-text-left tmb-image-anim tmb-id-68162  tmb-img-ratio tmb-media-first tmb-media-last tmb-content-overlay tmb-no-bg tmb-lightbox\" ><div class=\"t-inside no-anim\" ><div class=\"t-entry-visual\"><div class=\"t-entry-visual-tc\"><div class=\"t-entry-visual-cont\"><div class=\"dummy\" style=\"padding-top: 75%;\"><\/div><a href=\"https:\/\/royalcasinocompany.nl\/wp-content\/uploads\/2024\/05\/OGER_CasinoRoyaleAntwerp2024_\u00a9RachelEcclestonePhotography_March072024_-286.jpg\" class=\"pushed\" data-active=\"1\" data-lbox=\"ilightbox_gallery-171214\" data-options=\"width:1024,height:791,thumbnail: &#039;https:\/\/royalcasinocompany.nl\/wp-content\/uploads\/2024\/05\/OGER_CasinoRoyaleAntwerp2024_\u00a9RachelEcclestonePhotography_March072024_-286-300x232.jpg&#039;\" data-lb-index=\"4\"><div class=\"t-entry-visual-overlay\"><div class=\"t-entry-visual-overlay-in style-light-bg\" style=\"opacity: 0.01;\"><\/div><\/div><img decoding=\"async\" class=\"wp-image-68162\" src=\"https:\/\/royalcasinocompany.nl\/wp-content\/uploads\/2024\/05\/OGER_CasinoRoyaleAntwerp2024_\u00a9RachelEcclestonePhotography_March072024_-286-uai-1024x768.jpg\" width=\"1024\" height=\"768\" alt=\"man gekleed in smoking die goocheltrucs voor gasten presenteerd\" title=\"\"><\/a><\/div>\n\t\t\t\t\t<\/div>\n\t\t\t\t<\/div><\/div><\/div><div class=\"tmb tmb-iso-w4 tmb-iso-h4 img-round img-round-lg tmb-dark tmb-overlay-text-anim tmb-overlay-anim tmb-overlay-middle tmb-overlay-text-left tmb-image-anim tmb-id-68365  tmb-img-ratio tmb-media-first tmb-media-last tmb-content-overlay tmb-no-bg tmb-lightbox\" ><div class=\"t-inside no-anim\" ><div class=\"t-entry-visual\"><div class=\"t-entry-visual-tc\"><div class=\"t-entry-visual-cont\"><div class=\"dummy\" style=\"padding-top: 75%;\"><\/div><a href=\"https:\/\/royalcasinocompany.nl\/wp-content\/uploads\/2024\/05\/Casino-dames-en-goochelaar-Royal-Casino-Company.jpg\" class=\"pushed\" data-active=\"1\" data-lbox=\"ilightbox_gallery-171214\" data-options=\"width:1200,height:1600,thumbnail: &#039;https:\/\/royalcasinocompany.nl\/wp-content\/uploads\/2024\/05\/Casino-dames-en-goochelaar-Royal-Casino-Company-225x300.jpg&#039;\" data-lb-index=\"5\"><div class=\"t-entry-visual-overlay\"><div class=\"t-entry-visual-overlay-in style-light-bg\" style=\"opacity: 0.01;\"><\/div><\/div><img decoding=\"async\" class=\"wp-image-68365\" src=\"https:\/\/royalcasinocompany.nl\/wp-content\/uploads\/2024\/05\/Casino-dames-en-goochelaar-Royal-Casino-Company-uai-1200x900.jpg\" width=\"1200\" height=\"900\" alt=\"Casino goochelaar\" title=\"\"><\/a><\/div>\n\t\t\t\t\t<\/div>\n\t\t\t\t<\/div><\/div><\/div>\t\t\t<\/div>\n\t\t\t\t\t<\/div>\n\n\t\n\t\n\t\n<\/div>\n\n<\/div><\/div><\/div><\/div><\/div><\/div><\/div><\/div><\/div><\/div><\/div><\/div><\/div><script id=\"script-row-unique-3\" data-row=\"script-row-unique-3\" type=\"text\/javascript\" class=\"vc_controls\">UNCODE.initRow(document.getElementById(\"row-unique-3\"));<\/script><\/div><\/div><\/div><div data-parent=\"true\" class=\"vc_row row-container boomapps_vcrow\" id=\"row-unique-4\"><div class=\"row limit-width row-parent\"><div class=\"wpb_row row-inner\"><div class=\"wpb_column pos-top pos-center align_left column_parent col-lg-12 boomapps_vccolumn single-internal-gutter\"><div class=\"uncol style-dark\"  ><div class=\"uncoltable\"><div class=\"uncell  boomapps_vccolumn no-block-padding\" ><div class=\"uncont\" ><div class=\"vc_row row-internal row-container boomapps_vcrow\"><div class=\"row row-child\"><div class=\"wpb_row row-inner\"><div class=\"wpb_column pos-top pos-center align_left column_child col-lg-6 boomapps_vccolumn single-internal-gutter\"><div class=\"uncol style-dark\" ><div class=\"uncoltable\"><div class=\"uncell  boomapps_vccolumn no-block-padding\" ><div class=\"uncont\" ><div class=\"vc_custom_heading_wrap\"><div class=\"heading-text el-text\" ><\/p>\n<h3>Pourquoi engager un magicien ?<\/h3>\n<p>\n<\/div><div class=\"clear\"><\/div><\/div><div class=\"uncode_text_column\" ><p>Vous \u00eates \u00e0 la recherche d'un moyen unique de faire passer votre f\u00eate au niveau sup\u00e9rieur ? Alors pensez \u00e0 engager un magicien de casino ! Nos magiciens associent la magie et le myst\u00e8re \u00e0 l'excitation des jeux de casino, garantissant ainsi une exp\u00e9rience inoubliable \u00e0 tous vos invit\u00e9s.<\/p>\n<h4>Ann\u00e9es d'exp\u00e9rience<\/h4>\n<p>Avec des ann\u00e9es d'exp\u00e9rience et une passion pour le divertissement, nos magiciens savent exactement comment surprendre et divertir le public. Qu'il s'agisse de magie rapproch\u00e9e \u00e0 la table de poker ou de tours spectaculaires au cours d'une partie de roulette, le succ\u00e8s de votre f\u00eate est garanti. Faites de votre \u00e9v\u00e9nement un souvenir magique dont vos invit\u00e9s se souviendront longtemps en engageant notre magicien de casino !<\/p>\n<\/div><div class=\"divider-wrapper\"  >\n    <hr class=\"border-accent-color separator-no-padding\"  \/>\n<\/div>\n<\/div><\/div><\/div><\/div><\/div><div class=\"wpb_column pos-middle pos-center align_left column_child col-lg-6 boomapps_vccolumn single-internal-gutter\"><div class=\"uncol style-dark\" ><div class=\"uncoltable\"><div class=\"uncell  boomapps_vccolumn no-block-padding\" ><div class=\"uncont\" ><div class=\"uncode_text_column\" ><\/p>\n<blockquote>\n<p>\"Un magicien ne se contente pas de faire dispara\u00eetre des objets, il suscite aussi l'\u00e9merveillement et le sourire dans le c\u0153ur de son public.<\/p>\n<\/blockquote>\n<p>\n<\/div><\/div><\/div><\/div><\/div><\/div><\/div><\/div><\/div><div class=\"vc_row row-internal row-container boomapps_vcrow\"><div class=\"row row-child\"><div class=\"wpb_row row-inner\"><div class=\"wpb_column pos-middle pos-center align_left column_child col-lg-6 boomapps_vccolumn single-internal-gutter\"><div class=\"uncol style-dark\" ><div class=\"uncoltable\"><div class=\"uncell  boomapps_vccolumn no-block-padding\" ><div class=\"uncont\" ><div class=\"uncode_text_column\" ><\/p>\n<blockquote>\n<p>\"La v\u00e9ritable magie d'un magicien ne r\u00e9side pas dans ses tours, mais dans sa capacit\u00e9 \u00e0 rendre l'impossible possible et \u00e0 emmener son public dans un voyage plein d'\u00e9merveillement et d'amusement.\"<\/p>\n<\/blockquote>\n<p>\n<\/div><\/div><\/div><\/div><\/div><\/div><div class=\"wpb_column pos-top pos-center align_left column_child col-lg-6 boomapps_vccolumn single-internal-gutter\"><div class=\"uncol style-dark\" ><div class=\"uncoltable\"><div class=\"uncell  boomapps_vccolumn no-block-padding\" ><div class=\"uncont\" ><div class=\"vc_custom_heading_wrap\"><div class=\"heading-text el-text\" ><\/p>\n<h3>Avantages d'engager un magicien de casino<\/h3>\n<p>\n<\/div><div class=\"clear\"><\/div><\/div><div class=\"uncode_text_column\" ><p>L'ajout d'un magicien de casino \u00e0 votre f\u00eate offre de nombreux avantages qui feront de votre \u00e9v\u00e9nement un moment inoubliable. L'un des plus grands avantages est la forme unique et fascinante de divertissement qu'un magicien peut offrir.<\/p>\n<h4>Impressionn\u00e9 !<\/h4>\n<p>Les invit\u00e9s sont impressionn\u00e9s non seulement par les tours de magie \u00e9poustouflants, mais aussi par l'interaction et l'attention personnelle qu'un magicien peut apporter. En outre, un magicien de casino cr\u00e9e une atmosph\u00e8re dynamique, o\u00f9 la magie et l'excitation des jeux de casino se combinent pour cr\u00e9er une exp\u00e9rience \u00e0 couper le souffle. Cela se traduit par un niveau plus \u00e9lev\u00e9 d'engagement et d'enthousiasme de la part de vos invit\u00e9s.<\/p>\n<\/div><div class=\"divider-wrapper\"  >\n    <hr class=\"border-accent-color separator-no-padding\"  \/>\n<\/div>\n<\/div><\/div><\/div><\/div><\/div><\/div><\/div><\/div><\/div><\/div><\/div><\/div><\/div><script id=\"script-row-unique-4\" data-row=\"script-row-unique-4\" type=\"text\/javascript\" class=\"vc_controls\">UNCODE.initRow(document.getElementById(\"row-unique-4\"));<\/script><\/div><\/div><\/div>\n<\/div>","protected":false},"excerpt":{"rendered":"CASINO GOOCHELAARPrijs: \u20ac 1.050,- excl. btw Tijd:\u00a0 3 uur table magic Reiskosten: \u20ac 0,45 p\/km + \u20ac 25,- p\/u Kampioen [...]","protected":false},"author":1,"featured_media":68365,"parent":0,"menu_order":0,"comment_status":"closed","ping_status":"closed","template":"","meta":{"footnotes":""},"class_list":["post-57959","page","type-page","status-publish","has-post-thumbnail","hentry","page_category-huren"],"_links":{"self":[{"href":"https:\/\/royalcasinocompany.nl\/fr\/wp-json\/wp\/v2\/pages\/57959","targetHints":{"allow":["GET"]}}],"collection":[{"href":"https:\/\/royalcasinocompany.nl\/fr\/wp-json\/wp\/v2\/pages"}],"about":[{"href":"https:\/\/royalcasinocompany.nl\/fr\/wp-json\/wp\/v2\/types\/page"}],"author":[{"embeddable":true,"href":"https:\/\/royalcasinocompany.nl\/fr\/wp-json\/wp\/v2\/users\/1"}],"replies":[{"embeddable":true,"href":"https:\/\/royalcasinocompany.nl\/fr\/wp-json\/wp\/v2\/comments?post=57959"}],"version-history":[{"count":20,"href":"https:\/\/royalcasinocompany.nl\/fr\/wp-json\/wp\/v2\/pages\/57959\/revisions"}],"predecessor-version":[{"id":70355,"href":"https:\/\/royalcasinocompany.nl\/fr\/wp-json\/wp\/v2\/pages\/57959\/revisions\/70355"}],"wp:featuredmedia":[{"embeddable":true,"href":"https:\/\/royalcasinocompany.nl\/fr\/wp-json\/wp\/v2\/media\/68365"}],"wp:attachment":[{"href":"https:\/\/royalcasinocompany.nl\/fr\/wp-json\/wp\/v2\/media?parent=57959"}],"curies":[{"name":"wp","href":"https:\/\/api.w.org\/{rel}","templated":true}]}}