{"id":58570,"date":"2025-06-25T19:00:22","date_gmt":"2025-06-25T17:00:22","guid":{"rendered":"http:\/\/royalcasinocompany.nl\/?page_id=58570"},"modified":"2025-06-25T20:01:28","modified_gmt":"2025-06-25T18:01:28","slug":"casino-huren-in-amsterdam","status":"publish","type":"page","link":"https:\/\/royalcasinocompany.nl\/fr\/casino-huren-in-amsterdam\/","title":{"rendered":"Location de casinos \u00e0 Amsterdam"},"content":{"rendered":"<div class=\"wpb-content-wrapper\"><div data-parent=\"true\" class=\"vc_row row-container boomapps_vcrow\" id=\"row-unique-0\"><div class=\"row limit-width row-parent\"><div class=\"wpb_row row-inner\"><div class=\"wpb_column pos-top pos-center align_left column_parent col-lg-12 boomapps_vccolumn single-internal-gutter\"><div class=\"uncol style-dark\"  ><div class=\"uncoltable\"><div class=\"uncell  boomapps_vccolumn no-block-padding\" ><div class=\"uncont\" ><div class=\"vc_row row-internal row-container boomapps_vcrow\"><div class=\"row row-child\"><div class=\"wpb_row row-inner\"><div class=\"wpb_column pos-top pos-center align_center column_child col-lg-12 boomapps_vccolumn single-internal-gutter\"><div class=\"uncol style-dark font-134980\" ><div class=\"uncoltable\"><div class=\"uncell  boomapps_vccolumn no-block-padding\" ><div class=\"uncont\" style=\" max-width:696px;\" ><div class=\"vc_custom_heading_wrap\"><div class=\"heading-text el-text\" ><\/p>\n<h1>Louer un casino \u00e0 Amsterdam ?<\/h1>\n<p>\n<hr class=\"separator-break separator-accent\" \/><\/div><div class=\"clear\"><\/div><\/div><\/div><\/div><\/div><\/div><\/div><\/div><\/div><\/div><\/div><\/div><\/div><\/div><\/div><script id=\"script-row-unique-0\" data-row=\"script-row-unique-0\" type=\"text\/javascript\" class=\"vc_controls\">UNCODE.initRow(document.getElementById(\"row-unique-0\"));<\/script><\/div><\/div><\/div><div data-parent=\"true\" class=\"vc_row row-container boomapps_vcrow\" id=\"row-unique-1\"><div class=\"row limit-width row-parent\"><div class=\"wpb_row row-inner\"><div class=\"wpb_column pos-top pos-center align_left column_parent col-lg-6 boomapps_vccolumn single-internal-gutter\"><div class=\"uncol style-dark\"  ><div class=\"uncoltable\"><div class=\"uncell  boomapps_vccolumn no-block-padding\" ><div class=\"uncont\" ><div class=\"uncode_text_column\" ><\/p>\n<h2>Louer son propre casino ?<\/h2>\n<p>Location de casinos \u00e0 Amsterdam ? Royal Casino Company loue des tables de casino luxueuses et professionnelles \u00e0 Amsterdam et dans les environs. Vous pouvez louer un casino chez nous pour un <a href=\"http:\/\/royalcasinocompany.nl\/fr\/prijzen\/\">prix abordable<\/a> et d'une qualit\u00e9 exceptionnelle. Profitez d'une soir\u00e9e fantastique o\u00f9 vos invit\u00e9s n'ont rien \u00e0 perdre, car chez nous, il n'est pas question de jouer pour de l'argent r\u00e9el. C'est pourquoi notre concept de casino est unique et amusant \u00e0 tout moment. <a href=\"https:\/\/royalcasinocompany.nl\/fr\/impressie-per-gelegenheid\/\">opportunit\u00e9<\/a>.<\/p>\n<h3>Location de casinos professionnels<\/h3>\n<p>Vous organisez une f\u00eate \u00e0 Amsterdam ou dans les environs et vous recherchez une entreprise de location professionnelle ? Nous fournissons des tables de casino et des d\u00e9corations \u00e0 Amsterdam et dans les environs, pour toutes les occasions. Des f\u00eates priv\u00e9es intimes aux grands galas d'entreprise, nous fournissons des tables de casino et des d\u00e9corations \u00e0 Amsterdam et dans ses environs, pour toutes les occasions. <a href=\"http:\/\/www.dreambar.nl\" target=\"_blank\" rel=\"noopener\">divertissement<\/a> au niveau. En plus de nos tables de casino, nous disposons \u00e9galement de magnifiques d\u00e9corations de casino pour habiller compl\u00e8tement votre salle.<\/p>\n<h3>Location de tables de casino de luxe<\/h3>\n<p>Que recherchez-vous ? Consultez nos nombreuses options :<\/p>\n<ul>\n<li><a href=\"https:\/\/royalcasinocompany.nl\/fr\/roulette-tafel-huren\/\">Tables de roulette<\/a><\/li>\n<li><a href=\"https:\/\/royalcasinocompany.nl\/fr\/blackjack-tafel-huren\/\">Tables de blackjack<\/a><\/li>\n<li><a href=\"https:\/\/royalcasinocompany.nl\/fr\/poker-tafel-huren\/\">Tables de poker<\/a><\/li>\n<li><a href=\"https:\/\/royalcasinocompany.nl\/fr\/prijzen\/\">D\u00e9couvrez nos autres jeux de casino<\/a><\/li>\n<\/ul>\n<p>\n<\/div><\/div><\/div><\/div><\/div><\/div><div class=\"wpb_column pos-top pos-center align_left column_parent col-lg-6 boomapps_vccolumn single-internal-gutter\"><div class=\"uncol style-dark\"  ><div class=\"uncoltable\"><div class=\"uncell  boomapps_vccolumn no-block-padding\" ><div class=\"uncont\" ><div class=\"uncode_text_column\" ><\/p>\n<h2>Pourquoi louer des tables de casino aupr\u00e8s de Royal Casino Company ?<\/h2>\n<ul>\n<li>Tables de casino grand format (les seules sur le march\u00e9)<\/li>\n<li>Tables de casino du vrai casino<\/li>\n<li>Grandes roulettes originales (\u00d8 82cm)<\/li>\n<li>Porte-gobelets dans les tables du casino<\/li>\n<li>Bordures en cuir de luxe autour des tables de casino<\/li>\n<li>Le plus grand choix de tables de casino<\/li>\n<li>Des croupiers amusants et spontan\u00e9s<\/li>\n<\/ul>\n<p>\n<\/div><span class=\"btn-container\" ><a role=\"button\"  href=\"https:\/\/royalcasinocompany.nl\/fr\/offerteformulier\/\" class=\"custom-link btn border-width-0 btn-accent btn-outline btn-icon-left\">DEMANDER UN DEVIS SANS ENGAGEMENT<\/a><\/span><div class=\"uncode-single-media  text-left\"><div class=\"single-wrapper\" style=\"max-width: 100%;\"><div class=\"tmb tmb-light  tmb-img-ratio tmb-media-first tmb-media-last tmb-content-overlay tmb-no-bg\"><div class=\"t-inside\"><div class=\"t-entry-visual\"><div class=\"t-entry-visual-tc\"><div class=\"uncode-single-media-wrapper\"><div class=\"dummy\" style=\"padding-top: 75%;\"><\/div><img decoding=\"async\" class=\"wp-image-67042\" src=\"https:\/\/royalcasinocompany.nl\/wp-content\/uploads\/2024\/02\/WhatsApp-Image-2024-02-16-at-13.21.45-uai-2048x1536.jpeg\" width=\"2048\" height=\"1536\" alt=\"- Royal Casino Company\" title=\"\"><\/div>\n\t\t\t\t\t<\/div>\n\t\t\t\t<\/div><\/div><\/div><\/div><\/div><\/div><\/div><\/div><\/div><\/div><script id=\"script-row-unique-1\" data-row=\"script-row-unique-1\" type=\"text\/javascript\" class=\"vc_controls\">UNCODE.initRow(document.getElementById(\"row-unique-1\"));<\/script><\/div><\/div><\/div><div data-parent=\"true\" class=\"vc_row row-container boomapps_vcrow\" id=\"row-unique-2\"><div class=\"row limit-width row-parent\"><div class=\"wpb_row row-inner\"><div class=\"wpb_column pos-top pos-center align_left column_parent col-lg-12 boomapps_vccolumn single-internal-gutter\"><div class=\"uncol style-dark\"  ><div class=\"uncoltable\"><div class=\"uncell  boomapps_vccolumn no-block-padding\" ><div class=\"uncont\" ><div class=\"vc_row row-internal row-container boomapps_vcrow\"><div class=\"row row-child\"><div class=\"wpb_row row-inner\"><div class=\"wpb_column pos-top pos-center align_center column_child col-lg-12 boomapps_vccolumn single-internal-gutter\"><div class=\"uncol style-dark\" ><div class=\"uncoltable\"><div class=\"uncell  boomapps_vccolumn no-block-padding\" ><div class=\"uncont\" style=\" max-width:75%;\" ><div class=\"divider-wrapper\"  >\n    <hr class=\"border-accent-color separator-no-padding\"  \/>\n<\/div>\n<div class=\"uncode_text_column\" ><\/p>\n<h3>Location de casinos \u00e0 Amsterdam avec croupiers ?<\/h3>\n<p>Pour que vous et vos invit\u00e9s passiez une bonne soir\u00e9e, nous vous proposons notre service de casino avec personnel. Nos \"croupiers\" vous emm\u00e8nent, vous et vos invit\u00e9s, dans l'univers du casino. Leur hospitalit\u00e9, leur amabilit\u00e9 et leur dext\u00e9rit\u00e9 garantissent \u00e0 tous une soir\u00e9e fantastique.<\/p>\n<\/div><div class=\"divider-wrapper\"  >\n    <hr class=\"border-accent-color separator-no-padding\"  \/>\n<\/div>\n<\/div><\/div><\/div><\/div><\/div><\/div><\/div><\/div><\/div><\/div><\/div><\/div><\/div><script id=\"script-row-unique-2\" data-row=\"script-row-unique-2\" type=\"text\/javascript\" class=\"vc_controls\">UNCODE.initRow(document.getElementById(\"row-unique-2\"));<\/script><\/div><\/div><\/div><div data-parent=\"true\" class=\"vc_row row-container boomapps_vcrow\" id=\"row-unique-3\"><div class=\"row limit-width row-parent\"><div class=\"wpb_row row-inner\"><div class=\"wpb_column pos-top pos-center align_left column_parent col-lg-12 boomapps_vccolumn single-internal-gutter\"><div class=\"uncol style-dark\"  ><div class=\"uncoltable\"><div class=\"uncell  boomapps_vccolumn no-block-padding\" ><div class=\"uncont\" ><div class=\"uncode_text_column\" ><\/p>\n<h2 style=\"text-align: center;\">QUELLES TABLES DE CASINO POUVEZ-VOUS LOUER CHEZ NOUS ?<\/h2>\n<p>\n<\/div><div id=\"index-617711\" class=\"isotope-system isotope-general-dark grid-general-dark\" >\n\t\t\t\n\t\t\t\t\t\t\t\t\t\t\t\t\t\t<div class=\"isotope-wrapper grid-wrapper single-gutter\" >\t\t\t\t\t\t\t\t\t\t\t\t<div class=\"isotope-container grid-container isotope-layout style-masonry isotope-pagination grid-pagination\" data-type=\"masonry\" data-layout=\"masonry\" data-lg=\"1000\" data-md=\"600\" data-sm=\"480\" data-vp-height=\"\">\t\t\t<div class=\"tmb atc-typography-inherit tmb-iso-w4 tmb-iso-h4 tmb-dark tmb-overlay-gradient-bottom tmb-text-showed tmb-overlay-showed tmb-overlay-anim tmb-content-center tmb-image-anim  grid-cat-63 tmb-id-56966 tmb-img-ratio tmb-content-under tmb-media-first\" ><div class=\"t-inside style-color-rgdb-bg no-anim\" ><div class=\"t-entry-visual\"><div class=\"t-entry-visual-tc\"><div class=\"t-entry-visual-cont\"><div class=\"dummy\" style=\"padding-top: 75%;\"><\/div><a role=\"button\" tabindex=\"-1\" href=\"https:\/\/royalcasinocompany.nl\/fr\/roulette-tafel-huren\/\" class=\"pushed\" aria-label=\"Location de tables de roulette\"  target=\"_self\" data-lb-index=\"0\"><div class=\"t-entry-visual-overlay\"><div class=\"t-entry-visual-overlay-in style-color-rgdb-bg\" style=\"opacity: 1;\"><\/div><\/div><img decoding=\"async\" class=\"wp-image-67068\" src=\"https:\/\/royalcasinocompany.nl\/wp-content\/uploads\/2024\/02\/IMG_E1424-scaled-uai-2540x1905.jpg\" width=\"2540\" height=\"1905\" alt=\"Roulette tafel huren\" title=\"\"><\/a><\/div>\n\t\t\t\t\t<\/div>\n\t\t\t\t<\/div><div class=\"t-entry-text\">\n\t\t\t\t\t\t\t\t\t<div class=\"t-entry-text-tc single-block-padding\"><div class=\"t-entry\"><h3 class=\"t-entry-title h5 title-scale\"><a href=\"https:\/\/royalcasinocompany.nl\/fr\/roulette-tafel-huren\/\" target=\"_self\">Location de tables de roulette<\/a><\/h3><\/div><\/div>\n\t\t\t\t\t\t\t<\/div><\/div><\/div><div class=\"tmb atc-typography-inherit tmb-iso-w4 tmb-iso-h4 tmb-dark tmb-overlay-gradient-bottom tmb-text-showed tmb-overlay-showed tmb-overlay-anim tmb-content-center tmb-image-anim  grid-cat-63 tmb-id-62817 tmb-img-ratio tmb-content-under tmb-media-first\" ><div class=\"t-inside style-color-rgdb-bg no-anim\" ><div class=\"t-entry-visual\"><div class=\"t-entry-visual-tc\"><div class=\"t-entry-visual-cont\"><div class=\"dummy\" style=\"padding-top: 75.1%;\"><\/div><a role=\"button\" tabindex=\"-1\" href=\"https:\/\/royalcasinocompany.nl\/fr\/blackjack-tafel-huren\/\" class=\"pushed\" aria-label=\"Location de tables de blackjack\"  target=\"_self\" data-lb-index=\"1\"><div class=\"t-entry-visual-overlay\"><div class=\"t-entry-visual-overlay-in style-color-rgdb-bg\" style=\"opacity: 1;\"><\/div><\/div><img decoding=\"async\" class=\"wp-image-65631\" src=\"https:\/\/royalcasinocompany.nl\/wp-content\/uploads\/2023\/05\/74-Paul50\u00a9HERMANCEVANDIJK-1-uai-910x683.jpg\" width=\"910\" height=\"683\" alt=\"Blackjack tafel huren\" title=\"\"><\/a><\/div>\n\t\t\t\t\t<\/div>\n\t\t\t\t<\/div><div class=\"t-entry-text\">\n\t\t\t\t\t\t\t\t\t<div class=\"t-entry-text-tc single-block-padding\"><div class=\"t-entry\"><h3 class=\"t-entry-title h5 title-scale\"><a href=\"https:\/\/royalcasinocompany.nl\/fr\/blackjack-tafel-huren\/\" target=\"_self\">Location de tables de blackjack<\/a><\/h3><\/div><\/div>\n\t\t\t\t\t\t\t<\/div><\/div><\/div><div class=\"tmb atc-typography-inherit tmb-iso-w4 tmb-iso-h4 tmb-dark tmb-overlay-gradient-bottom tmb-text-showed tmb-overlay-showed tmb-overlay-anim tmb-content-center tmb-image-anim  grid-cat-63 tmb-id-62826 tmb-img-ratio tmb-content-under tmb-media-first\" ><div class=\"t-inside style-color-rgdb-bg no-anim\" ><div class=\"t-entry-visual\"><div class=\"t-entry-visual-tc\"><div class=\"t-entry-visual-cont\"><div class=\"dummy\" style=\"padding-top: 75%;\"><\/div><a role=\"button\" tabindex=\"-1\" href=\"https:\/\/royalcasinocompany.nl\/fr\/poker-tafel-huren\/\" class=\"pushed\" aria-label=\"Location de tables de poker\"  target=\"_self\" data-lb-index=\"2\"><div class=\"t-entry-visual-overlay\"><div class=\"t-entry-visual-overlay-in style-color-rgdb-bg\" style=\"opacity: 1;\"><\/div><\/div><img decoding=\"async\" class=\"wp-image-65729\" src=\"https:\/\/royalcasinocompany.nl\/wp-content\/uploads\/2023\/05\/Royal-Casino-Company-Ici-Paris-party-06-uai-873x655.jpg\" width=\"873\" height=\"655\" alt=\"Poker tafel huren\" title=\"\"><\/a><\/div>\n\t\t\t\t\t<\/div>\n\t\t\t\t<\/div><div class=\"t-entry-text\">\n\t\t\t\t\t\t\t\t\t<div class=\"t-entry-text-tc single-block-padding\"><div class=\"t-entry\"><h3 class=\"t-entry-title h5 title-scale\"><a href=\"https:\/\/royalcasinocompany.nl\/fr\/poker-tafel-huren\/\" target=\"_self\">Location de tables de poker<\/a><\/h3><\/div><\/div>\n\t\t\t\t\t\t\t<\/div><\/div><\/div><div class=\"tmb atc-typography-inherit tmb-iso-w4 tmb-iso-h4 tmb-dark tmb-overlay-gradient-bottom tmb-text-showed tmb-overlay-showed tmb-overlay-anim tmb-content-center tmb-image-anim  grid-cat-63 tmb-id-62837 tmb-img-ratio tmb-content-under tmb-media-first\" ><div class=\"t-inside style-color-rgdb-bg no-anim\" ><div class=\"t-entry-visual\"><div class=\"t-entry-visual-tc\"><div class=\"t-entry-visual-cont\"><div class=\"dummy\" style=\"padding-top: 75%;\"><\/div><a role=\"button\" tabindex=\"-1\" href=\"https:\/\/royalcasinocompany.nl\/fr\/chuck-a-luck-tafel-huren\/\" class=\"pushed\" aria-label=\"Location de tables de casino Chuck a Luck pour une f\u00eate d&#039;entreprise\"  target=\"_self\" data-lb-index=\"3\"><div class=\"t-entry-visual-overlay\"><div class=\"t-entry-visual-overlay-in style-color-rgdb-bg\" style=\"opacity: 1;\"><\/div><\/div><img decoding=\"async\" class=\"wp-image-67946\" src=\"https:\/\/royalcasinocompany.nl\/wp-content\/uploads\/2024\/03\/WhatsApp-Image-2024-03-13-at-17.51.15-uai-1421x1066.jpeg\" width=\"1421\" height=\"1066\" alt=\"Chuck a Luck casinotafel huren voor bedrijfsfeest\" title=\"\"><\/a><\/div>\n\t\t\t\t\t<\/div>\n\t\t\t\t<\/div><div class=\"t-entry-text\">\n\t\t\t\t\t\t\t\t\t<div class=\"t-entry-text-tc single-block-padding\"><div class=\"t-entry\"><h3 class=\"t-entry-title h5 title-scale\"><a href=\"https:\/\/royalcasinocompany.nl\/fr\/chuck-a-luck-tafel-huren\/\" target=\"_self\">Location de tables Chuck \u00e1 Luck<\/a><\/h3><\/div><\/div>\n\t\t\t\t\t\t\t<\/div><\/div><\/div><div class=\"tmb atc-typography-inherit tmb-iso-w4 tmb-iso-h4 tmb-dark tmb-overlay-gradient-bottom tmb-text-showed tmb-overlay-showed tmb-overlay-anim tmb-content-center tmb-image-anim  grid-cat-63 tmb-id-62843 tmb-img-ratio tmb-content-under tmb-media-first\" ><div class=\"t-inside style-color-rgdb-bg no-anim\" ><div class=\"t-entry-visual\"><div class=\"t-entry-visual-tc\"><div class=\"t-entry-visual-cont\"><div class=\"dummy\" style=\"padding-top: 75%;\"><\/div><a role=\"button\" tabindex=\"-1\" href=\"https:\/\/royalcasinocompany.nl\/fr\/money-wheel-tafel-huren\/\" class=\"pushed\" aria-label=\"Location de roues d&#039;argent\"  target=\"_self\" data-lb-index=\"4\"><div class=\"t-entry-visual-overlay\"><div class=\"t-entry-visual-overlay-in style-color-rgdb-bg\" style=\"opacity: 1;\"><\/div><\/div><img decoding=\"async\" class=\"wp-image-65674\" src=\"https:\/\/royalcasinocompany.nl\/wp-content\/uploads\/2023\/05\/TQII9811.jpg\" width=\"1599\" height=\"1200\" alt=\"Money wheel huren\" title=\"\" srcset=\"https:\/\/royalcasinocompany.nl\/wp-content\/uploads\/2023\/05\/TQII9811.jpg 1599w, https:\/\/royalcasinocompany.nl\/wp-content\/uploads\/2023\/05\/TQII9811-300x225.jpg 300w, https:\/\/royalcasinocompany.nl\/wp-content\/uploads\/2023\/05\/TQII9811-1024x768.jpg 1024w, https:\/\/royalcasinocompany.nl\/wp-content\/uploads\/2023\/05\/TQII9811-768x576.jpg 768w, https:\/\/royalcasinocompany.nl\/wp-content\/uploads\/2023\/05\/TQII9811-1536x1153.jpg 1536w, https:\/\/royalcasinocompany.nl\/wp-content\/uploads\/2023\/05\/TQII9811-350x263.jpg 350w\" sizes=\"(max-width: 1599px) 100vw, 1599px\"><\/a><\/div>\n\t\t\t\t\t<\/div>\n\t\t\t\t<\/div><div class=\"t-entry-text\">\n\t\t\t\t\t\t\t\t\t<div class=\"t-entry-text-tc single-block-padding\"><div class=\"t-entry\"><h3 class=\"t-entry-title h5 title-scale\"><a href=\"https:\/\/royalcasinocompany.nl\/fr\/money-wheel-tafel-huren\/\" target=\"_self\">Location de tables \u00e0 roulettes<\/a><\/h3><\/div><\/div>\n\t\t\t\t\t\t\t<\/div><\/div><\/div><div class=\"tmb atc-typography-inherit tmb-iso-w4 tmb-iso-h4 tmb-dark tmb-overlay-gradient-bottom tmb-text-showed tmb-overlay-showed tmb-overlay-anim tmb-content-center tmb-image-anim  grid-cat-63 tmb-id-62867 tmb-img-ratio tmb-content-under tmb-media-first\" ><div class=\"t-inside style-color-rgdb-bg no-anim\" ><div class=\"t-entry-visual\"><div class=\"t-entry-visual-tc\"><div class=\"t-entry-visual-cont\"><div class=\"dummy\" style=\"padding-top: 75%;\"><\/div><a role=\"button\" tabindex=\"-1\" href=\"https:\/\/royalcasinocompany.nl\/fr\/craps-tafel-huren\/\" class=\"pushed\" aria-label=\"Location d&#039;une table de casino pour une f\u00eate d&#039;entreprise\"  target=\"_self\" data-lb-index=\"5\"><div class=\"t-entry-visual-overlay\"><div class=\"t-entry-visual-overlay-in style-color-rgdb-bg\" style=\"opacity: 1;\"><\/div><\/div><img decoding=\"async\" class=\"wp-image-67929\" src=\"https:\/\/royalcasinocompany.nl\/wp-content\/uploads\/2024\/03\/WhatsApp-Image-2024-03-13-at-17.51.13-uai-1434x1076.jpeg\" width=\"1434\" height=\"1076\" alt=\"Craps casinotafel huren voor bedrijfsfeest\" title=\"\"><\/a><\/div>\n\t\t\t\t\t<\/div>\n\t\t\t\t<\/div><div class=\"t-entry-text\">\n\t\t\t\t\t\t\t\t\t<div class=\"t-entry-text-tc single-block-padding\"><div class=\"t-entry\"><h3 class=\"t-entry-title h5 title-scale\"><a href=\"https:\/\/royalcasinocompany.nl\/fr\/craps-tafel-huren\/\" target=\"_self\">Location de tables de craps<\/a><\/h3><\/div><\/div>\n\t\t\t\t\t\t\t<\/div><\/div><\/div><div class=\"tmb atc-typography-inherit tmb-iso-w4 tmb-iso-h4 tmb-dark tmb-overlay-gradient-bottom tmb-text-showed tmb-overlay-showed tmb-overlay-anim tmb-content-center tmb-image-anim  grid-cat-63 tmb-id-62874 tmb-img-ratio tmb-content-under tmb-media-first\" ><div class=\"t-inside style-color-rgdb-bg no-anim\" ><div class=\"t-entry-visual\"><div class=\"t-entry-visual-tc\"><div class=\"t-entry-visual-cont\"><div class=\"dummy\" style=\"padding-top: 75%;\"><\/div><a role=\"button\" tabindex=\"-1\" href=\"https:\/\/royalcasinocompany.nl\/fr\/franse-roulette-tafel-huren\/\" class=\"pushed\" aria-label=\"Location d&#039;une table de roulette fran\u00e7aise\"  target=\"_self\" data-lb-index=\"6\"><div class=\"t-entry-visual-overlay\"><div class=\"t-entry-visual-overlay-in style-color-rgdb-bg\" style=\"opacity: 1;\"><\/div><\/div><img decoding=\"async\" class=\"wp-image-67159\" src=\"https:\/\/royalcasinocompany.nl\/wp-content\/uploads\/2024\/02\/IMG_2234-scaled.jpg\" width=\"2560\" height=\"1920\" alt=\"Franse roulette tafel huren\" title=\"\" srcset=\"https:\/\/royalcasinocompany.nl\/wp-content\/uploads\/2024\/02\/IMG_2234-scaled.jpg 2560w, https:\/\/royalcasinocompany.nl\/wp-content\/uploads\/2024\/02\/IMG_2234-300x225.jpg 300w, https:\/\/royalcasinocompany.nl\/wp-content\/uploads\/2024\/02\/IMG_2234-1024x768.jpg 1024w, https:\/\/royalcasinocompany.nl\/wp-content\/uploads\/2024\/02\/IMG_2234-768x576.jpg 768w, https:\/\/royalcasinocompany.nl\/wp-content\/uploads\/2024\/02\/IMG_2234-1536x1152.jpg 1536w, https:\/\/royalcasinocompany.nl\/wp-content\/uploads\/2024\/02\/IMG_2234-2048x1536.jpg 2048w, https:\/\/royalcasinocompany.nl\/wp-content\/uploads\/2024\/02\/IMG_2234-350x263.jpg 350w\" sizes=\"(max-width: 2560px) 100vw, 2560px\"><\/a><\/div>\n\t\t\t\t\t<\/div>\n\t\t\t\t<\/div><div class=\"t-entry-text\">\n\t\t\t\t\t\t\t\t\t<div class=\"t-entry-text-tc single-block-padding\"><div class=\"t-entry\"><h3 class=\"t-entry-title h5 title-scale\"><a href=\"https:\/\/royalcasinocompany.nl\/fr\/franse-roulette-tafel-huren\/\" target=\"_self\">Location d'une table de roulette fran\u00e7aise<\/a><\/h3><\/div><\/div>\n\t\t\t\t\t\t\t<\/div><\/div><\/div><div class=\"tmb atc-typography-inherit tmb-iso-w4 tmb-iso-h4 tmb-dark tmb-overlay-gradient-bottom tmb-text-showed tmb-overlay-showed tmb-overlay-anim tmb-content-center tmb-image-anim  grid-cat-63 tmb-id-65764 tmb-img-ratio tmb-content-under tmb-media-first\" ><div class=\"t-inside style-color-rgdb-bg no-anim\" ><div class=\"t-entry-visual\"><div class=\"t-entry-visual-tc\"><div class=\"t-entry-visual-cont\"><div class=\"dummy\" style=\"padding-top: 75%;\"><\/div><a role=\"button\" tabindex=\"-1\" href=\"https:\/\/royalcasinocompany.nl\/fr\/xl-dubbele-roulette-tafel-huren\/\" class=\"pushed\" aria-label=\"Location de roulette XL Double\"  target=\"_self\" data-lb-index=\"7\"><div class=\"t-entry-visual-overlay\"><div class=\"t-entry-visual-overlay-in style-color-rgdb-bg\" style=\"opacity: 1;\"><\/div><\/div><img decoding=\"async\" class=\"wp-image-67917\" src=\"https:\/\/royalcasinocompany.nl\/wp-content\/uploads\/2024\/03\/WhatsApp-Image-2024-03-13-at-17.27.16-uai-1372x1029.jpeg\" width=\"1372\" height=\"1029\" alt=\"XL Dubbele roulette huren\" title=\"\"><\/a><\/div>\n\t\t\t\t\t<\/div>\n\t\t\t\t<\/div><div class=\"t-entry-text\">\n\t\t\t\t\t\t\t\t\t<div class=\"t-entry-text-tc single-block-padding\"><div class=\"t-entry\"><h3 class=\"t-entry-title h5 title-scale\"><a href=\"https:\/\/royalcasinocompany.nl\/fr\/xl-dubbele-roulette-tafel-huren\/\" target=\"_self\">Location d'une table de roulette double XL<\/a><\/h3><\/div><\/div>\n\t\t\t\t\t\t\t<\/div><\/div><\/div>\t\t<\/div>\t\n\t\n\n\t<\/div>\t\t\t\t<\/div>\n<div class=\"empty-space empty-single\" ><span class=\"empty-space-inner\"><\/span><\/div>\n<div class=\"divider-wrapper\"  >\n    <hr class=\"border-accent-color separator-no-padding\"  \/>\n<\/div>\n<div class=\"vc_row row-internal row-container boomapps_vcrow\"><div class=\"row row-child\"><div class=\"wpb_row row-inner\"><div class=\"wpb_column pos-top pos-center align_left column_child col-lg-8 boomapps_vccolumn single-internal-gutter\"><div class=\"uncol style-dark\" ><div class=\"uncoltable\"><div class=\"uncell  boomapps_vccolumn no-block-padding\" ><div class=\"uncont\" ><div class=\"uncode_text_column\" ><\/p>\n<blockquote>\n<p>Les agences et les lieux d'\u00e9v\u00e9nements b\u00e9n\u00e9ficient d'une r\u00e9duction pour la m\u00e9diation !<\/p>\n<\/blockquote>\n<p>Co\u00fbts suppl\u00e9mentaires :<\/p>\n<ul>\n<li>Frais de transport \u00e0 0,65 \u20ac par kilom\u00e8tre<\/li>\n<li>Temps de jeu suppl\u00e9mentaire \u00e0 60 \u20ac par heure et par console, croupier compris.<\/li>\n<li>En louant une table de casino, vous payez le prix de deux tables de jeu.<\/li>\n<li>Un suppl\u00e9ment de 50 \u20ac par heure s'applique pour les heures de jeu apr\u00e8s 00h30.<\/li>\n<li>Pour les emplacements autres que le rez-de-chauss\u00e9e, nous facturons un suppl\u00e9ment 10%.<\/li>\n<li>Temps de transition entre l'installation et l'ouverture du casino : 50 euros par heure et par croupier.<\/li>\n<li>Les jours f\u00e9ri\u00e9s font l'objet d'un tarif de location diff\u00e9rent, veuillez vous renseigner sur les frais suppl\u00e9mentaires.<\/li>\n<\/ul>\n<p>\n<\/div><div class=\"uncode_text_column\" ><p>*Tous les prix indiqu\u00e9s sont hors TVA 21%<\/p>\n<\/div><\/div><\/div><\/div><\/div><\/div><div class=\"wpb_column pos-top pos-center align_left column_child col-lg-4 boomapps_vccolumn single-internal-gutter\"><div class=\"uncol style-dark\" ><div class=\"uncoltable\"><div class=\"uncell  boomapps_vccolumn no-block-padding\" ><div class=\"uncont\" ><div class=\"uncode-single-media  text-left\"><div class=\"single-wrapper\" style=\"max-width: 100%;\"><div class=\"tmb tmb-light  tmb-img-ratio tmb-media-first tmb-media-last tmb-content-overlay tmb-no-bg\"><div class=\"t-inside\"><div class=\"t-entry-visual\"><div class=\"t-entry-visual-tc\"><div class=\"uncode-single-media-wrapper\"><div class=\"dummy\" style=\"padding-top: 75%;\"><\/div><img decoding=\"async\" class=\"wp-image-67052\" src=\"https:\/\/royalcasinocompany.nl\/wp-content\/uploads\/2024\/02\/SME_238712819_053-1-uai-1706x1280.jpg\" width=\"1706\" height=\"1280\" alt=\"Casino avond voor een bedrijfsfeest met casinotafels, casino dames en een goochelaar\" title=\"\"><\/div>\n\t\t\t\t\t<\/div>\n\t\t\t\t<\/div><\/div><\/div><\/div><\/div><\/div><\/div><\/div><\/div><\/div><\/div><\/div><\/div><\/div><\/div><\/div><\/div><\/div><script id=\"script-row-unique-3\" data-row=\"script-row-unique-3\" type=\"text\/javascript\" class=\"vc_controls\">UNCODE.initRow(document.getElementById(\"row-unique-3\"));<\/script><\/div><\/div><\/div>\n<\/div>","protected":false},"excerpt":{"rendered":"Home XL DUBBELE ROULETTE TAFEL HUREN? Roulette is een van de meest iconische en populaire casinospellen ter wereld. Het spel [...]","protected":false},"author":1,"featured_media":69046,"parent":0,"menu_order":0,"comment_status":"closed","ping_status":"closed","template":"","meta":{"footnotes":""},"class_list":["post-58570","page","type-page","status-publish","has-post-thumbnail","hentry","page_category-casino-huren-nederland","page_category-huren"],"_links":{"self":[{"href":"https:\/\/royalcasinocompany.nl\/fr\/wp-json\/wp\/v2\/pages\/58570","targetHints":{"allow":["GET"]}}],"collection":[{"href":"https:\/\/royalcasinocompany.nl\/fr\/wp-json\/wp\/v2\/pages"}],"about":[{"href":"https:\/\/royalcasinocompany.nl\/fr\/wp-json\/wp\/v2\/types\/page"}],"author":[{"embeddable":true,"href":"https:\/\/royalcasinocompany.nl\/fr\/wp-json\/wp\/v2\/users\/1"}],"replies":[{"embeddable":true,"href":"https:\/\/royalcasinocompany.nl\/fr\/wp-json\/wp\/v2\/comments?post=58570"}],"version-history":[{"count":20,"href":"https:\/\/royalcasinocompany.nl\/fr\/wp-json\/wp\/v2\/pages\/58570\/revisions"}],"predecessor-version":[{"id":69204,"href":"https:\/\/royalcasinocompany.nl\/fr\/wp-json\/wp\/v2\/pages\/58570\/revisions\/69204"}],"wp:featuredmedia":[{"embeddable":true,"href":"https:\/\/royalcasinocompany.nl\/fr\/wp-json\/wp\/v2\/media\/69046"}],"wp:attachment":[{"href":"https:\/\/royalcasinocompany.nl\/fr\/wp-json\/wp\/v2\/media?parent=58570"}],"curies":[{"name":"wp","href":"https:\/\/api.w.org\/{rel}","templated":true}]}}