{"id":58715,"date":"2018-05-21T12:03:09","date_gmt":"2018-05-21T12:03:09","guid":{"rendered":"http:\/\/royalcasinocompany.nl\/?page_id=58715"},"modified":"2025-06-16T11:40:28","modified_gmt":"2025-06-16T09:40:28","slug":"v-g-privacy-policy","status":"publish","type":"page","link":"https:\/\/royalcasinocompany.nl\/fr\/v-g-privacy-policy\/","title":{"rendered":"Politique de confidentialit\u00e9 d'A.V.G."},"content":{"rendered":"<div class=\"wpb-content-wrapper\"><div data-parent=\"true\" class=\"vc_row row-container boomapps_vcrow\" id=\"row-unique-0\"><div class=\"row limit-width row-parent\"><div class=\"wpb_row row-inner\"><div class=\"wpb_column pos-top pos-center align_left column_parent col-lg-12 boomapps_vccolumn single-internal-gutter\"><div class=\"uncol style-dark\"  ><div class=\"uncoltable\"><div class=\"uncell  boomapps_vccolumn no-block-padding\" ><div class=\"uncont\" ><div class=\"uncode_text_column\" ><\/p>\n<h1>POLITIQUE DE CONFIDENTIALIT\u00c9<\/h1>\n<p>Royal Casino Company s'engage \u00e0 prot\u00e9ger vos donn\u00e9es personnelles. Dans cette politique de confidentialit\u00e9, nous visons \u00e0 fournir des informations claires et transparentes sur la mani\u00e8re dont nous traitons les donn\u00e9es personnelles.<\/p>\n<p>Nous nous engageons \u00e0 respecter votre vie priv\u00e9e et traitons donc les donn\u00e9es personnelles avec soin. Royal Casino Company se conforme dans tous les cas aux lois et r\u00e8glements applicables, y compris le R\u00e8glement g\u00e9n\u00e9ral sur la protection des donn\u00e9es. Cela implique que nous devons au moins :<\/p>\n<ul>\n<li>Traiter vos donn\u00e9es \u00e0 caract\u00e8re personnel conform\u00e9ment \u00e0 la finalit\u00e9 pour laquelle elles ont \u00e9t\u00e9 fournies, ces finalit\u00e9s et types de donn\u00e9es \u00e0 caract\u00e8re personnel \u00e9tant d\u00e9crits dans la pr\u00e9sente politique de protection de la vie priv\u00e9e ;<\/li>\n<li>Le traitement de vos donn\u00e9es personnelles est limit\u00e9 aux donn\u00e9es qui sont minimalement n\u00e9cessaires aux fins pour lesquelles elles sont trait\u00e9es ;<\/li>\n<li>Demander votre consentement explicite si nous en avons besoin pour traiter vos donn\u00e9es \u00e0 caract\u00e8re personnel ;<\/li>\n<li>avoir pris les mesures techniques et organisationnelles appropri\u00e9es pour assurer la s\u00e9curit\u00e9 de vos donn\u00e9es \u00e0 caract\u00e8re personnel ;<\/li>\n<li>Ne pas transmettre les donn\u00e9es \u00e0 caract\u00e8re personnel \u00e0 d'autres parties, \u00e0 moins que cela ne soit n\u00e9cessaire pour atteindre les objectifs pour lesquels elles ont \u00e9t\u00e9 fournies ;<\/li>\n<li>Conna\u00eetre vos droits en mati\u00e8re de donn\u00e9es \u00e0 caract\u00e8re personnel, les faire conna\u00eetre et les respecter.<\/li>\n<\/ul>\n<p>En tant que Royal Casino Company, nous sommes responsables du traitement de vos donn\u00e9es personnelles. Si, apr\u00e8s avoir lu notre politique de confidentialit\u00e9, ou de mani\u00e8re plus g\u00e9n\u00e9rale, vous avez des questions \u00e0 ce sujet ou si vous souhaitez nous contacter, vous pouvez le faire en utilisant les coordonn\u00e9es figurant au bas de ce document.<\/p>\n<h2><strong>LE TRAITEMENT DES DONN\u00c9ES \u00c0 CARACT\u00c8RE PERSONNEL DES CLIENTS OU DES FOURNISSEURS<\/strong><\/h2>\n<p>Les donn\u00e9es personnelles des clients ou des fournisseurs sont trait\u00e9es par la Royal Casino Company aux fins suivantes :<\/p>\n<ul>\n<li>Objectif administratif ;<\/li>\n<li>\u00e0 des fins de marketing interne ;<\/li>\n<li>Traitement des commandes ;<\/li>\n<li>Traitement des affectations.<\/li>\n<\/ul>\n<p>La base de ces donn\u00e9es personnelles est :<\/p>\n<ul>\n<li>L'ordre convenu ;<\/li>\n<\/ul>\n<p>Aux fins susmentionn\u00e9es, la Royal Casino Company peut vous demander de fournir les donn\u00e9es personnelles suivantes :<\/p>\n<ul>\n<li>Pr\u00e9nom et nom<\/li>\n<li>Ins\u00e9rer<\/li>\n<li>Num\u00e9ro de t\u00e9l\u00e9phone<\/li>\n<li>Adresse \u00e9lectronique<\/li>\n<li>Genre<\/li>\n<\/ul>\n<p>Vos donn\u00e9es personnelles seront conserv\u00e9es par la Royal Casino Company pendant la ou les p\u00e9riodes de traitement susmentionn\u00e9es :<\/p>\n<ul>\n<li>Pour la dur\u00e9e de l'accord et ensuite uniquement dans les registres financiers pendant une p\u00e9riode maximale de 7 ans.<\/li>\n<\/ul>\n<h2><strong>CLIENTS<\/strong><\/h2>\n<p>Royal Casino Company ne conserve pas les donn\u00e9es personnelles plus longtemps qu'il n'est n\u00e9cessaire pour atteindre l'objectif pour lequel elles ont \u00e9t\u00e9 fournies ou que la loi ne l'exige.<\/p>\n<h2><strong>S\u00c9CURIT\u00c9<\/strong><\/h2>\n<p>Nous avons pris des mesures techniques et organisationnelles appropri\u00e9es pour prot\u00e9ger les donn\u00e9es \u00e0 caract\u00e8re personnel vous concernant contre tout traitement illicite ;<\/p>\n<ul>\n<li>Nous appliquons une politique de nom d'utilisateur et de mot de passe sur tous nos syst\u00e8mes ;<\/li>\n<li>Nous effectuons des sauvegardes des donn\u00e9es \u00e0 caract\u00e8re personnel afin de les restaurer en cas d'incidents physiques ou techniques ;<\/li>\n<\/ul>\n<h2><strong>DROITS CONCERNANT VOS DONN\u00c9ES<\/strong><\/h2>\n<p>Vous disposez d'un droit d'acc\u00e8s, de rectification ou de suppression des donn\u00e9es personnelles que nous avons re\u00e7ues de votre part. Vous pouvez \u00e9galement vous opposer au traitement de tout ou partie de vos donn\u00e9es \u00e0 caract\u00e8re personnel par nous ou par l'un de nos sous-traitants. Vous avez \u00e9galement le droit de nous demander de transf\u00e9rer les donn\u00e9es que vous avez fournies \u00e0 vous-m\u00eame ou en votre nom directement \u00e0 une autre partie. Il se peut que nous vous demandions de vous identifier avant de pouvoir donner suite aux demandes susmentionn\u00e9es.<\/p>\n<p>Si nous traitons vos donn\u00e9es personnelles sur la base d'un consentement que vous avez donn\u00e9 \u00e0 cet effet, vous avez toujours le droit de retirer ce consentement.<\/p>\n<h2><strong>R\u00c9CLAMATIONS<\/strong><\/h2>\n<p>Si vous avez une r\u00e9clamation concernant le traitement de vos donn\u00e9es personnelles, nous vous demandons de nous contacter directement \u00e0 ce sujet. Si nous ne parvenons pas \u00e0 trouver une solution avec vous, cela nous ennuiera beaucoup. Vous avez toujours le droit d'introduire une plainte aupr\u00e8s de l'Autorit\u00e9 des donn\u00e9es personnelles, l'autorit\u00e9 de contr\u00f4le dans le domaine de la protection de la vie priv\u00e9e.<\/p>\n<h2><strong>QUESTIONS<\/strong><\/h2>\n<p>Si vous avez des questions ou des commentaires concernant notre d\u00e9claration de confidentialit\u00e9, n'h\u00e9sitez pas \u00e0 nous contacter !<\/p>\n<h2><strong>COORDONN\u00c9ES<\/strong><\/h2>\n<p>Royal Casino Company<br \/>\nChemin de c\u00e2ble 1<br \/>\n1271 AN HUIZEN<\/p>\n<\/div><\/div><\/div><\/div><\/div><\/div><script id=\"script-row-unique-0\" data-row=\"script-row-unique-0\" type=\"text\/javascript\" class=\"vc_controls\">UNCODE.initRow(document.getElementById(\"row-unique-0\"));<\/script><\/div><\/div><\/div>\n<\/div>","protected":false},"excerpt":{"rendered":"PRIVACY POLICY Royal Casino Company hecht veel waarde aan de bescherming van uw persoonsgegevens. In deze Privacy policy willen we [...]","protected":false},"author":1,"featured_media":0,"parent":0,"menu_order":0,"comment_status":"closed","ping_status":"closed","template":"","meta":{"footnotes":""},"class_list":["post-58715","page","type-page","status-publish","hentry","page_category-over-ons"],"_links":{"self":[{"href":"https:\/\/royalcasinocompany.nl\/fr\/wp-json\/wp\/v2\/pages\/58715","targetHints":{"allow":["GET"]}}],"collection":[{"href":"https:\/\/royalcasinocompany.nl\/fr\/wp-json\/wp\/v2\/pages"}],"about":[{"href":"https:\/\/royalcasinocompany.nl\/fr\/wp-json\/wp\/v2\/types\/page"}],"author":[{"embeddable":true,"href":"https:\/\/royalcasinocompany.nl\/fr\/wp-json\/wp\/v2\/users\/1"}],"replies":[{"embeddable":true,"href":"https:\/\/royalcasinocompany.nl\/fr\/wp-json\/wp\/v2\/comments?post=58715"}],"version-history":[{"count":5,"href":"https:\/\/royalcasinocompany.nl\/fr\/wp-json\/wp\/v2\/pages\/58715\/revisions"}],"predecessor-version":[{"id":70312,"href":"https:\/\/royalcasinocompany.nl\/fr\/wp-json\/wp\/v2\/pages\/58715\/revisions\/70312"}],"wp:attachment":[{"href":"https:\/\/royalcasinocompany.nl\/fr\/wp-json\/wp\/v2\/media?parent=58715"}],"curies":[{"name":"wp","href":"https:\/\/api.w.org\/{rel}","templated":true}]}}