{"id":60451,"date":"2025-06-24T21:00:30","date_gmt":"2025-06-24T19:00:30","guid":{"rendered":"https:\/\/royalcasinocompany.nl\/?page_id=60451"},"modified":"2025-06-25T18:03:01","modified_gmt":"2025-06-25T16:03:01","slug":"casino-huren-partyboot","status":"publish","type":"page","link":"https:\/\/royalcasinocompany.nl\/fr\/casino-op-locatie\/casino-huren-partyboot\/","title":{"rendered":"Bateau de f\u00eate"},"content":{"rendered":"<div class=\"wpb-content-wrapper\"><div data-parent=\"true\" class=\"vc_row row-container boomapps_vcrow\" id=\"row-unique-0\"><div class=\"row limit-width row-parent\"><div class=\"wpb_row row-inner\"><div class=\"wpb_column pos-top pos-center align_left column_parent col-lg-12 boomapps_vccolumn single-internal-gutter\"><div class=\"uncol style-dark\"  ><div class=\"uncoltable\"><div class=\"uncell  boomapps_vccolumn no-block-padding\" ><div class=\"uncont\" ><div class=\"uncode_text_column text-small text-accent-color\" ><nav aria-label=\"chapelure\" class=\"rank-math-breadcrumb\"><p><span class=\"last\">Accueil<\/span><\/p><\/nav>\n<\/div><\/div><\/div><\/div><\/div><\/div><script id=\"script-row-unique-0\" data-row=\"script-row-unique-0\" type=\"text\/javascript\" class=\"vc_controls\">UNCODE.initRow(document.getElementById(\"row-unique-0\"));<\/script><\/div><\/div><\/div><div data-parent=\"true\" class=\"vc_row row-container boomapps_vcrow\" id=\"row-unique-1\"><div class=\"row limit-width row-parent\"><div class=\"wpb_row row-inner\"><div class=\"wpb_column pos-top pos-center align_left column_parent col-lg-6 boomapps_vccolumn single-internal-gutter\"><div class=\"uncol style-dark\"  ><div class=\"uncoltable\"><div class=\"uncell  boomapps_vccolumn no-block-padding\" ><div class=\"uncont\" ><div class=\"vc_custom_heading_wrap\"><div class=\"heading-text el-text\" ><h2 class=\"h2\" ><span>Location de casinos sur un bateau de f\u00eate ?<\/span><\/h2><\/div><div class=\"clear\"><\/div><\/div><div class=\"uncode_text_column\" ><p>Si vous avez d\u00e9j\u00e0 voyag\u00e9 sur un bateau de croisi\u00e8re, vous avez peut-\u00eatre d\u00e9j\u00e0 jou\u00e9 au casino qui se trouvait \u00e0 bord.<\/p>\n<p>Aux Pays-Bas et en Belgique, il y a de nombreux bateaux de f\u00eate sur lesquels vous pouvez organiser votre f\u00eate et ce qui ne peut manquer sur un bateau de f\u00eate ? ... c'est un CASINO.<\/p>\n<p>Vous organisez une f\u00eate sur un bateau ou vous \u00eates propri\u00e9taire d'une compagnie de navigation et vous recherchez un fournisseur r\u00e9gulier de casinos pour vos arrangements. Royal Casino Company propose des casinos sur les canaux et les bateaux de croisi\u00e8re. Grand ou petit espace ? Gr\u00e2ce \u00e0 notre grande vari\u00e9t\u00e9 de tables de casino, il y a toujours une solution adapt\u00e9e.<\/p>\n<p>Nous avons beaucoup d'exp\u00e9rience sur diff\u00e9rents navires et nous n'h\u00e9sitons pas \u00e0 faire en sorte que vous et vos invit\u00e9s passiez une excellente soir\u00e9e.<\/p>\n<\/div><\/div><\/div><\/div><\/div><\/div><div class=\"wpb_column pos-top pos-center align_left column_parent col-lg-6 boomapps_vccolumn single-internal-gutter\"><div class=\"uncol style-dark\"  ><div class=\"uncoltable\"><div class=\"uncell  boomapps_vccolumn no-block-padding\" ><div class=\"uncont\" ><div class=\"uncode-single-media  text-left\"><div class=\"single-wrapper\" style=\"max-width: 100%;\"><div class=\"tmb tmb-light  tmb-img-ratio tmb-media-first tmb-media-last tmb-content-overlay tmb-no-bg\"><div class=\"t-inside\"><div class=\"t-entry-visual\"><div class=\"t-entry-visual-tc\"><div class=\"uncode-single-media-wrapper\"><div class=\"dummy\" style=\"padding-top: 66.7%;\"><\/div><img decoding=\"async\" class=\"wp-image-65674\" src=\"https:\/\/royalcasinocompany.nl\/wp-content\/uploads\/2023\/05\/TQII9811-uai-1599x1066.jpg\" width=\"1599\" height=\"1066\" alt=\"Money wheel huren\" title=\"\"><\/div>\n\t\t\t\t\t<\/div>\n\t\t\t\t<\/div><\/div><\/div><\/div><\/div><\/div><\/div><\/div><\/div><\/div><script id=\"script-row-unique-1\" data-row=\"script-row-unique-1\" type=\"text\/javascript\" class=\"vc_controls\">UNCODE.initRow(document.getElementById(\"row-unique-1\"));<\/script><\/div><\/div><\/div><div data-parent=\"true\" class=\"vc_row row-container boomapps_vcrow\" id=\"row-unique-2\"><div class=\"row limit-width row-parent\"><div class=\"wpb_row row-inner\"><div class=\"wpb_column pos-top pos-center align_left column_parent col-lg-12 boomapps_vccolumn single-internal-gutter\"><div class=\"uncol style-dark\"  ><div class=\"uncoltable\"><div class=\"uncell  boomapps_vccolumn no-block-padding\" ><div class=\"uncont\" ><div class=\"divider-wrapper\"  >\n    <hr class=\"border-accent-color separator-no-padding\"  \/>\n<\/div>\n<\/div><\/div><\/div><\/div><\/div><script id=\"script-row-unique-2\" data-row=\"script-row-unique-2\" type=\"text\/javascript\" class=\"vc_controls\">UNCODE.initRow(document.getElementById(\"row-unique-2\"));<\/script><\/div><\/div><\/div><div data-parent=\"true\" class=\"vc_row row-container boomapps_vcrow\" id=\"row-unique-3\"><div class=\"row limit-width row-parent\"><div class=\"wpb_row row-inner\"><div class=\"wpb_column pos-top pos-center align_left column_parent col-lg-12 boomapps_vccolumn single-internal-gutter\"><div class=\"uncol style-dark\"  ><div class=\"uncoltable\"><div class=\"uncell  boomapps_vccolumn no-block-padding\" ><div class=\"uncont\" ><div id=\"gallery-109546\" class=\"un-media-gallery isotope-system isotope-general-dark grid-general-dark\">\n\t\t\t\t\t\n\t\n\t<div class=\"isotope-wrapper grid-wrapper half-gutter\" >\n\t\t\t\t\t\t\t\t\t<div class=\"isotope-container isotope-layout style-masonry\" data-type=\"masonry\" data-layout=\"masonry\" data-lg=\"1000\" data-md=\"600\" data-sm=\"480\">\n<div class=\"tmb tmb-iso-w4 tmb-iso-h4 tmb-light tmb-overlay-text-anim tmb-overlay-anim tmb-overlay-middle tmb-overlay-text-left tmb-image-anim tmb-id-65677  tmb-img-ratio tmb-media-first tmb-media-last tmb-content-overlay tmb-no-bg tmb-lightbox\" ><div class=\"t-inside no-anim\" ><div class=\"t-entry-visual\"><div class=\"t-entry-visual-tc\"><div class=\"t-entry-visual-cont\"><div class=\"dummy\" style=\"padding-top: 75.1%;\"><\/div><a href=\"https:\/\/royalcasinocompany.nl\/wp-content\/uploads\/2023\/05\/IWVX1259.jpg\"  class=\"pushed\" data-active=\"1\" data-lbox=\"ilightbox_gallery-109546\" data-options=\"width:599,height:450,thumbnail: 'https:\/\/royalcasinocompany.nl\/wp-content\/uploads\/2023\/05\/IWVX1259-300x225.jpg'\" data-lb-index=\"0\"><div class=\"t-entry-visual-overlay\"><div class=\"t-entry-visual-overlay-in style-dark-bg\" style=\"opacity: 0.5;\"><\/div><\/div><img decoding=\"async\" class=\"wp-image-65677\" src=\"https:\/\/royalcasinocompany.nl\/wp-content\/uploads\/2023\/05\/IWVX1259.jpg\" width=\"599\" height=\"450\" alt=\"- Royal Casino Company\" title=\"\" srcset=\"https:\/\/royalcasinocompany.nl\/wp-content\/uploads\/2023\/05\/IWVX1259.jpg 599w, https:\/\/royalcasinocompany.nl\/wp-content\/uploads\/2023\/05\/IWVX1259-300x225.jpg 300w, https:\/\/royalcasinocompany.nl\/wp-content\/uploads\/2023\/05\/IWVX1259-350x263.jpg 350w\" sizes=\"(max-width: 599px) 100vw, 599px\"><\/a><\/div>\n\t\t\t\t\t<\/div>\n\t\t\t\t<\/div><\/div><\/div><div class=\"tmb tmb-iso-w4 tmb-iso-h4 tmb-light tmb-overlay-text-anim tmb-overlay-anim tmb-overlay-middle tmb-overlay-text-left tmb-image-anim tmb-id-65678  tmb-img-ratio tmb-media-first tmb-media-last tmb-content-overlay tmb-no-bg tmb-lightbox\" ><div class=\"t-inside no-anim\" ><div class=\"t-entry-visual\"><div class=\"t-entry-visual-tc\"><div class=\"t-entry-visual-cont\"><div class=\"dummy\" style=\"padding-top: 75.1%;\"><\/div><a href=\"https:\/\/royalcasinocompany.nl\/wp-content\/uploads\/2023\/05\/KENL8668.jpg\"  class=\"pushed\" data-active=\"1\" data-lbox=\"ilightbox_gallery-109546\" data-options=\"width:599,height:450,thumbnail: 'https:\/\/royalcasinocompany.nl\/wp-content\/uploads\/2023\/05\/KENL8668-300x225.jpg'\" data-lb-index=\"1\"><div class=\"t-entry-visual-overlay\"><div class=\"t-entry-visual-overlay-in style-dark-bg\" style=\"opacity: 0.5;\"><\/div><\/div><img decoding=\"async\" class=\"wp-image-65678\" src=\"https:\/\/royalcasinocompany.nl\/wp-content\/uploads\/2023\/05\/KENL8668.jpg\" width=\"599\" height=\"450\" alt=\"- Royal Casino Company\" title=\"\" srcset=\"https:\/\/royalcasinocompany.nl\/wp-content\/uploads\/2023\/05\/KENL8668.jpg 599w, https:\/\/royalcasinocompany.nl\/wp-content\/uploads\/2023\/05\/KENL8668-300x225.jpg 300w, https:\/\/royalcasinocompany.nl\/wp-content\/uploads\/2023\/05\/KENL8668-350x263.jpg 350w\" sizes=\"(max-width: 599px) 100vw, 599px\"><\/a><\/div>\n\t\t\t\t\t<\/div>\n\t\t\t\t<\/div><\/div><\/div><div class=\"tmb tmb-iso-w4 tmb-iso-h4 tmb-light tmb-overlay-text-anim tmb-overlay-anim tmb-overlay-middle tmb-overlay-text-left tmb-image-anim tmb-id-65676  tmb-img-ratio tmb-media-first tmb-media-last tmb-content-overlay tmb-no-bg tmb-lightbox\" ><div class=\"t-inside no-anim\" ><div class=\"t-entry-visual\"><div class=\"t-entry-visual-tc\"><div class=\"t-entry-visual-cont\"><div class=\"dummy\" style=\"padding-top: 75.1%;\"><\/div><a href=\"https:\/\/royalcasinocompany.nl\/wp-content\/uploads\/2023\/05\/CELR4147.jpg\"  class=\"pushed\" data-active=\"1\" data-lbox=\"ilightbox_gallery-109546\" data-options=\"width:599,height:450,thumbnail: 'https:\/\/royalcasinocompany.nl\/wp-content\/uploads\/2023\/05\/CELR4147-300x225.jpg'\" data-lb-index=\"2\"><div class=\"t-entry-visual-overlay\"><div class=\"t-entry-visual-overlay-in style-dark-bg\" style=\"opacity: 0.5;\"><\/div><\/div><img decoding=\"async\" class=\"wp-image-65676\" src=\"https:\/\/royalcasinocompany.nl\/wp-content\/uploads\/2023\/05\/CELR4147.jpg\" width=\"599\" height=\"450\" alt=\"- Royal Casino Company\" title=\"\" srcset=\"https:\/\/royalcasinocompany.nl\/wp-content\/uploads\/2023\/05\/CELR4147.jpg 599w, https:\/\/royalcasinocompany.nl\/wp-content\/uploads\/2023\/05\/CELR4147-300x225.jpg 300w, https:\/\/royalcasinocompany.nl\/wp-content\/uploads\/2023\/05\/CELR4147-350x263.jpg 350w\" sizes=\"(max-width: 599px) 100vw, 599px\"><\/a><\/div>\n\t\t\t\t\t<\/div>\n\t\t\t\t<\/div><\/div><\/div><div class=\"tmb tmb-iso-w4 tmb-iso-h4 tmb-light tmb-overlay-text-anim tmb-overlay-anim tmb-overlay-middle tmb-overlay-text-left tmb-image-anim tmb-id-65698  tmb-img-ratio tmb-media-first tmb-media-last tmb-content-overlay tmb-no-bg tmb-lightbox\" ><div class=\"t-inside no-anim\" ><div class=\"t-entry-visual\"><div class=\"t-entry-visual-tc\"><div class=\"t-entry-visual-cont\"><div class=\"dummy\" style=\"padding-top: 75%;\"><\/div><a href=\"https:\/\/royalcasinocompany.nl\/wp-content\/uploads\/2023\/05\/AOSL0226.jpg\"  class=\"pushed\" data-active=\"1\" data-lbox=\"ilightbox_gallery-109546\" data-options=\"width:800,height:600,thumbnail: 'https:\/\/royalcasinocompany.nl\/wp-content\/uploads\/2023\/05\/AOSL0226-300x225.jpg'\" data-lb-index=\"3\"><div class=\"t-entry-visual-overlay\"><div class=\"t-entry-visual-overlay-in style-dark-bg\" style=\"opacity: 0.5;\"><\/div><\/div><img decoding=\"async\" class=\"wp-image-65698\" src=\"https:\/\/royalcasinocompany.nl\/wp-content\/uploads\/2023\/05\/AOSL0226.jpg\" width=\"800\" height=\"600\" alt=\"- Royal Casino Company\" title=\"\" srcset=\"https:\/\/royalcasinocompany.nl\/wp-content\/uploads\/2023\/05\/AOSL0226.jpg 800w, https:\/\/royalcasinocompany.nl\/wp-content\/uploads\/2023\/05\/AOSL0226-300x225.jpg 300w, https:\/\/royalcasinocompany.nl\/wp-content\/uploads\/2023\/05\/AOSL0226-768x576.jpg 768w, https:\/\/royalcasinocompany.nl\/wp-content\/uploads\/2023\/05\/AOSL0226-350x263.jpg 350w\" sizes=\"(max-width: 800px) 100vw, 800px\"><\/a><\/div>\n\t\t\t\t\t<\/div>\n\t\t\t\t<\/div><\/div><\/div><div class=\"tmb tmb-iso-w4 tmb-iso-h4 tmb-light tmb-overlay-text-anim tmb-overlay-anim tmb-overlay-middle tmb-overlay-text-left tmb-image-anim tmb-id-65696  tmb-img-ratio tmb-media-first tmb-media-last tmb-content-overlay tmb-no-bg tmb-lightbox\" ><div class=\"t-inside no-anim\" ><div class=\"t-entry-visual\"><div class=\"t-entry-visual-tc\"><div class=\"t-entry-visual-cont\"><div class=\"dummy\" style=\"padding-top: 75%;\"><\/div><a href=\"https:\/\/royalcasinocompany.nl\/wp-content\/uploads\/2023\/05\/HTHL1422.jpg\"  class=\"pushed\" data-active=\"1\" data-lbox=\"ilightbox_gallery-109546\" data-options=\"width:800,height:600,thumbnail: 'https:\/\/royalcasinocompany.nl\/wp-content\/uploads\/2023\/05\/HTHL1422-300x225.jpg'\" data-lb-index=\"4\"><div class=\"t-entry-visual-overlay\"><div class=\"t-entry-visual-overlay-in style-dark-bg\" style=\"opacity: 0.5;\"><\/div><\/div><img decoding=\"async\" class=\"wp-image-65696\" src=\"https:\/\/royalcasinocompany.nl\/wp-content\/uploads\/2023\/05\/HTHL1422.jpg\" width=\"800\" height=\"600\" alt=\"- Royal Casino Company\" title=\"\" srcset=\"https:\/\/royalcasinocompany.nl\/wp-content\/uploads\/2023\/05\/HTHL1422.jpg 800w, https:\/\/royalcasinocompany.nl\/wp-content\/uploads\/2023\/05\/HTHL1422-300x225.jpg 300w, https:\/\/royalcasinocompany.nl\/wp-content\/uploads\/2023\/05\/HTHL1422-768x576.jpg 768w, https:\/\/royalcasinocompany.nl\/wp-content\/uploads\/2023\/05\/HTHL1422-350x263.jpg 350w\" sizes=\"(max-width: 800px) 100vw, 800px\"><\/a><\/div>\n\t\t\t\t\t<\/div>\n\t\t\t\t<\/div><\/div><\/div><div class=\"tmb tmb-iso-w4 tmb-iso-h4 tmb-light tmb-overlay-text-anim tmb-overlay-anim tmb-overlay-middle tmb-overlay-text-left tmb-image-anim tmb-id-65697  tmb-img-ratio tmb-media-first tmb-media-last tmb-content-overlay tmb-no-bg tmb-lightbox\" ><div class=\"t-inside no-anim\" ><div class=\"t-entry-visual\"><div class=\"t-entry-visual-tc\"><div class=\"t-entry-visual-cont\"><div class=\"dummy\" style=\"padding-top: 75%;\"><\/div><a href=\"https:\/\/royalcasinocompany.nl\/wp-content\/uploads\/2023\/05\/BKEK7103.jpg\"  class=\"pushed\" data-active=\"1\" data-lbox=\"ilightbox_gallery-109546\" data-options=\"width:800,height:600,thumbnail: 'https:\/\/royalcasinocompany.nl\/wp-content\/uploads\/2023\/05\/BKEK7103-300x225.jpg'\" data-lb-index=\"5\"><div class=\"t-entry-visual-overlay\"><div class=\"t-entry-visual-overlay-in style-dark-bg\" style=\"opacity: 0.5;\"><\/div><\/div><img decoding=\"async\" class=\"wp-image-65697\" src=\"https:\/\/royalcasinocompany.nl\/wp-content\/uploads\/2023\/05\/BKEK7103.jpg\" width=\"800\" height=\"600\" alt=\"- Royal Casino Company\" title=\"\" srcset=\"https:\/\/royalcasinocompany.nl\/wp-content\/uploads\/2023\/05\/BKEK7103.jpg 800w, https:\/\/royalcasinocompany.nl\/wp-content\/uploads\/2023\/05\/BKEK7103-300x225.jpg 300w, https:\/\/royalcasinocompany.nl\/wp-content\/uploads\/2023\/05\/BKEK7103-768x576.jpg 768w, https:\/\/royalcasinocompany.nl\/wp-content\/uploads\/2023\/05\/BKEK7103-350x263.jpg 350w\" sizes=\"(max-width: 800px) 100vw, 800px\"><\/a><\/div>\n\t\t\t\t\t<\/div>\n\t\t\t\t<\/div><\/div><\/div><div class=\"tmb tmb-iso-w4 tmb-iso-h4 tmb-light tmb-overlay-text-anim tmb-overlay-anim tmb-overlay-middle tmb-overlay-text-left tmb-image-anim tmb-id-65700  tmb-img-ratio tmb-media-first tmb-media-last tmb-content-overlay tmb-no-bg tmb-lightbox\" ><div class=\"t-inside no-anim\" ><div class=\"t-entry-visual\"><div class=\"t-entry-visual-tc\"><div class=\"t-entry-visual-cont\"><div class=\"dummy\" style=\"padding-top: 75.1%;\"><\/div><a href=\"https:\/\/royalcasinocompany.nl\/wp-content\/uploads\/2023\/05\/SYM_2439.jpg\"  class=\"pushed\" data-active=\"1\" data-lbox=\"ilightbox_gallery-109546\" data-options=\"width:1048,height:698,thumbnail: 'https:\/\/royalcasinocompany.nl\/wp-content\/uploads\/2023\/05\/SYM_2439-300x200.jpg'\" data-lb-index=\"6\"><div class=\"t-entry-visual-overlay\"><div class=\"t-entry-visual-overlay-in style-dark-bg\" style=\"opacity: 0.5;\"><\/div><\/div><img decoding=\"async\" class=\"wp-image-65700\" src=\"https:\/\/royalcasinocompany.nl\/wp-content\/uploads\/2023\/05\/SYM_2439-uai-930x698.jpg\" width=\"930\" height=\"698\" alt=\"- Royal Casino Company\" title=\"\"><\/a><\/div>\n\t\t\t\t\t<\/div>\n\t\t\t\t<\/div><\/div><\/div><div class=\"tmb tmb-iso-w4 tmb-iso-h4 tmb-light tmb-overlay-text-anim tmb-overlay-anim tmb-overlay-middle tmb-overlay-text-left tmb-image-anim tmb-id-65701  tmb-img-ratio tmb-media-first tmb-media-last tmb-content-overlay tmb-no-bg tmb-lightbox\" ><div class=\"t-inside no-anim\" ><div class=\"t-entry-visual\"><div class=\"t-entry-visual-tc\"><div class=\"t-entry-visual-cont\"><div class=\"dummy\" style=\"padding-top: 75%;\"><\/div><a href=\"https:\/\/royalcasinocompany.nl\/wp-content\/uploads\/2023\/05\/SYM_1875.jpg\"  class=\"pushed\" data-active=\"1\" data-lbox=\"ilightbox_gallery-109546\" data-options=\"width:1048,height:589,thumbnail: 'https:\/\/royalcasinocompany.nl\/wp-content\/uploads\/2023\/05\/SYM_1875-300x169.jpg'\" data-lb-index=\"7\"><div class=\"t-entry-visual-overlay\"><div class=\"t-entry-visual-overlay-in style-dark-bg\" style=\"opacity: 0.5;\"><\/div><\/div><img decoding=\"async\" class=\"wp-image-65701\" src=\"https:\/\/royalcasinocompany.nl\/wp-content\/uploads\/2023\/05\/SYM_1875-uai-785x589.jpg\" width=\"785\" height=\"589\" alt=\"- Royal Casino Company\" title=\"\"><\/a><\/div>\n\t\t\t\t\t<\/div>\n\t\t\t\t<\/div><\/div><\/div><div class=\"tmb tmb-iso-w4 tmb-iso-h4 tmb-light tmb-overlay-text-anim tmb-overlay-anim tmb-overlay-middle tmb-overlay-text-left tmb-image-anim tmb-id-65702  tmb-img-ratio tmb-media-first tmb-media-last tmb-content-overlay tmb-no-bg tmb-lightbox\" ><div class=\"t-inside no-anim\" ><div class=\"t-entry-visual\"><div class=\"t-entry-visual-tc\"><div class=\"t-entry-visual-cont\"><div class=\"dummy\" style=\"padding-top: 75%;\"><\/div><a href=\"https:\/\/royalcasinocompany.nl\/wp-content\/uploads\/2023\/05\/IMG_8362.jpg\"  class=\"pushed\" data-active=\"1\" data-lbox=\"ilightbox_gallery-109546\" data-options=\"width:1024,height:816,thumbnail: 'https:\/\/royalcasinocompany.nl\/wp-content\/uploads\/2023\/05\/IMG_8362-300x239.jpg'\" data-lb-index=\"8\"><div class=\"t-entry-visual-overlay\"><div class=\"t-entry-visual-overlay-in style-dark-bg\" style=\"opacity: 0.5;\"><\/div><\/div><img decoding=\"async\" class=\"wp-image-65702\" src=\"https:\/\/royalcasinocompany.nl\/wp-content\/uploads\/2023\/05\/IMG_8362-uai-1024x768.jpg\" width=\"1024\" height=\"768\" alt=\"- Royal Casino Company\" title=\"\"><\/a><\/div>\n\t\t\t\t\t<\/div>\n\t\t\t\t<\/div><\/div><\/div><div class=\"tmb tmb-iso-w4 tmb-iso-h4 tmb-light tmb-overlay-text-anim tmb-overlay-anim tmb-overlay-middle tmb-overlay-text-left tmb-image-anim tmb-id-65717  tmb-img-ratio tmb-media-first tmb-media-last tmb-content-overlay tmb-no-bg tmb-lightbox\" ><div class=\"t-inside no-anim\" ><div class=\"t-entry-visual\"><div class=\"t-entry-visual-tc\"><div class=\"t-entry-visual-cont\"><div class=\"dummy\" style=\"padding-top: 75%;\"><\/div><a href=\"https:\/\/royalcasinocompany.nl\/wp-content\/uploads\/2023\/05\/IMG_6101.jpg\"  class=\"pushed\" data-active=\"1\" data-lbox=\"ilightbox_gallery-109546\" data-options=\"width:1032,height:774,thumbnail: 'https:\/\/royalcasinocompany.nl\/wp-content\/uploads\/2023\/05\/IMG_6101-300x225.jpg'\" data-lb-index=\"9\"><div class=\"t-entry-visual-overlay\"><div class=\"t-entry-visual-overlay-in style-dark-bg\" style=\"opacity: 0.5;\"><\/div><\/div><img decoding=\"async\" class=\"wp-image-65717\" src=\"https:\/\/royalcasinocompany.nl\/wp-content\/uploads\/2023\/05\/IMG_6101.jpg\" width=\"1032\" height=\"774\" alt=\"- Royal Casino Company\" title=\"\" srcset=\"https:\/\/royalcasinocompany.nl\/wp-content\/uploads\/2023\/05\/IMG_6101.jpg 1032w, https:\/\/royalcasinocompany.nl\/wp-content\/uploads\/2023\/05\/IMG_6101-300x225.jpg 300w, https:\/\/royalcasinocompany.nl\/wp-content\/uploads\/2023\/05\/IMG_6101-1024x768.jpg 1024w, https:\/\/royalcasinocompany.nl\/wp-content\/uploads\/2023\/05\/IMG_6101-768x576.jpg 768w, https:\/\/royalcasinocompany.nl\/wp-content\/uploads\/2023\/05\/IMG_6101-350x263.jpg 350w\" sizes=\"(max-width: 1032px) 100vw, 1032px\"><\/a><\/div>\n\t\t\t\t\t<\/div>\n\t\t\t\t<\/div><\/div><\/div><div class=\"tmb tmb-iso-w4 tmb-iso-h4 tmb-light tmb-overlay-text-anim tmb-overlay-anim tmb-overlay-middle tmb-overlay-text-left tmb-image-anim tmb-id-65718  tmb-img-ratio tmb-media-first tmb-media-last tmb-content-overlay tmb-no-bg tmb-lightbox\" ><div class=\"t-inside no-anim\" ><div class=\"t-entry-visual\"><div class=\"t-entry-visual-tc\"><div class=\"t-entry-visual-cont\"><div class=\"dummy\" style=\"padding-top: 75%;\"><\/div><a href=\"https:\/\/royalcasinocompany.nl\/wp-content\/uploads\/2023\/05\/IMG_6097.jpg\"  class=\"pushed\" data-active=\"1\" data-lbox=\"ilightbox_gallery-109546\" data-options=\"width:1024,height:762,thumbnail: 'https:\/\/royalcasinocompany.nl\/wp-content\/uploads\/2023\/05\/IMG_6097-300x223.jpg'\" data-lb-index=\"10\"><div class=\"t-entry-visual-overlay\"><div class=\"t-entry-visual-overlay-in style-dark-bg\" style=\"opacity: 0.5;\"><\/div><\/div><img decoding=\"async\" class=\"wp-image-65718\" src=\"https:\/\/royalcasinocompany.nl\/wp-content\/uploads\/2023\/05\/IMG_6097-uai-1016x762.jpg\" width=\"1016\" height=\"762\" alt=\"- Royal Casino Company\" title=\"\"><\/a><\/div>\n\t\t\t\t\t<\/div>\n\t\t\t\t<\/div><\/div><\/div><div class=\"tmb tmb-iso-w4 tmb-iso-h4 tmb-light tmb-overlay-text-anim tmb-overlay-anim tmb-overlay-middle tmb-overlay-text-left tmb-image-anim tmb-id-65716  tmb-img-ratio tmb-media-first tmb-media-last tmb-content-overlay tmb-no-bg tmb-lightbox\" ><div class=\"t-inside no-anim\" ><div class=\"t-entry-visual\"><div class=\"t-entry-visual-tc\"><div class=\"t-entry-visual-cont\"><div class=\"dummy\" style=\"padding-top: 75%;\"><\/div><a href=\"https:\/\/royalcasinocompany.nl\/wp-content\/uploads\/2023\/05\/IMG_6111.jpg\"  class=\"pushed\" data-active=\"1\" data-lbox=\"ilightbox_gallery-109546\" data-options=\"width:1024,height:910,thumbnail: 'https:\/\/royalcasinocompany.nl\/wp-content\/uploads\/2023\/05\/IMG_6111-300x267.jpg'\" data-lb-index=\"11\"><div class=\"t-entry-visual-overlay\"><div class=\"t-entry-visual-overlay-in style-dark-bg\" style=\"opacity: 0.5;\"><\/div><\/div><img decoding=\"async\" class=\"wp-image-65716\" src=\"https:\/\/royalcasinocompany.nl\/wp-content\/uploads\/2023\/05\/IMG_6111-uai-1024x768.jpg\" width=\"1024\" height=\"768\" alt=\"- Royal Casino Company\" title=\"\"><\/a><\/div>\n\t\t\t\t\t<\/div>\n\t\t\t\t<\/div><\/div><\/div>\t\t\t<\/div>\n\t\t\t\t\t<\/div>\n\n\t\n\t\n\t\n<\/div>\n\n<\/div><\/div><\/div><\/div><\/div><script id=\"script-row-unique-3\" data-row=\"script-row-unique-3\" type=\"text\/javascript\" class=\"vc_controls\">UNCODE.initRow(document.getElementById(\"row-unique-3\"));<\/script><\/div><\/div><\/div>\n<\/div>","protected":false},"excerpt":{"rendered":"Home Casino inhuren op een partyboot?Als u wel is op een cruiseschip bent geweest, dan heeft u ook misschien wel [...]","protected":false},"author":1,"featured_media":65695,"parent":60438,"menu_order":0,"comment_status":"closed","ping_status":"closed","template":"","meta":{"footnotes":""},"class_list":["post-60451","page","type-page","status-publish","has-post-thumbnail","hentry","page_category-gelegenheden"],"_links":{"self":[{"href":"https:\/\/royalcasinocompany.nl\/fr\/wp-json\/wp\/v2\/pages\/60451","targetHints":{"allow":["GET"]}}],"collection":[{"href":"https:\/\/royalcasinocompany.nl\/fr\/wp-json\/wp\/v2\/pages"}],"about":[{"href":"https:\/\/royalcasinocompany.nl\/fr\/wp-json\/wp\/v2\/types\/page"}],"author":[{"embeddable":true,"href":"https:\/\/royalcasinocompany.nl\/fr\/wp-json\/wp\/v2\/users\/1"}],"replies":[{"embeddable":true,"href":"https:\/\/royalcasinocompany.nl\/fr\/wp-json\/wp\/v2\/comments?post=60451"}],"version-history":[{"count":15,"href":"https:\/\/royalcasinocompany.nl\/fr\/wp-json\/wp\/v2\/pages\/60451\/revisions"}],"predecessor-version":[{"id":70478,"href":"https:\/\/royalcasinocompany.nl\/fr\/wp-json\/wp\/v2\/pages\/60451\/revisions\/70478"}],"up":[{"embeddable":true,"href":"https:\/\/royalcasinocompany.nl\/fr\/wp-json\/wp\/v2\/pages\/60438"}],"wp:featuredmedia":[{"embeddable":true,"href":"https:\/\/royalcasinocompany.nl\/fr\/wp-json\/wp\/v2\/media\/65695"}],"wp:attachment":[{"href":"https:\/\/royalcasinocompany.nl\/fr\/wp-json\/wp\/v2\/media?parent=60451"}],"curies":[{"name":"wp","href":"https:\/\/api.w.org\/{rel}","templated":true}]}}