{"id":60497,"date":"2025-06-06T21:00:10","date_gmt":"2025-06-06T19:00:10","guid":{"rendered":"https:\/\/royalcasinocompany.nl\/?page_id=60497"},"modified":"2025-07-14T13:02:01","modified_gmt":"2025-07-14T11:02:01","slug":"personaliseren","status":"publish","type":"page","link":"https:\/\/royalcasinocompany.nl\/fr\/casino-op-locatie\/personaliseren\/","title":{"rendered":"Personnaliser"},"content":{"rendered":"<div class=\"wpb-content-wrapper\"><div data-parent=\"true\" class=\"vc_row row-container boomapps_vcrow\" id=\"row-unique-0\"><div class=\"row limit-width row-parent\"><div class=\"wpb_row row-inner\"><div class=\"wpb_column pos-top pos-center align_left column_parent col-lg-12 boomapps_vccolumn single-internal-gutter\"><div class=\"uncol style-dark\"  ><div class=\"uncoltable\"><div class=\"uncell  boomapps_vccolumn no-block-padding\" ><div class=\"uncont\" ><div class=\"uncode_text_column text-small text-accent-color\" ><nav aria-label=\"chapelure\" class=\"rank-math-breadcrumb\"><p><span class=\"last\">Accueil<\/span><\/p><\/nav>\n<\/div><\/div><\/div><\/div><\/div><\/div><script id=\"script-row-unique-0\" data-row=\"script-row-unique-0\" type=\"text\/javascript\" class=\"vc_controls\">UNCODE.initRow(document.getElementById(\"row-unique-0\"));<\/script><\/div><\/div><\/div><div data-parent=\"true\" class=\"vc_row row-container boomapps_vcrow\" id=\"row-unique-1\"><div class=\"row limit-width row-parent\"><div class=\"wpb_row row-inner\"><div class=\"wpb_column pos-top pos-center align_left column_parent col-lg-6 boomapps_vccolumn single-internal-gutter\"><div class=\"uncol style-dark\"  ><div class=\"uncoltable\"><div class=\"uncell  boomapps_vccolumn no-block-padding\" ><div class=\"uncont\" ><div class=\"vc_custom_heading_wrap\"><div class=\"heading-text el-text\" ><h2 class=\"h2\" ><span>Nos concepts uniques<\/span><\/h2><\/div><div class=\"clear\"><\/div><\/div><div class=\"uncode_text_column\" ><p><span data-offset-key=\"a84nb-0-0\">Vous avez une id\u00e9e ? Vous souhaitez organiser quelque chose d'unique ? Nous pouvons peut-\u00eatre vous aider. Nous avons con\u00e7u et mis en \u0153uvre de nombreux concepts de casinos originaux et r\u00e9ussis. Si nous ne disposons pas d'un produit correspondant \u00e0 vos besoins dans notre entrep\u00f4t, nous ferons en sorte qu'il soit fabriqu\u00e9. <\/span><span class=\"hardreadability\"><span data-offset-key=\"a84nb-1-0\">Si le projet n'en est qu'\u00e0 ses d\u00e9buts, nous nous ferons un plaisir de vous aider \u00e0 donner le dernier coup de pouce professionnel.<\/span><\/span><span data-offset-key=\"a84nb-2-0\">. Tout est possible et nous aimons aussi tout, donc tout va bien.<\/span><\/p>\n<h2>Unique et original<\/h2>\n<p>Tout ce que vous voulez. Notre <a href=\"https:\/\/royalcasinocompany.nl\/fr\/prijzen\/\">tables de casino<\/a>Les \u00e9l\u00e9ments de jeu et les d\u00e9corations peuvent \u00eatre utilis\u00e9s \u00e0 tout moment. Ainsi, ils ont d\u00e9j\u00e0 r\u00e9guli\u00e8rement servi \u00e0 l'activation de marques, \u00e0 des concepts de centres commerciaux, \u00e0 la promotion de produits, etc. Nous vous aidons volontiers \u00e0 les organiser. Faites-nous part de vos souhaits et nous r\u00e9aliserons ensemble le concept parfait.<\/p>\n<\/div><\/div><\/div><\/div><\/div><\/div><div class=\"wpb_column pos-top pos-center align_left column_parent col-lg-6 boomapps_vccolumn single-internal-gutter\"><div class=\"uncol style-dark\"  ><div class=\"uncoltable\"><div class=\"uncell  boomapps_vccolumn no-block-padding\" ><div class=\"uncont\" ><div class=\"uncode-single-media  text-left\"><div class=\"single-wrapper\" style=\"max-width: 100%;\"><div class=\"tmb tmb-light  tmb-img-ratio tmb-media-first tmb-media-last tmb-content-overlay tmb-no-bg\"><div class=\"t-inside\"><div class=\"t-entry-visual\"><div class=\"t-entry-visual-tc\"><div class=\"uncode-single-media-wrapper\"><div class=\"dummy\" style=\"padding-top: 66.7%;\"><\/div><img decoding=\"async\" class=\"wp-image-65649\" src=\"https:\/\/royalcasinocompany.nl\/wp-content\/uploads\/2023\/05\/IMG_5021-uai-1032x688.jpg\" width=\"1032\" height=\"688\" alt=\"- Royal Casino Company\" title=\"\"><\/div>\n\t\t\t\t\t<\/div>\n\t\t\t\t<\/div><\/div><\/div><\/div><\/div><\/div><\/div><\/div><\/div><\/div><script id=\"script-row-unique-1\" data-row=\"script-row-unique-1\" type=\"text\/javascript\" class=\"vc_controls\">UNCODE.initRow(document.getElementById(\"row-unique-1\"));<\/script><\/div><\/div><\/div><div data-parent=\"true\" class=\"vc_row row-container boomapps_vcrow\" id=\"row-unique-2\"><div class=\"row limit-width row-parent\"><div class=\"wpb_row row-inner\"><div class=\"wpb_column pos-top pos-center align_left column_parent col-lg-12 boomapps_vccolumn single-internal-gutter\"><div class=\"uncol style-dark\"  ><div class=\"uncoltable\"><div class=\"uncell  boomapps_vccolumn no-block-padding\" ><div class=\"uncont\" ><div class=\"divider-wrapper\"  >\n    <hr class=\"border-accent-color separator-no-padding\"  \/>\n<\/div>\n<\/div><\/div><\/div><\/div><\/div><script id=\"script-row-unique-2\" data-row=\"script-row-unique-2\" type=\"text\/javascript\" class=\"vc_controls\">UNCODE.initRow(document.getElementById(\"row-unique-2\"));<\/script><\/div><\/div><\/div><div data-parent=\"true\" class=\"vc_row row-container boomapps_vcrow\" id=\"row-unique-3\"><div class=\"row limit-width row-parent\"><div class=\"wpb_row row-inner\"><div class=\"wpb_column pos-top pos-center align_left column_parent col-lg-12 boomapps_vccolumn single-internal-gutter\"><div class=\"uncol style-dark\"  ><div class=\"uncoltable\"><div class=\"uncell  boomapps_vccolumn no-block-padding\" ><div class=\"uncont\" ><div id=\"gallery-109546\" class=\"un-media-gallery isotope-system isotope-general-dark grid-general-dark\">\n\t\t\t\t\t\n\t\n\t<div class=\"isotope-wrapper grid-wrapper half-gutter\" >\n\t\t\t\t\t\t\t\t\t<div class=\"isotope-container isotope-layout style-masonry\" data-type=\"masonry\" data-layout=\"masonry\" data-lg=\"1000\" data-md=\"600\" data-sm=\"480\">\n<div class=\"tmb tmb-iso-w4 tmb-iso-h4 tmb-light tmb-overlay-text-anim tmb-overlay-anim tmb-overlay-middle tmb-overlay-text-left tmb-image-anim tmb-id-65649  tmb-img-ratio tmb-media-first tmb-media-last tmb-content-overlay tmb-no-bg tmb-lightbox\" ><div class=\"t-inside no-anim\" ><div class=\"t-entry-visual\"><div class=\"t-entry-visual-tc\"><div class=\"t-entry-visual-cont\"><div class=\"dummy\" style=\"padding-top: 75%;\"><\/div><a href=\"https:\/\/royalcasinocompany.nl\/wp-content\/uploads\/2023\/05\/IMG_5021.jpg\"  class=\"pushed\" data-active=\"1\" data-lbox=\"ilightbox_gallery-109546\" data-options=\"width:1032,height:774,thumbnail: 'https:\/\/royalcasinocompany.nl\/wp-content\/uploads\/2023\/05\/IMG_5021-300x225.jpg'\" data-lb-index=\"0\"><div class=\"t-entry-visual-overlay\"><div class=\"t-entry-visual-overlay-in style-dark-bg\" style=\"opacity: 0.5;\"><\/div><\/div><img decoding=\"async\" class=\"wp-image-65649\" src=\"https:\/\/royalcasinocompany.nl\/wp-content\/uploads\/2023\/05\/IMG_5021.jpg\" width=\"1032\" height=\"774\" alt=\"- Royal Casino Company\" title=\"\" srcset=\"https:\/\/royalcasinocompany.nl\/wp-content\/uploads\/2023\/05\/IMG_5021.jpg 1032w, https:\/\/royalcasinocompany.nl\/wp-content\/uploads\/2023\/05\/IMG_5021-300x225.jpg 300w, https:\/\/royalcasinocompany.nl\/wp-content\/uploads\/2023\/05\/IMG_5021-1024x768.jpg 1024w, https:\/\/royalcasinocompany.nl\/wp-content\/uploads\/2023\/05\/IMG_5021-768x576.jpg 768w, https:\/\/royalcasinocompany.nl\/wp-content\/uploads\/2023\/05\/IMG_5021-350x263.jpg 350w\" sizes=\"(max-width: 1032px) 100vw, 1032px\"><\/a><\/div>\n\t\t\t\t\t<\/div>\n\t\t\t\t<\/div><\/div><\/div><div class=\"tmb tmb-iso-w4 tmb-iso-h4 tmb-light tmb-overlay-text-anim tmb-overlay-anim tmb-overlay-middle tmb-overlay-text-left tmb-image-anim tmb-id-65650  tmb-img-ratio tmb-media-first tmb-media-last tmb-content-overlay tmb-no-bg tmb-lightbox\" ><div class=\"t-inside no-anim\" ><div class=\"t-entry-visual\"><div class=\"t-entry-visual-tc\"><div class=\"t-entry-visual-cont\"><div class=\"dummy\" style=\"padding-top: 75.1%;\"><\/div><a href=\"https:\/\/royalcasinocompany.nl\/wp-content\/uploads\/2023\/05\/LYCK6140.jpg\"  class=\"pushed\" data-active=\"1\" data-lbox=\"ilightbox_gallery-109546\" data-options=\"width:640,height:479,thumbnail: 'https:\/\/royalcasinocompany.nl\/wp-content\/uploads\/2023\/05\/LYCK6140-300x225.jpg'\" data-lb-index=\"1\"><div class=\"t-entry-visual-overlay\"><div class=\"t-entry-visual-overlay-in style-dark-bg\" style=\"opacity: 0.5;\"><\/div><\/div><img decoding=\"async\" class=\"wp-image-65650\" src=\"https:\/\/royalcasinocompany.nl\/wp-content\/uploads\/2023\/05\/LYCK6140-uai-638x479.jpg\" width=\"638\" height=\"479\" alt=\"- Royal Casino Company\" title=\"\"><\/a><\/div>\n\t\t\t\t\t<\/div>\n\t\t\t\t<\/div><\/div><\/div><div class=\"tmb tmb-iso-w4 tmb-iso-h4 tmb-light tmb-overlay-text-anim tmb-overlay-anim tmb-overlay-middle tmb-overlay-text-left tmb-image-anim tmb-id-65651  tmb-img-ratio tmb-media-first tmb-media-last tmb-content-overlay tmb-no-bg tmb-lightbox\" ><div class=\"t-inside no-anim\" ><div class=\"t-entry-visual\"><div class=\"t-entry-visual-tc\"><div class=\"t-entry-visual-cont\"><div class=\"dummy\" style=\"padding-top: 75.1%;\"><\/div><a href=\"https:\/\/royalcasinocompany.nl\/wp-content\/uploads\/2023\/05\/WAKS0661.jpg\"  class=\"pushed\" data-active=\"1\" data-lbox=\"ilightbox_gallery-109546\" data-options=\"width:1024,height:683,thumbnail: 'https:\/\/royalcasinocompany.nl\/wp-content\/uploads\/2023\/05\/WAKS0661-300x200.jpg'\" data-lb-index=\"2\"><div class=\"t-entry-visual-overlay\"><div class=\"t-entry-visual-overlay-in style-dark-bg\" style=\"opacity: 0.5;\"><\/div><\/div><img decoding=\"async\" class=\"wp-image-65651\" src=\"https:\/\/royalcasinocompany.nl\/wp-content\/uploads\/2023\/05\/WAKS0661-uai-910x683.jpg\" width=\"910\" height=\"683\" alt=\"- Royal Casino Company\" title=\"\"><\/a><\/div>\n\t\t\t\t\t<\/div>\n\t\t\t\t<\/div><\/div><\/div><div class=\"tmb tmb-iso-w4 tmb-iso-h4 tmb-light tmb-overlay-text-anim tmb-overlay-anim tmb-overlay-middle tmb-overlay-text-left tmb-image-anim tmb-id-65661  tmb-img-ratio tmb-media-first tmb-media-last tmb-content-overlay tmb-no-bg tmb-lightbox\" ><div class=\"t-inside no-anim\" ><div class=\"t-entry-visual\"><div class=\"t-entry-visual-tc\"><div class=\"t-entry-visual-cont\"><div class=\"dummy\" style=\"padding-top: 75%;\"><\/div><a href=\"https:\/\/royalcasinocompany.nl\/wp-content\/uploads\/2023\/05\/dvb-200jaarJEA-87.jpg\"  class=\"pushed\" data-active=\"1\" data-lbox=\"ilightbox_gallery-109546\" data-options=\"width:1048,height:711,thumbnail: 'https:\/\/royalcasinocompany.nl\/wp-content\/uploads\/2023\/05\/dvb-200jaarJEA-87-300x204.jpg'\" data-lb-index=\"3\"><div class=\"t-entry-visual-overlay\"><div class=\"t-entry-visual-overlay-in style-dark-bg\" style=\"opacity: 0.5;\"><\/div><\/div><img decoding=\"async\" class=\"wp-image-65661\" src=\"https:\/\/royalcasinocompany.nl\/wp-content\/uploads\/2023\/05\/dvb-200jaarJEA-87-uai-948x711.jpg\" width=\"948\" height=\"711\" alt=\"- Royal Casino Company\" title=\"\"><\/a><\/div>\n\t\t\t\t\t<\/div>\n\t\t\t\t<\/div><\/div><\/div><div class=\"tmb tmb-iso-w4 tmb-iso-h4 tmb-light tmb-overlay-text-anim tmb-overlay-anim tmb-overlay-middle tmb-overlay-text-left tmb-image-anim tmb-id-65660  tmb-img-ratio tmb-media-first tmb-media-last tmb-content-overlay tmb-no-bg tmb-lightbox\" ><div class=\"t-inside no-anim\" ><div class=\"t-entry-visual\"><div class=\"t-entry-visual-tc\"><div class=\"t-entry-visual-cont\"><div class=\"dummy\" style=\"padding-top: 75%;\"><\/div><a href=\"https:\/\/royalcasinocompany.nl\/wp-content\/uploads\/2023\/05\/dvb-200jaarJEA-78.jpg\"  class=\"pushed\" data-active=\"1\" data-lbox=\"ilightbox_gallery-109546\" data-options=\"width:1048,height:579,thumbnail: 'https:\/\/royalcasinocompany.nl\/wp-content\/uploads\/2023\/05\/dvb-200jaarJEA-78-300x166.jpg'\" data-lb-index=\"4\"><div class=\"t-entry-visual-overlay\"><div class=\"t-entry-visual-overlay-in style-dark-bg\" style=\"opacity: 0.5;\"><\/div><\/div><img decoding=\"async\" class=\"wp-image-65660\" src=\"https:\/\/royalcasinocompany.nl\/wp-content\/uploads\/2023\/05\/dvb-200jaarJEA-78-uai-772x579.jpg\" width=\"772\" height=\"579\" alt=\"- Royal Casino Company\" title=\"\"><\/a><\/div>\n\t\t\t\t\t<\/div>\n\t\t\t\t<\/div><\/div><\/div><div class=\"tmb tmb-iso-w4 tmb-iso-h4 tmb-light tmb-overlay-text-anim tmb-overlay-anim tmb-overlay-middle tmb-overlay-text-left tmb-image-anim tmb-id-65659  tmb-img-ratio tmb-media-first tmb-media-last tmb-content-overlay tmb-no-bg tmb-lightbox\" ><div class=\"t-inside no-anim\" ><div class=\"t-entry-visual\"><div class=\"t-entry-visual-tc\"><div class=\"t-entry-visual-cont\"><div class=\"dummy\" style=\"padding-top: 75.1%;\"><\/div><a href=\"https:\/\/royalcasinocompany.nl\/wp-content\/uploads\/2023\/05\/dvb-200jaarJEA-47.jpg\"  class=\"pushed\" data-active=\"1\" data-lbox=\"ilightbox_gallery-109546\" data-options=\"width:1048,height:698,thumbnail: 'https:\/\/royalcasinocompany.nl\/wp-content\/uploads\/2023\/05\/dvb-200jaarJEA-47-300x200.jpg'\" data-lb-index=\"5\"><div class=\"t-entry-visual-overlay\"><div class=\"t-entry-visual-overlay-in style-dark-bg\" style=\"opacity: 0.5;\"><\/div><\/div><img decoding=\"async\" class=\"wp-image-65659\" src=\"https:\/\/royalcasinocompany.nl\/wp-content\/uploads\/2023\/05\/dvb-200jaarJEA-47-uai-930x698.jpg\" width=\"930\" height=\"698\" alt=\"- Royal Casino Company\" title=\"\"><\/a><\/div>\n\t\t\t\t\t<\/div>\n\t\t\t\t<\/div><\/div><\/div><div class=\"tmb tmb-iso-w4 tmb-iso-h4 tmb-light tmb-overlay-text-anim tmb-overlay-anim tmb-overlay-middle tmb-overlay-text-left tmb-image-anim tmb-id-65664  tmb-img-ratio tmb-media-first tmb-media-last tmb-content-overlay tmb-no-bg tmb-lightbox\" ><div class=\"t-inside no-anim\" ><div class=\"t-entry-visual\"><div class=\"t-entry-visual-tc\"><div class=\"t-entry-visual-cont\"><div class=\"dummy\" style=\"padding-top: 75%;\"><\/div><a href=\"https:\/\/royalcasinocompany.nl\/wp-content\/uploads\/2023\/05\/IMG_5267.jpg\"  class=\"pushed\" data-active=\"1\" data-lbox=\"ilightbox_gallery-109546\" data-options=\"width:1032,height:774,thumbnail: 'https:\/\/royalcasinocompany.nl\/wp-content\/uploads\/2023\/05\/IMG_5267-300x225.jpg'\" data-lb-index=\"6\"><div class=\"t-entry-visual-overlay\"><div class=\"t-entry-visual-overlay-in style-dark-bg\" style=\"opacity: 0.5;\"><\/div><\/div><img decoding=\"async\" class=\"wp-image-65664\" src=\"https:\/\/royalcasinocompany.nl\/wp-content\/uploads\/2023\/05\/IMG_5267.jpg\" width=\"1032\" height=\"774\" alt=\"- Royal Casino Company\" title=\"\" srcset=\"https:\/\/royalcasinocompany.nl\/wp-content\/uploads\/2023\/05\/IMG_5267.jpg 1032w, https:\/\/royalcasinocompany.nl\/wp-content\/uploads\/2023\/05\/IMG_5267-300x225.jpg 300w, https:\/\/royalcasinocompany.nl\/wp-content\/uploads\/2023\/05\/IMG_5267-1024x768.jpg 1024w, https:\/\/royalcasinocompany.nl\/wp-content\/uploads\/2023\/05\/IMG_5267-768x576.jpg 768w, https:\/\/royalcasinocompany.nl\/wp-content\/uploads\/2023\/05\/IMG_5267-350x263.jpg 350w\" sizes=\"(max-width: 1032px) 100vw, 1032px\"><\/a><\/div>\n\t\t\t\t\t<\/div>\n\t\t\t\t<\/div><\/div><\/div><div class=\"tmb tmb-iso-w4 tmb-iso-h4 tmb-light tmb-overlay-text-anim tmb-overlay-anim tmb-overlay-middle tmb-overlay-text-left tmb-image-anim tmb-id-65665  tmb-img-ratio tmb-media-first tmb-media-last tmb-content-overlay tmb-no-bg tmb-lightbox\" ><div class=\"t-inside no-anim\" ><div class=\"t-entry-visual\"><div class=\"t-entry-visual-tc\"><div class=\"t-entry-visual-cont\"><div class=\"dummy\" style=\"padding-top: 75%;\"><\/div><a href=\"https:\/\/royalcasinocompany.nl\/wp-content\/uploads\/2023\/05\/IMG_5292.jpg\"  class=\"pushed\" data-active=\"1\" data-lbox=\"ilightbox_gallery-109546\" data-options=\"width:1024,height:730,thumbnail: 'https:\/\/royalcasinocompany.nl\/wp-content\/uploads\/2023\/05\/IMG_5292-300x214.jpg'\" data-lb-index=\"7\"><div class=\"t-entry-visual-overlay\"><div class=\"t-entry-visual-overlay-in style-dark-bg\" style=\"opacity: 0.5;\"><\/div><\/div><img decoding=\"async\" class=\"wp-image-65665\" src=\"https:\/\/royalcasinocompany.nl\/wp-content\/uploads\/2023\/05\/IMG_5292-uai-973x730.jpg\" width=\"973\" height=\"730\" alt=\"- Royal Casino Company\" title=\"\"><\/a><\/div>\n\t\t\t\t\t<\/div>\n\t\t\t\t<\/div><\/div><\/div><div class=\"tmb tmb-iso-w4 tmb-iso-h4 tmb-light tmb-overlay-text-anim tmb-overlay-anim tmb-overlay-middle tmb-overlay-text-left tmb-image-anim tmb-id-65668  tmb-img-ratio tmb-media-first tmb-media-last tmb-content-overlay tmb-no-bg tmb-lightbox\" ><div class=\"t-inside no-anim\" ><div class=\"t-entry-visual\"><div class=\"t-entry-visual-tc\"><div class=\"t-entry-visual-cont\"><div class=\"dummy\" style=\"padding-top: 75%;\"><\/div><a href=\"https:\/\/royalcasinocompany.nl\/wp-content\/uploads\/2023\/05\/CRWX4316.jpg\"  class=\"pushed\" data-active=\"1\" data-lbox=\"ilightbox_gallery-109546\" data-options=\"width:1302,height:739,thumbnail: 'https:\/\/royalcasinocompany.nl\/wp-content\/uploads\/2023\/05\/CRWX4316-300x170.jpg'\" data-lb-index=\"8\"><div class=\"t-entry-visual-overlay\"><div class=\"t-entry-visual-overlay-in style-dark-bg\" style=\"opacity: 0.5;\"><\/div><\/div><img decoding=\"async\" class=\"wp-image-65668\" src=\"https:\/\/royalcasinocompany.nl\/wp-content\/uploads\/2023\/05\/CRWX4316-uai-985x739.jpg\" width=\"985\" height=\"739\" alt=\"- Royal Casino Company\" title=\"\"><\/a><\/div>\n\t\t\t\t\t<\/div>\n\t\t\t\t<\/div><\/div><\/div><div class=\"tmb tmb-iso-w4 tmb-iso-h4 tmb-light tmb-overlay-text-anim tmb-overlay-anim tmb-overlay-middle tmb-overlay-text-left tmb-image-anim tmb-id-65670  tmb-img-ratio tmb-media-first tmb-media-last tmb-content-overlay tmb-no-bg tmb-lightbox\" ><div class=\"t-inside no-anim\" ><div class=\"t-entry-visual\"><div class=\"t-entry-visual-tc\"><div class=\"t-entry-visual-cont\"><div class=\"dummy\" style=\"padding-top: 75%;\"><\/div><a href=\"https:\/\/royalcasinocompany.nl\/wp-content\/uploads\/2023\/05\/BHIS9227.jpg\"  class=\"pushed\" data-active=\"1\" data-lbox=\"ilightbox_gallery-109546\" data-options=\"width:920,height:690,thumbnail: 'https:\/\/royalcasinocompany.nl\/wp-content\/uploads\/2023\/05\/BHIS9227-300x225.jpg'\" data-lb-index=\"9\"><div class=\"t-entry-visual-overlay\"><div class=\"t-entry-visual-overlay-in style-dark-bg\" style=\"opacity: 0.5;\"><\/div><\/div><img decoding=\"async\" class=\"wp-image-65670\" src=\"https:\/\/royalcasinocompany.nl\/wp-content\/uploads\/2023\/05\/BHIS9227.jpg\" width=\"920\" height=\"690\" alt=\"- Royal Casino Company\" title=\"\" srcset=\"https:\/\/royalcasinocompany.nl\/wp-content\/uploads\/2023\/05\/BHIS9227.jpg 920w, https:\/\/royalcasinocompany.nl\/wp-content\/uploads\/2023\/05\/BHIS9227-300x225.jpg 300w, https:\/\/royalcasinocompany.nl\/wp-content\/uploads\/2023\/05\/BHIS9227-768x576.jpg 768w, https:\/\/royalcasinocompany.nl\/wp-content\/uploads\/2023\/05\/BHIS9227-350x263.jpg 350w\" sizes=\"(max-width: 920px) 100vw, 920px\"><\/a><\/div>\n\t\t\t\t\t<\/div>\n\t\t\t\t<\/div><\/div><\/div><div class=\"tmb tmb-iso-w4 tmb-iso-h4 tmb-light tmb-overlay-text-anim tmb-overlay-anim tmb-overlay-middle tmb-overlay-text-left tmb-image-anim tmb-id-65671  tmb-img-ratio tmb-media-first tmb-media-last tmb-content-overlay tmb-no-bg tmb-lightbox\" ><div class=\"t-inside no-anim\" ><div class=\"t-entry-visual\"><div class=\"t-entry-visual-tc\"><div class=\"t-entry-visual-cont\"><div class=\"dummy\" style=\"padding-top: 75%;\"><\/div><a href=\"https:\/\/royalcasinocompany.nl\/wp-content\/uploads\/2023\/05\/CKAD8882.jpg\"  class=\"pushed\" data-active=\"1\" data-lbox=\"ilightbox_gallery-109546\" data-options=\"width:920,height:690,thumbnail: 'https:\/\/royalcasinocompany.nl\/wp-content\/uploads\/2023\/05\/CKAD8882-300x225.jpg'\" data-lb-index=\"10\"><div class=\"t-entry-visual-overlay\"><div class=\"t-entry-visual-overlay-in style-dark-bg\" style=\"opacity: 0.5;\"><\/div><\/div><img decoding=\"async\" class=\"wp-image-65671\" src=\"https:\/\/royalcasinocompany.nl\/wp-content\/uploads\/2023\/05\/CKAD8882.jpg\" width=\"920\" height=\"690\" alt=\"- Royal Casino Company\" title=\"\" srcset=\"https:\/\/royalcasinocompany.nl\/wp-content\/uploads\/2023\/05\/CKAD8882.jpg 920w, https:\/\/royalcasinocompany.nl\/wp-content\/uploads\/2023\/05\/CKAD8882-300x225.jpg 300w, https:\/\/royalcasinocompany.nl\/wp-content\/uploads\/2023\/05\/CKAD8882-768x576.jpg 768w, https:\/\/royalcasinocompany.nl\/wp-content\/uploads\/2023\/05\/CKAD8882-350x263.jpg 350w\" sizes=\"(max-width: 920px) 100vw, 920px\"><\/a><\/div>\n\t\t\t\t\t<\/div>\n\t\t\t\t<\/div><\/div><\/div><div class=\"tmb tmb-iso-w4 tmb-iso-h4 tmb-light tmb-overlay-text-anim tmb-overlay-anim tmb-overlay-middle tmb-overlay-text-left tmb-image-anim tmb-id-65672  tmb-img-ratio tmb-media-first tmb-media-last tmb-content-overlay tmb-no-bg tmb-lightbox\" ><div class=\"t-inside no-anim\" ><div class=\"t-entry-visual\"><div class=\"t-entry-visual-tc\"><div class=\"t-entry-visual-cont\"><div class=\"dummy\" style=\"padding-top: 75%;\"><\/div><a href=\"https:\/\/royalcasinocompany.nl\/wp-content\/uploads\/2023\/05\/MWYX8714.jpg\"  class=\"pushed\" data-active=\"1\" data-lbox=\"ilightbox_gallery-109546\" data-options=\"width:920,height:690,thumbnail: 'https:\/\/royalcasinocompany.nl\/wp-content\/uploads\/2023\/05\/MWYX8714-300x225.jpg'\" data-lb-index=\"11\"><div class=\"t-entry-visual-overlay\"><div class=\"t-entry-visual-overlay-in style-dark-bg\" style=\"opacity: 0.5;\"><\/div><\/div><img decoding=\"async\" class=\"wp-image-65672\" src=\"https:\/\/royalcasinocompany.nl\/wp-content\/uploads\/2023\/05\/MWYX8714.jpg\" width=\"920\" height=\"690\" alt=\"- Royal Casino Company\" title=\"\" srcset=\"https:\/\/royalcasinocompany.nl\/wp-content\/uploads\/2023\/05\/MWYX8714.jpg 920w, https:\/\/royalcasinocompany.nl\/wp-content\/uploads\/2023\/05\/MWYX8714-300x225.jpg 300w, https:\/\/royalcasinocompany.nl\/wp-content\/uploads\/2023\/05\/MWYX8714-768x576.jpg 768w, https:\/\/royalcasinocompany.nl\/wp-content\/uploads\/2023\/05\/MWYX8714-350x263.jpg 350w\" sizes=\"(max-width: 920px) 100vw, 920px\"><\/a><\/div>\n\t\t\t\t\t<\/div>\n\t\t\t\t<\/div><\/div><\/div>\t\t\t<\/div>\n\t\t\t\t\t<\/div>\n\n\t\n\t\n\t\n<\/div>\n\n<\/div><\/div><\/div><\/div><\/div><script id=\"script-row-unique-3\" data-row=\"script-row-unique-3\" type=\"text\/javascript\" class=\"vc_controls\">UNCODE.initRow(document.getElementById(\"row-unique-3\"));<\/script><\/div><\/div><\/div>\n<\/div>","protected":false},"excerpt":{"rendered":"Home Onze unieke uitgewerkte conceptenHeeft u een idee? Wilt u iets unieks organiseren? Wellicht kunnen wij u daarbij helpen. Wij [...]","protected":false},"author":1,"featured_media":65649,"parent":60438,"menu_order":0,"comment_status":"closed","ping_status":"closed","template":"","meta":{"footnotes":""},"class_list":["post-60497","page","type-page","status-publish","has-post-thumbnail","hentry","page_category-gelegenheden"],"_links":{"self":[{"href":"https:\/\/royalcasinocompany.nl\/fr\/wp-json\/wp\/v2\/pages\/60497","targetHints":{"allow":["GET"]}}],"collection":[{"href":"https:\/\/royalcasinocompany.nl\/fr\/wp-json\/wp\/v2\/pages"}],"about":[{"href":"https:\/\/royalcasinocompany.nl\/fr\/wp-json\/wp\/v2\/types\/page"}],"author":[{"embeddable":true,"href":"https:\/\/royalcasinocompany.nl\/fr\/wp-json\/wp\/v2\/users\/1"}],"replies":[{"embeddable":true,"href":"https:\/\/royalcasinocompany.nl\/fr\/wp-json\/wp\/v2\/comments?post=60497"}],"version-history":[{"count":20,"href":"https:\/\/royalcasinocompany.nl\/fr\/wp-json\/wp\/v2\/pages\/60497\/revisions"}],"predecessor-version":[{"id":70509,"href":"https:\/\/royalcasinocompany.nl\/fr\/wp-json\/wp\/v2\/pages\/60497\/revisions\/70509"}],"up":[{"embeddable":true,"href":"https:\/\/royalcasinocompany.nl\/fr\/wp-json\/wp\/v2\/pages\/60438"}],"wp:featuredmedia":[{"embeddable":true,"href":"https:\/\/royalcasinocompany.nl\/fr\/wp-json\/wp\/v2\/media\/65649"}],"wp:attachment":[{"href":"https:\/\/royalcasinocompany.nl\/fr\/wp-json\/wp\/v2\/media?parent=60497"}],"curies":[{"name":"wp","href":"https:\/\/api.w.org\/{rel}","templated":true}]}}