{"id":60528,"date":"2025-06-06T21:00:18","date_gmt":"2025-06-06T19:00:18","guid":{"rendered":"https:\/\/royalcasinocompany.nl\/?page_id=60528"},"modified":"2025-07-14T13:02:27","modified_gmt":"2025-07-14T11:02:27","slug":"goede-doelen-club","status":"publish","type":"page","link":"https:\/\/royalcasinocompany.nl\/fr\/casino-op-locatie\/goede-doelen-club\/","title":{"rendered":"Club caritatif"},"content":{"rendered":"<div class=\"wpb-content-wrapper\"><div data-parent=\"true\" class=\"vc_row row-container boomapps_vcrow\" id=\"row-unique-0\"><div class=\"row limit-width row-parent\"><div class=\"wpb_row row-inner\"><div class=\"wpb_column pos-top pos-center align_left column_parent col-lg-12 boomapps_vccolumn single-internal-gutter\"><div class=\"uncol style-dark\"  ><div class=\"uncoltable\"><div class=\"uncell  boomapps_vccolumn no-block-padding\" ><div class=\"uncont\" ><div class=\"uncode_text_column text-small text-accent-color\" ><nav aria-label=\"chapelure\" class=\"rank-math-breadcrumb\"><p><span class=\"last\">Accueil<\/span><\/p><\/nav>\n<\/div><\/div><\/div><\/div><\/div><\/div><script id=\"script-row-unique-0\" data-row=\"script-row-unique-0\" type=\"text\/javascript\" class=\"vc_controls\">UNCODE.initRow(document.getElementById(\"row-unique-0\"));<\/script><\/div><\/div><\/div><div data-parent=\"true\" class=\"vc_row row-container boomapps_vcrow\" id=\"row-unique-1\"><div class=\"row limit-width row-parent\"><div class=\"wpb_row row-inner\"><div class=\"wpb_column pos-top pos-center align_left column_parent col-lg-6 boomapps_vccolumn single-internal-gutter\"><div class=\"uncol style-dark\"  ><div class=\"uncoltable\"><div class=\"uncell  boomapps_vccolumn no-block-padding\" ><div class=\"uncont\" ><div class=\"vc_custom_heading_wrap\"><div class=\"heading-text el-text\" ><h2 class=\"h2\" ><span>Vous souhaitez louer un casino pour votre table ronde ?<\/span><\/h2><\/div><div class=\"clear\"><\/div><\/div><div class=\"uncode_text_column\" ><p>En tant qu'organisation de la Table Ronde, vous organisez r\u00e9guli\u00e8rement des rencontres, des f\u00eates et des galas dans le but de collecter des fonds pour des \u0153uvres caritatives. Nous sommes heureux de vous aider \u00e0 collecter plus d'argent pour vos associations caritatives d'une mani\u00e8re tr\u00e8s amusante et divertissante.<\/p>\n<p>Gr\u00e2ce \u00e0 nos tables de casino magnifiques et \u00e9l\u00e9gantes, vos invit\u00e9s passeront une soir\u00e9e dans des sph\u00e8res luxueuses. Gr\u00e2ce \u00e0 notre concept de casino caritatif, vos invit\u00e9s passeront une soir\u00e9e fantastique, feront des dons ludiques et tout le monde aura une chance de gagner de superbes prix.<\/p>\n<p>Nous sommes heureux de vous aider \u00e0 l'organiser. Nous sommes heureux d'apporter notre contribution en accordant une r\u00e9duction aux organisations caritatives.<\/p>\n<\/div><\/div><\/div><\/div><\/div><\/div><div class=\"wpb_column pos-top pos-center align_left column_parent col-lg-6 boomapps_vccolumn single-internal-gutter\"><div class=\"uncol style-dark\"  ><div class=\"uncoltable\"><div class=\"uncell  boomapps_vccolumn no-block-padding\" ><div class=\"uncont\" ><div class=\"uncode-single-media  text-left\"><div class=\"single-wrapper\" style=\"max-width: 100%;\"><div class=\"tmb tmb-light  tmb-img-ratio tmb-media-first tmb-media-last tmb-content-overlay tmb-no-bg\"><div class=\"t-inside\"><div class=\"t-entry-visual\"><div class=\"t-entry-visual-tc\"><div class=\"uncode-single-media-wrapper\"><div class=\"dummy\" style=\"padding-top: 66.7%;\"><\/div><img decoding=\"async\" class=\"wp-image-65747\" src=\"https:\/\/royalcasinocompany.nl\/wp-content\/uploads\/2023\/05\/12932873_592625160887442_2157413296100665854_n-uai-960x640.jpg\" width=\"960\" height=\"640\" alt=\"- Royal Casino Company\" title=\"\"><\/div>\n\t\t\t\t\t<\/div>\n\t\t\t\t<\/div><\/div><\/div><\/div><\/div><\/div><\/div><\/div><\/div><\/div><script id=\"script-row-unique-1\" data-row=\"script-row-unique-1\" type=\"text\/javascript\" class=\"vc_controls\">UNCODE.initRow(document.getElementById(\"row-unique-1\"));<\/script><\/div><\/div><\/div><div data-parent=\"true\" class=\"vc_row row-container boomapps_vcrow\" id=\"row-unique-2\"><div class=\"row limit-width row-parent\"><div class=\"wpb_row row-inner\"><div class=\"wpb_column pos-top pos-center align_left column_parent col-lg-12 boomapps_vccolumn single-internal-gutter\"><div class=\"uncol style-dark\"  ><div class=\"uncoltable\"><div class=\"uncell  boomapps_vccolumn no-block-padding\" ><div class=\"uncont\" ><div class=\"divider-wrapper\"  >\n    <hr class=\"border-accent-color separator-no-padding\"  \/>\n<\/div>\n<\/div><\/div><\/div><\/div><\/div><script id=\"script-row-unique-2\" data-row=\"script-row-unique-2\" type=\"text\/javascript\" class=\"vc_controls\">UNCODE.initRow(document.getElementById(\"row-unique-2\"));<\/script><\/div><\/div><\/div><div data-parent=\"true\" class=\"vc_row row-container boomapps_vcrow\" id=\"row-unique-3\"><div class=\"row limit-width row-parent\"><div class=\"wpb_row row-inner\"><div class=\"wpb_column pos-top pos-center align_left column_parent col-lg-12 boomapps_vccolumn single-internal-gutter\"><div class=\"uncol style-dark\"  ><div class=\"uncoltable\"><div class=\"uncell  boomapps_vccolumn no-block-padding\" ><div class=\"uncont\" ><div id=\"gallery-109546\" class=\"un-media-gallery isotope-system isotope-general-dark grid-general-dark\">\n\t\t\t\t\t\n\t\n\t<div class=\"isotope-wrapper grid-wrapper half-gutter\" >\n\t\t\t\t\t\t\t\t\t<div class=\"isotope-container isotope-layout style-masonry\" data-type=\"masonry\" data-layout=\"masonry\" data-lg=\"1000\" data-md=\"600\" data-sm=\"480\">\n<div class=\"tmb tmb-iso-w3 tmb-iso-h4 tmb-light tmb-overlay-text-anim tmb-overlay-anim tmb-overlay-middle tmb-overlay-text-left tmb-image-anim tmb-id-65747  tmb-img-ratio tmb-media-first tmb-media-last tmb-content-overlay tmb-no-bg tmb-lightbox\" ><div class=\"t-inside no-anim\" ><div class=\"t-entry-visual\"><div class=\"t-entry-visual-tc\"><div class=\"t-entry-visual-cont\"><div class=\"dummy\" style=\"padding-top: 75.1%;\"><\/div><a href=\"https:\/\/royalcasinocompany.nl\/wp-content\/uploads\/2023\/05\/12932873_592625160887442_2157413296100665854_n.jpg\"  class=\"pushed\" data-active=\"1\" data-lbox=\"ilightbox_gallery-109546\" data-options=\"width:960,height:704,thumbnail: 'https:\/\/royalcasinocompany.nl\/wp-content\/uploads\/2023\/05\/12932873_592625160887442_2157413296100665854_n-300x220.jpg'\" data-lb-index=\"0\"><div class=\"t-entry-visual-overlay\"><div class=\"t-entry-visual-overlay-in style-dark-bg\" style=\"opacity: 0.5;\"><\/div><\/div><img decoding=\"async\" class=\"wp-image-65747\" src=\"https:\/\/royalcasinocompany.nl\/wp-content\/uploads\/2023\/05\/12932873_592625160887442_2157413296100665854_n-uai-938x704.jpg\" width=\"938\" height=\"704\" alt=\"- Royal Casino Company\" title=\"\"><\/a><\/div>\n\t\t\t\t\t<\/div>\n\t\t\t\t<\/div><\/div><\/div><div class=\"tmb tmb-iso-w3 tmb-iso-h4 tmb-light tmb-overlay-text-anim tmb-overlay-anim tmb-overlay-middle tmb-overlay-text-left tmb-image-anim tmb-id-65746  tmb-img-ratio tmb-media-first tmb-media-last tmb-content-overlay tmb-no-bg tmb-lightbox\" ><div class=\"t-inside no-anim\" ><div class=\"t-entry-visual\"><div class=\"t-entry-visual-tc\"><div class=\"t-entry-visual-cont\"><div class=\"dummy\" style=\"padding-top: 75.1%;\"><\/div><a href=\"https:\/\/royalcasinocompany.nl\/wp-content\/uploads\/2023\/05\/10403636_592624524220839_764433840334592930_n.jpg\"  class=\"pushed\" data-active=\"1\" data-lbox=\"ilightbox_gallery-109546\" data-options=\"width:960,height:719,thumbnail: 'https:\/\/royalcasinocompany.nl\/wp-content\/uploads\/2023\/05\/10403636_592624524220839_764433840334592930_n-300x225.jpg'\" data-lb-index=\"1\"><div class=\"t-entry-visual-overlay\"><div class=\"t-entry-visual-overlay-in style-dark-bg\" style=\"opacity: 0.5;\"><\/div><\/div><img decoding=\"async\" class=\"wp-image-65746\" src=\"https:\/\/royalcasinocompany.nl\/wp-content\/uploads\/2023\/05\/10403636_592624524220839_764433840334592930_n-uai-958x719.jpg\" width=\"958\" height=\"719\" alt=\"- Royal Casino Company\" title=\"\"><\/a><\/div>\n\t\t\t\t\t<\/div>\n\t\t\t\t<\/div><\/div><\/div><div class=\"tmb tmb-iso-w3 tmb-iso-h4 tmb-light tmb-overlay-text-anim tmb-overlay-anim tmb-overlay-middle tmb-overlay-text-left tmb-image-anim tmb-id-65745  tmb-img-ratio tmb-media-first tmb-media-last tmb-content-overlay tmb-no-bg tmb-lightbox\" ><div class=\"t-inside no-anim\" ><div class=\"t-entry-visual\"><div class=\"t-entry-visual-tc\"><div class=\"t-entry-visual-cont\"><div class=\"dummy\" style=\"padding-top: 75%;\"><\/div><a href=\"https:\/\/royalcasinocompany.nl\/wp-content\/uploads\/2023\/05\/12963390_592627554220536_6963719980904656282_n.jpg\"  class=\"pushed\" data-active=\"1\" data-lbox=\"ilightbox_gallery-109546\" data-options=\"width:960,height:648,thumbnail: 'https:\/\/royalcasinocompany.nl\/wp-content\/uploads\/2023\/05\/12963390_592627554220536_6963719980904656282_n-300x203.jpg'\" data-lb-index=\"2\"><div class=\"t-entry-visual-overlay\"><div class=\"t-entry-visual-overlay-in style-dark-bg\" style=\"opacity: 0.5;\"><\/div><\/div><img decoding=\"async\" class=\"wp-image-65745\" src=\"https:\/\/royalcasinocompany.nl\/wp-content\/uploads\/2023\/05\/12963390_592627554220536_6963719980904656282_n-uai-864x648.jpg\" width=\"864\" height=\"648\" alt=\"- Royal Casino Company\" title=\"\"><\/a><\/div>\n\t\t\t\t\t<\/div>\n\t\t\t\t<\/div><\/div><\/div>\t\t\t<\/div>\n\t\t\t\t\t<\/div>\n\n\t\n\t\n\t\n<\/div>\n\n<\/div><\/div><\/div><\/div><\/div><script id=\"script-row-unique-3\" data-row=\"script-row-unique-3\" type=\"text\/javascript\" class=\"vc_controls\">UNCODE.initRow(document.getElementById(\"row-unique-3\"));<\/script><\/div><\/div><\/div>\n<\/div>","protected":false},"excerpt":{"rendered":"Home Casino inhuren op uw ronde tafel evenement?Als Ronde tafel organisatie organiseert u regelmatig borrels, feestjes en gala&#8217;s met als [...]","protected":false},"author":1,"featured_media":65747,"parent":60438,"menu_order":0,"comment_status":"closed","ping_status":"closed","template":"","meta":{"footnotes":""},"class_list":["post-60528","page","type-page","status-publish","has-post-thumbnail","hentry","page_category-gelegenheden"],"_links":{"self":[{"href":"https:\/\/royalcasinocompany.nl\/fr\/wp-json\/wp\/v2\/pages\/60528","targetHints":{"allow":["GET"]}}],"collection":[{"href":"https:\/\/royalcasinocompany.nl\/fr\/wp-json\/wp\/v2\/pages"}],"about":[{"href":"https:\/\/royalcasinocompany.nl\/fr\/wp-json\/wp\/v2\/types\/page"}],"author":[{"embeddable":true,"href":"https:\/\/royalcasinocompany.nl\/fr\/wp-json\/wp\/v2\/users\/1"}],"replies":[{"embeddable":true,"href":"https:\/\/royalcasinocompany.nl\/fr\/wp-json\/wp\/v2\/comments?post=60528"}],"version-history":[{"count":12,"href":"https:\/\/royalcasinocompany.nl\/fr\/wp-json\/wp\/v2\/pages\/60528\/revisions"}],"predecessor-version":[{"id":70477,"href":"https:\/\/royalcasinocompany.nl\/fr\/wp-json\/wp\/v2\/pages\/60528\/revisions\/70477"}],"up":[{"embeddable":true,"href":"https:\/\/royalcasinocompany.nl\/fr\/wp-json\/wp\/v2\/pages\/60438"}],"wp:featuredmedia":[{"embeddable":true,"href":"https:\/\/royalcasinocompany.nl\/fr\/wp-json\/wp\/v2\/media\/65747"}],"wp:attachment":[{"href":"https:\/\/royalcasinocompany.nl\/fr\/wp-json\/wp\/v2\/media?parent=60528"}],"curies":[{"name":"wp","href":"https:\/\/api.w.org\/{rel}","templated":true}]}}