{"id":63481,"date":"2021-04-12T16:11:20","date_gmt":"2021-04-12T16:11:20","guid":{"rendered":"https:\/\/royalcasinocompany.nl\/?page_id=63481"},"modified":"2025-06-11T11:59:08","modified_gmt":"2025-06-11T09:59:08","slug":"casino-tafel-verkoop-nieuw","status":"publish","type":"page","link":"https:\/\/royalcasinocompany.nl\/fr\/casino-tafel-verkoop-nieuw\/","title":{"rendered":"Vente de tables de casino (nouveau)"},"content":{"rendered":"<div class=\"wpb-content-wrapper\"><div data-parent=\"true\" class=\"vc_row row-container boomapps_vcrow\" id=\"row-unique-0\"><div class=\"row limit-width row-parent\"><div class=\"wpb_row row-inner\"><div class=\"wpb_column pos-top pos-center align_left column_parent col-lg-12 boomapps_vccolumn single-internal-gutter\"><div class=\"uncol style-dark\"  ><div class=\"uncoltable\"><div class=\"uncell  boomapps_vccolumn no-block-padding\" ><div class=\"uncont\" ><div class=\"vc_row row-internal row-container boomapps_vcrow\"><div class=\"row row-child\"><div class=\"wpb_row row-inner\"><div class=\"wpb_column pos-top pos-center align_center column_child col-lg-12 boomapps_vccolumn single-internal-gutter\"><div class=\"uncol style-dark font-134980\" ><div class=\"uncoltable\"><div class=\"uncell  boomapps_vccolumn no-block-padding\" ><div class=\"uncont\" style=\" max-width:696px;\" ><div class=\"vc_custom_heading_wrap\"><div class=\"heading-text el-text\" ><h1 class=\"font-762333 h1 font-weight-700 text-uppercase\" ><span>TABLE DE CASINO VENTE \/ NOUVEAU<\/span><\/h1><div class=\"text-small\"><p>HORS 21% TVA<\/p>\n<\/div><hr class=\"separator-break separator-accent\" \/><\/div><div class=\"clear\"><\/div><\/div><\/div><\/div><\/div><\/div><\/div><\/div><\/div><\/div><\/div><\/div><\/div><\/div><\/div><script id=\"script-row-unique-0\" data-row=\"script-row-unique-0\" type=\"text\/javascript\" class=\"vc_controls\">UNCODE.initRow(document.getElementById(\"row-unique-0\"));<\/script><\/div><\/div><\/div><div data-parent=\"true\" class=\"vc_row row-container boomapps_vcrow\" id=\"row-unique-1\"><div class=\"row limit-width row-parent\"><div class=\"wpb_row row-inner\"><div class=\"wpb_column pos-top pos-center align_left column_parent col-lg-12 boomapps_vccolumn single-internal-gutter\"><div class=\"uncol style-dark\"  ><div class=\"uncoltable\"><div class=\"uncell  boomapps_vccolumn no-block-padding\" ><div class=\"uncont\" ><div class=\"vc_row row-internal row-container boomapps_vcrow\"><div class=\"row row-child\"><div class=\"wpb_row row-inner\"><div class=\"wpb_column pos-top pos-center align_center column_child col-lg-12 boomapps_vccolumn single-internal-gutter\"><div class=\"uncol style-dark\" ><div class=\"uncoltable\"><div class=\"uncell  boomapps_vccolumn no-block-padding\" ><div class=\"uncont\" ><div class=\"vc_custom_heading_wrap\"><div class=\"heading-text el-text\" ><\/p>\n<h2>ACHETER DU MAT\u00c9RIEL DE CASINO PROFESSIONNEL ?<\/h2>\n<p>\n<\/div><div class=\"clear\"><\/div><\/div><\/div><\/div><\/div><\/div><\/div><\/div><\/div><\/div><div class=\"vc_row row-internal row-container boomapps_vcrow\"><div class=\"row row-child\"><div class=\"wpb_row row-inner\"><div class=\"wpb_column pos-top pos-center align_left column_child col-lg-6 boomapps_vccolumn single-internal-gutter\"><div class=\"uncol style-dark\" ><div class=\"uncoltable\"><div class=\"uncell  boomapps_vccolumn no-block-padding\" ><div class=\"uncont\" ><div class=\"divider-wrapper\"  >\n    <hr class=\"border-accent-color separator-no-padding\"  \/>\n<\/div>\n<div class=\"uncode_text_column\" ><p>Royal Casino est le fournisseur privil\u00e9gi\u00e9 d'un fabricant de casinos professionnels. Gr\u00e2ce \u00e0 cette agr\u00e9able coop\u00e9ration, qui dure depuis de nombreuses ann\u00e9es, nous avons fourni \u00e0 de nombreux clients et sites des tables et du mat\u00e9riel de casino luxueux et professionnels. Il s'agit notamment d'h\u00f4tels, de mancaves de luxe, de salles de jeux en direct, de projets promotionnels, de clients priv\u00e9s et de soci\u00e9t\u00e9s de transport maritime.<\/p>\n<p>Comme vous pouvez le voir dans notre offre de vente, nous nous effor\u00e7ons d'atteindre la perfection en combinant une qualit\u00e9 europ\u00e9enne \u00e9lev\u00e9e. Le mat\u00e9riel de casino que nous proposons se retrouve principalement dans les casinos de luxe \u00e9trangers, tels que le Casino de Monte Carlo, le Casino de Cannes et le Casino du Grand H\u00f4tel d'Ibiza.<\/p>\n<\/div><\/div><\/div><\/div><\/div><\/div><div class=\"wpb_column pos-top pos-center align_left column_child col-lg-6 boomapps_vccolumn single-internal-gutter\"><div class=\"uncol style-dark\" ><div class=\"uncoltable\"><div class=\"uncell  boomapps_vccolumn no-block-padding\" ><div class=\"uncont\" ><div class=\"divider-wrapper\"  >\n    <hr class=\"border-accent-color separator-no-padding\"  \/>\n<\/div>\n<div class=\"uncode_text_column\" ><p>Pendant longtemps, les casinos ont eu l'exclusivit\u00e9 du droit exclusif des tables et mat\u00e9riels de casino de luxe.<\/p>\n<p>Jusqu'\u00e0 pr\u00e9sent, vous avez la possibilit\u00e9 de vous procurer une table de casino et du mat\u00e9riel magnifiques et originaux. Vous \u00eates \u00e0 la recherche d'une belle table de blackjack au design exclusif ? Ou une table de roulette que vous avez compos\u00e9e vous-m\u00eame en termes de couleurs et de disposition ? Tout est possible pour cr\u00e9er une exp\u00e9rience de casino fantastique dans votre \u00e9tablissement.<\/p>\n<\/div><\/div><\/div><\/div><\/div><\/div><\/div><\/div><\/div><div class=\"divider-wrapper\"  >\n    <hr class=\"border-accent-color separator-no-padding\"  \/>\n<\/div>\n<div class=\"vc_row row-internal row-container boomapps_vcrow\"><div class=\"row row-child\"><div class=\"wpb_row row-inner\"><div class=\"wpb_column pos-top pos-center align_center column_child col-lg-12 boomapps_vccolumn single-internal-gutter\"><div class=\"uncol style-dark\" ><div class=\"uncoltable\"><div class=\"uncell  boomapps_vccolumn no-block-padding\" ><div class=\"uncont\" ><div class=\"vc_custom_heading_wrap\"><div class=\"heading-text el-text\" ><\/p>\n<h3>LES VENTES OFFRENT DE \"NOUVELLES<\/h3>\n<p>\n<\/div><div class=\"clear\"><\/div><\/div><div id=\"index-108240\" class=\"isotope-system isotope-general-dark grid-general-dark\" >\n\t\t\t\n\t\t\t\t\t\t\t\t\t\t\t\t\t\t<div class=\"isotope-wrapper grid-wrapper half-gutter isotope-inner-padding grid-inner-padding\" >\t\t\t\t\t\t\t\t\t\t\t\t<div class=\"isotope-container grid-container isotope-layout style-masonry isotope-pagination grid-pagination\" data-type=\"masonry\" data-layout=\"masonry\" data-lg=\"1000\" data-md=\"600\" data-sm=\"480\" data-vp-height=\"\">\t\t\t<div class=\"tmb atc-typography-inherit tmb-iso-w4 tmb-iso-h4 tmb-round img-round-lg tmb-dark tmb-overlay-gradient-bottom tmb-overlay-anim tmb-content-center tmb-content-mobile-center tmb-image-anim  grid-cat-1422 tmb-id-63499 tmb-content-under tmb-media-first\" ><div class=\"t-inside style-color-prif-bg no-anim\" ><div class=\"t-entry-visual\"><div class=\"t-entry-visual-tc\"><div class=\"t-entry-visual-cont\"><div class=\"dummy\" style=\"padding-top: 98.5%;\"><\/div><a role=\"button\" tabindex=\"-1\" href=\"https:\/\/royalcasinocompany.nl\/fr\/roulette-tafels-kopen-nieuw\/\" class=\"pushed\" aria-label=\"Table de roulette avec cadre robuste en acajou, bordures en cuir blanc et surface de jeu rouge luxueuse.\"  target=\"_self\" data-lb-index=\"0\"><div class=\"t-entry-visual-overlay\"><div class=\"t-entry-visual-overlay-in style-color-rgdb-bg\" style=\"opacity: 0.01;\"><\/div><\/div><img decoding=\"async\" class=\"wp-image-66714\" src=\"https:\/\/royalcasinocompany.nl\/wp-content\/uploads\/2021\/04\/IMG_2473.jpeg\" width=\"518\" height=\"510\" alt=\"Roulette tafel met stefvig onderstel van mahonie, witte lederen rand en luxe rood speelveld\" title=\"\" srcset=\"https:\/\/royalcasinocompany.nl\/wp-content\/uploads\/2021\/04\/IMG_2473.jpeg 518w, https:\/\/royalcasinocompany.nl\/wp-content\/uploads\/2021\/04\/IMG_2473-300x295.jpeg 300w, https:\/\/royalcasinocompany.nl\/wp-content\/uploads\/2021\/04\/IMG_2473-350x345.jpeg 350w\" sizes=\"(max-width: 518px) 100vw, 518px\"><\/a><\/div>\n\t\t\t\t\t<\/div>\n\t\t\t\t<\/div><div class=\"t-entry-text\">\n\t\t\t\t\t\t\t\t\t<div class=\"t-entry-text-tc single-block-padding\"><div class=\"t-entry\"><h3 class=\"t-entry-title h6 title-scale\"><a href=\"https:\/\/royalcasinocompany.nl\/fr\/roulette-tafels-kopen-nieuw\/\" target=\"_self\">Acheter des tables de roulette (nouveau)<\/a><\/h3><\/div><\/div>\n\t\t\t\t\t\t\t<\/div><\/div><\/div><div class=\"tmb atc-typography-inherit tmb-iso-w4 tmb-iso-h4 tmb-round img-round-lg tmb-dark tmb-overlay-gradient-bottom tmb-overlay-anim tmb-content-center tmb-content-mobile-center tmb-image-anim  grid-cat-1422 tmb-id-63305 tmb-content-under tmb-media-first\" ><div class=\"t-inside style-color-prif-bg no-anim\" ><div class=\"t-entry-visual\"><div class=\"t-entry-visual-tc\"><div class=\"t-entry-visual-cont\"><div class=\"dummy\" style=\"padding-top: 98.5%;\"><\/div><a role=\"button\" tabindex=\"-1\" href=\"https:\/\/royalcasinocompany.nl\/fr\/blackjack-tafel-kopen-nieuw\/\" class=\"pushed\" aria-label=\"luxueuse table de blackjack en bois d&#039;acajou avec double couche et terrain de jeu bleu marine\"  target=\"_self\" data-lb-index=\"1\"><div class=\"t-entry-visual-overlay\"><div class=\"t-entry-visual-overlay-in style-color-rgdb-bg\" style=\"opacity: 0.01;\"><\/div><\/div><img decoding=\"async\" class=\"wp-image-66669\" src=\"https:\/\/royalcasinocompany.nl\/wp-content\/uploads\/2021\/04\/IMG_2518.jpeg\" width=\"518\" height=\"510\" alt=\"luxe mahonie houten blackjack tafel met dubbele speellaag en navy blue speelveld\" title=\"\" srcset=\"https:\/\/royalcasinocompany.nl\/wp-content\/uploads\/2021\/04\/IMG_2518.jpeg 518w, https:\/\/royalcasinocompany.nl\/wp-content\/uploads\/2021\/04\/IMG_2518-300x295.jpeg 300w, https:\/\/royalcasinocompany.nl\/wp-content\/uploads\/2021\/04\/IMG_2518-350x345.jpeg 350w\" sizes=\"(max-width: 518px) 100vw, 518px\"><\/a><\/div>\n\t\t\t\t\t<\/div>\n\t\t\t\t<\/div><div class=\"t-entry-text\">\n\t\t\t\t\t\t\t\t\t<div class=\"t-entry-text-tc single-block-padding\"><div class=\"t-entry\"><h3 class=\"t-entry-title h6 title-scale\"><a href=\"https:\/\/royalcasinocompany.nl\/fr\/blackjack-tafel-kopen-nieuw\/\" target=\"_self\">Acheter une table de blackjack (nouveau)<\/a><\/h3><\/div><\/div>\n\t\t\t\t\t\t\t<\/div><\/div><\/div><div class=\"tmb atc-typography-inherit tmb-iso-w4 tmb-iso-h4 tmb-round img-round-lg tmb-dark tmb-overlay-gradient-bottom tmb-overlay-anim tmb-content-center tmb-content-mobile-center tmb-image-anim  grid-cat-1422 tmb-id-67591 tmb-content-under tmb-media-first\" ><div class=\"t-inside style-color-prif-bg no-anim\" ><div class=\"t-entry-visual\"><div class=\"t-entry-visual-tc\"><div class=\"t-entry-visual-cont\"><div class=\"dummy\" style=\"padding-top: 98.5%;\"><\/div><a role=\"button\" tabindex=\"-1\" href=\"https:\/\/royalcasinocompany.nl\/fr\/poker-tafels-kopen-nieuw\/\" class=\"pushed\" aria-label=\"Table de poker avec garniture en cuir noir, disposition color\u00e9e, avec plateau pour croupier et pieds pliants\"  target=\"_self\" data-lb-index=\"2\"><div class=\"t-entry-visual-overlay\"><div class=\"t-entry-visual-overlay-in style-color-rgdb-bg\" style=\"opacity: 0.01;\"><\/div><\/div><img decoding=\"async\" class=\"wp-image-66591\" src=\"https:\/\/royalcasinocompany.nl\/wp-content\/uploads\/2021\/04\/IMG_2601.jpeg\" width=\"518\" height=\"510\" alt=\"Poker tafel met zwarte lederen rand, gekleurde lay-out, met dealer tray en klappoten\" title=\"\" srcset=\"https:\/\/royalcasinocompany.nl\/wp-content\/uploads\/2021\/04\/IMG_2601.jpeg 518w, https:\/\/royalcasinocompany.nl\/wp-content\/uploads\/2021\/04\/IMG_2601-300x295.jpeg 300w, https:\/\/royalcasinocompany.nl\/wp-content\/uploads\/2021\/04\/IMG_2601-350x345.jpeg 350w\" sizes=\"(max-width: 518px) 100vw, 518px\"><\/a><\/div>\n\t\t\t\t\t<\/div>\n\t\t\t\t<\/div><div class=\"t-entry-text\">\n\t\t\t\t\t\t\t\t\t<div class=\"t-entry-text-tc single-block-padding\"><div class=\"t-entry\"><h3 class=\"t-entry-title h6 title-scale\"><a href=\"https:\/\/royalcasinocompany.nl\/fr\/poker-tafels-kopen-nieuw\/\" target=\"_self\">Acheter des tables de poker (nouveau)<\/a><\/h3><\/div><\/div>\n\t\t\t\t\t\t\t<\/div><\/div><\/div><div class=\"tmb atc-typography-inherit tmb-iso-w4 tmb-iso-h4 tmb-round img-round-lg tmb-dark tmb-overlay-gradient-bottom tmb-overlay-anim tmb-content-center tmb-content-mobile-center tmb-image-anim  grid-cat-1422 tmb-id-66793 tmb-content-under tmb-media-first\" ><div class=\"t-inside style-color-prif-bg no-anim\" ><div class=\"t-entry-visual\"><div class=\"t-entry-visual-tc\"><div class=\"t-entry-visual-cont\"><div class=\"dummy\" style=\"padding-top: 98.5%;\"><\/div><a role=\"button\" tabindex=\"-1\" href=\"https:\/\/royalcasinocompany.nl\/fr\/casino-accessoires\/\" class=\"pushed\" aria-label=\"ce que l&#039;on utilise \u00e0 la table d&#039;un casino\"  target=\"_self\" data-lb-index=\"3\"><div class=\"t-entry-visual-overlay\"><div class=\"t-entry-visual-overlay-in style-color-rgdb-bg\" style=\"opacity: 0.01;\"><\/div><\/div><img decoding=\"async\" class=\"wp-image-66685\" src=\"https:\/\/royalcasinocompany.nl\/wp-content\/uploads\/2021\/04\/IMG_2502.jpeg\" width=\"518\" height=\"510\" alt=\"spullen wat je gebruikt aan een casinotafel\" title=\"\" srcset=\"https:\/\/royalcasinocompany.nl\/wp-content\/uploads\/2021\/04\/IMG_2502.jpeg 518w, https:\/\/royalcasinocompany.nl\/wp-content\/uploads\/2021\/04\/IMG_2502-300x295.jpeg 300w, https:\/\/royalcasinocompany.nl\/wp-content\/uploads\/2021\/04\/IMG_2502-350x345.jpeg 350w\" sizes=\"(max-width: 518px) 100vw, 518px\"><\/a><\/div>\n\t\t\t\t\t<\/div>\n\t\t\t\t<\/div><div class=\"t-entry-text\">\n\t\t\t\t\t\t\t\t\t<div class=\"t-entry-text-tc single-block-padding\"><div class=\"t-entry\"><h3 class=\"t-entry-title h6 title-scale\"><a href=\"https:\/\/royalcasinocompany.nl\/fr\/casino-accessoires\/\" target=\"_self\">Accessoires de casino<\/a><\/h3><\/div><\/div>\n\t\t\t\t\t\t\t<\/div><\/div><\/div><div class=\"tmb atc-typography-inherit tmb-iso-w4 tmb-iso-h4 tmb-round img-round-lg tmb-dark tmb-overlay-gradient-bottom tmb-overlay-anim tmb-content-center tmb-content-mobile-center tmb-image-anim  grid-cat-1422 tmb-id-63677 tmb-content-under tmb-media-first\" ><div class=\"t-inside style-color-prif-bg no-anim\" ><div class=\"t-entry-visual\"><div class=\"t-entry-visual-tc\"><div class=\"t-entry-visual-cont\"><div class=\"dummy\" style=\"padding-top: 98.5%;\"><\/div><a role=\"button\" tabindex=\"-1\" href=\"https:\/\/royalcasinocompany.nl\/fr\/casino-stoelen-kopen-nieuw\/\" class=\"pushed\" aria-label=\"Chaises de casino de luxe en cuir marron et cr\u00e8me avec base dor\u00e9e\"  target=\"_self\" data-lb-index=\"4\"><div class=\"t-entry-visual-overlay\"><div class=\"t-entry-visual-overlay-in style-color-rgdb-bg\" style=\"opacity: 0.01;\"><\/div><\/div><img decoding=\"async\" class=\"wp-image-67557\" src=\"https:\/\/royalcasinocompany.nl\/wp-content\/uploads\/2021\/04\/Casino-stoelen-kopen-RCCS12-5.jpg\" width=\"518\" height=\"510\" alt=\"Luxe casino stoelen met bruin en crem\u00e9 leer en een gouden onderstel\" title=\"\" srcset=\"https:\/\/royalcasinocompany.nl\/wp-content\/uploads\/2021\/04\/Casino-stoelen-kopen-RCCS12-5.jpg 518w, https:\/\/royalcasinocompany.nl\/wp-content\/uploads\/2021\/04\/Casino-stoelen-kopen-RCCS12-5-300x295.jpg 300w, https:\/\/royalcasinocompany.nl\/wp-content\/uploads\/2021\/04\/Casino-stoelen-kopen-RCCS12-5-350x345.jpg 350w\" sizes=\"(max-width: 518px) 100vw, 518px\"><\/a><\/div>\n\t\t\t\t\t<\/div>\n\t\t\t\t<\/div><div class=\"t-entry-text\">\n\t\t\t\t\t\t\t\t\t<div class=\"t-entry-text-tc single-block-padding\"><div class=\"t-entry\"><h3 class=\"t-entry-title h6 title-scale\"><a href=\"https:\/\/royalcasinocompany.nl\/fr\/casino-stoelen-kopen-nieuw\/\" target=\"_self\">Acheter des chaises de casino (nouvelles)<\/a><\/h3><\/div><\/div>\n\t\t\t\t\t\t\t<\/div><\/div><\/div><div class=\"tmb atc-typography-inherit tmb-iso-w4 tmb-iso-h4 tmb-round img-round-lg tmb-dark tmb-overlay-gradient-bottom tmb-overlay-anim tmb-content-center tmb-content-mobile-center tmb-image-anim  grid-cat-1422 tmb-id-63805 tmb-content-under tmb-media-first\" ><div class=\"t-inside style-color-prif-bg no-anim\" ><div class=\"t-entry-visual\"><div class=\"t-entry-visual-tc\"><div class=\"t-entry-visual-cont\"><div class=\"dummy\" style=\"padding-top: 98.5%;\"><\/div><a role=\"button\" tabindex=\"-1\" href=\"https:\/\/royalcasinocompany.nl\/fr\/poker-stoelen-kopen-nieuw\/\" class=\"pushed\" aria-label=\"Chaises de poker de luxe dans une combinaison cr\u00e8me\/marron avec des d\u00e9tails dor\u00e9s et un logo sur le dossier\"  target=\"_self\" data-lb-index=\"5\"><div class=\"t-entry-visual-overlay\"><div class=\"t-entry-visual-overlay-in style-color-rgdb-bg\" style=\"opacity: 0.01;\"><\/div><\/div><img decoding=\"async\" class=\"wp-image-66515\" src=\"https:\/\/royalcasinocompany.nl\/wp-content\/uploads\/2021\/04\/IMG_2677.jpeg\" width=\"518\" height=\"510\" alt=\"Luxe pokerstoelen in een creme\/bruine combinatie met gouden details en een logo op de rugleuning\" title=\"\" srcset=\"https:\/\/royalcasinocompany.nl\/wp-content\/uploads\/2021\/04\/IMG_2677.jpeg 518w, https:\/\/royalcasinocompany.nl\/wp-content\/uploads\/2021\/04\/IMG_2677-300x295.jpeg 300w, https:\/\/royalcasinocompany.nl\/wp-content\/uploads\/2021\/04\/IMG_2677-350x345.jpeg 350w\" sizes=\"(max-width: 518px) 100vw, 518px\"><\/a><\/div>\n\t\t\t\t\t<\/div>\n\t\t\t\t<\/div><div class=\"t-entry-text\">\n\t\t\t\t\t\t\t\t\t<div class=\"t-entry-text-tc single-block-padding\"><div class=\"t-entry\"><h3 class=\"t-entry-title h6 title-scale\"><a href=\"https:\/\/royalcasinocompany.nl\/fr\/poker-stoelen-kopen-nieuw\/\" target=\"_self\">Acheter des chaises de poker (nouvelles)<\/a><\/h3><\/div><\/div>\n\t\t\t\t\t\t\t<\/div><\/div><\/div>\t\t<\/div>\t\n\t\n\n\t<\/div>\t\t\t\t<\/div>\n<\/div><\/div><\/div><\/div><\/div><\/div><\/div><\/div><div class=\"divider-wrapper\"  >\n    <hr class=\"border-accent-color separator-no-padding\"  \/>\n<\/div>\n<div class=\"vc_row row-internal row-container boomapps_vcrow\"><div class=\"row row-child\"><div class=\"wpb_row row-inner\"><div class=\"wpb_column pos-top pos-center align_left column_child col-lg-6 boomapps_vccolumn single-internal-gutter\"><div class=\"uncol style-dark\" ><div class=\"uncoltable\"><div class=\"uncell  boomapps_vccolumn no-block-padding\" ><div class=\"uncont\" ><div class=\"uncode_text_column\" ><\/p>\n<h3>NOTRE SALLE D'EXPOSITION<\/h3>\n<p>En tant qu'experts, nous comprenons parfaitement qu'une visite au casino est une exp\u00e9rience unique qui stimule tous les sens. C'est avec grand plaisir que nous vous invitons \u00e0 visiter notre salle d'exposition\/entrep\u00f4t, o\u00f9 nous exposons fi\u00e8rement notre s\u00e9lection de tables de casino. Au cours de votre visite, vous aurez l'occasion de jouer vous-m\u00eame aux cartes ou de vivre l'excitation de la roulette en faisant tourner la bille. Les visites de notre salle d'exposition sont possibles uniquement sur rendez-vous et s'adressent aux personnes r\u00e9ellement int\u00e9ress\u00e9es. Il est important de noter que nous pr\u00e9sentons trois tables de jeu flambant neuves dans notre salle d'exposition - roulette, blackjack et poker - afin que vous puissiez juger de l'excellence par vous-m\u00eame. Nos tables de casino d'occasion ou autres articles seront sp\u00e9cialement pr\u00e9par\u00e9s pour vous dans notre entrep\u00f4t le jour de votre rendez-vous.<\/p>\n<\/div><\/div><\/div><\/div><\/div><\/div><div class=\"wpb_column pos-top pos-center align_left column_child col-lg-6 boomapps_vccolumn single-internal-gutter\"><div class=\"uncol style-dark\" ><div class=\"uncoltable\"><div class=\"uncell  boomapps_vccolumn no-block-padding\" ><div class=\"uncont\" ><div class=\"uncode_text_column\" ><\/p>\n<h3>Votre propre casino ?<\/h3>\n<p>Vous avez toujours r\u00eav\u00e9 d'avoir une table de casino chez vous ? Vous aimeriez transformer compl\u00e8tement votre mancave en un v\u00e9ritable casino ? Gr\u00e2ce \u00e0 nos superbes tables et accessoires de casino, vous \u00eates s\u00fbr d'impressionner vos amis, vos connaissances et vos clients. Qu'il s'agisse d'un ap\u00e9ritif, d'une soir\u00e9e entre hommes, d'une r\u00e9union de votre club d'affaires ou de toute autre occasion, avec nos tables de casino de qualit\u00e9 sup\u00e9rieure, elles seront inoubliables.<\/p>\n<\/div><\/div><\/div><\/div><\/div><\/div><\/div><\/div><\/div><\/div><\/div><\/div><\/div><\/div><script id=\"script-row-unique-1\" data-row=\"script-row-unique-1\" type=\"text\/javascript\" class=\"vc_controls\">UNCODE.initRow(document.getElementById(\"row-unique-1\"));<\/script><\/div><\/div><\/div>\n<\/div>","protected":false},"excerpt":{"rendered":"POKER STOELEN KOPEN?Heeft u een pokertafel gekocht of gaat u deze nog kopen? Dan heeft u ook poker stoelen nodig, [...]","protected":false},"author":1,"featured_media":0,"parent":0,"menu_order":0,"comment_status":"closed","ping_status":"closed","template":"","meta":{"footnotes":""},"class_list":["post-63481","page","type-page","status-publish","hentry","page_category-verkoop"],"_links":{"self":[{"href":"https:\/\/royalcasinocompany.nl\/fr\/wp-json\/wp\/v2\/pages\/63481","targetHints":{"allow":["GET"]}}],"collection":[{"href":"https:\/\/royalcasinocompany.nl\/fr\/wp-json\/wp\/v2\/pages"}],"about":[{"href":"https:\/\/royalcasinocompany.nl\/fr\/wp-json\/wp\/v2\/types\/page"}],"author":[{"embeddable":true,"href":"https:\/\/royalcasinocompany.nl\/fr\/wp-json\/wp\/v2\/users\/1"}],"replies":[{"embeddable":true,"href":"https:\/\/royalcasinocompany.nl\/fr\/wp-json\/wp\/v2\/comments?post=63481"}],"version-history":[{"count":20,"href":"https:\/\/royalcasinocompany.nl\/fr\/wp-json\/wp\/v2\/pages\/63481\/revisions"}],"predecessor-version":[{"id":70360,"href":"https:\/\/royalcasinocompany.nl\/fr\/wp-json\/wp\/v2\/pages\/63481\/revisions\/70360"}],"wp:attachment":[{"href":"https:\/\/royalcasinocompany.nl\/fr\/wp-json\/wp\/v2\/media?parent=63481"}],"curies":[{"name":"wp","href":"https:\/\/api.w.org\/{rel}","templated":true}]}}