{"id":65781,"date":"2023-05-15T12:09:39","date_gmt":"2023-05-15T10:09:39","guid":{"rendered":"https:\/\/royalcasinocompany.nl\/?page_id=65781"},"modified":"2025-09-08T22:16:40","modified_gmt":"2025-09-08T20:16:40","slug":"casino-feest-ideeen","status":"publish","type":"page","link":"https:\/\/royalcasinocompany.nl\/fr\/casino-avond\/casino-feest-ideeen\/","title":{"rendered":"Id\u00e9es de f\u00eates de casino"},"content":{"rendered":"<div class=\"wpb-content-wrapper\"><div data-parent=\"true\" class=\"vc_row row-container boomapps_vcrow\" id=\"row-unique-0\"><div class=\"row limit-width row-parent\"><div class=\"wpb_row row-inner\"><div class=\"wpb_column pos-top pos-center align_left column_parent col-lg-12 boomapps_vccolumn single-internal-gutter\"><div class=\"uncol style-dark\"  ><div class=\"uncoltable\"><div class=\"uncell  boomapps_vccolumn no-block-padding\" ><div class=\"uncont\" ><div class=\"vc_row row-internal row-container boomapps_vcrow\"><div class=\"row row-child\"><div class=\"wpb_row row-inner\"><div class=\"wpb_column pos-top pos-center align_left column_child col-lg-12 boomapps_vccolumn single-internal-gutter\"><div class=\"uncol style-dark\" ><div class=\"uncoltable\"><div class=\"uncell  boomapps_vccolumn no-block-padding\" ><div class=\"uncont\" ><div class=\"vc_custom_heading_wrap\"><div class=\"heading-text el-text\" ><\/p>\n<h1>Id\u00e9es de f\u00eates de casino - conseils pour un \u00e9v\u00e9nement r\u00e9ussi<\/h1>\n<p>\n<hr class=\"separator-break separator-accent\" \/><\/div><div class=\"clear\"><\/div><\/div><div class=\"uncode_text_column\" ><\/p>\n<h2 data-pm-slice=\"1 1 &#091;&#093;\">\ud83c\udfb2 Les id\u00e9es de f\u00eates de casino les plus amusantes pour une soir\u00e9e inoubliable<\/h2>\n<p>Vous organisez une f\u00eate et recherchez des animations originales et spectaculaires ? D\u00e9couvrez les meilleurs <strong>id\u00e9es de f\u00eates de casino<\/strong> pour tout type d'\u00e9v\u00e9nement : des f\u00eates d'entreprise aux anniversaires en passant par les mariages. Avec un casino mobile \u00e9l\u00e9gant, vous amenez simplement l'excitation et le glamour de Las Vegas sur votre lieu de r\u00e9union.<\/p>\n<h3>Pourquoi choisir une f\u00eate sur le th\u00e8me du casino ?<\/h3>\n<p>Une f\u00eate de casino est plus qu'un simple divertissement. C'est une exp\u00e9rience atmosph\u00e9rique pleine de paillettes, de plaisir du jeu et d'interaction. Et le meilleur ? Les jeux sont jou\u00e9s avec de l'argent fictif, de sorte que tout le monde joue sans risque.<\/p>\n<h3>Id\u00e9es de f\u00eates de casino populaires<\/h3>\n<ul data-spread=\"false\">\n<li>\ud83c\udfb0 <strong>Location de tables de blackjack<\/strong> - Parfait pour les d\u00e9butants et les experts<\/li>\n<li>\ud83c\udfb2 <strong>Table de roulette avec croupier<\/strong> - Passionnant jusqu'au dernier moment<\/li>\n<li>\u2660\ufe0f <strong>Table de tournoi de poker<\/strong> - Id\u00e9al pour les h\u00f4tes comp\u00e9titifs<\/li>\n<li>\ud83c\udccf <strong>Casino mobile avec d\u00e9coration<\/strong> - Banni\u00e8res de luxe, tapis rouge et \u00e9clairage LED<\/li>\n<li>\ud83c\udfad <strong>Combiner les th\u00e8mes<\/strong> - Pensez \u00e0 James Bond, Las Vegas ou Great Gatsby<\/li>\n<\/ul>\n<h3>Compl\u00e9tez votre f\u00eate<\/h3>\n<p>Nos croupiers professionnels fournissent des explications et cr\u00e9ent une ambiance. Combinez les jeux de casino avec un code vestimentaire, un prix pour le gagnant et, par exemple, un photobooth pour des souvenirs inoubliables. Voil\u00e0 comment rendre votre f\u00eate vraiment unique.<\/p>\n<div>\n<hr \/>\n<\/div>\n<h2>\ud83d\udca1 Conseils pour l'organisation d'une soir\u00e9e casino<\/h2>\n<ul data-spread=\"false\">\n<li>\ud83d\udccd Assurer un espace suffisant autour des tables<\/li>\n<li>\ud83d\udd50 Planifier intelligemment l'horaire de jeu (par exemple, 3 heures de jeu avec une pause)<\/li>\n<li>\ud83c\udfc6 Donner un prix \u00e0 l'invit\u00e9 qui a le plus de jetons<\/li>\n<li>\ud83d\udcf8 Immortaliser la soir\u00e9e avec un photographe<\/li>\n<\/ul>\n<div>\n<hr \/>\n<\/div>\n<h2>\ud83e\udd1d Vous organisez une soir\u00e9e casino ? Nous sommes l\u00e0 pour vous aider !<\/h2>\n<p>Au <strong>Royal Casino Company<\/strong> vous \u00eates au bon endroit pour des soir\u00e9es casino \u00e9l\u00e9gantes, professionnelles et enti\u00e8rement pr\u00e9par\u00e9es. Nous fournissons :<\/p>\n<ul data-spread=\"false\">\n<li>Tables de casino originales et de haute qualit\u00e9<\/li>\n<li>Des croupiers exp\u00e9riment\u00e9s et sympathiques<\/li>\n<li>Montage et d\u00e9montage sur site<\/li>\n<li>D\u00e9coration et atmosph\u00e8re<\/li>\n<\/ul>\n<p>\u27a1\ufe0f Consultez nos autres id\u00e9es sur <a href=\"https:\/\/royalcasinocompany.nl\/fr\/casino-avond\/\">la page de la soir\u00e9e Casino<\/a><\/p>\n<div>\n<hr \/>\n<\/div>\n<h2>\ud83d\udccb Questions fr\u00e9quemment pos\u00e9es sur les id\u00e9es de f\u00eates de casino<\/h2>\n<p><strong>Une f\u00eate de casino convient-elle \u00e0 tous les publics ?<\/strong><br \/>\nOui, les jeunes et les moins jeunes prennent plaisir \u00e0 participer gr\u00e2ce aux explications simples et \u00e0 l'atmosph\u00e8re d\u00e9tendue.<\/p>\n<p><strong>Quel est le co\u00fbt de l'organisation d'une soir\u00e9e casino ?<\/strong><br \/>\nLes prix commencent \u00e0 525 \u20ac HT par table, comprenant le croupier, le mat\u00e9riel et un temps de jeu de 4 heures.<\/p>\n<div>\n<hr \/>\n<\/div>\n<h2>\ud83d\udcde Demander un devis sans engagement maintenant<\/h2>\n<p>Curieux de conna\u00eetre les possibilit\u00e9s ? Contactez-nous et nous nous ferons un plaisir de vous aider \u00e0 r\u00e9aliser une f\u00eate dont on parlera longtemps.<\/p>\n<p>\ud83c\udf89 <em>Besoin d'id\u00e9es pour une f\u00eate de casino ? Choisissez la s\u00e9curit\u00e9, l'atmosph\u00e8re et la classe avec Royal Casino Company.<\/em><\/p>\n<\/div><\/div><\/div><\/div><\/div><\/div><\/div><\/div><\/div><\/div><\/div><\/div><\/div><\/div><script id=\"script-row-unique-0\" data-row=\"script-row-unique-0\" type=\"text\/javascript\" class=\"vc_controls\">UNCODE.initRow(document.getElementById(\"row-unique-0\"));<\/script><\/div><\/div><\/div>\n<\/div>","protected":false},"excerpt":{"rendered":"Casino feest idee\u00ebn \u2013 tips voor een geslaagd event \ud83c\udfb2 De leukste casino feest idee\u00ebn voor een onvergetelijke avond Organiseer [...]","protected":false},"author":1,"featured_media":67076,"parent":67331,"menu_order":0,"comment_status":"closed","ping_status":"closed","template":"","meta":{"footnotes":""},"class_list":["post-65781","page","type-page","status-publish","has-post-thumbnail","hentry","page_category-huren"],"_links":{"self":[{"href":"https:\/\/royalcasinocompany.nl\/fr\/wp-json\/wp\/v2\/pages\/65781","targetHints":{"allow":["GET"]}}],"collection":[{"href":"https:\/\/royalcasinocompany.nl\/fr\/wp-json\/wp\/v2\/pages"}],"about":[{"href":"https:\/\/royalcasinocompany.nl\/fr\/wp-json\/wp\/v2\/types\/page"}],"author":[{"embeddable":true,"href":"https:\/\/royalcasinocompany.nl\/fr\/wp-json\/wp\/v2\/users\/1"}],"replies":[{"embeddable":true,"href":"https:\/\/royalcasinocompany.nl\/fr\/wp-json\/wp\/v2\/comments?post=65781"}],"version-history":[{"count":20,"href":"https:\/\/royalcasinocompany.nl\/fr\/wp-json\/wp\/v2\/pages\/65781\/revisions"}],"predecessor-version":[{"id":70409,"href":"https:\/\/royalcasinocompany.nl\/fr\/wp-json\/wp\/v2\/pages\/65781\/revisions\/70409"}],"up":[{"embeddable":true,"href":"https:\/\/royalcasinocompany.nl\/fr\/wp-json\/wp\/v2\/pages\/67331"}],"wp:featuredmedia":[{"embeddable":true,"href":"https:\/\/royalcasinocompany.nl\/fr\/wp-json\/wp\/v2\/media\/67076"}],"wp:attachment":[{"href":"https:\/\/royalcasinocompany.nl\/fr\/wp-json\/wp\/v2\/media?parent=65781"}],"curies":[{"name":"wp","href":"https:\/\/api.w.org\/{rel}","templated":true}]}}