{"id":66039,"date":"2023-06-12T13:32:27","date_gmt":"2023-06-12T11:32:27","guid":{"rendered":"https:\/\/royalcasinocompany.nl\/?page_id=66039"},"modified":"2025-05-09T12:15:46","modified_gmt":"2025-05-09T10:15:46","slug":"algemenehuurvoorwaarden","status":"publish","type":"page","link":"https:\/\/royalcasinocompany.nl\/fr\/algemenehuurvoorwaarden\/","title":{"rendered":"Conditions g\u00e9n\u00e9rales de location"},"content":{"rendered":"<div class=\"wpb-content-wrapper\"><div data-parent=\"true\" class=\"vc_row row-container boomapps_vcrow\" id=\"row-unique-0\"><div class=\"row limit-width row-parent\"><div class=\"wpb_row row-inner\"><div class=\"wpb_column pos-top pos-center align_left column_parent col-lg-12 boomapps_vccolumn single-internal-gutter\"><div class=\"uncol style-dark\"  ><div class=\"uncoltable\"><div class=\"uncell  boomapps_vccolumn no-block-padding\" ><div class=\"uncont\" ><div class=\"uncode_text_column\" ><\/p>\n<h1><strong>Conditions g\u00e9n\u00e9rales de location Royal Casino Company<\/strong><\/h1>\n<p>A. Le montant total de la location doit \u00eatre vir\u00e9 au moins 14 jours avant l'\u00e9v\u00e9nement pr\u00e9vu \u00e0 notre num\u00e9ro IBAN NL93 RABO 0125 8363 84 au nom de Royal Casino Company \/ Be Our Guest Events \u00e0 Huizen. Vous recevrez une confirmation officielle et une facture indiquant toutes les dispositions prises apr\u00e8s votre approbation de l'offre. Si la facture n'est pas pay\u00e9e avant ou \u00e0 la date d'\u00e9ch\u00e9ance, Royal Casino Company \/ Be Our Guest Events se r\u00e9serve le droit d'annuler la mission et de ne pas organiser l'\u00e9v\u00e9nement.<\/p>\n<p>B. Si les tables de casino ne sont pas plac\u00e9es au rez-de-chauss\u00e9e et que cela n'a pas \u00e9t\u00e9 notifi\u00e9 \u00e0 l'avance par \u00e9crit, il appartient aux croupiers de d\u00e9cider si les tables de casino doivent quand m\u00eame \u00eatre lev\u00e9es ou descendues en raison de leur poids et de leurs dimensions. Si les tables et l'\u00e9quipement du casino doivent \u00eatre mont\u00e9s ou descendus, un montant de 12,5% du prix total de la location sera factur\u00e9 par la suite. Pour \u00e9viter toute d\u00e9ception, nous vous recommandons de nous en informer par \u00e9crit avant votre \u00e9v\u00e9nement.<\/p>\n<p>C. Les dommages caus\u00e9s aux tables de casino et au mat\u00e9riel de la Royal Casino Company, qui ne sont pas le fait du personnel de la Royal Casino Company, seront int\u00e9gralement r\u00e9cup\u00e9r\u00e9s et factur\u00e9s au locataire\/client.<\/p>\n<p>D. La s\u00e9curit\u00e9 du personnel de la Royal Casino Company est garantie. Si, pour une raison quelconque, le personnel de la Royal Casino Company estime qu'il est irresponsable de continuer \u00e0 jouer aux tables de casino, toutes les tables de casino seront ferm\u00e9es et d\u00e9mont\u00e9es et le personnel de la Royal Casino Company quittera l'\u00e9v\u00e9nement.<\/p>\n<p>E. Le locataire\/client doit veiller \u00e0 l'ordre et \u00e0 la propret\u00e9 autour des tables du casino, notamment en ce qui concerne les assiettes et la verrerie.<\/p>\n<p>F. Le prix de location factur\u00e9 est bas\u00e9 sur le nombre d'heures de jeu indiqu\u00e9 par le locataire\/client. Si le client souhaite continuer \u00e0 jouer plus longtemps, nous facturons 50,00 \u20ac par heure et par table de casino suppl\u00e9mentaire et apr\u00e8s 00h00, un suppl\u00e9ment de nuit de 37,50 \u20ac par croupier suppl\u00e9mentaire s'applique. Une prolongation n'est possible que pour toutes les tables de casino lou\u00e9es.<\/p>\n<p>G. Le locataire\/client doit pr\u00e9voir des facilit\u00e9s de stationnement ad\u00e9quates. Afin de pouvoir monter et d\u00e9monter le plus rapidement possible, il est souhaitable de pr\u00e9voir des places de parking devant l'entr\u00e9e ou la zone de chargement et de d\u00e9chargement. Le personnel de Royal Casino Company arrivera en camionnette et\/ou en camion-nacelle.<\/p>\n<p>H. Les frais de stationnement seront factur\u00e9s au locataire\/client 1:1 par la suite.<\/p>\n<p>I. Tout jeton de casino manquant de la Royal Casino Company sera factur\u00e9 au locataire\/signataire au prix unitaire de 0,25 \u20ac. Veuillez indiquer clairement \u00e0 vos invit\u00e9s que tous les jetons doivent \u00eatre restitu\u00e9s apr\u00e8s l'\u00e9v\u00e9nement.<\/p>\n<p>J. En cas d'annulation plus de trois mois avant la date pr\u00e9vue de l'\u00e9v\u00e9nement, le montant total de la location sera restitu\u00e9 au locataire\/client.<\/p>\n<p>K. En cas d'annulation moins de 3 mois avant la date pr\u00e9vue de l'\u00e9v\u00e9nement, le locataire\/client doit payer 25% du montant total de la location.<\/p>\n<p>L. En cas d'annulation moins de 4 semaines avant la date pr\u00e9vue de l'\u00e9v\u00e9nement, le locataire\/client doit payer 50% du montant total de la location.<\/p>\n<p>M. En cas d'annulation moins de 14 jours avant l'\u00e9v\u00e9nement pr\u00e9vu dans le casino, le locataire\/client doit payer la totalit\u00e9 des frais de location.<\/p>\n<p>N. En cas de non-paiement par le locataire\/client, les frais suppl\u00e9mentaires encourus et les \u00e9ventuels frais de recouvrement sont enti\u00e8rement \u00e0 la charge du locataire\/client.<\/p>\n<p>O. Pour les lieux calcul\u00e9s \u00e0 partir de Huizen NH, il y a un suppl\u00e9ment de 0,65 euros par kilom\u00e8tre parcouru, tant \u00e0 l'aller qu'au retour. Ces frais sont toujours communiqu\u00e9s \u00e0 l'avance dans le devis. Nous ne r\u00e9percutons jamais de co\u00fbts cach\u00e9s sur nos clients.<\/p>\n<p>P. Lors de l'achat de 4 tables de jeu ou plus, des frais suppl\u00e9mentaires peuvent \u00eatre factur\u00e9s en rapport avec l'utilisation\/la location de moyens de transport suppl\u00e9mentaires. Ces frais sont toujours mentionn\u00e9s \u00e0 l'avance sur votre devis, nous ne r\u00e9percutons jamais de frais cach\u00e9s sur nos clients.<\/p>\n<p>Q. Les boissons non alcoolis\u00e9es seront fournies par le locataire\/client pendant l'\u00e9v\u00e9nement du casino.<\/p>\n<p>R. Le service de restauration de l'\u00e9quipe est tr\u00e8s appr\u00e9ci\u00e9 par nos croupiers. Les croupiers quittent souvent leur domicile tr\u00e8s t\u00f4t et n'ont donc pas le temps de manger avant d'aller travailler derri\u00e8re les tables du casino. Nous esp\u00e9rons que vous en tiendrez compte.<\/p>\n<p>S. Malheureusement, les situations d\u00e9sagr\u00e9ables de circulation\/files\/autopech ne peuvent \u00eatre \u00e9vit\u00e9es en cas de \"force majeure\", Royal Casino Company ne peut \u00eatre tenue responsable des cons\u00e9quences qui en d\u00e9coulent. Bien entendu, nous ferons tout notre possible pour \u00e9viter cela en partant bien \u00e0 l'avance et comme convenu pour \u00eatre \u00e0 l'heure sur le lieu de l'\u00e9v\u00e9nement.<\/p>\n<p>JOUER POUR DE L'ARGENT EST ILL\u00c9GAL ET C'EST POURQUOI ROYAL CASINO COMPANY A D\u00c9LIB\u00c9R\u00c9MENT CHOISI DE NE PAS LE PROPOSER. NOTRE ACTIVIT\u00c9 PRINCIPALE EST LE DIVERTISSEMENT DE LUXE.<\/p>\n<h2><strong>QUESTIONS<\/strong><\/h2>\n<p>Si vous avez des questions ou des commentaires concernant notre d\u00e9claration de confidentialit\u00e9, n'h\u00e9sitez pas \u00e0 nous contacter !<\/p>\n<h2><strong>COORDONN\u00c9ES<\/strong><\/h2>\n<p>Royal Casino Company<br \/>\nChemin de c\u00e2ble 1<br \/>\n1271 AN HUIZEN<\/p>\n<\/div><\/div><\/div><\/div><\/div><\/div><script id=\"script-row-unique-0\" data-row=\"script-row-unique-0\" type=\"text\/javascript\" class=\"vc_controls\">UNCODE.initRow(document.getElementById(\"row-unique-0\"));<\/script><\/div><\/div><\/div>\n<\/div>","protected":false},"excerpt":{"rendered":"Algemene Huurvoorwaarden Royal Casino Company A. De gehele huursom moet minimaal 14 dagen v\u00f3\u00f3r het geplande evenement zijn overgemaakt op [...]","protected":false},"author":1,"featured_media":0,"parent":0,"menu_order":0,"comment_status":"closed","ping_status":"closed","template":"","meta":{"footnotes":""},"class_list":["post-66039","page","type-page","status-publish","hentry","page_category-over-ons"],"_links":{"self":[{"href":"https:\/\/royalcasinocompany.nl\/fr\/wp-json\/wp\/v2\/pages\/66039","targetHints":{"allow":["GET"]}}],"collection":[{"href":"https:\/\/royalcasinocompany.nl\/fr\/wp-json\/wp\/v2\/pages"}],"about":[{"href":"https:\/\/royalcasinocompany.nl\/fr\/wp-json\/wp\/v2\/types\/page"}],"author":[{"embeddable":true,"href":"https:\/\/royalcasinocompany.nl\/fr\/wp-json\/wp\/v2\/users\/1"}],"replies":[{"embeddable":true,"href":"https:\/\/royalcasinocompany.nl\/fr\/wp-json\/wp\/v2\/comments?post=66039"}],"version-history":[{"count":3,"href":"https:\/\/royalcasinocompany.nl\/fr\/wp-json\/wp\/v2\/pages\/66039\/revisions"}],"predecessor-version":[{"id":70319,"href":"https:\/\/royalcasinocompany.nl\/fr\/wp-json\/wp\/v2\/pages\/66039\/revisions\/70319"}],"wp:attachment":[{"href":"https:\/\/royalcasinocompany.nl\/fr\/wp-json\/wp\/v2\/media?parent=66039"}],"curies":[{"name":"wp","href":"https:\/\/api.w.org\/{rel}","templated":true}]}}