{"id":67245,"date":"2025-06-25T19:00:39","date_gmt":"2025-06-25T17:00:39","guid":{"rendered":"https:\/\/royalcasinocompany.nl\/?page_id=67245"},"modified":"2025-06-25T20:51:54","modified_gmt":"2025-06-25T18:51:54","slug":"casinotafels-huren-in-amsterdam","status":"publish","type":"page","link":"https:\/\/royalcasinocompany.nl\/fr\/casinotafels-huren-in-amsterdam\/","title":{"rendered":"Location de tables de casino \u00e0 Amsterdam"},"content":{"rendered":"<div class=\"wpb-content-wrapper\"><div data-parent=\"true\" class=\"vc_row row-container boomapps_vcrow\" id=\"row-unique-0\"><div class=\"row limit-width row-parent\"><div class=\"wpb_row row-inner\"><div class=\"wpb_column pos-top pos-center align_left column_parent col-lg-12 boomapps_vccolumn single-internal-gutter\"><div class=\"uncol style-dark\"  ><div class=\"uncoltable\"><div class=\"uncell  boomapps_vccolumn no-block-padding\" ><div class=\"uncont\" ><div class=\"vc_row row-internal row-container boomapps_vcrow\"><div class=\"row row-child\"><div class=\"wpb_row row-inner\"><div class=\"wpb_column pos-top pos-center align_center column_child col-lg-12 boomapps_vccolumn single-internal-gutter\"><div class=\"uncol style-dark\" ><div class=\"uncoltable\"><div class=\"uncell  boomapps_vccolumn no-block-padding\" ><div class=\"uncont\" ><div class=\"vc_custom_heading_wrap\"><div class=\"heading-text el-text\" ><h2 class=\"h2\" ><span><\/p><\/span><span><h1 class=\"font-bold text-gray-800 text-h2 leading-&#091;45px&#093; pt-&#091;30px&#093; pb-&#091;4px&#093; &#091;&amp;_a&#093;:underline-offset-&#091;6px&#093; &#091;&amp;_.underline&#093;:underline-offset-&#091;6px&#093;\" dir=\"ltr\">Vivez l'excitation de Vegas gr\u00e2ce \u00e0 notre location professionnelle de tables de casino !<\/h1><\/span><span><p><\/span><\/h2><\/div><div class=\"clear\"><\/div><\/div><div class=\"uncode_text_column\" ><p>Bienvenue au casino haut de gamme d'Amsterdam ! Que vous planifiez un \u00e9v\u00e9nement pour une agence d'organisation, que vous organisiez une f\u00eate d'entreprise ou que vous souhaitiez cr\u00e9er un \u00e9v\u00e9nement d'entreprise inoubliable, nos tables de casino professionnelles apportent l'excitation d'une v\u00e9ritable nuit de casino directement sur votre lieu de travail.<\/p>\n<\/div><div class=\"divider-wrapper\"  >\n    <hr class=\"border-accent-color separator-no-padding\"  \/>\n<\/div>\n<\/div><\/div><\/div><\/div><\/div><\/div><\/div><\/div><div class=\"vc_row row-internal row-container boomapps_vcrow\"><div class=\"row row-child\"><div class=\"wpb_row row-inner\"><div class=\"wpb_column pos-top pos-center align_left column_child col-lg-6 boomapps_vccolumn single-internal-gutter\"><div class=\"uncol style-dark\" ><div class=\"uncoltable\"><div class=\"uncell  boomapps_vccolumn no-block-padding\" ><div class=\"uncont\" ><div class=\"vc_custom_heading_wrap\"><div class=\"heading-text el-text\" ><h2 class=\"h2\" ><span><\/p><\/span><span><h2 class=\"font-bold text-gray-800 text-h3 leading-&#091;36px&#093; pt-&#091;21px&#093; pb-&#091;2px&#093; &#091;&amp;_a&#093;:underline-offset-&#091;6px&#093; &#091;&amp;_.underline&#093;:underline-offset-&#091;6px&#093;\" dir=\"ltr\">Pourquoi nos tables de casino ?<\/h2><\/span><span><p><\/span><\/h2><\/div><div class=\"clear\"><\/div><\/div><div class=\"uncode_text_column\" ><\/p>\n<p class=\"text-body font-regular text-gray-800 leading-&#091;24px&#093; pt-&#091;9px&#093; pb-&#091;2px&#093;\" dir=\"ltr\">Nos tables de casino ne sont pas des tables quelconques, ce sont des chefs-d'\u0153uvre provenant directement d'un vrai casino. Parfaites pour :<\/p>\n<ul class=\"pt-&#091;9px&#093; pb-&#091;2px&#093; pl-&#091;24px&#093; list-disc &#091;&amp;_ul&#093;:pt-&#091;5px&#093; pt-&#091;5px&#093;\">\n<li class=\"text-body font-regular text-gray-800 leading-&#091;24px&#093; my-&#091;5px&#093; &#091;&amp;&gt;ol&#093;:!pt-0 &#091;&amp;&gt;ol&#093;:!pb-0 &#091;&amp;&gt;ul&#093;:!pt-0 &#091;&amp;&gt;ul&#093;:!pb-0\" value=\"1\"><b><strong class=\"font-bold\">Agences organisationnelles<\/strong><\/b>Les services d'assistance \u00e0 la client\u00e8le : Ils ajoutent une touche d'exclusivit\u00e9 \u00e0 votre offre d'\u00e9v\u00e9nements.<\/li>\n<li class=\"text-body font-regular text-gray-800 leading-&#091;24px&#093; my-&#091;5px&#093; &#091;&amp;&gt;ol&#093;:!pt-0 &#091;&amp;&gt;ol&#093;:!pb-0 &#091;&amp;&gt;ul&#093;:!pt-0 &#091;&amp;&gt;ul&#093;:!pb-0\" value=\"2\"><b><strong class=\"font-bold\">Entreprises<\/strong><\/b>: Id\u00e9al pour les cocktails du personnel ou une soir\u00e9e d'entreprise glamour.<\/li>\n<li class=\"text-body font-regular text-gray-800 leading-&#091;24px&#093; my-&#091;5px&#093; &#091;&amp;&gt;ol&#093;:!pt-0 &#091;&amp;&gt;ol&#093;:!pb-0 &#091;&amp;&gt;ul&#093;:!pt-0 &#091;&amp;&gt;ul&#093;:!pb-0\" value=\"3\"><b><strong class=\"font-bold\">\u00c9v\u00e9nements d'entreprise<\/strong><\/b>Les prix : Ajoutez une touche de classe \u00e0 vos galas, \u00e9v\u00e9nements de r\u00e9seautage et c\u00e9r\u00e9monies de remise de prix.<\/li>\n<\/ul>\n<p>\n<\/div><\/div><\/div><\/div><\/div><\/div><div class=\"wpb_column pos-top pos-center align_left column_child col-lg-6 boomapps_vccolumn single-internal-gutter\"><div class=\"uncol style-dark\" ><div class=\"uncoltable\"><div class=\"uncell  boomapps_vccolumn no-block-padding\" ><div class=\"uncont\" ><div class=\"uncode-single-media  text-left\"><div class=\"single-wrapper\" style=\"max-width: 100%;\"><div class=\"tmb tmb-light  tmb-img-ratio tmb-media-first tmb-media-last tmb-content-overlay tmb-no-bg\"><div class=\"t-inside\"><div class=\"t-entry-visual\"><div class=\"t-entry-visual-tc\"><div class=\"uncode-single-media-wrapper\"><div class=\"dummy\" style=\"padding-top: 74.9%;\"><\/div><img decoding=\"async\" class=\"wp-image-67151\" src=\"https:\/\/royalcasinocompany.nl\/wp-content\/uploads\/2024\/02\/WhatsApp-Image-2024-02-17-at-14.13.48-uai-1133x849.jpeg\" width=\"1133\" height=\"849\" alt=\"- Royal Casino Company\" title=\"\"><\/div>\n\t\t\t\t\t<\/div>\n\t\t\t\t<\/div><\/div><\/div><\/div><\/div><\/div><\/div><\/div><\/div><\/div><\/div><\/div><\/div><div class=\"vc_row row-internal row-container boomapps_vcrow\"><div class=\"row row-child\"><div class=\"wpb_row row-inner\"><div class=\"wpb_column pos-top pos-center align_left column_child col-lg-6 boomapps_vccolumn single-internal-gutter\"><div class=\"uncol style-dark\" ><div class=\"uncoltable\"><div class=\"uncell  boomapps_vccolumn no-block-padding\" ><div class=\"uncont\" ><div class=\"uncode-single-media  text-left\"><div class=\"single-wrapper\" style=\"max-width: 100%;\"><div class=\"tmb tmb-light  tmb-img-ratio tmb-media-first tmb-media-last tmb-content-overlay tmb-no-bg\"><div class=\"t-inside\"><div class=\"t-entry-visual\"><div class=\"t-entry-visual-tc\"><div class=\"uncode-single-media-wrapper\"><div class=\"dummy\" style=\"padding-top: 75%;\"><\/div><img decoding=\"async\" class=\"wp-image-67133\" src=\"https:\/\/royalcasinocompany.nl\/wp-content\/uploads\/2024\/02\/WhatsApp-Image-2024-02-16-at-08.21.19-1-uai-1200x900.jpeg\" width=\"1200\" height=\"900\" alt=\"- Royal Casino Company\" title=\"\"><\/div>\n\t\t\t\t\t<\/div>\n\t\t\t\t<\/div><\/div><\/div><\/div><\/div><\/div><\/div><\/div><\/div><\/div><div class=\"wpb_column pos-top pos-center align_left column_child col-lg-6 boomapps_vccolumn single-internal-gutter\"><div class=\"uncol style-dark\" ><div class=\"uncoltable\"><div class=\"uncell  boomapps_vccolumn no-block-padding\" ><div class=\"uncont\" ><div class=\"vc_custom_heading_wrap\"><div class=\"heading-text el-text\" ><h2 class=\"h2\" ><span><\/p><\/span><span><h2 class=\"font-bold text-gray-800 text-h3 leading-&#091;36px&#093; pt-&#091;21px&#093; pb-&#091;2px&#093; &#091;&amp;_a&#093;:underline-offset-&#091;6px&#093; &#091;&amp;_.underline&#093;:underline-offset-&#091;6px&#093;\" dir=\"ltr\">Nos points de vente uniques<\/h2><\/span><span><p><\/span><\/h2><\/div><div class=\"clear\"><\/div><\/div><div class=\"uncode_text_column\" ><\/p>\n<ul class=\"pt-&#091;9px&#093; pb-&#091;2px&#093; pl-&#091;24px&#093; list-disc &#091;&amp;_ul&#093;:pt-&#091;5px&#093; pt-&#091;5px&#093;\">\n<li class=\"text-body font-regular text-gray-800 leading-&#091;24px&#093; my-&#091;5px&#093; &#091;&amp;&gt;ol&#093;:!pt-0 &#091;&amp;&gt;ol&#093;:!pb-0 &#091;&amp;&gt;ul&#093;:!pt-0 &#091;&amp;&gt;ul&#093;:!pb-0\" value=\"1\"><b><strong class=\"font-bold\">L'exp\u00e9rience d'un vrai casino<\/strong><\/b>Les tables de casino : Nos tables de casino offrent une exp\u00e9rience de jeu authentique.<\/li>\n<li class=\"text-body font-regular text-gray-800 leading-&#091;24px&#093; my-&#091;5px&#093; &#091;&amp;&gt;ol&#093;:!pt-0 &#091;&amp;&gt;ol&#093;:!pb-0 &#091;&amp;&gt;ul&#093;:!pt-0 &#091;&amp;&gt;ul&#093;:!pb-0\" value=\"2\"><b><strong class=\"font-bold\">Professionnel et \u00e9l\u00e9gant<\/strong><\/b>Nous maintenons un haut niveau de professionnalisme et nos tables r\u00e9pondent aux normes esth\u00e9tiques des vrais casinos.<\/li>\n<li class=\"text-body font-regular text-gray-800 leading-&#091;24px&#093; my-&#091;5px&#093; &#091;&amp;&gt;ol&#093;:!pt-0 &#091;&amp;&gt;ol&#093;:!pb-0 &#091;&amp;&gt;ul&#093;:!pt-0 &#091;&amp;&gt;ul&#093;:!pb-0\" value=\"3\"><b><strong class=\"font-bold\">Paquet complet<\/strong><\/b>Le casino : De la roulette au craps, nous offrons une exp\u00e9rience de casino compl\u00e8te.<\/li>\n<li class=\"text-body font-regular text-gray-800 leading-&#091;24px&#093; my-&#091;5px&#093; &#091;&amp;&gt;ol&#093;:!pt-0 &#091;&amp;&gt;ol&#093;:!pb-0 &#091;&amp;&gt;ul&#093;:!pt-0 &#091;&amp;&gt;ul&#093;:!pb-0\" value=\"4\"><b><strong class=\"font-bold\">Flexible et fiable<\/strong><\/b>Notre service est adapt\u00e9 \u00e0 vos besoins. Nous livrons ponctuellement et garantissons une exp\u00e9rience fiable.<\/li>\n<\/ul>\n<p class=\"text-body font-regular text-gray-800 leading-&#091;24px&#093; pt-&#091;9px&#093; pb-&#091;2px&#093;\" dir=\"ltr\">Pr\u00e9parez-vous \u00e0 impressionner vos invit\u00e9s avec une soir\u00e9e inoubliable d'excitation et de plaisir de jeu.<\/p>\n<p>\n<\/div><\/div><\/div><\/div><\/div><\/div><\/div><\/div><\/div><div class=\"vc_row row-internal row-container boomapps_vcrow\"><div class=\"row row-child\"><div class=\"wpb_row row-inner\"><div class=\"wpb_column pos-top pos-center align_left column_child col-lg-6 boomapps_vccolumn single-internal-gutter\"><div class=\"uncol style-dark\" ><div class=\"uncoltable\"><div class=\"uncell  boomapps_vccolumn no-block-padding\" ><div class=\"uncont\" ><div class=\"vc_custom_heading_wrap\"><div class=\"heading-text el-text\" ><h2 class=\"h2\" ><span><\/p><\/span><span><h3 class=\"font-bold text-gray-800 text-h4 leading-&#091;30px&#093; pt-&#091;15px&#093; pb-&#091;2px&#093; &#091;&amp;_a&#093;:underline-offset-&#091;6px&#093; &#091;&amp;_.underline&#093;:underline-offset-&#091;6px&#093;\" dir=\"ltr\">\u00cates-vous pr\u00eat \u00e0 relever le d\u00e9fi ?<\/h3><\/span><span><p><\/span><\/h2><\/div><div class=\"clear\"><\/div><\/div><div class=\"uncode_text_column\" ><\/p>\n<p class=\"text-body font-regular text-gray-800 leading-&#091;24px&#093; pt-&#091;9px&#093; pb-&#091;2px&#093;\" dir=\"ltr\">Faites le pas pour que votre \u00e9v\u00e9nement soit un succ\u00e8s garanti. <b><strong class=\"font-bold\">Demander un devis<\/strong><\/b> Pour la meilleure location de tables de casino dans la r\u00e9gion d'Amsterdam. Cliquez sur le bouton ci-dessous et laissez-nous faire le travail pour vous.<\/p>\n<p class=\"text-body font-regular text-gray-800 leading-&#091;24px&#093; pt-&#091;9px&#093; pb-&#091;2px&#093;\" dir=\"ltr\"><a class=\"text-indigo-700 underline underline-offset-4\" title=\"Demander un devis\" href=\"#offerte-formulier\">Demande de devis<\/a><\/p>\n<p class=\"text-body font-regular text-gray-800 leading-&#091;24px&#093; pt-&#091;9px&#093; pb-&#091;2px&#093;\" dir=\"ltr\"><i><em class=\"italic\">Faites l'exp\u00e9rience du plaisir, du glamour et de l'excitation. Rendez votre prochain \u00e9v\u00e9nement l\u00e9gendaire gr\u00e2ce \u00e0 nos locations de tables de casino.<\/em><\/i><\/p>\n<p>\n<\/div><\/div><\/div><\/div><\/div><\/div><div class=\"wpb_column pos-top pos-center align_left column_child col-lg-6 boomapps_vccolumn single-internal-gutter\"><div class=\"uncol style-dark\" ><div class=\"uncoltable\"><div class=\"uncell  boomapps_vccolumn no-block-padding\" ><div class=\"uncont\" ><div class=\"uncode-single-media  text-left\"><div class=\"single-wrapper\" style=\"max-width: 100%;\"><div class=\"tmb tmb-light  tmb-img-ratio tmb-media-first tmb-media-last tmb-content-overlay tmb-no-bg\"><div class=\"t-inside\"><div class=\"t-entry-visual\"><div class=\"t-entry-visual-tc\"><div class=\"uncode-single-media-wrapper\"><div class=\"dummy\" style=\"padding-top: 75%;\"><\/div><img decoding=\"async\" class=\"wp-image-67135\" src=\"https:\/\/royalcasinocompany.nl\/wp-content\/uploads\/2024\/02\/WhatsApp-Image-2024-02-17-at-13.28.49-uai-1319x989.jpeg\" width=\"1319\" height=\"989\" alt=\"- Royal Casino Company\" title=\"\"><\/div>\n\t\t\t\t\t<\/div>\n\t\t\t\t<\/div><\/div><\/div><\/div><\/div><\/div><\/div><\/div><\/div><\/div><\/div><\/div><\/div><div class=\"vc_row row-internal row-container boomapps_vcrow\"><div class=\"row row-child\"><div class=\"wpb_row row-inner\"><div class=\"wpb_column pos-top pos-center align_left column_child col-lg-6 boomapps_vccolumn single-internal-gutter\"><div class=\"uncol style-dark\" ><div class=\"uncoltable\"><div class=\"uncell  boomapps_vccolumn no-block-padding\" ><div class=\"uncont\" ><div class=\"uncode-single-media  text-left\"><div class=\"single-wrapper\" style=\"max-width: 100%;\"><div class=\"tmb tmb-light  tmb-img-ratio tmb-media-first tmb-media-last tmb-content-overlay tmb-no-bg\"><div class=\"t-inside\"><div class=\"t-entry-visual\"><div class=\"t-entry-visual-tc\"><div class=\"uncode-single-media-wrapper\"><div class=\"dummy\" style=\"padding-top: 75%;\"><\/div><img decoding=\"async\" class=\"wp-image-67086\" src=\"https:\/\/royalcasinocompany.nl\/wp-content\/uploads\/2024\/02\/27-SFEER-5november-HermanceVanDijkPhotography-scaled-uai-2276x1707.jpg\" width=\"2276\" height=\"1707\" alt=\"- Royal Casino Company\" title=\"\"><\/div>\n\t\t\t\t\t<\/div>\n\t\t\t\t<\/div><\/div><\/div><\/div><\/div><\/div><\/div><\/div><\/div><\/div><div class=\"wpb_column pos-top pos-center align_left column_child col-lg-6 boomapps_vccolumn single-internal-gutter\"><div class=\"uncol style-dark\" ><div class=\"uncoltable\"><div class=\"uncell  boomapps_vccolumn no-block-padding\" ><div class=\"uncont\" ><div class=\"vc_custom_heading_wrap\"><div class=\"heading-text el-text\" ><h2 class=\"h2\" ><span><\/p><\/span><span><h2 class=\"font-bold text-gray-800 text-h3 leading-&#091;36px&#093; pt-&#091;21px&#093; pb-&#091;2px&#093; &#091;&amp;_a&#093;:underline-offset-&#091;6px&#093; &#091;&amp;_.underline&#093;:underline-offset-&#091;6px&#093;\" dir=\"ltr\">Nos options de table<\/h2><\/span><span><p><\/span><\/h2><\/div><div class=\"clear\"><\/div><\/div><div class=\"uncode_text_column\" ><\/p>\n<p class=\"text-body font-regular text-gray-800 leading-&#091;24px&#093; pt-&#091;9px&#093; pb-&#091;2px&#093;\" dir=\"ltr\">Nos tables de casino sont disponibles en diff\u00e9rentes options pour r\u00e9pondre \u00e0 vos besoins sp\u00e9cifiques :<\/p>\n<ul class=\"pt-&#091;9px&#093; pb-&#091;2px&#093; pl-&#091;24px&#093; list-disc &#091;&amp;_ul&#093;:pt-&#091;5px&#093; pt-&#091;5px&#093;\">\n<li class=\"text-body font-regular text-gray-800 leading-&#091;24px&#093; my-&#091;5px&#093; &#091;&amp;&gt;ol&#093;:!pt-0 &#091;&amp;&gt;ol&#093;:!pb-0 &#091;&amp;&gt;ul&#093;:!pt-0 &#091;&amp;&gt;ul&#093;:!pb-0\" value=\"1\"><b><strong class=\"font-bold\">Roulette<\/strong><\/b>Le jeu : Ce jeu de casino embl\u00e9matique est tr\u00e8s appr\u00e9ci\u00e9 du public et suscite de vives interactions.<\/li>\n<li class=\"text-body font-regular text-gray-800 leading-&#091;24px&#093; my-&#091;5px&#093; &#091;&amp;&gt;ol&#093;:!pt-0 &#091;&amp;&gt;ol&#093;:!pb-0 &#091;&amp;&gt;ul&#093;:!pt-0 &#091;&amp;&gt;ul&#093;:!pb-0\" value=\"2\"><b><strong class=\"font-bold\">Blackjack<\/strong><\/b>: Un jeu de cartes classique o\u00f9 les joueurs jouent contre le croupier. Id\u00e9al pour un d\u00e9fi strat\u00e9gique.<\/li>\n<li class=\"text-body font-regular text-gray-800 leading-&#091;24px&#093; my-&#091;5px&#093; &#091;&amp;&gt;ol&#093;:!pt-0 &#091;&amp;&gt;ol&#093;:!pb-0 &#091;&amp;&gt;ul&#093;:!pt-0 &#091;&amp;&gt;ul&#093;:!pb-0\" value=\"3\"><b><strong class=\"font-bold\">Poker<\/strong><\/b>Le jeu : Un jeu populaire et passionnant qui allie strat\u00e9gie, habilet\u00e9 et chance.<\/li>\n<li value=\"3\">Et bien d'autres choses encore, <a href=\"https:\/\/royalcasinocompany.nl\/fr\/casino-inhuur-prijzen\/\">Cliquez ici pour notre offre.<\/a><\/li>\n<\/ul>\n<p>\n<\/div><\/div><\/div><\/div><\/div><\/div><\/div><\/div><\/div><div class=\"vc_row row-internal row-container boomapps_vcrow\"><div class=\"row row-child\"><div class=\"wpb_row row-inner\"><div class=\"wpb_column pos-top pos-center align_left column_child col-lg-6 boomapps_vccolumn single-internal-gutter\"><div class=\"uncol style-dark\" ><div class=\"uncoltable\"><div class=\"uncell  boomapps_vccolumn no-block-padding\" ><div class=\"uncont\" ><div class=\"vc_custom_heading_wrap\"><div class=\"heading-text el-text\" ><h2 class=\"h2\" ><span><\/p><\/span><span><h2 class=\"font-bold text-gray-800 text-h3 leading-&#091;36px&#093; pt-&#091;21px&#093; pb-&#091;2px&#093; &#091;&amp;_a&#093;:underline-offset-&#091;6px&#093; &#091;&amp;_.underline&#093;:underline-offset-&#091;6px&#093;\" dir=\"ltr\">Nos services<\/h2><\/span><span><p><\/span><\/h2><\/div><div class=\"clear\"><\/div><\/div><div class=\"uncode_text_column\" ><\/p>\n<p class=\"text-body font-regular text-gray-800 leading-&#091;24px&#093; pt-&#091;9px&#093; pb-&#091;2px&#093;\" dir=\"ltr\">Outre la location de tables de casino, nous proposons \u00e9galement des services suppl\u00e9mentaires pour compl\u00e9ter votre \u00e9v\u00e9nement :<\/p>\n<ul class=\"pt-&#091;9px&#093; pb-&#091;2px&#093; pl-&#091;24px&#093; list-disc &#091;&amp;_ul&#093;:pt-&#091;5px&#093; pt-&#091;5px&#093;\">\n<li class=\"text-body font-regular text-gray-800 leading-&#091;24px&#093; my-&#091;5px&#093; &#091;&amp;&gt;ol&#093;:!pt-0 &#091;&amp;&gt;ol&#093;:!pb-0 &#091;&amp;&gt;ul&#093;:!pt-0 &#091;&amp;&gt;ul&#093;:!pb-0\" value=\"1\"><b><strong class=\"font-bold\">Croupiers<\/strong><\/b>Nos croupiers professionnels offrent une exp\u00e9rience de casino authentique et accompagnent les jeux.<\/li>\n<li class=\"text-body font-regular text-gray-800 leading-&#091;24px&#093; my-&#091;5px&#093; &#091;&amp;&gt;ol&#093;:!pt-0 &#091;&amp;&gt;ol&#093;:!pb-0 &#091;&amp;&gt;ul&#093;:!pt-0 &#091;&amp;&gt;ul&#093;:!pb-0\" value=\"2\"><b><strong class=\"font-bold\">D\u00e9coration<\/strong><\/b>D\u00e9coration : Ajoutez une touche de glamour suppl\u00e9mentaire gr\u00e2ce \u00e0 nos forfaits de d\u00e9coration personnalis\u00e9s.<\/li>\n<li class=\"text-body font-regular text-gray-800 leading-&#091;24px&#093; my-&#091;5px&#093; &#091;&amp;&gt;ol&#093;:!pt-0 &#091;&amp;&gt;ol&#093;:!pb-0 &#091;&amp;&gt;ul&#093;:!pt-0 &#091;&amp;&gt;ul&#093;:!pb-0\" value=\"3\"><b><strong class=\"font-bold\">Restauration<\/strong><\/b>Les restaurants : Compl\u00e9tez votre soir\u00e9e casino avec de d\u00e9licieux en-cas et boissons.<\/li>\n<\/ul>\n<p>\n<\/div><\/div><\/div><\/div><\/div><\/div><div class=\"wpb_column pos-top pos-center align_left column_child col-lg-6 boomapps_vccolumn single-internal-gutter\"><div class=\"uncol style-dark\" ><div class=\"uncoltable\"><div class=\"uncell  boomapps_vccolumn no-block-padding\" ><div class=\"uncont\" ><div class=\"uncode-single-media  text-left\"><div class=\"single-wrapper\" style=\"max-width: 100%;\"><div class=\"tmb tmb-light  tmb-img-ratio tmb-media-first tmb-media-last tmb-content-overlay tmb-no-bg\"><div class=\"t-inside\"><div class=\"t-entry-visual\"><div class=\"t-entry-visual-tc\"><div class=\"uncode-single-media-wrapper\"><div class=\"dummy\" style=\"padding-top: 75.1%;\"><\/div><img decoding=\"async\" class=\"wp-image-67092\" src=\"https:\/\/royalcasinocompany.nl\/wp-content\/uploads\/2024\/02\/60-Paul50%C2%A9HERMANCEVANDIJK-uai-910x683.jpg\" width=\"910\" height=\"683\" alt=\"- Royal Casino Company\" title=\"\"><\/div>\n\t\t\t\t\t<\/div>\n\t\t\t\t<\/div><\/div><\/div><\/div><\/div><\/div><\/div><\/div><\/div><\/div><\/div><\/div><\/div><div class=\"divider-wrapper\"  >\n    <hr class=\"border-accent-color separator-no-padding\"  \/>\n<\/div>\n<div class=\"vc_row row-internal row-container boomapps_vcrow\"><div class=\"row row-child\"><div class=\"wpb_row row-inner\"><div class=\"wpb_column pos-top pos-center align_left column_child col-lg-12 boomapps_vccolumn single-internal-gutter\"><div class=\"uncol style-dark\" ><div class=\"uncoltable\"><div class=\"uncell  boomapps_vccolumn no-block-padding\" ><div class=\"uncont\" ><div class=\"vc_custom_heading_wrap\"><div class=\"heading-text el-text\" ><h2 class=\"h2\" ><span><\/p><\/span><span><h2 class=\"font-bold text-gray-800 text-h3 leading-&#091;36px&#093; pt-&#091;21px&#093; pb-&#091;2px&#093; &#091;&amp;_a&#093;:underline-offset-&#091;6px&#093; &#091;&amp;_.underline&#093;:underline-offset-&#091;6px&#093;\" dir=\"ltr\">Contactez nous<\/h2><\/span><span><p><\/span><\/h2><\/div><div class=\"clear\"><\/div><\/div><div class=\"uncode_text_column\" ><\/p>\n<p class=\"text-body font-regular text-gray-800 leading-&#091;24px&#093; pt-&#091;9px&#093; pb-&#091;2px&#093;\" dir=\"ltr\">Nous sommes heureux de vous aider \u00e0 planifier votre prochain \u00e9v\u00e9nement. Contactez-nous pour plus d'informations ou pour organiser un <a href=\"https:\/\/royalcasinocompany.nl\/fr\/offerteformulier\/\">cotation<\/a> demande. Notre \u00e9quipe est pr\u00eate \u00e0 faire passer votre \u00e9v\u00e9nement au niveau sup\u00e9rieur.<\/p>\n<p class=\"text-body font-regular text-gray-800 leading-&#091;24px&#093; pt-&#091;9px&#093; pb-&#091;2px&#093;\" dir=\"ltr\"><i><em class=\"italic\">Surprenez vos invit\u00e9s avec une soir\u00e9e de paillettes et de glamour. Prenez <a href=\"https:\/\/royalcasinocompany.nl\/fr\/contact-royal-casino-company\/\">contact<\/a> avec nous.<\/em><\/i><\/p>\n<p class=\"text-body font-regular text-gray-800 leading-&#091;24px&#093; pt-&#091;9px&#093; pb-&#091;2px&#093;\" dir=\"ltr\"><i><em class=\"italic\">Nous sommes impatients de faire de votre \u00e9v\u00e9nement un succ\u00e8s gr\u00e2ce \u00e0 notre location professionnelle de tables de casino.<\/em><\/i> 1TP5Profiter d'une soir\u00e9e de divertissement<\/p>\n<p class=\"text-body font-regular text-gray-800 leading-&#091;24px&#093; pt-&#091;9px&#093; pb-&#091;2px&#093;\" dir=\"ltr\">Avec notre <a href=\"https:\/\/royalcasinocompany.nl\/fr\/casino-inhuur-prijzen\/\">tables de casino<\/a> nous apportons le plaisir et l'excitation de Vegas \u00e0 votre \u00e9v\u00e9nement. Nos tables et nos services professionnels vous garantissent une soir\u00e9e inoubliable pour vous et vos invit\u00e9s.<\/p>\n<p class=\"text-body font-regular text-gray-800 leading-&#091;24px&#093; pt-&#091;9px&#093; pb-&#091;2px&#093;\" dir=\"ltr\"><i><em class=\"italic\">Demandez un devis d\u00e8s maintenant et d\u00e9couvrez la grandeur de notre casino.<\/em><\/i> <a href=\"https:\/\/royalcasinocompany.nl\/fr\/offerteformulier\/\">Demande de devis<\/a><\/p>\n<p class=\"text-body font-regular text-gray-800 leading-&#091;24px&#093; pt-&#091;9px&#093; pb-&#091;2px&#093;\" dir=\"ltr\"><b><strong class=\"font-bold\">Que les jeux commencent !<\/strong><\/b> D\u00e9couvrez par vous-m\u00eame pourquoi nos clients nous choisissent encore et encore pour la location de tables de casino. Nous garantissons un service professionnel et fiable pour tout \u00e9v\u00e9nement. Contactez-nous d\u00e8s aujourd'hui et vivez l'excitation de Vegas pr\u00e8s de chez vous !<\/p>\n<p>\n<\/div><\/div><\/div><\/div><\/div><\/div><\/div><\/div><\/div><\/div><\/div><\/div><\/div><\/div><script id=\"script-row-unique-0\" data-row=\"script-row-unique-0\" type=\"text\/javascript\" class=\"vc_controls\">UNCODE.initRow(document.getElementById(\"row-unique-0\"));<\/script><\/div><\/div><\/div>\n<\/div>","protected":false},"excerpt":{"rendered":"Ervaar de Spanning van Vegas met Onze Professionele Casino Tafel Verhuur!Welkom bij de high-end casino-ervaring van Amsterdam! Of u nu [...]","protected":false},"author":1,"featured_media":67076,"parent":0,"menu_order":0,"comment_status":"closed","ping_status":"closed","template":"","meta":{"footnotes":""},"class_list":["post-67245","page","type-page","status-publish","has-post-thumbnail","hentry","page_category-casino-huren-nederland","page_category-huren"],"_links":{"self":[{"href":"https:\/\/royalcasinocompany.nl\/fr\/wp-json\/wp\/v2\/pages\/67245","targetHints":{"allow":["GET"]}}],"collection":[{"href":"https:\/\/royalcasinocompany.nl\/fr\/wp-json\/wp\/v2\/pages"}],"about":[{"href":"https:\/\/royalcasinocompany.nl\/fr\/wp-json\/wp\/v2\/types\/page"}],"author":[{"embeddable":true,"href":"https:\/\/royalcasinocompany.nl\/fr\/wp-json\/wp\/v2\/users\/1"}],"replies":[{"embeddable":true,"href":"https:\/\/royalcasinocompany.nl\/fr\/wp-json\/wp\/v2\/comments?post=67245"}],"version-history":[{"count":9,"href":"https:\/\/royalcasinocompany.nl\/fr\/wp-json\/wp\/v2\/pages\/67245\/revisions"}],"predecessor-version":[{"id":67269,"href":"https:\/\/royalcasinocompany.nl\/fr\/wp-json\/wp\/v2\/pages\/67245\/revisions\/67269"}],"wp:featuredmedia":[{"embeddable":true,"href":"https:\/\/royalcasinocompany.nl\/fr\/wp-json\/wp\/v2\/media\/67076"}],"wp:attachment":[{"href":"https:\/\/royalcasinocompany.nl\/fr\/wp-json\/wp\/v2\/media?parent=67245"}],"curies":[{"name":"wp","href":"https:\/\/api.w.org\/{rel}","templated":true}]}}