{"id":67331,"date":"2024-02-20T10:02:11","date_gmt":"2024-02-20T09:02:11","guid":{"rendered":"https:\/\/royalcasinocompany.nl\/?page_id=67331"},"modified":"2025-09-08T22:16:33","modified_gmt":"2025-09-08T20:16:33","slug":"casino-avond","status":"publish","type":"page","link":"https:\/\/royalcasinocompany.nl\/fr\/casino-avond\/","title":{"rendered":"Soir\u00e9e casino"},"content":{"rendered":"<div class=\"wpb-content-wrapper\"><div data-parent=\"true\" class=\"vc_row row-container boomapps_vcrow\" id=\"row-unique-0\"><div class=\"row limit-width row-parent\"><div class=\"wpb_row row-inner\"><div class=\"wpb_column pos-top pos-center align_left column_parent col-lg-12 boomapps_vccolumn single-internal-gutter\"><div class=\"uncol style-dark\"  ><div class=\"uncoltable\"><div class=\"uncell  boomapps_vccolumn no-block-padding\" ><div class=\"uncont\" ><div class=\"vc_row row-internal row-container boomapps_vcrow\"><div class=\"row row-child\"><div class=\"wpb_row row-inner\"><div class=\"wpb_column pos-top pos-center align_left column_child col-lg-12 boomapps_vccolumn single-internal-gutter\"><div class=\"uncol style-dark\" ><div class=\"uncoltable\"><div class=\"uncell  boomapps_vccolumn no-block-padding\" ><div class=\"uncont\" ><div class=\"uncode_text_column\" ><\/p>\n<h1>Organiser une soir\u00e9e casino avec style et enthousiasme<\/h1>\n<p>Voulez-vous un <strong>soir\u00e9e casino<\/strong> Vous souhaitez organiser un \u00e9v\u00e9nement qui surprendra et divertira vos invit\u00e9s ? Royal Casino Company vous aidera \u00e0 transformer toute f\u00eate ou tout \u00e9v\u00e9nement en une exp\u00e9rience \u00e9l\u00e9gante et inoubliable. Qu'il s'agisse d'un mariage, d'une f\u00eate d'entreprise ou d'un d\u00eener de gala : avec nos tables de casino de luxe, nos croupiers exp\u00e9riment\u00e9s et notre d\u00e9cor atmosph\u00e9rique, nous apportons l'atmosph\u00e8re d'un v\u00e9ritable casino \u00e0 votre lieu de r\u00e9union. A <strong>location de salles de casino<\/strong> est le moyen de combiner divertissement et \u00e9l\u00e9gance.<\/p>\n<h2>En quoi consiste une soir\u00e9e casino ?<\/h2>\n<p>A <strong>soir\u00e9e casino<\/strong> est un concept festif o\u00f9 les invit\u00e9s participent \u00e0 des jeux de casino avec de l'argent fictif. Il n'y a donc pas de jeu r\u00e9el, mais une v\u00e9ritable exp\u00e9rience ! \u00c0 leur arriv\u00e9e, vos invit\u00e9s re\u00e7oivent de l'argent fictif avec lequel ils peuvent parier sur des jeux populaires tels que <strong>blackjack<\/strong>, <strong>roulette<\/strong>, <strong>point de vue du banco<\/strong> ou <strong>poker<\/strong>. Nos croupiers professionnels accompagnent chaque jeu en apportant explications, ambiance et spectacle.<\/p>\n<p>Gr\u00e2ce \u00e0 notre exp\u00e9rience et \u00e0 notre souci du d\u00e9tail, vous avez l'impression de p\u00e9n\u00e9trer dans un casino luxueux de Las Vegas ou de Monte Carlo. L'\u00e9clairage, la d\u00e9coration et le tapis rouge compl\u00e8tent le tableau. Id\u00e9al pour tous ceux qui souhaitent une approche un peu diff\u00e9rente de leur f\u00eate.<\/p>\n<h2>Avantages de la location d'une soir\u00e9e casino<\/h2>\n<ul>\n<li>Croupiers professionnels et repr\u00e9sentatifs<\/li>\n<li>Des tables de jeu originales comme dans un vrai casino<\/li>\n<li>Look de luxe avec tapis rouge, \u00e9clairage et d\u00e9cor<\/li>\n<li>Sur mesure pour les petits et les grands groupes<\/li>\n<li>Amusement pour les jeunes et les moins jeunes, les d\u00e9butants et les joueurs confirm\u00e9s<\/li>\n<li>Convient pour l'int\u00e9rieur et l'ext\u00e9rieur<\/li>\n<li>Une prise en charge compl\u00e8te : pas de soucis, mais une qualit\u00e9 sup\u00e9rieure<\/li>\n<\/ul>\n<h2>\u00c0 quelles occasions les soir\u00e9es casino conviennent-elles ?<\/h2>\n<p>A <strong>organiser une soir\u00e9e casino<\/strong> convient \u00e0 de nombreux \u00e9v\u00e9nements et f\u00eates. Nous organisons r\u00e9guli\u00e8rement des soir\u00e9es casino, entre autres :<\/p>\n<ul>\n<li>F\u00eates d'entreprise et soir\u00e9es du personnel<\/li>\n<li>Mariages et anniversaires<\/li>\n<li>Galas et soir\u00e9es \u00e0 th\u00e8me<\/li>\n<li>Anniversaires et enterrements de vie de gar\u00e7on<\/li>\n<li>Ouvertures, lancements de produits et boissons de r\u00e9seautage<\/li>\n<\/ul>\n<p>Nos soir\u00e9es casino sont flexibles. Nous nous rendons dans n'importe quel endroit aux Pays-Bas ou en Belgique : des h\u00f4tels de luxe et des lieux d'\u00e9v\u00e9nements \u00e0 un chapiteau joliment d\u00e9cor\u00e9 dans votre propre jardin.<\/p>\n<h2>Pourquoi choisir Royal Casino Company ?<\/h2>\n<p>Royal Casino Company est le sp\u00e9cialiste du luxe <strong>location de casinos<\/strong> aux Pays-Bas. Avec plus de 10 ans d'exp\u00e9rience et une passion pour l'hospitalit\u00e9, nous proposons un concept global qui d\u00e9passe vos attentes. Nos tables de jeu sont de haute qualit\u00e9 et \u00e9l\u00e9gamment pr\u00e9sent\u00e9es. Nos croupiers sont non seulement professionnels, mais aussi sympathiques, \u00e9nergiques et capables de guider des groupes.<\/p>\n<p>Nous r\u00e9fl\u00e9chissons avec vous \u00e0 l'organisation de la soir\u00e9e, au type de jeux, au nombre de tables et \u00e0 l'ambiance souhait\u00e9e. De la f\u00eate priv\u00e9e intime au grand \u00e9v\u00e9nement d'entreprise : nous adaptons tout \u00e0 vos besoins. Notre objectif ? A <strong>Une nuit de casino inoubliable<\/strong> pour vous et vos invit\u00e9s.<\/p>\n<h2>Questions fr\u00e9quemment pos\u00e9es sur les nuits de casino<\/h2>\n<h3>Une soir\u00e9e casino est-elle l\u00e9gale ?<\/h3>\n<p>Oui, un <strong>location de salles de casino<\/strong> 100% est l\u00e9gal. Parce qu'il joue avec de l'argent fictif et ne paie pas de prix en esp\u00e8ces, il n'a pas besoin d'une licence de jeu. Il s'agit d'un pur divertissement.<\/p>\n<h3>Les d\u00e9butants peuvent-ils \u00e9galement participer ?<\/h3>\n<p>Oui, en effet. Nos croupiers expliquent chaque jeu \u00e9tape par \u00e9tape et veillent \u00e0 ce que m\u00eame les d\u00e9butants se sentent \u00e0 l'aise. Tout le monde peut participer, quelle que soit son exp\u00e9rience ou son \u00e2ge.<\/p>\n<h3>De combien de tables de jeu ai-je besoin ?<\/h3>\n<p>Cela d\u00e9pend du nombre d'invit\u00e9s. A titre indicatif, nous utilisons une table de jeu pour 10 \u00e0 12 personnes. Nous nous ferons un plaisir de vous donner des conseils personnalis\u00e9s en fonction de votre f\u00eate et de l'endroit o\u00f9 vous vous trouvez.<\/p>\n<h3>Que comprend une soir\u00e9e casino ?<\/h3>\n<p>Nos formules sont tout compris : tables de jeu, personnel, jetons, d\u00e9coration, montage et d\u00e9montage sont inclus. Vous n'avez \u00e0 vous soucier de rien.<\/p>\n<h2>Possibilit\u00e9 de suppl\u00e9ments uniques<\/h2>\n<p>Faites votre <strong>soir\u00e9e casino<\/strong> encore plus sp\u00e9cial avec des options suppl\u00e9mentaires telles qu'un chanteur en direct, un photobooth, un mur de paillettes, un bar \u00e0 champagne ou une d\u00e9coration th\u00e9matique (par exemple : James Bond ou Las Vegas). Nous travaillons avec des partenaires fiables pour une exp\u00e9rience totale.<\/p>\n<h2>Demande de devis sans engagement<\/h2>\n<p>\u00cates-vous pr\u00eat \u00e0 rendre votre f\u00eate inoubliable gr\u00e2ce \u00e0 une \u00e9quipe professionnelle et \u00e9l\u00e9gante ? <strong>soir\u00e9e casino<\/strong>? Demandez un devis sans obligation d'achat via notre site web. <a href=\"\/fr\/offerte-aanvragen\/\">formulaire de devis<\/a> ou prendre <a href=\"\/fr\/contact\/\">contact direct<\/a> avec nous. Dans les 24 heures, vous recevrez une proposition personnalis\u00e9e adapt\u00e9e \u00e0 vos besoins. Faites d\u00e9couvrir \u00e0 vos invit\u00e9s \u00e0 quel point une soir\u00e9e d'excitation, d'amusement et de style peut \u00eatre sp\u00e9ciale !<\/p>\n<h2>Voir aussi nos autres services<\/h2>\n<ul>\n<li><a href=\"\/fr\/blackjack-tafel-huren\/\">Location de tables de blackjack<\/a><\/li>\n<li><a href=\"\/fr\/roulette-tafel-huren\/\">Location de table de roulette<\/a><\/li>\n<li><a href=\"\/fr\/casino-verhuur\/\">Location de casinos de luxe<\/a><\/li>\n<\/ul>\n<p>\n<\/div><div class=\"divider-wrapper\"  >\n    <hr class=\"border-accent-color separator-no-padding\"  \/>\n<\/div>\n<\/div><\/div><\/div><\/div><\/div><\/div><\/div><\/div><\/div><\/div><\/div><\/div><\/div><script id=\"script-row-unique-0\" data-row=\"script-row-unique-0\" type=\"text\/javascript\" class=\"vc_controls\">UNCODE.initRow(document.getElementById(\"row-unique-0\"));<\/script><\/div><\/div><\/div>\n<\/div>","protected":false},"excerpt":{"rendered":"Casino avond organiseren met stijl en spanning Wil jij een casino avond organiseren die jouw gasten verrast en vermaakt? Royal [...]","protected":false},"author":1,"featured_media":67076,"parent":0,"menu_order":0,"comment_status":"closed","ping_status":"closed","template":"","meta":{"footnotes":""},"class_list":["post-67331","page","type-page","status-publish","has-post-thumbnail","hentry","page_category-huren"],"_links":{"self":[{"href":"https:\/\/royalcasinocompany.nl\/fr\/wp-json\/wp\/v2\/pages\/67331","targetHints":{"allow":["GET"]}}],"collection":[{"href":"https:\/\/royalcasinocompany.nl\/fr\/wp-json\/wp\/v2\/pages"}],"about":[{"href":"https:\/\/royalcasinocompany.nl\/fr\/wp-json\/wp\/v2\/types\/page"}],"author":[{"embeddable":true,"href":"https:\/\/royalcasinocompany.nl\/fr\/wp-json\/wp\/v2\/users\/1"}],"replies":[{"embeddable":true,"href":"https:\/\/royalcasinocompany.nl\/fr\/wp-json\/wp\/v2\/comments?post=67331"}],"version-history":[{"count":20,"href":"https:\/\/royalcasinocompany.nl\/fr\/wp-json\/wp\/v2\/pages\/67331\/revisions"}],"predecessor-version":[{"id":70430,"href":"https:\/\/royalcasinocompany.nl\/fr\/wp-json\/wp\/v2\/pages\/67331\/revisions\/70430"}],"wp:featuredmedia":[{"embeddable":true,"href":"https:\/\/royalcasinocompany.nl\/fr\/wp-json\/wp\/v2\/media\/67076"}],"wp:attachment":[{"href":"https:\/\/royalcasinocompany.nl\/fr\/wp-json\/wp\/v2\/media?parent=67331"}],"curies":[{"name":"wp","href":"https:\/\/api.w.org\/{rel}","templated":true}]}}