{"id":70714,"date":"2025-08-26T19:48:56","date_gmt":"2025-08-26T17:48:56","guid":{"rendered":"https:\/\/royalcasinocompany.nl\/?page_id=70714"},"modified":"2025-08-26T19:53:29","modified_gmt":"2025-08-26T17:53:29","slug":"craps-tafel-kopen-tweedehands","status":"publish","type":"page","link":"https:\/\/royalcasinocompany.nl\/fr\/casinotafel-kopen-tweedehands\/craps-tafel-kopen-tweedehands\/","title":{"rendered":"Acheter une table de craps (occasion)"},"content":{"rendered":"<div class=\"wpb-content-wrapper\"><div data-parent=\"true\" class=\"vc_row row-container boomapps_vcrow\" id=\"row-unique-0\"><div class=\"row limit-width row-parent\"><div class=\"wpb_row row-inner\"><div class=\"wpb_column pos-top pos-center align_left column_parent col-lg-12 boomapps_vccolumn single-internal-gutter\"><div class=\"uncol style-dark\"  ><div class=\"uncoltable\"><div class=\"uncell  boomapps_vccolumn no-block-padding\" ><div class=\"uncont\" ><div class=\"uncode_text_column text-small text-accent-color\" ><nav aria-label=\"chapelure\" class=\"rank-math-breadcrumb\"><p><span class=\"last\">Accueil<\/span><\/p><\/nav>\n<\/div><\/div><\/div><\/div><\/div><\/div><script id=\"script-row-unique-0\" data-row=\"script-row-unique-0\" type=\"text\/javascript\" class=\"vc_controls\">UNCODE.initRow(document.getElementById(\"row-unique-0\"));<\/script><\/div><\/div><\/div><div data-parent=\"true\" class=\"vc_row row-container boomapps_vcrow\" id=\"row-unique-1\"><div class=\"row triple-top-padding single-bottom-padding single-h-padding limit-width row-parent\"><div class=\"wpb_row row-inner\"><div class=\"wpb_column pos-top pos-center align_left column_parent col-lg-12 boomapps_vccolumn single-internal-gutter\"><div class=\"uncol style-dark\"  ><div class=\"uncoltable\"><div class=\"uncell  boomapps_vccolumn no-block-padding\" ><div class=\"uncont\" ><div class=\"vc_row row-internal row-container boomapps_vcrow\"><div class=\"row row-child\"><div class=\"wpb_row row-inner\"><div class=\"wpb_column pos-top pos-center align_center column_child col-lg-12 boomapps_vccolumn single-internal-gutter\"><div class=\"uncol style-dark\" ><div class=\"uncoltable\"><div class=\"uncell  boomapps_vccolumn no-block-padding\" ><div class=\"uncont\" ><div class=\"vc_custom_heading_wrap\"><div class=\"heading-text el-text\" ><\/p>\n<h1>ACHETER UNE TABLE DE CRAPS ?<\/h1>\n<div ><p>DEUXI\u00c8ME MAIN<\/p>\n<\/div><hr class=\"separator-break separator-accent\" \/><\/div><div class=\"clear\"><\/div><\/div><\/div><\/div><\/div><\/div><\/div><\/div><\/div><\/div><\/div><\/div><\/div><\/div><\/div><script id=\"script-row-unique-1\" data-row=\"script-row-unique-1\" type=\"text\/javascript\" class=\"vc_controls\">UNCODE.initRow(document.getElementById(\"row-unique-1\"));<\/script><\/div><\/div><\/div><div data-parent=\"true\" class=\"vc_row row-container boomapps_vcrow\" id=\"row-unique-2\"><div class=\"row limit-width row-parent\"><div class=\"wpb_row row-inner\"><div class=\"wpb_column pos-top pos-center align_left column_parent col-lg-12 boomapps_vccolumn single-internal-gutter\"><div class=\"uncol style-dark\"  ><div class=\"uncoltable\"><div class=\"uncell  boomapps_vccolumn no-block-padding\" ><div class=\"uncont\" ><div class=\"uncode_text_column\" ><p>Sur cette page, vous trouverez notre gamme exclusive de magnifiques tables de craps d'occasion. Ces tables impressionnantes proviennent de casinos \u00e9trangers renomm\u00e9s et ont \u00e9t\u00e9 enti\u00e8rement remises \u00e0 neuf dans notre entrep\u00f4t. Le r\u00e9sultat : une table de craps tr\u00e8s luxueuse, comme neuve, mais \u00e0 un prix abordable.<\/p>\n<p>Chaque table respire l'excitation et l'atmosph\u00e8re d'un vrai casino. L'espace de jeu g\u00e9n\u00e9reux, les nombreuses possibilit\u00e9s de mise et la dynamique du jeu de d\u00e9s se combinent pour cr\u00e9er une exp\u00e9rience unique. Vous r\u00eavez depuis des ann\u00e9es de poss\u00e9der une v\u00e9ritable table de craps - pour votre mancave, votre bureau ou pour vos soir\u00e9es entre amis ? Voici votre chance !<\/p>\n<p>Alors qu'au casino, vous vous contentez souvent de regarder, vous pouvez d\u00e9sormais jouer vous-m\u00eame le r\u00f4le de stickman ou de croupier. Recevez des invit\u00e9s, organisez votre propre soir\u00e9e casino et profitez d'une attraction qui respire le luxe et la classe.<\/p>\n<p>Nos tables pr\u00e9sentent parfois de l\u00e9g\u00e8res traces d'utilisation, ce qui ne fait qu'ajouter \u00e0 leur caract\u00e8re et \u00e0 leur histoire. Apr\u00e8s la r\u00e9novation, elles sont techniquement et optiquement en parfait \u00e9tat et pr\u00eates pour une seconde vie.<\/p>\n<p>Installez une table de craps originale chez vous et vivez le jeu comme au casino, mais dans votre propre environnement.<\/p>\n<\/div><\/div><\/div><\/div><\/div><\/div><script id=\"script-row-unique-2\" data-row=\"script-row-unique-2\" type=\"text\/javascript\" class=\"vc_controls\">UNCODE.initRow(document.getElementById(\"row-unique-2\"));<\/script><\/div><\/div><\/div><div data-parent=\"true\" class=\"vc_row row-container boomapps_vcrow\" id=\"row-unique-3\"><div class=\"row limit-width row-parent\"><div class=\"wpb_row row-inner\"><div class=\"wpb_column pos-top pos-center align_left column_parent col-lg-12 boomapps_vccolumn single-internal-gutter\"><div class=\"uncol style-dark\"  ><div class=\"uncoltable\"><div class=\"uncell  boomapps_vccolumn no-block-padding\" ><div class=\"uncont\" ><div class=\"divider-wrapper\"  >\n    <hr class=\"border-accent-color separator-no-padding\"  \/>\n<\/div>\n<\/div><\/div><\/div><\/div><\/div><script id=\"script-row-unique-3\" data-row=\"script-row-unique-3\" type=\"text\/javascript\" class=\"vc_controls\">UNCODE.initRow(document.getElementById(\"row-unique-3\"));<\/script><\/div><\/div><\/div><div data-parent=\"true\" class=\"vc_row row-container boomapps_vcrow\" id=\"row-unique-4\"><div class=\"row limit-width row-parent\"><div class=\"wpb_row row-inner\"><div class=\"wpb_column pos-top pos-center align_left column_parent col-lg-12 boomapps_vccolumn single-internal-gutter\"><div class=\"uncol style-dark\"  ><div class=\"uncoltable\"><div class=\"uncell  boomapps_vccolumn no-block-padding\" ><div class=\"uncont\" ><div class=\"vc_row row-internal row-container boomapps_vcrow\"><div class=\"row row-child\"><div class=\"wpb_row row-inner\"><div class=\"wpb_column pos-top pos-center align_left column_child col-lg-6 boomapps_vccolumn single-internal-gutter\"><div class=\"uncol style-dark\" ><div class=\"uncoltable\"><div class=\"uncell  boomapps_vccolumn no-block-padding\" ><div class=\"uncont\" ><div class=\"vc_custom_heading_wrap\"><div class=\"heading-text el-text\" ><h2 class=\"h2\" ><span>#1 - Table de craps (Marque inconnue)<\/span><\/h2><\/div><div class=\"clear\"><\/div><\/div><div class=\"uncode_text_column\" ><\/p>\n<blockquote>\n<p>3 000 \u20ac hors TVA 21%<\/p>\n<\/blockquote>\n<p>Cette magnifique table de craps est un sp\u00e9cimen unique au look impressionnant. La marque est inconnue, mais la qualit\u00e9 et la finition ne laissent rien \u00e0 d\u00e9sirer. Gr\u00e2ce \u00e0 ses dimensions g\u00e9n\u00e9reuses, \u00e0 son terrain de jeu d\u00e9taill\u00e9 et \u00e0 sa finition luxueuse, vous et vos invit\u00e9s avez imm\u00e9diatement l'impression de vous trouver dans un casino professionnel.<\/p>\n<p>Solide et r\u00e9sistante, cette table est con\u00e7ue pour devenir un \u00e9l\u00e9ment fixe et pour inspirer le plaisir et la classe pendant des ann\u00e9es. Il ne s'agit pas d'une table de jeu standard, mais d'une pi\u00e8ce d'apparat qui transforme n'importe quelle pi\u00e8ce en une v\u00e9ritable exp\u00e9rience de casino.<\/p>\n<p>La table de craps est livr\u00e9e compl\u00e8te, avec tous les accessoires n\u00e9cessaires pour jouer imm\u00e9diatement.<\/p>\n<p>Ce mod\u00e8le n'a \u00e9t\u00e9 que tr\u00e8s peu utilis\u00e9 et est donc en excellent \u00e9tat - presque comme neuf. Vous ram\u00e8nerez ainsi chez vous un objet rare et sp\u00e9cial qui ne manquera pas d'impressionner.<\/p>\n<\/div><\/div><\/div><\/div><\/div><\/div><div class=\"wpb_column pos-top pos-center align_left column_child col-lg-6 boomapps_vccolumn single-internal-gutter\"><div class=\"uncol style-dark\" ><div class=\"uncoltable\"><div class=\"uncell  boomapps_vccolumn no-block-padding\" ><div class=\"uncont\" ><div class=\"uncode-single-media  text-left\"><div class=\"single-wrapper\" style=\"max-width: 100%;\"><div class=\"tmb tmb-light  tmb-img-ratio tmb-media-first tmb-media-last tmb-content-overlay tmb-no-bg\"><div class=\"t-inside\"><div class=\"t-entry-visual\"><div class=\"t-entry-visual-tc\"><div class=\"uncode-single-media-wrapper\"><div class=\"dummy\" style=\"padding-top: 75%;\"><\/div><img decoding=\"async\" class=\"wp-image-70715\" src=\"https:\/\/royalcasinocompany.nl\/wp-content\/uploads\/2025\/08\/WhatsApp-Image-2025-08-26-at-19.41.30-uai-844x633.jpeg\" width=\"844\" height=\"633\" alt=\"craps tafel kopen\" title=\"\"><\/div>\n\t\t\t\t\t<\/div>\n\t\t\t\t<\/div><\/div><\/div><\/div><\/div><div class=\"uncode_text_column\" ><p>La table peut \u00eatre vue dans notre salle d'exposition - vous \u00eates les bienvenus pour d\u00e9couvrir la qualit\u00e9 et l'aspect de la table par vous-m\u00eame.<\/p>\n<p>Dimensions : 325 x 125 x 95 cm<br \/>\nLivraison : possible moyennant un suppl\u00e9ment de 0,85 \u20ac par km.<\/p>\n<\/div><\/div><\/div><\/div><\/div><\/div><\/div><\/div><\/div><div id=\"gallery-107721\" class=\"un-media-gallery isotope-system isotope-general-dark grid-general-dark\">\n\t\t\t\t\t\n\t\n\t<div class=\"isotope-wrapper grid-wrapper single-gutter\" >\n\t\t\t\t\t\t\t\t\t<div class=\"isotope-container isotope-layout style-masonry\" data-type=\"masonry\" data-layout=\"masonry\" data-lg=\"1000\" data-md=\"600\" data-sm=\"480\">\n<div class=\"tmb tmb-iso-w3 tmb-iso-h4 tmb-light tmb-overlay-text-anim tmb-overlay-anim tmb-overlay-middle tmb-overlay-text-left tmb-image-anim tmb-id-70716  tmb-img-ratio tmb-media-first tmb-media-last tmb-content-overlay tmb-no-bg tmb-lightbox\" ><div class=\"t-inside no-anim\" ><div class=\"t-entry-visual\"><div class=\"t-entry-visual-tc\"><div class=\"t-entry-visual-cont\"><div class=\"dummy\" style=\"padding-top: 75%;\"><\/div><a href=\"https:\/\/royalcasinocompany.nl\/wp-content\/uploads\/2025\/08\/WhatsApp-Image-2025-08-26-at-19.41.31.jpeg\"  class=\"pushed\" data-active=\"1\" data-lbox=\"ilightbox_gallery-107721\" data-options=\"width:943,height:625,thumbnail: 'https:\/\/royalcasinocompany.nl\/wp-content\/uploads\/2025\/08\/WhatsApp-Image-2025-08-26-at-19.41.31-300x199.jpeg'\" data-lb-index=\"0\"><div class=\"t-entry-visual-overlay\"><div class=\"t-entry-visual-overlay-in style-dark-bg\" style=\"opacity: 0.5;\"><\/div><\/div><img decoding=\"async\" class=\"wp-image-70716\" src=\"https:\/\/royalcasinocompany.nl\/wp-content\/uploads\/2025\/08\/WhatsApp-Image-2025-08-26-at-19.41.31-uai-833x625.jpeg\" width=\"833\" height=\"625\" alt=\"Craps tafel kopen\" title=\"\"><\/a><\/div>\n\t\t\t\t\t<\/div>\n\t\t\t\t<\/div><\/div><\/div><div class=\"tmb tmb-iso-w3 tmb-iso-h4 tmb-light tmb-overlay-text-anim tmb-overlay-anim tmb-overlay-middle tmb-overlay-text-left tmb-image-anim tmb-id-70717  tmb-img-ratio tmb-media-first tmb-media-last tmb-content-overlay tmb-no-bg tmb-lightbox\" ><div class=\"t-inside no-anim\" ><div class=\"t-entry-visual\"><div class=\"t-entry-visual-tc\"><div class=\"t-entry-visual-cont\"><div class=\"dummy\" style=\"padding-top: 75.1%;\"><\/div><a href=\"https:\/\/royalcasinocompany.nl\/wp-content\/uploads\/2025\/08\/WhatsApp-Image-2025-08-26-at-19.41.31-1.jpeg\"  class=\"pushed\" data-active=\"1\" data-lbox=\"ilightbox_gallery-107721\" data-options=\"width:943,height:617,thumbnail: 'https:\/\/royalcasinocompany.nl\/wp-content\/uploads\/2025\/08\/WhatsApp-Image-2025-08-26-at-19.41.31-1-300x196.jpeg'\" data-lb-index=\"1\"><div class=\"t-entry-visual-overlay\"><div class=\"t-entry-visual-overlay-in style-dark-bg\" style=\"opacity: 0.5;\"><\/div><\/div><img decoding=\"async\" class=\"wp-image-70717\" src=\"https:\/\/royalcasinocompany.nl\/wp-content\/uploads\/2025\/08\/WhatsApp-Image-2025-08-26-at-19.41.31-1-uai-822x617.jpeg\" width=\"822\" height=\"617\" alt=\"Craps tafel kopen\" title=\"\"><\/a><\/div>\n\t\t\t\t\t<\/div>\n\t\t\t\t<\/div><\/div><\/div><div class=\"tmb tmb-iso-w3 tmb-iso-h4 tmb-light tmb-overlay-text-anim tmb-overlay-anim tmb-overlay-middle tmb-overlay-text-left tmb-image-anim tmb-id-70718  tmb-img-ratio tmb-media-first tmb-media-last tmb-content-overlay tmb-no-bg tmb-lightbox\" ><div class=\"t-inside no-anim\" ><div class=\"t-entry-visual\"><div class=\"t-entry-visual-tc\"><div class=\"t-entry-visual-cont\"><div class=\"dummy\" style=\"padding-top: 75%;\"><\/div><a href=\"https:\/\/royalcasinocompany.nl\/wp-content\/uploads\/2025\/08\/WhatsApp-Image-2025-08-26-at-19.41.30-1.jpeg\"  class=\"pushed\" data-active=\"1\" data-lbox=\"ilightbox_gallery-107721\" data-options=\"width:943,height:633,thumbnail: 'https:\/\/royalcasinocompany.nl\/wp-content\/uploads\/2025\/08\/WhatsApp-Image-2025-08-26-at-19.41.30-1-300x201.jpeg'\" data-lb-index=\"2\"><div class=\"t-entry-visual-overlay\"><div class=\"t-entry-visual-overlay-in style-dark-bg\" style=\"opacity: 0.5;\"><\/div><\/div><img decoding=\"async\" class=\"wp-image-70718\" src=\"https:\/\/royalcasinocompany.nl\/wp-content\/uploads\/2025\/08\/WhatsApp-Image-2025-08-26-at-19.41.30-1-uai-844x633.jpeg\" width=\"844\" height=\"633\" alt=\"Craps tafel kopen\" title=\"\"><\/a><\/div>\n\t\t\t\t\t<\/div>\n\t\t\t\t<\/div><\/div><\/div><div class=\"tmb tmb-iso-w3 tmb-iso-h4 tmb-light tmb-overlay-text-anim tmb-overlay-anim tmb-overlay-middle tmb-overlay-text-left tmb-image-anim tmb-id-70719  tmb-img-ratio tmb-media-first tmb-media-last tmb-content-overlay tmb-no-bg tmb-lightbox\" ><div class=\"t-inside no-anim\" ><div class=\"t-entry-visual\"><div class=\"t-entry-visual-tc\"><div class=\"t-entry-visual-cont\"><div class=\"dummy\" style=\"padding-top: 75%;\"><\/div><a href=\"https:\/\/royalcasinocompany.nl\/wp-content\/uploads\/2025\/08\/WhatsApp-Image-2025-08-26-at-19.41.30-1-1.jpeg\"  class=\"pushed\" data-active=\"1\" data-lbox=\"ilightbox_gallery-107721\" data-options=\"width:943,height:627,thumbnail: 'https:\/\/royalcasinocompany.nl\/wp-content\/uploads\/2025\/08\/WhatsApp-Image-2025-08-26-at-19.41.30-1-1-300x199.jpeg'\" data-lb-index=\"3\"><div class=\"t-entry-visual-overlay\"><div class=\"t-entry-visual-overlay-in style-dark-bg\" style=\"opacity: 0.5;\"><\/div><\/div><img decoding=\"async\" class=\"wp-image-70719\" src=\"https:\/\/royalcasinocompany.nl\/wp-content\/uploads\/2025\/08\/WhatsApp-Image-2025-08-26-at-19.41.30-1-1-uai-836x627.jpeg\" width=\"836\" height=\"627\" alt=\"Craps tafel kopen\" title=\"\"><\/a><\/div>\n\t\t\t\t\t<\/div>\n\t\t\t\t<\/div><\/div><\/div><div class=\"tmb tmb-iso-w3 tmb-iso-h4 tmb-light tmb-overlay-text-anim tmb-overlay-anim tmb-overlay-middle tmb-overlay-text-left tmb-image-anim tmb-id-70720  tmb-img-ratio tmb-media-first tmb-media-last tmb-content-overlay tmb-no-bg tmb-lightbox\" ><div class=\"t-inside no-anim\" ><div class=\"t-entry-visual\"><div class=\"t-entry-visual-tc\"><div class=\"t-entry-visual-cont\"><div class=\"dummy\" style=\"padding-top: 75%;\"><\/div><a href=\"https:\/\/royalcasinocompany.nl\/wp-content\/uploads\/2025\/08\/WhatsApp-Image-2025-08-26-at-19.34.37-4.jpeg\"  class=\"pushed\" data-active=\"1\" data-lbox=\"ilightbox_gallery-107721\" data-options=\"width:2048,height:1536,thumbnail: 'https:\/\/royalcasinocompany.nl\/wp-content\/uploads\/2025\/08\/WhatsApp-Image-2025-08-26-at-19.34.37-4-300x225.jpeg'\" data-lb-index=\"4\"><div class=\"t-entry-visual-overlay\"><div class=\"t-entry-visual-overlay-in style-dark-bg\" style=\"opacity: 0.5;\"><\/div><\/div><img decoding=\"async\" class=\"wp-image-70720\" src=\"https:\/\/royalcasinocompany.nl\/wp-content\/uploads\/2025\/08\/WhatsApp-Image-2025-08-26-at-19.34.37-4.jpeg\" width=\"2048\" height=\"1536\" alt=\"Craps tafel kopen\" title=\"\" srcset=\"https:\/\/royalcasinocompany.nl\/wp-content\/uploads\/2025\/08\/WhatsApp-Image-2025-08-26-at-19.34.37-4.jpeg 2048w, https:\/\/royalcasinocompany.nl\/wp-content\/uploads\/2025\/08\/WhatsApp-Image-2025-08-26-at-19.34.37-4-300x225.jpeg 300w, https:\/\/royalcasinocompany.nl\/wp-content\/uploads\/2025\/08\/WhatsApp-Image-2025-08-26-at-19.34.37-4-1024x768.jpeg 1024w, https:\/\/royalcasinocompany.nl\/wp-content\/uploads\/2025\/08\/WhatsApp-Image-2025-08-26-at-19.34.37-4-768x576.jpeg 768w, https:\/\/royalcasinocompany.nl\/wp-content\/uploads\/2025\/08\/WhatsApp-Image-2025-08-26-at-19.34.37-4-1536x1152.jpeg 1536w, https:\/\/royalcasinocompany.nl\/wp-content\/uploads\/2025\/08\/WhatsApp-Image-2025-08-26-at-19.34.37-4-16x12.jpeg 16w, https:\/\/royalcasinocompany.nl\/wp-content\/uploads\/2025\/08\/WhatsApp-Image-2025-08-26-at-19.34.37-4-350x263.jpeg 350w\" sizes=\"(max-width: 2048px) 100vw, 2048px\"><\/a><\/div>\n\t\t\t\t\t<\/div>\n\t\t\t\t<\/div><\/div><\/div><div class=\"tmb tmb-iso-w3 tmb-iso-h4 tmb-light tmb-overlay-text-anim tmb-overlay-anim tmb-overlay-middle tmb-overlay-text-left tmb-image-anim tmb-id-70721  tmb-img-ratio tmb-media-first tmb-media-last tmb-content-overlay tmb-no-bg tmb-lightbox\" ><div class=\"t-inside no-anim\" ><div class=\"t-entry-visual\"><div class=\"t-entry-visual-tc\"><div class=\"t-entry-visual-cont\"><div class=\"dummy\" style=\"padding-top: 75%;\"><\/div><a href=\"https:\/\/royalcasinocompany.nl\/wp-content\/uploads\/2025\/08\/WhatsApp-Image-2025-08-26-at-19.34.37-3.jpeg\"  class=\"pushed\" data-active=\"1\" data-lbox=\"ilightbox_gallery-107721\" data-options=\"width:1536,height:2048,thumbnail: 'https:\/\/royalcasinocompany.nl\/wp-content\/uploads\/2025\/08\/WhatsApp-Image-2025-08-26-at-19.34.37-3-225x300.jpeg'\" data-lb-index=\"5\"><div class=\"t-entry-visual-overlay\"><div class=\"t-entry-visual-overlay-in style-dark-bg\" style=\"opacity: 0.5;\"><\/div><\/div><img decoding=\"async\" class=\"wp-image-70721\" src=\"https:\/\/royalcasinocompany.nl\/wp-content\/uploads\/2025\/08\/WhatsApp-Image-2025-08-26-at-19.34.37-3-uai-1536x1152.jpeg\" width=\"1536\" height=\"1152\" alt=\"Craps tafel kopen\" title=\"\"><\/a><\/div>\n\t\t\t\t\t<\/div>\n\t\t\t\t<\/div><\/div><\/div><div class=\"tmb tmb-iso-w3 tmb-iso-h4 tmb-light tmb-overlay-text-anim tmb-overlay-anim tmb-overlay-middle tmb-overlay-text-left tmb-image-anim tmb-id-70722  tmb-img-ratio tmb-media-first tmb-media-last tmb-content-overlay tmb-no-bg tmb-lightbox\" ><div class=\"t-inside no-anim\" ><div class=\"t-entry-visual\"><div class=\"t-entry-visual-tc\"><div class=\"t-entry-visual-cont\"><div class=\"dummy\" style=\"padding-top: 75%;\"><\/div><a href=\"https:\/\/royalcasinocompany.nl\/wp-content\/uploads\/2025\/08\/WhatsApp-Image-2025-08-26-at-19.34.37-1.jpeg\"  class=\"pushed\" data-active=\"1\" data-lbox=\"ilightbox_gallery-107721\" data-options=\"width:1536,height:2048,thumbnail: 'https:\/\/royalcasinocompany.nl\/wp-content\/uploads\/2025\/08\/WhatsApp-Image-2025-08-26-at-19.34.37-1-225x300.jpeg'\" data-lb-index=\"6\"><div class=\"t-entry-visual-overlay\"><div class=\"t-entry-visual-overlay-in style-dark-bg\" style=\"opacity: 0.5;\"><\/div><\/div><img decoding=\"async\" class=\"wp-image-70722\" src=\"https:\/\/royalcasinocompany.nl\/wp-content\/uploads\/2025\/08\/WhatsApp-Image-2025-08-26-at-19.34.37-1-uai-1536x1152.jpeg\" width=\"1536\" height=\"1152\" alt=\"Craps tafel kopen\" title=\"\"><\/a><\/div>\n\t\t\t\t\t<\/div>\n\t\t\t\t<\/div><\/div><\/div><div class=\"tmb tmb-iso-w3 tmb-iso-h4 tmb-light tmb-overlay-text-anim tmb-overlay-anim tmb-overlay-middle tmb-overlay-text-left tmb-image-anim tmb-id-70715  tmb-img-ratio tmb-media-first tmb-media-last tmb-content-overlay tmb-no-bg tmb-lightbox\" ><div class=\"t-inside no-anim\" ><div class=\"t-entry-visual\"><div class=\"t-entry-visual-tc\"><div class=\"t-entry-visual-cont\"><div class=\"dummy\" style=\"padding-top: 75%;\"><\/div><a href=\"https:\/\/royalcasinocompany.nl\/wp-content\/uploads\/2025\/08\/WhatsApp-Image-2025-08-26-at-19.41.30.jpeg\"  class=\"pushed\" data-active=\"1\" data-lbox=\"ilightbox_gallery-107721\" data-options=\"width:943,height:633,thumbnail: 'https:\/\/royalcasinocompany.nl\/wp-content\/uploads\/2025\/08\/WhatsApp-Image-2025-08-26-at-19.41.30-300x201.jpeg'\" data-lb-index=\"7\"><div class=\"t-entry-visual-overlay\"><div class=\"t-entry-visual-overlay-in style-dark-bg\" style=\"opacity: 0.5;\"><\/div><\/div><img decoding=\"async\" class=\"wp-image-70715\" src=\"https:\/\/royalcasinocompany.nl\/wp-content\/uploads\/2025\/08\/WhatsApp-Image-2025-08-26-at-19.41.30-uai-844x633.jpeg\" width=\"844\" height=\"633\" alt=\"craps tafel kopen\" title=\"\"><\/a><\/div>\n\t\t\t\t\t<\/div>\n\t\t\t\t<\/div><\/div><\/div>\t\t\t<\/div>\n\t\t\t\t\t<\/div>\n\n\t\n\t\n\t\n<\/div>\n\n<\/div><\/div><\/div><\/div><\/div><script id=\"script-row-unique-4\" data-row=\"script-row-unique-4\" type=\"text\/javascript\" class=\"vc_controls\">UNCODE.initRow(document.getElementById(\"row-unique-4\"));<\/script><\/div><\/div><\/div><div data-parent=\"true\" class=\"vc_row row-container boomapps_vcrow\" id=\"row-unique-5\"><div class=\"row limit-width row-parent\"><div class=\"wpb_row row-inner\"><div class=\"wpb_column pos-top pos-center align_left column_parent col-lg-12 boomapps_vccolumn single-internal-gutter\"><div class=\"uncol style-dark\"  ><div class=\"uncoltable\"><div class=\"uncell  boomapps_vccolumn no-block-padding\" ><div class=\"uncont\" ><div class=\"divider-wrapper\"  >\n    <hr class=\"border-accent-color separator-no-padding\"  \/>\n<\/div>\n<\/div><\/div><\/div><\/div><\/div><script id=\"script-row-unique-5\" data-row=\"script-row-unique-5\" type=\"text\/javascript\" class=\"vc_controls\">UNCODE.initRow(document.getElementById(\"row-unique-5\"));<\/script><\/div><\/div><\/div>\n<\/div>","protected":false},"excerpt":{"rendered":"Home CRAPS TAFEL KOPEN? TWEEDEHANDS Op deze pagina vindt u ons exclusieve aanbod van prachtige tweedehands craps tafels. Deze indrukwekkende [...]","protected":false},"author":1,"featured_media":70718,"parent":57681,"menu_order":0,"comment_status":"closed","ping_status":"closed","template":"","meta":{"footnotes":""},"class_list":["post-70714","page","type-page","status-publish","has-post-thumbnail","hentry","page_category-verkoop"],"_links":{"self":[{"href":"https:\/\/royalcasinocompany.nl\/fr\/wp-json\/wp\/v2\/pages\/70714","targetHints":{"allow":["GET"]}}],"collection":[{"href":"https:\/\/royalcasinocompany.nl\/fr\/wp-json\/wp\/v2\/pages"}],"about":[{"href":"https:\/\/royalcasinocompany.nl\/fr\/wp-json\/wp\/v2\/types\/page"}],"author":[{"embeddable":true,"href":"https:\/\/royalcasinocompany.nl\/fr\/wp-json\/wp\/v2\/users\/1"}],"replies":[{"embeddable":true,"href":"https:\/\/royalcasinocompany.nl\/fr\/wp-json\/wp\/v2\/comments?post=70714"}],"version-history":[{"count":2,"href":"https:\/\/royalcasinocompany.nl\/fr\/wp-json\/wp\/v2\/pages\/70714\/revisions"}],"predecessor-version":[{"id":70726,"href":"https:\/\/royalcasinocompany.nl\/fr\/wp-json\/wp\/v2\/pages\/70714\/revisions\/70726"}],"up":[{"embeddable":true,"href":"https:\/\/royalcasinocompany.nl\/fr\/wp-json\/wp\/v2\/pages\/57681"}],"wp:featuredmedia":[{"embeddable":true,"href":"https:\/\/royalcasinocompany.nl\/fr\/wp-json\/wp\/v2\/media\/70718"}],"wp:attachment":[{"href":"https:\/\/royalcasinocompany.nl\/fr\/wp-json\/wp\/v2\/media?parent=70714"}],"curies":[{"name":"wp","href":"https:\/\/api.w.org\/{rel}","templated":true}]}}