{"id":70727,"date":"2025-08-27T12:44:06","date_gmt":"2025-08-27T10:44:06","guid":{"rendered":"https:\/\/royalcasinocompany.nl\/?page_id=70727"},"modified":"2025-09-09T09:13:22","modified_gmt":"2025-09-09T07:13:22","slug":"james-bond-casino-night","status":"publish","type":"page","link":"https:\/\/royalcasinocompany.nl\/fr\/james-bond-casino-night\/","title":{"rendered":"Soir\u00e9e Casino James Bond - D\u00e9couvrez Casino Royale sur place"},"content":{"rendered":"<div class=\"wpb-content-wrapper\"><div data-parent=\"true\" class=\"vc_row row-container boomapps_vcrow\" id=\"row-unique-0\"><div class=\"row limit-width row-parent\"><div class=\"wpb_row row-inner\"><div class=\"wpb_column pos-top pos-center align_left column_parent col-lg-12 boomapps_vccolumn single-internal-gutter\"><div class=\"uncol style-dark\"  ><div class=\"uncoltable\"><div class=\"uncell  boomapps_vccolumn no-block-padding\" ><div class=\"uncont\" ><div class=\"vc_row row-internal row-container boomapps_vcrow\"><div class=\"row row-child\"><div class=\"wpb_row row-inner\"><div class=\"wpb_column pos-top pos-center align_center column_child col-lg-12 boomapps_vccolumn single-internal-gutter\"><div class=\"uncol style-dark font-134980\" ><div class=\"uncoltable\"><div class=\"uncell  boomapps_vccolumn no-block-padding\" ><div class=\"uncont\" style=\" max-width:696px;\" ><div class=\"vc_custom_heading_wrap\"><div class=\"heading-text el-text\" ><\/p>\n<h1>James Bond Casino Night - Vivez l'exp\u00e9rience ultime de Casino Royale<\/h1>\n<div class=\"text-small text-top-reduced\"><p>Entrez dans le monde de 007 : style, excitation et classe avec nos tables de casino exclusives.<\/p>\n<\/div><hr class=\"separator-break separator-accent\" \/><\/div><div class=\"clear\"><\/div><\/div><\/div><\/div><\/div><\/div><\/div><\/div><\/div><\/div><\/div><\/div><\/div><\/div><\/div><script id=\"script-row-unique-0\" data-row=\"script-row-unique-0\" type=\"text\/javascript\" class=\"vc_controls\">UNCODE.initRow(document.getElementById(\"row-unique-0\"));<\/script><\/div><\/div><\/div><div data-parent=\"true\" class=\"vc_row row-container boomapps_vcrow\" id=\"row-unique-1\"><div class=\"row limit-width row-parent\"><div class=\"wpb_row row-inner\"><div class=\"wpb_column pos-top pos-center align_left column_parent col-lg-6 boomapps_vccolumn single-internal-gutter\"><div class=\"uncol style-dark\"  ><div class=\"uncoltable\"><div class=\"uncell  boomapps_vccolumn no-block-padding\" ><div class=\"uncont\" ><div class=\"vc_row row-internal row-container boomapps_vcrow\"><div class=\"row row-child\"><div class=\"wpb_row row-inner\"><div class=\"wpb_column pos-top pos-center align_left column_child col-lg-12 boomapps_vccolumn single-internal-gutter\"><div class=\"uncol style-dark\" ><div class=\"uncoltable\"><div class=\"uncell  boomapps_vccolumn no-block-padding\" ><div class=\"uncont\" ><div class=\"uncode_text_column\" ><\/p>\n<blockquote>\n<p><strong>\"Secou\u00e9, pas remu\u00e9. La soir\u00e9e parfaite commence par une touche de Bond\".<\/strong><\/p>\n<\/blockquote>\n<p>James Bond symbolise l'\u00e9l\u00e9gance ultime, le myst\u00e8re et l'excitation. Pensez aux smoking, aux robes de soir\u00e9e, \u00e0 l'\u00e9clairage subtil et \u00e0 l'atmosph\u00e8re luxueuse du Casino Royale. Avec nos tables de casino exclusives, nous cr\u00e9ons exactement cette ambiance.<\/p>\n<\/div><\/div><\/div><\/div><\/div><\/div><\/div><\/div><\/div><div class=\"uncode-single-media  text-left\"><div class=\"single-wrapper\" style=\"max-width: 100%;\"><div class=\"tmb tmb-light  img-round img-round-lg tmb-img-ratio tmb-media-first tmb-media-last tmb-content-overlay tmb-no-bg\"><div class=\"t-inside\"><div class=\"t-entry-visual\"><div class=\"t-entry-visual-tc\"><div class=\"uncode-single-media-wrapper img-round img-round-lg\"><div class=\"dummy\" style=\"padding-top: 30%;\"><\/div><img decoding=\"async\" class=\"wp-image-67079\" src=\"https:\/\/royalcasinocompany.nl\/wp-content\/uploads\/2024\/02\/5november2022-LasVegas-HermanceVanDijkPhotography-10-scaled-uai-2560x768.jpg\" width=\"2560\" height=\"768\" alt=\"- Royal Casino Company\" title=\"\"><\/div>\n\t\t\t\t\t<\/div>\n\t\t\t\t<\/div><\/div><\/div><\/div><\/div><div class=\"vc_row row-internal row-container boomapps_vcrow\"><div class=\"row row-child\"><div class=\"wpb_row row-inner\"><div class=\"wpb_column pos-top pos-center align_left column_child col-lg-12 boomapps_vccolumn single-internal-gutter\"><div class=\"uncol style-dark\" ><div class=\"uncoltable\"><div class=\"uncell  boomapps_vccolumn no-block-padding\" ><div class=\"uncont\" ><div class=\"uncode_text_column\" ><\/p>\n<h2>L'atmosph\u00e8re de Casino Royale<\/h2>\n<p>Nos tables de roulette et de blackjack sont au c\u0153ur de votre soir\u00e9e James Bond. Les invit\u00e9s entrent litt\u00e9ralement dans le monde de 007, o\u00f9 le glamour c\u00f4toie l'excitation. Chaque tour de roue ou coup de carte ressemble \u00e0 une sc\u00e8ne de film.<\/p>\n<\/div><\/div><\/div><\/div><\/div><\/div><\/div><\/div><\/div><div class=\"uncode-single-media  text-left\"><div class=\"single-wrapper\" style=\"max-width: 100%;\"><div class=\"tmb tmb-light  img-round img-round-lg tmb-img-ratio tmb-media-first tmb-media-last tmb-content-overlay tmb-no-bg\"><div class=\"t-inside\"><div class=\"t-entry-visual\"><div class=\"t-entry-visual-tc\"><div class=\"uncode-single-media-wrapper img-round img-round-lg\"><div class=\"dummy\" style=\"padding-top: 75%;\"><\/div><img decoding=\"async\" class=\"wp-image-66836\" src=\"https:\/\/royalcasinocompany.nl\/wp-content\/uploads\/2024\/02\/20231214-tomdoms_0025915-uai-1820x1365.jpg\" width=\"1820\" height=\"1365\" alt=\"Casino huren\" title=\"\"><\/div>\n\t\t\t\t\t<\/div>\n\t\t\t\t<\/div><\/div><\/div><\/div><\/div><div class=\"vc_row row-internal row-container boomapps_vcrow\"><div class=\"row row-child\"><div class=\"wpb_row row-inner\"><div class=\"wpb_column pos-top pos-center align_left column_child col-lg-12 boomapps_vccolumn single-internal-gutter\"><div class=\"uncol style-dark\" ><div class=\"uncoltable\"><div class=\"uncell  boomapps_vccolumn no-block-padding\" ><div class=\"uncont\" ><div class=\"uncode_text_column\" ><\/p>\n<h2>Code vestimentaire : cravate noire<\/h2>\n<p>Le th\u00e8me de James Bond prend tout son sens lorsque tout le monde s'habille avec style. Un smoking ou une robe de gala transforme chaque invit\u00e9 en agent secret ou en James Bond girl. Cela renforce l'atmosph\u00e8re et \u00e9l\u00e8ve instantan\u00e9ment l'\u00e9v\u00e9nement \u00e0 un niveau sup\u00e9rieur.<\/p>\n<\/div><\/div><\/div><\/div><\/div><\/div><\/div><\/div><\/div><div class=\"uncode-single-media  text-left\"><div class=\"single-wrapper\" style=\"max-width: 100%;\"><div class=\"tmb tmb-light  img-round img-round-xl tmb-img-ratio tmb-media-first tmb-media-last tmb-content-overlay tmb-no-bg\"><div class=\"t-inside\"><div class=\"t-entry-visual\"><div class=\"t-entry-visual-tc\"><div class=\"uncode-single-media-wrapper img-round img-round-xl\"><div class=\"dummy\" style=\"padding-top: 30%;\"><\/div><img decoding=\"async\" class=\"wp-image-68229\" src=\"https:\/\/royalcasinocompany.nl\/wp-content\/uploads\/2024\/05\/240307EP19572-scaled-uai-2560x768.jpg\" width=\"2560\" height=\"768\" alt=\"Mobiel casino huren\" title=\"\"><\/div>\n\t\t\t\t\t<\/div>\n\t\t\t\t<\/div><\/div><\/div><\/div><\/div><div class=\"vc_row row-internal row-container boomapps_vcrow\"><div class=\"row row-child\"><div class=\"wpb_row row-inner\"><div class=\"wpb_column pos-top pos-center align_left column_child col-lg-12 boomapps_vccolumn single-internal-gutter\"><div class=\"uncol style-dark\" ><div class=\"uncoltable\"><div class=\"uncell  boomapps_vccolumn no-block-padding\" ><div class=\"uncont\" ><div class=\"uncode_text_column\" ><\/p>\n<h2>Tables de casino de luxe sur place<\/h2>\n<p>Nous ne proposons pas seulement des tables, mais une exp\u00e9rience de casino compl\u00e8te. Quel que soit l'endroit o\u00f9 se d\u00e9roule votre f\u00eate, nous vous fournissons un espace parfaitement habill\u00e9. Nos tables et accessoires de casino de luxe s'int\u00e8grent sans effort dans n'importe quel lieu, du ch\u00e2teau \u00e0 la salle de bal, en d\u00e9gageant une classe pure.<\/p>\n<\/div><\/div><\/div><\/div><\/div><\/div><\/div><\/div><\/div><div class=\"uncode-single-media  text-left\"><div class=\"single-wrapper\" style=\"max-width: 100%;\"><div class=\"tmb tmb-light  img-round img-round-lg tmb-img-ratio tmb-media-first tmb-media-last tmb-content-overlay tmb-no-bg\"><div class=\"t-inside\"><div class=\"t-entry-visual\"><div class=\"t-entry-visual-tc\"><div class=\"uncode-single-media-wrapper img-round img-round-lg\"><div class=\"dummy\" style=\"padding-top: 75%;\"><\/div><img decoding=\"async\" class=\"wp-image-66840\" src=\"https:\/\/royalcasinocompany.nl\/wp-content\/uploads\/2024\/02\/20231214-tomdoms_0540330-uai-1820x1365.jpg\" width=\"1820\" height=\"1365\" alt=\"- Royal Casino Company\" title=\"\"><\/div>\n\t\t\t\t\t<\/div>\n\t\t\t\t<\/div><\/div><\/div><\/div><\/div><div class=\"vc_row row-internal row-container boomapps_vcrow\"><div class=\"row row-child\"><div class=\"wpb_row row-inner\"><div class=\"wpb_column pos-top pos-center align_left column_child col-lg-12 boomapps_vccolumn single-internal-gutter\"><div class=\"uncol style-dark\" ><div class=\"uncoltable\"><div class=\"uncell  boomapps_vccolumn no-block-padding\" ><div class=\"uncont\" ><div class=\"uncode_text_column\" ><\/p>\n<h2>Croupiers professionnels<\/h2>\n<p>Nos croupiers exp\u00e9riment\u00e9s offrent le bon m\u00e9lange de charme, de divertissement et de professionnalisme. Ils guident vos invit\u00e9s avec plaisir, expliquent les jeux et cr\u00e9ent l'excitation d'un vrai casino. Ils sont toujours \u00e9l\u00e9gamment v\u00eatus pour s'adapter au th\u00e8me exclusif de James Bond.<\/p>\n<\/div><\/div><\/div><\/div><\/div><\/div><\/div><\/div><\/div><div class=\"uncode-single-media  text-left\"><div class=\"single-wrapper\" style=\"max-width: 100%;\"><div class=\"tmb tmb-light  img-round img-round-lg tmb-img-ratio tmb-media-first tmb-media-last tmb-content-overlay tmb-no-bg\"><div class=\"t-inside\"><div class=\"t-entry-visual\"><div class=\"t-entry-visual-tc\"><div class=\"uncode-single-media-wrapper img-round img-round-lg\"><div class=\"dummy\" style=\"padding-top: 75.1%;\"><\/div><img decoding=\"async\" class=\"wp-image-68477\" src=\"https:\/\/royalcasinocompany.nl\/wp-content\/uploads\/2024\/05\/20-Paul50%C2%A9HERMANCEVANDIJK-uai-910x683.jpg\" width=\"910\" height=\"683\" alt=\"nep geld met witte veren ter decoratie\" title=\"\"><\/div>\n\t\t\t\t\t<\/div>\n\t\t\t\t<\/div><\/div><\/div><\/div><\/div><\/div><\/div><\/div><\/div><\/div><div class=\"wpb_column pos-top pos-center align_left column_parent col-lg-6 boomapps_vccolumn single-internal-gutter\"><div class=\"uncol style-dark\"  ><div class=\"uncoltable\"><div class=\"uncell  boomapps_vccolumn no-block-padding\" ><div class=\"uncont\" ><div class=\"vc_row row-internal row-container boomapps_vcrow\"><div class=\"row row-child\"><div class=\"wpb_row row-inner\"><div class=\"wpb_column pos-top pos-center align_left column_child col-lg-12 boomapps_vccolumn single-internal-gutter\"><div class=\"uncol style-dark\" ><div class=\"uncoltable\"><div class=\"uncell  boomapps_vccolumn no-block-padding\" ><div class=\"uncont\" ><div class=\"uncode_text_column\" ><\/p>\n<h2>Suspense et myst\u00e8re<\/h2>\n<p class=\"text-body font-regular text-gray-800 leading-&#091;24px&#093; pt-&#091;9px&#093; pb-&#091;2px&#093;\" dir=\"ltr\">Rien n'\u00e9voque mieux l'atmosph\u00e8re de Bond qu'un moment de jeu. Le frisson de la derni\u00e8re carte au blackjack ou l'adr\u00e9naline de la roulette cr\u00e9ent des moments inoubliables. Les clients se sentent bri\u00e8vement partie prenante d'une aventure aux enjeux consid\u00e9rables.<\/p>\n<p>\n<\/div><\/div><\/div><\/div><\/div><\/div><\/div><\/div><\/div><div class=\"uncode-single-media  text-left\"><div class=\"single-wrapper\" style=\"max-width: 100%;\"><div class=\"tmb tmb-light  img-round img-round-lg tmb-img-ratio tmb-media-first tmb-media-last tmb-content-overlay tmb-no-bg\"><div class=\"t-inside\"><div class=\"t-entry-visual\"><div class=\"t-entry-visual-tc\"><div class=\"uncode-single-media-wrapper img-round img-round-lg\"><div class=\"dummy\" style=\"padding-top: 75%;\"><\/div><img decoding=\"async\" class=\"wp-image-66873\" src=\"https:\/\/royalcasinocompany.nl\/wp-content\/uploads\/2024\/02\/WhatsApp-Image-2023-12-27-at-10.44.07-uai-1424x1068.jpeg\" width=\"1424\" height=\"1068\" alt=\"- Royal Casino Company\" title=\"\"><\/div>\n\t\t\t\t\t<\/div>\n\t\t\t\t<\/div><\/div><\/div><\/div><\/div><div class=\"vc_row row-internal row-container boomapps_vcrow\"><div class=\"row row-child\"><div class=\"wpb_row row-inner\"><div class=\"wpb_column pos-top pos-center align_left column_child col-lg-12 boomapps_vccolumn single-internal-gutter\"><div class=\"uncol style-dark\" ><div class=\"uncoltable\"><div class=\"uncell  boomapps_vccolumn no-block-padding\" ><div class=\"uncont\" ><div class=\"uncode_text_column\" ><\/p>\n<h2>Moments et exp\u00e9riences photographiques<\/h2>\n<p>Une soir\u00e9e James Bond est photog\u00e9nique. Les invit\u00e9s posent pr\u00e8s des tables, un martini \u00e0 la main, un visage de joueur de poker et des jetons \u00e0 port\u00e9e de main. Des images parfaites pour les m\u00e9dias sociaux ou comme souvenir durable d'un \u00e9v\u00e9nement exclusif et sp\u00e9cial.<\/p>\n<\/div><\/div><\/div><\/div><\/div><\/div><\/div><\/div><\/div><div class=\"uncode-single-media  text-left\"><div class=\"single-wrapper\" style=\"max-width: 100%;\"><div class=\"tmb tmb-light  img-round img-round-lg tmb-img-ratio tmb-media-first tmb-media-last tmb-content-overlay tmb-no-bg\"><div class=\"t-inside\"><div class=\"t-entry-visual\"><div class=\"t-entry-visual-tc\"><div class=\"uncode-single-media-wrapper img-round img-round-lg\"><div class=\"dummy\" style=\"padding-top: 30%;\"><\/div><img decoding=\"async\" class=\"wp-image-66871\" src=\"https:\/\/royalcasinocompany.nl\/wp-content\/uploads\/2024\/02\/WhatsApp-Image-2023-12-27-at-10.44.07-5-uai-1600x480.jpeg\" width=\"1600\" height=\"480\" alt=\"- Royal Casino Company\" title=\"\"><\/div>\n\t\t\t\t\t<\/div>\n\t\t\t\t<\/div><\/div><\/div><\/div><\/div><div class=\"vc_row row-internal row-container boomapps_vcrow\"><div class=\"row row-child\"><div class=\"wpb_row row-inner\"><div class=\"wpb_column pos-top pos-center align_left column_child col-lg-12 boomapps_vccolumn single-internal-gutter\"><div class=\"uncol style-dark\" ><div class=\"uncoltable\"><div class=\"uncell  boomapps_vccolumn no-block-padding\" ><div class=\"uncont\" ><div class=\"uncode_text_column\" ><\/p>\n<h2>Id\u00e9al pour les f\u00eates d'entreprise<\/h2>\n<p>Le th\u00e8me de Bond est id\u00e9al pour les \u00e9v\u00e9nements d'entreprise. Que vous souhaitiez surprendre vos clients, vos associ\u00e9s ou vos employ\u00e9s, ce m\u00e9lange unique de divertissement et d'\u00e9l\u00e9gance laisse toujours une impression. Votre \u00e9v\u00e9nement aura l'allure d'une soir\u00e9e de gala internationale.<\/p>\n<\/div><\/div><\/div><\/div><\/div><\/div><\/div><\/div><\/div><div class=\"uncode-single-media  text-left\"><div class=\"single-wrapper\" style=\"max-width: 100%;\"><div class=\"tmb tmb-light  img-round img-round-lg tmb-img-ratio tmb-media-first tmb-media-last tmb-content-overlay tmb-no-bg\"><div class=\"t-inside\"><div class=\"t-entry-visual\"><div class=\"t-entry-visual-tc\"><div class=\"uncode-single-media-wrapper img-round img-round-lg\"><div class=\"dummy\" style=\"padding-top: 75%;\"><\/div><img decoding=\"async\" class=\"wp-image-66867\" src=\"https:\/\/royalcasinocompany.nl\/wp-content\/uploads\/2024\/02\/WhatsApp-Image-2023-12-27-at-10.44.07-1-uai-1424x1068.jpeg\" width=\"1424\" height=\"1068\" alt=\"- Royal Casino Company\" title=\"\"><\/div>\n\t\t\t\t\t<\/div>\n\t\t\t\t<\/div><\/div><\/div><\/div><\/div><div class=\"vc_row row-internal row-container boomapps_vcrow\"><div class=\"row row-child\"><div class=\"wpb_row row-inner\"><div class=\"wpb_column pos-top pos-center align_left column_child col-lg-12 boomapps_vccolumn single-internal-gutter\"><div class=\"uncol style-dark\" ><div class=\"uncoltable\"><div class=\"uncell  boomapps_vccolumn no-block-padding\" ><div class=\"uncont\" ><div class=\"uncode_text_column\" ><\/p>\n<h2>Combinez avec des cocktails et de la musique<\/h2>\n<p>Compl\u00e9tez l'exp\u00e9rience par des spectacles en direct. Un orchestre de jazz, un DJ jouant les bandes sonores de James Bond et des cocktails servis dans des verres \u00e0 martini apportent la touche finale. Votre \u00e9v\u00e9nement aura ainsi l'air d'une premi\u00e8re hollywoodienne.<\/p>\n<\/div><\/div><\/div><\/div><\/div><\/div><\/div><\/div><\/div><div class=\"uncode-single-media  text-left\"><div class=\"single-wrapper\" style=\"max-width: 100%;\"><div class=\"tmb tmb-light  img-round img-round-lg tmb-img-ratio tmb-media-first tmb-media-last tmb-content-overlay tmb-no-bg\"><div class=\"t-inside\"><div class=\"t-entry-visual\"><div class=\"t-entry-visual-tc\"><div class=\"uncode-single-media-wrapper img-round img-round-lg\"><div class=\"dummy\" style=\"padding-top: 30%;\"><\/div><img decoding=\"async\" class=\"wp-image-67081\" src=\"https:\/\/royalcasinocompany.nl\/wp-content\/uploads\/2024\/02\/6-SFEER-5november-HermanceVanDijkPhotography-scaled-uai-2560x768.jpg\" width=\"2560\" height=\"768\" alt=\"casino decoratie\" title=\"\"><\/div>\n\t\t\t\t\t<\/div>\n\t\t\t\t<\/div><\/div><\/div><\/div><\/div><div class=\"vc_row row-internal row-container boomapps_vcrow\"><div class=\"row row-child\"><div class=\"wpb_row row-inner\"><div class=\"wpb_column pos-top pos-center align_left column_child col-lg-12 boomapps_vccolumn single-internal-gutter\"><div class=\"uncol style-dark\" ><div class=\"uncoltable\"><div class=\"uncell  boomapps_vccolumn no-block-padding\" ><div class=\"uncont\" ><div class=\"uncode_text_column\" ><\/p>\n<h2 dir=\"ltr\">R\u00e9servez votre soir\u00e9e casino James Bond<\/h2>\n<p>Vous souhaitez offrir \u00e0 vos invit\u00e9s une soir\u00e9e inoubliable ? R\u00e9servez alors notre soir\u00e9e casino James Bond. Nous fournissons les tables, les croupiers et l'ambiance compl\u00e8te. Il ne vous reste plus qu'\u00e0 vivre l'ultime exp\u00e9rience 007.<\/p>\n<\/div><\/div><\/div><\/div><\/div><\/div><\/div><\/div><\/div><div class=\"uncode-single-media  text-left\"><div class=\"single-wrapper\" style=\"max-width: 100%;\"><div class=\"tmb tmb-light  img-round img-round-lg tmb-img-ratio tmb-media-first tmb-media-last tmb-content-overlay tmb-no-bg\"><div class=\"t-inside\"><div class=\"t-entry-visual\"><div class=\"t-entry-visual-tc\"><div class=\"uncode-single-media-wrapper img-round img-round-lg\"><div class=\"dummy\" style=\"padding-top: 75%;\"><\/div><img decoding=\"async\" class=\"wp-image-67135\" src=\"https:\/\/royalcasinocompany.nl\/wp-content\/uploads\/2024\/02\/WhatsApp-Image-2024-02-17-at-13.28.49-uai-1319x989.jpeg\" width=\"1319\" height=\"989\" alt=\"- Royal Casino Company\" title=\"\"><\/div>\n\t\t\t\t\t<\/div>\n\t\t\t\t<\/div><\/div><\/div><\/div><\/div><div class=\"vc_row row-internal row-container boomapps_vcrow\"><div class=\"row row-child\"><div class=\"wpb_row row-inner\"><div class=\"wpb_column pos-top pos-center align_left column_child col-lg-12 boomapps_vccolumn single-internal-gutter\"><div class=\"uncol style-dark\" ><div class=\"uncoltable\"><div class=\"uncell  boomapps_vccolumn no-block-padding\" ><div class=\"uncont\" ><div class=\"uncode_text_column\" ><\/p>\n<h2>L'exp\u00e9rience ultime de James Bond<\/h2>\n<p>Une soir\u00e9e casino James Bond est plus qu'une simple f\u00eate : c'est une exp\u00e9rience compl\u00e8te que vos invit\u00e9s n'oublieront pas de sit\u00f4t. Des tables de casino luxueuses aux croupiers styl\u00e9s, en passant par l'atmosph\u00e8re \u00e9l\u00e9gante du Casino Royale, nous donnons vie \u00e0 la magie de 007.<\/p>\n<\/div><\/div><\/div><\/div><\/div><\/div><\/div><\/div><\/div><\/div><\/div><\/div><\/div><\/div><script id=\"script-row-unique-1\" data-row=\"script-row-unique-1\" type=\"text\/javascript\" class=\"vc_controls\">UNCODE.initRow(document.getElementById(\"row-unique-1\"));<\/script><\/div><\/div><\/div><div data-parent=\"true\" class=\"vc_row row-container boomapps_vcrow\" id=\"row-unique-2\"><div class=\"row limit-width row-parent\"><div class=\"wpb_row row-inner\"><div class=\"wpb_column pos-top pos-center align_left column_parent col-lg-12 boomapps_vccolumn single-internal-gutter\"><div class=\"uncol style-dark\"  ><div class=\"uncoltable\"><div class=\"uncell  boomapps_vccolumn no-block-padding\" ><div class=\"uncont\" ><div class=\"divider-wrapper\"  >\n    <hr class=\"border-accent-color separator-no-padding\"  \/>\n<\/div>\n<\/div><\/div><\/div><\/div><\/div><script id=\"script-row-unique-2\" data-row=\"script-row-unique-2\" type=\"text\/javascript\" class=\"vc_controls\">UNCODE.initRow(document.getElementById(\"row-unique-2\"));<\/script><\/div><\/div><\/div><div data-parent=\"true\" class=\"vc_row row-container boomapps_vcrow\" id=\"row-unique-3\"><div class=\"row limit-width row-parent\"><div class=\"wpb_row row-inner\"><div class=\"wpb_column pos-top pos-center align_left column_parent col-lg-12 boomapps_vccolumn single-internal-gutter\"><div class=\"uncol style-dark\"  ><div class=\"uncoltable\"><div class=\"uncell  boomapps_vccolumn no-block-padding\" ><div class=\"uncont\" ><div class=\"vc_row row-internal row-container boomapps_vcrow\"><div class=\"row row-child\"><div class=\"wpb_row row-inner\"><div class=\"wpb_column pos-top pos-center align_left column_child col-lg-3 boomapps_vccolumn single-internal-gutter\"><div class=\"uncol style-dark\" ><div class=\"uncoltable\"><div class=\"uncell  boomapps_vccolumn no-block-padding\" ><div class=\"uncont\" ><div class=\"uncode-single-media  text-left\"><div class=\"single-wrapper\" style=\"max-width: 100%;\"><div class=\"tmb tmb-light  img-round img-round-lg tmb-img-ratio tmb-media-first tmb-media-last tmb-content-overlay tmb-no-bg\"><div class=\"t-inside\"><div class=\"t-entry-visual\"><div class=\"t-entry-visual-tc\"><div class=\"uncode-single-media-wrapper img-round img-round-lg\"><div class=\"dummy\" style=\"padding-top: 75%;\"><\/div><img decoding=\"async\" class=\"wp-image-68380\" src=\"https:\/\/royalcasinocompany.nl\/wp-content\/uploads\/2024\/05\/20231214-tomdoms_3137059-uai-1820x1365.jpg\" width=\"1820\" height=\"1365\" alt=\"Casino dame dat aan het dansen is op de muziek\" title=\"\"><\/div>\n\t\t\t\t\t<\/div>\n\t\t\t\t<\/div><\/div><\/div><\/div><\/div><\/div><\/div><\/div><\/div><\/div><div class=\"wpb_column pos-top pos-center align_left column_child col-lg-3 boomapps_vccolumn single-internal-gutter\"><div class=\"uncol style-dark\" ><div class=\"uncoltable\"><div class=\"uncell  boomapps_vccolumn no-block-padding\" ><div class=\"uncont\" ><div class=\"uncode-single-media  text-left\"><div class=\"single-wrapper\" style=\"max-width: 100%;\"><div class=\"tmb tmb-light  img-round img-round-lg tmb-img-ratio tmb-media-first tmb-media-last tmb-content-overlay tmb-no-bg\"><div class=\"t-inside\"><div class=\"t-entry-visual\"><div class=\"t-entry-visual-tc\"><div class=\"uncode-single-media-wrapper img-round img-round-lg\"><div class=\"dummy\" style=\"padding-top: 75%;\"><\/div><img decoding=\"async\" class=\"wp-image-68227\" src=\"https:\/\/royalcasinocompany.nl\/wp-content\/uploads\/2024\/05\/240307EP19490-scaled-uai-2262x1697.jpg\" width=\"2262\" height=\"1697\" alt=\"roulette tafel met achter de tafel vijf croupiers\" title=\"\"><\/div>\n\t\t\t\t\t<\/div>\n\t\t\t\t<\/div><\/div><\/div><\/div><\/div><\/div><\/div><\/div><\/div><\/div><div class=\"wpb_column pos-top pos-center align_left column_child col-lg-3 boomapps_vccolumn single-internal-gutter\"><div class=\"uncol style-dark\" ><div class=\"uncoltable\"><div class=\"uncell  boomapps_vccolumn no-block-padding\" ><div class=\"uncont\" ><div class=\"uncode-single-media  text-left\"><div class=\"single-wrapper\" style=\"max-width: 100%;\"><div class=\"tmb tmb-light  img-round img-round-lg tmb-img-ratio tmb-media-first tmb-media-last tmb-content-overlay tmb-no-bg\"><div class=\"t-inside\"><div class=\"t-entry-visual\"><div class=\"t-entry-visual-tc\"><div class=\"uncode-single-media-wrapper img-round img-round-lg\"><div class=\"dummy\" style=\"padding-top: 75.1%;\"><\/div><img decoding=\"async\" class=\"wp-image-68194\" src=\"https:\/\/royalcasinocompany.nl\/wp-content\/uploads\/2024\/05\/OGER_CasinoRoyaleAntwerp2024_%C2%A9RachelEcclestonePhotography_March072024_-342-uai-910x683.jpg\" width=\"910\" height=\"683\" alt=\"casino munt bakjes met handen die muntjes in de bakjes doen\" title=\"\"><\/div>\n\t\t\t\t\t<\/div>\n\t\t\t\t<\/div><\/div><\/div><\/div><\/div><\/div><\/div><\/div><\/div><\/div><div class=\"wpb_column pos-top pos-center align_left column_child col-lg-3 boomapps_vccolumn single-internal-gutter\"><div class=\"uncol style-dark\" ><div class=\"uncoltable\"><div class=\"uncell  boomapps_vccolumn no-block-padding\" ><div class=\"uncont\" ><div class=\"uncode-single-media  text-left\"><div class=\"single-wrapper\" style=\"max-width: 100%;\"><div class=\"tmb tmb-light  img-round img-round-lg tmb-img-ratio tmb-media-first tmb-media-last tmb-content-overlay tmb-no-bg\"><div class=\"t-inside\"><div class=\"t-entry-visual\"><div class=\"t-entry-visual-tc\"><div class=\"uncode-single-media-wrapper img-round img-round-lg\"><div class=\"dummy\" style=\"padding-top: 75.1%;\"><\/div><img decoding=\"async\" class=\"wp-image-68066\" src=\"https:\/\/royalcasinocompany.nl\/wp-content\/uploads\/2024\/05\/OGER_CasinoRoyaleAntwerp2024_%C2%A9RachelEcclestonePhotography_March072024_-441-uai-910x683.jpg\" width=\"910\" height=\"683\" alt=\"twee croupiers met in het midden een lachtende en winnende casino speler\" title=\"\"><\/div>\n\t\t\t\t\t<\/div>\n\t\t\t\t<\/div><\/div><\/div><\/div><\/div><\/div><\/div><\/div><\/div><\/div><\/div><\/div><\/div><\/div><\/div><\/div><\/div><\/div><script id=\"script-row-unique-3\" data-row=\"script-row-unique-3\" type=\"text\/javascript\" class=\"vc_controls\">UNCODE.initRow(document.getElementById(\"row-unique-3\"));<\/script><\/div><\/div><\/div>\n<\/div>","protected":false},"excerpt":{"rendered":"James Bond Casino Night \u2013 Beleef de ultieme Casino Royale ervaring Stap in de wereld van 007: stijl, spanning en [...]","protected":false},"author":1,"featured_media":69139,"parent":0,"menu_order":0,"comment_status":"closed","ping_status":"closed","template":"","meta":{"footnotes":""},"class_list":["post-70727","page","type-page","status-publish","has-post-thumbnail","hentry","page_category-casino-themas"],"_links":{"self":[{"href":"https:\/\/royalcasinocompany.nl\/fr\/wp-json\/wp\/v2\/pages\/70727","targetHints":{"allow":["GET"]}}],"collection":[{"href":"https:\/\/royalcasinocompany.nl\/fr\/wp-json\/wp\/v2\/pages"}],"about":[{"href":"https:\/\/royalcasinocompany.nl\/fr\/wp-json\/wp\/v2\/types\/page"}],"author":[{"embeddable":true,"href":"https:\/\/royalcasinocompany.nl\/fr\/wp-json\/wp\/v2\/users\/1"}],"replies":[{"embeddable":true,"href":"https:\/\/royalcasinocompany.nl\/fr\/wp-json\/wp\/v2\/comments?post=70727"}],"version-history":[{"count":4,"href":"https:\/\/royalcasinocompany.nl\/fr\/wp-json\/wp\/v2\/pages\/70727\/revisions"}],"predecessor-version":[{"id":70826,"href":"https:\/\/royalcasinocompany.nl\/fr\/wp-json\/wp\/v2\/pages\/70727\/revisions\/70826"}],"wp:featuredmedia":[{"embeddable":true,"href":"https:\/\/royalcasinocompany.nl\/fr\/wp-json\/wp\/v2\/media\/69139"}],"wp:attachment":[{"href":"https:\/\/royalcasinocompany.nl\/fr\/wp-json\/wp\/v2\/media?parent=70727"}],"curies":[{"name":"wp","href":"https:\/\/api.w.org\/{rel}","templated":true}]}}