{"id":70732,"date":"2025-08-27T13:17:48","date_gmt":"2025-08-27T11:17:48","guid":{"rendered":"https:\/\/royalcasinocompany.nl\/?page_id=70732"},"modified":"2025-09-09T09:12:20","modified_gmt":"2025-09-09T07:12:20","slug":"great-gatsby-casino-night","status":"publish","type":"page","link":"https:\/\/royalcasinocompany.nl\/fr\/great-gatsby-casino-night\/","title":{"rendered":"Soir\u00e9e casino \"Great Gatsby\" - Vivez les ann\u00e9es folles avec style"},"content":{"rendered":"<div class=\"wpb-content-wrapper\"><div data-parent=\"true\" class=\"vc_row row-container boomapps_vcrow\" id=\"row-unique-0\"><div class=\"row limit-width row-parent\"><div class=\"wpb_row row-inner\"><div class=\"wpb_column pos-top pos-center align_left column_parent col-lg-12 boomapps_vccolumn single-internal-gutter\"><div class=\"uncol style-dark\"  ><div class=\"uncoltable\"><div class=\"uncell  boomapps_vccolumn no-block-padding\" ><div class=\"uncont\" ><div class=\"vc_row row-internal row-container boomapps_vcrow\"><div class=\"row row-child\"><div class=\"wpb_row row-inner\"><div class=\"wpb_column pos-top pos-center align_center column_child col-lg-12 boomapps_vccolumn single-internal-gutter\"><div class=\"uncol style-dark font-134980\" ><div class=\"uncoltable\"><div class=\"uncell  boomapps_vccolumn no-block-padding\" ><div class=\"uncont\" style=\" max-width:696px;\" ><div class=\"vc_custom_heading_wrap\"><div class=\"heading-text el-text\" ><\/p>\n<h1>Soir\u00e9e casino \"Great Gatsby\" - Vivez les ann\u00e9es folles avec style<\/h1>\n<div class=\"text-small text-top-reduced\"><p>Entrez dans le monde de l'Art d\u00e9co, du jazz et de l'extravagance avec nos tables de casino de luxe sur place.<\/p>\n<\/div><hr class=\"separator-break separator-accent\" \/><\/div><div class=\"clear\"><\/div><\/div><\/div><\/div><\/div><\/div><\/div><\/div><\/div><\/div><\/div><\/div><\/div><\/div><\/div><script id=\"script-row-unique-0\" data-row=\"script-row-unique-0\" type=\"text\/javascript\" class=\"vc_controls\">UNCODE.initRow(document.getElementById(\"row-unique-0\"));<\/script><\/div><\/div><\/div><div data-parent=\"true\" class=\"vc_row row-container boomapps_vcrow\" id=\"row-unique-1\"><div class=\"row limit-width row-parent\"><div class=\"wpb_row row-inner\"><div class=\"wpb_column pos-top pos-center align_left column_parent col-lg-6 boomapps_vccolumn single-internal-gutter\"><div class=\"uncol style-dark\"  ><div class=\"uncoltable\"><div class=\"uncell  boomapps_vccolumn no-block-padding\" ><div class=\"uncont\" ><div class=\"vc_row row-internal row-container boomapps_vcrow\"><div class=\"row row-child\"><div class=\"wpb_row row-inner\"><div class=\"wpb_column pos-top pos-center align_left column_child col-lg-12 boomapps_vccolumn single-internal-gutter\"><div class=\"uncol style-dark\" ><div class=\"uncoltable\"><div class=\"uncell  boomapps_vccolumn no-block-padding\" ><div class=\"uncont\" ><div class=\"uncode_text_column\" ><\/p>\n<blockquote>\n<p><strong>\"Une petite f\u00eate n'a jamais tu\u00e9 personne - bienvenue dans les ann\u00e9es folles.\"<\/strong><\/p>\n<\/blockquote>\n<p>Les ann\u00e9es folles \u00e9taient une \u00e9poque pleine de glamour, de luxe et de f\u00eates d\u00e9brid\u00e9es. Une soir\u00e9e casino \"Great Gatsby\" fera revivre cette atmosph\u00e8re. Les invit\u00e9s s'imaginent dans un monde de champagne, de musique jazz et de jeux de casino passionnants qui rendront la soir\u00e9e inoubliable.<\/p>\n<\/div><\/div><\/div><\/div><\/div><\/div><\/div><\/div><\/div><div class=\"uncode-single-media  text-left\"><div class=\"single-wrapper\" style=\"max-width: 100%;\"><div class=\"tmb tmb-light  img-round img-round-lg tmb-img-ratio tmb-media-first tmb-media-last tmb-content-overlay tmb-no-bg\"><div class=\"t-inside\"><div class=\"t-entry-visual\"><div class=\"t-entry-visual-tc\"><div class=\"uncode-single-media-wrapper img-round img-round-lg\"><div class=\"dummy\" style=\"padding-top: 30%;\"><\/div><img decoding=\"async\" class=\"wp-image-67079\" src=\"https:\/\/royalcasinocompany.nl\/wp-content\/uploads\/2024\/02\/5november2022-LasVegas-HermanceVanDijkPhotography-10-scaled-uai-2560x768.jpg\" width=\"2560\" height=\"768\" alt=\"- Royal Casino Company\" title=\"\"><\/div>\n\t\t\t\t\t<\/div>\n\t\t\t\t<\/div><\/div><\/div><\/div><\/div><div class=\"vc_row row-internal row-container boomapps_vcrow\"><div class=\"row row-child\"><div class=\"wpb_row row-inner\"><div class=\"wpb_column pos-top pos-center align_left column_child col-lg-12 boomapps_vccolumn single-internal-gutter\"><div class=\"uncol style-dark\" ><div class=\"uncoltable\"><div class=\"uncell  boomapps_vccolumn no-block-padding\" ><div class=\"uncont\" ><div class=\"uncode_text_column\" ><\/p>\n<h2>L'extravagance de l'Art d\u00e9co<\/h2>\n<p>Le design Art d\u00e9co, avec son or brillant, son noir et ses motifs \u00e9pur\u00e9s, est la toile de fond id\u00e9ale pour nos tables de casino. La roulette, le blackjack et le poker prennent une dimension suppl\u00e9mentaire dans ce d\u00e9cor. Vos invit\u00e9s entreront directement dans l'univers extravagant de Gatsby.<\/p>\n<\/div><\/div><\/div><\/div><\/div><\/div><\/div><\/div><\/div><div class=\"uncode-single-media  text-left\"><div class=\"single-wrapper\" style=\"max-width: 100%;\"><div class=\"tmb tmb-light  img-round img-round-lg tmb-img-ratio tmb-media-first tmb-media-last tmb-content-overlay tmb-no-bg\"><div class=\"t-inside\"><div class=\"t-entry-visual\"><div class=\"t-entry-visual-tc\"><div class=\"uncode-single-media-wrapper img-round img-round-lg\"><div class=\"dummy\" style=\"padding-top: 75%;\"><\/div><img decoding=\"async\" class=\"wp-image-66836\" src=\"https:\/\/royalcasinocompany.nl\/wp-content\/uploads\/2024\/02\/20231214-tomdoms_0025915-uai-1820x1365.jpg\" width=\"1820\" height=\"1365\" alt=\"Casino huren\" title=\"\"><\/div>\n\t\t\t\t\t<\/div>\n\t\t\t\t<\/div><\/div><\/div><\/div><\/div><div class=\"vc_row row-internal row-container boomapps_vcrow\"><div class=\"row row-child\"><div class=\"wpb_row row-inner\"><div class=\"wpb_column pos-top pos-center align_left column_child col-lg-12 boomapps_vccolumn single-internal-gutter\"><div class=\"uncol style-dark\" ><div class=\"uncoltable\"><div class=\"uncell  boomapps_vccolumn no-block-padding\" ><div class=\"uncont\" ><div class=\"uncode_text_column\" ><\/p>\n<h2>Musique charleston et jazz<\/h2>\n<p>Les sons de charleston et de jazz swinguant sont indissociables de ce th\u00e8me. Ajoutez un orchestre ou un DJ \u00e0 l'exp\u00e9rience du casino et la piste de danse se remplit d'elle-m\u00eame. Avec nos tables, un m\u00e9lange vibrant de jeu, de musique et de spectacle est cr\u00e9\u00e9.<\/p>\n<\/div><\/div><\/div><\/div><\/div><\/div><\/div><\/div><\/div><div class=\"uncode-single-media  text-left\"><div class=\"single-wrapper\" style=\"max-width: 100%;\"><div class=\"tmb tmb-light  img-round img-round-xl tmb-img-ratio tmb-media-first tmb-media-last tmb-content-overlay tmb-no-bg\"><div class=\"t-inside\"><div class=\"t-entry-visual\"><div class=\"t-entry-visual-tc\"><div class=\"uncode-single-media-wrapper img-round img-round-xl\"><div class=\"dummy\" style=\"padding-top: 30%;\"><\/div><img decoding=\"async\" class=\"wp-image-68229\" src=\"https:\/\/royalcasinocompany.nl\/wp-content\/uploads\/2024\/05\/240307EP19572-scaled-uai-2560x768.jpg\" width=\"2560\" height=\"768\" alt=\"Mobiel casino huren\" title=\"\"><\/div>\n\t\t\t\t\t<\/div>\n\t\t\t\t<\/div><\/div><\/div><\/div><\/div><div class=\"vc_row row-internal row-container boomapps_vcrow\"><div class=\"row row-child\"><div class=\"wpb_row row-inner\"><div class=\"wpb_column pos-top pos-center align_left column_child col-lg-12 boomapps_vccolumn single-internal-gutter\"><div class=\"uncol style-dark\" ><div class=\"uncoltable\"><div class=\"uncell  boomapps_vccolumn no-block-padding\" ><div class=\"uncont\" ><div class=\"uncode_text_column\" ><\/p>\n<h2>Tables de casino de luxe sur place<\/h2>\n<p>Nous ne proposons pas seulement des tables de casino, mais une exp\u00e9rience compl\u00e8te. De l'\u00e9clairage d'ambiance aux accessoires \u00e9l\u00e9gants, nous transformons n'importe quelle pi\u00e8ce en un casino des ann\u00e9es folles. Nos tables attirent l'attention et conf\u00e8rent \u00e0 la salle la grandeur incomparable de Gatsby.<\/p>\n<\/div><\/div><\/div><\/div><\/div><\/div><\/div><\/div><\/div><div class=\"uncode-single-media  text-left\"><div class=\"single-wrapper\" style=\"max-width: 100%;\"><div class=\"tmb tmb-light  img-round img-round-lg tmb-img-ratio tmb-media-first tmb-media-last tmb-content-overlay tmb-no-bg\"><div class=\"t-inside\"><div class=\"t-entry-visual\"><div class=\"t-entry-visual-tc\"><div class=\"uncode-single-media-wrapper img-round img-round-lg\"><div class=\"dummy\" style=\"padding-top: 75%;\"><\/div><img decoding=\"async\" class=\"wp-image-66840\" src=\"https:\/\/royalcasinocompany.nl\/wp-content\/uploads\/2024\/02\/20231214-tomdoms_0540330-uai-1820x1365.jpg\" width=\"1820\" height=\"1365\" alt=\"- Royal Casino Company\" title=\"\"><\/div>\n\t\t\t\t\t<\/div>\n\t\t\t\t<\/div><\/div><\/div><\/div><\/div><div class=\"vc_row row-internal row-container boomapps_vcrow\"><div class=\"row row-child\"><div class=\"wpb_row row-inner\"><div class=\"wpb_column pos-top pos-center align_left column_child col-lg-12 boomapps_vccolumn single-internal-gutter\"><div class=\"uncol style-dark\" ><div class=\"uncoltable\"><div class=\"uncell  boomapps_vccolumn no-block-padding\" ><div class=\"uncont\" ><div class=\"uncode_text_column\" ><\/p>\n<h2>Un code vestimentaire parfait<\/h2>\n<p>Le succ\u00e8s d'une soir\u00e9e Gatsby r\u00e9side \u00e9galement dans la tenue vestimentaire. Robes \u00e0 volants, smoking, perles et plumes compl\u00e8tent l'exp\u00e9rience. Vos invit\u00e9s se sentiront comme des stars d'un autre temps, pr\u00eats pour une nuit de paillettes et de jeux.<\/p>\n<\/div><\/div><\/div><\/div><\/div><\/div><\/div><\/div><\/div><div class=\"uncode-single-media  text-left\"><div class=\"single-wrapper\" style=\"max-width: 100%;\"><div class=\"tmb tmb-light  img-round img-round-lg tmb-img-ratio tmb-media-first tmb-media-last tmb-content-overlay tmb-no-bg\"><div class=\"t-inside\"><div class=\"t-entry-visual\"><div class=\"t-entry-visual-tc\"><div class=\"uncode-single-media-wrapper img-round img-round-lg\"><div class=\"dummy\" style=\"padding-top: 75.1%;\"><\/div><img decoding=\"async\" class=\"wp-image-68477\" src=\"https:\/\/royalcasinocompany.nl\/wp-content\/uploads\/2024\/05\/20-Paul50%C2%A9HERMANCEVANDIJK-uai-910x683.jpg\" width=\"910\" height=\"683\" alt=\"nep geld met witte veren ter decoratie\" title=\"\"><\/div>\n\t\t\t\t\t<\/div>\n\t\t\t\t<\/div><\/div><\/div><\/div><\/div><\/div><\/div><\/div><\/div><\/div><div class=\"wpb_column pos-top pos-center align_left column_parent col-lg-6 boomapps_vccolumn single-internal-gutter\"><div class=\"uncol style-dark\"  ><div class=\"uncoltable\"><div class=\"uncell  boomapps_vccolumn no-block-padding\" ><div class=\"uncont\" ><div class=\"vc_row row-internal row-container boomapps_vcrow\"><div class=\"row row-child\"><div class=\"wpb_row row-inner\"><div class=\"wpb_column pos-top pos-center align_left column_child col-lg-12 boomapps_vccolumn single-internal-gutter\"><div class=\"uncol style-dark\" ><div class=\"uncoltable\"><div class=\"uncell  boomapps_vccolumn no-block-padding\" ><div class=\"uncont\" ><div class=\"uncode_text_column\" ><\/p>\n<h2>Croupiers professionnels<\/h2>\n<p class=\"text-body font-regular text-gray-800 leading-&#091;24px&#093; pt-&#091;9px&#093; pb-&#091;2px&#093;\" dir=\"ltr\">Nos croupiers donnent vie aux jeux de casino avec charme et style. Ils guident vos invit\u00e9s, expliquent les jeux et cr\u00e9ent l'excitation comme dans un vrai casino. Ils sont toujours habill\u00e9s de mani\u00e8re \u00e0 respecter le th\u00e8me et \u00e0 avoir le sens du divertissement.<\/p>\n<p>\n<\/div><\/div><\/div><\/div><\/div><\/div><\/div><\/div><\/div><div class=\"uncode-single-media  text-left\"><div class=\"single-wrapper\" style=\"max-width: 100%;\"><div class=\"tmb tmb-light  img-round img-round-lg tmb-img-ratio tmb-media-first tmb-media-last tmb-content-overlay tmb-no-bg\"><div class=\"t-inside\"><div class=\"t-entry-visual\"><div class=\"t-entry-visual-tc\"><div class=\"uncode-single-media-wrapper img-round img-round-lg\"><div class=\"dummy\" style=\"padding-top: 75%;\"><\/div><img decoding=\"async\" class=\"wp-image-66873\" src=\"https:\/\/royalcasinocompany.nl\/wp-content\/uploads\/2024\/02\/WhatsApp-Image-2023-12-27-at-10.44.07-uai-1424x1068.jpeg\" width=\"1424\" height=\"1068\" alt=\"- Royal Casino Company\" title=\"\"><\/div>\n\t\t\t\t\t<\/div>\n\t\t\t\t<\/div><\/div><\/div><\/div><\/div><div class=\"vc_row row-internal row-container boomapps_vcrow\"><div class=\"row row-child\"><div class=\"wpb_row row-inner\"><div class=\"wpb_column pos-top pos-center align_left column_child col-lg-12 boomapps_vccolumn single-internal-gutter\"><div class=\"uncol style-dark\" ><div class=\"uncoltable\"><div class=\"uncell  boomapps_vccolumn no-block-padding\" ><div class=\"uncont\" ><div class=\"uncode_text_column\" ><\/p>\n<h2>Champagne et paillettes<\/h2>\n<p>Le champagne est le symbole des ann\u00e9es folles. Servez des bulles en abondance et faites tinter les verres sous la douce lumi\u00e8re des lampes Art d\u00e9co. La combinaison des jeux de casino, des paillettes et du champagne rend la soir\u00e9e tout \u00e0 fait d\u00e9cadente.<\/p>\n<\/div><\/div><\/div><\/div><\/div><\/div><\/div><\/div><\/div><div class=\"uncode-single-media  text-left\"><div class=\"single-wrapper\" style=\"max-width: 100%;\"><div class=\"tmb tmb-light  img-round img-round-lg tmb-img-ratio tmb-media-first tmb-media-last tmb-content-overlay tmb-no-bg\"><div class=\"t-inside\"><div class=\"t-entry-visual\"><div class=\"t-entry-visual-tc\"><div class=\"uncode-single-media-wrapper img-round img-round-lg\"><div class=\"dummy\" style=\"padding-top: 30%;\"><\/div><img decoding=\"async\" class=\"wp-image-66871\" src=\"https:\/\/royalcasinocompany.nl\/wp-content\/uploads\/2024\/02\/WhatsApp-Image-2023-12-27-at-10.44.07-5-uai-1600x480.jpeg\" width=\"1600\" height=\"480\" alt=\"- Royal Casino Company\" title=\"\"><\/div>\n\t\t\t\t\t<\/div>\n\t\t\t\t<\/div><\/div><\/div><\/div><\/div><div class=\"vc_row row-internal row-container boomapps_vcrow\"><div class=\"row row-child\"><div class=\"wpb_row row-inner\"><div class=\"wpb_column pos-top pos-center align_left column_child col-lg-12 boomapps_vccolumn single-internal-gutter\"><div class=\"uncol style-dark\" ><div class=\"uncoltable\"><div class=\"uncell  boomapps_vccolumn no-block-padding\" ><div class=\"uncont\" ><div class=\"uncode_text_column\" ><\/p>\n<h2>Id\u00e9al pour les f\u00eates d'entreprise<\/h2>\n<p>Une soir\u00e9e casino \"Great Gatsby\" est id\u00e9ale pour faire vivre une exp\u00e9rience sp\u00e9ciale \u00e0 vos employ\u00e9s ou associ\u00e9s. La combinaison des jeux, de la musique et de l'ambiance luxueuse cr\u00e9e une f\u00eate dont on parlera longtemps - un m\u00e9lange parfait de divertissement et de classe.<\/p>\n<\/div><\/div><\/div><\/div><\/div><\/div><\/div><\/div><\/div><div class=\"uncode-single-media  text-left\"><div class=\"single-wrapper\" style=\"max-width: 100%;\"><div class=\"tmb tmb-light  img-round img-round-lg tmb-img-ratio tmb-media-first tmb-media-last tmb-content-overlay tmb-no-bg\"><div class=\"t-inside\"><div class=\"t-entry-visual\"><div class=\"t-entry-visual-tc\"><div class=\"uncode-single-media-wrapper img-round img-round-lg\"><div class=\"dummy\" style=\"padding-top: 75%;\"><\/div><img decoding=\"async\" class=\"wp-image-66867\" src=\"https:\/\/royalcasinocompany.nl\/wp-content\/uploads\/2024\/02\/WhatsApp-Image-2023-12-27-at-10.44.07-1-uai-1424x1068.jpeg\" width=\"1424\" height=\"1068\" alt=\"- Royal Casino Company\" title=\"\"><\/div>\n\t\t\t\t\t<\/div>\n\t\t\t\t<\/div><\/div><\/div><\/div><\/div><div class=\"vc_row row-internal row-container boomapps_vcrow\"><div class=\"row row-child\"><div class=\"wpb_row row-inner\"><div class=\"wpb_column pos-top pos-center align_left column_child col-lg-12 boomapps_vccolumn single-internal-gutter\"><div class=\"uncol style-dark\" ><div class=\"uncoltable\"><div class=\"uncell  boomapps_vccolumn no-block-padding\" ><div class=\"uncont\" ><div class=\"uncode_text_column\" ><\/p>\n<h2>Moments photog\u00e9niques<\/h2>\n<p>Les ann\u00e9es folles sont photog\u00e9niques \u00e0 souhait. Des robes scintillantes aux jetons et aux roulettes, chaque recoin de la salle m\u00e9ritera une photo. Vos invit\u00e9s en garderont de merveilleux souvenirs et votre \u00e9v\u00e9nement rayonnera de style sur les m\u00e9dias sociaux.<\/p>\n<\/div><\/div><\/div><\/div><\/div><\/div><\/div><\/div><\/div><div class=\"uncode-single-media  text-left\"><div class=\"single-wrapper\" style=\"max-width: 100%;\"><div class=\"tmb tmb-light  img-round img-round-lg tmb-img-ratio tmb-media-first tmb-media-last tmb-content-overlay tmb-no-bg\"><div class=\"t-inside\"><div class=\"t-entry-visual\"><div class=\"t-entry-visual-tc\"><div class=\"uncode-single-media-wrapper img-round img-round-lg\"><div class=\"dummy\" style=\"padding-top: 30%;\"><\/div><img decoding=\"async\" class=\"wp-image-67081\" src=\"https:\/\/royalcasinocompany.nl\/wp-content\/uploads\/2024\/02\/6-SFEER-5november-HermanceVanDijkPhotography-scaled-uai-2560x768.jpg\" width=\"2560\" height=\"768\" alt=\"casino decoratie\" title=\"\"><\/div>\n\t\t\t\t\t<\/div>\n\t\t\t\t<\/div><\/div><\/div><\/div><\/div><div class=\"vc_row row-internal row-container boomapps_vcrow\"><div class=\"row row-child\"><div class=\"wpb_row row-inner\"><div class=\"wpb_column pos-top pos-center align_left column_child col-lg-12 boomapps_vccolumn single-internal-gutter\"><div class=\"uncol style-dark\" ><div class=\"uncoltable\"><div class=\"uncell  boomapps_vccolumn no-block-padding\" ><div class=\"uncont\" ><div class=\"uncode_text_column\" ><\/p>\n<h2 dir=\"ltr\">R\u00e9servez votre soir\u00e9e casino Gatsby<\/h2>\n<p>Vous voulez organiser une f\u00eate inoubliable ? Avec notre soir\u00e9e casino Gatsby, vous b\u00e9n\u00e9ficiez d'une exp\u00e9rience compl\u00e8te : des tables luxueuses, des croupiers professionnels et un cadre plein de paillettes et de glamour. Nous nous occupons de tout, il ne vous reste plus qu'\u00e0 vous amuser.<\/p>\n<\/div><\/div><\/div><\/div><\/div><\/div><\/div><\/div><\/div><div class=\"uncode-single-media  text-left\"><div class=\"single-wrapper\" style=\"max-width: 100%;\"><div class=\"tmb tmb-light  img-round img-round-lg tmb-img-ratio tmb-media-first tmb-media-last tmb-content-overlay tmb-no-bg\"><div class=\"t-inside\"><div class=\"t-entry-visual\"><div class=\"t-entry-visual-tc\"><div class=\"uncode-single-media-wrapper img-round img-round-lg\"><div class=\"dummy\" style=\"padding-top: 75%;\"><\/div><img decoding=\"async\" class=\"wp-image-67135\" src=\"https:\/\/royalcasinocompany.nl\/wp-content\/uploads\/2024\/02\/WhatsApp-Image-2024-02-17-at-13.28.49-uai-1319x989.jpeg\" width=\"1319\" height=\"989\" alt=\"- Royal Casino Company\" title=\"\"><\/div>\n\t\t\t\t\t<\/div>\n\t\t\t\t<\/div><\/div><\/div><\/div><\/div><div class=\"vc_row row-internal row-container boomapps_vcrow\"><div class=\"row row-child\"><div class=\"wpb_row row-inner\"><div class=\"wpb_column pos-top pos-center align_left column_child col-lg-12 boomapps_vccolumn single-internal-gutter\"><div class=\"uncol style-dark\" ><div class=\"uncoltable\"><div class=\"uncell  boomapps_vccolumn no-block-padding\" ><div class=\"uncont\" ><div class=\"uncode_text_column\" ><\/p>\n<h2>L'exp\u00e9rience ultime des ann\u00e9es folles<\/h2>\n<p>Une soir\u00e9e casino \"Great Gatsby\" est plus qu'une f\u00eate : c'est un voyage dans le temps vers les ann\u00e9es folles. Le m\u00e9lange de jeux de casino, l'atmosph\u00e8re Art d\u00e9co, le champagne et les divertissements cr\u00e9ent une exp\u00e9rience unique qui impressionne tous les invit\u00e9s.<\/p>\n<\/div><\/div><\/div><\/div><\/div><\/div><\/div><\/div><\/div><\/div><\/div><\/div><\/div><\/div><script id=\"script-row-unique-1\" data-row=\"script-row-unique-1\" type=\"text\/javascript\" class=\"vc_controls\">UNCODE.initRow(document.getElementById(\"row-unique-1\"));<\/script><\/div><\/div><\/div><div data-parent=\"true\" class=\"vc_row row-container boomapps_vcrow\" id=\"row-unique-2\"><div class=\"row limit-width row-parent\"><div class=\"wpb_row row-inner\"><div class=\"wpb_column pos-top pos-center align_left column_parent col-lg-12 boomapps_vccolumn single-internal-gutter\"><div class=\"uncol style-dark\"  ><div class=\"uncoltable\"><div class=\"uncell  boomapps_vccolumn no-block-padding\" ><div class=\"uncont\" ><div class=\"divider-wrapper\"  >\n    <hr class=\"border-accent-color separator-no-padding\"  \/>\n<\/div>\n<\/div><\/div><\/div><\/div><\/div><script id=\"script-row-unique-2\" data-row=\"script-row-unique-2\" type=\"text\/javascript\" class=\"vc_controls\">UNCODE.initRow(document.getElementById(\"row-unique-2\"));<\/script><\/div><\/div><\/div><div data-parent=\"true\" class=\"vc_row row-container boomapps_vcrow\" id=\"row-unique-3\"><div class=\"row limit-width row-parent\"><div class=\"wpb_row row-inner\"><div class=\"wpb_column pos-top pos-center align_left column_parent col-lg-12 boomapps_vccolumn single-internal-gutter\"><div class=\"uncol style-dark\"  ><div class=\"uncoltable\"><div class=\"uncell  boomapps_vccolumn no-block-padding\" ><div class=\"uncont\" ><div class=\"vc_row row-internal row-container boomapps_vcrow\"><div class=\"row row-child\"><div class=\"wpb_row row-inner\"><div class=\"wpb_column pos-top pos-center align_left column_child col-lg-3 boomapps_vccolumn single-internal-gutter\"><div class=\"uncol style-dark\" ><div class=\"uncoltable\"><div class=\"uncell  boomapps_vccolumn no-block-padding\" ><div class=\"uncont\" ><div class=\"uncode-single-media  text-left\"><div class=\"single-wrapper\" style=\"max-width: 100%;\"><div class=\"tmb tmb-light  img-round img-round-lg tmb-img-ratio tmb-media-first tmb-media-last tmb-content-overlay tmb-no-bg\"><div class=\"t-inside\"><div class=\"t-entry-visual\"><div class=\"t-entry-visual-tc\"><div class=\"uncode-single-media-wrapper img-round img-round-lg\"><div class=\"dummy\" style=\"padding-top: 75%;\"><\/div><img decoding=\"async\" class=\"wp-image-68380\" src=\"https:\/\/royalcasinocompany.nl\/wp-content\/uploads\/2024\/05\/20231214-tomdoms_3137059-uai-1820x1365.jpg\" width=\"1820\" height=\"1365\" alt=\"Casino dame dat aan het dansen is op de muziek\" title=\"\"><\/div>\n\t\t\t\t\t<\/div>\n\t\t\t\t<\/div><\/div><\/div><\/div><\/div><\/div><\/div><\/div><\/div><\/div><div class=\"wpb_column pos-top pos-center align_left column_child col-lg-3 boomapps_vccolumn single-internal-gutter\"><div class=\"uncol style-dark\" ><div class=\"uncoltable\"><div class=\"uncell  boomapps_vccolumn no-block-padding\" ><div class=\"uncont\" ><div class=\"uncode-single-media  text-left\"><div class=\"single-wrapper\" style=\"max-width: 100%;\"><div class=\"tmb tmb-light  img-round img-round-lg tmb-img-ratio tmb-media-first tmb-media-last tmb-content-overlay tmb-no-bg\"><div class=\"t-inside\"><div class=\"t-entry-visual\"><div class=\"t-entry-visual-tc\"><div class=\"uncode-single-media-wrapper img-round img-round-lg\"><div class=\"dummy\" style=\"padding-top: 75%;\"><\/div><img decoding=\"async\" class=\"wp-image-68227\" src=\"https:\/\/royalcasinocompany.nl\/wp-content\/uploads\/2024\/05\/240307EP19490-scaled-uai-2262x1697.jpg\" width=\"2262\" height=\"1697\" alt=\"roulette tafel met achter de tafel vijf croupiers\" title=\"\"><\/div>\n\t\t\t\t\t<\/div>\n\t\t\t\t<\/div><\/div><\/div><\/div><\/div><\/div><\/div><\/div><\/div><\/div><div class=\"wpb_column pos-top pos-center align_left column_child col-lg-3 boomapps_vccolumn single-internal-gutter\"><div class=\"uncol style-dark\" ><div class=\"uncoltable\"><div class=\"uncell  boomapps_vccolumn no-block-padding\" ><div class=\"uncont\" ><div class=\"uncode-single-media  text-left\"><div class=\"single-wrapper\" style=\"max-width: 100%;\"><div class=\"tmb tmb-light  img-round img-round-lg tmb-img-ratio tmb-media-first tmb-media-last tmb-content-overlay tmb-no-bg\"><div class=\"t-inside\"><div class=\"t-entry-visual\"><div class=\"t-entry-visual-tc\"><div class=\"uncode-single-media-wrapper img-round img-round-lg\"><div class=\"dummy\" style=\"padding-top: 75.1%;\"><\/div><img decoding=\"async\" class=\"wp-image-68194\" src=\"https:\/\/royalcasinocompany.nl\/wp-content\/uploads\/2024\/05\/OGER_CasinoRoyaleAntwerp2024_%C2%A9RachelEcclestonePhotography_March072024_-342-uai-910x683.jpg\" width=\"910\" height=\"683\" alt=\"casino munt bakjes met handen die muntjes in de bakjes doen\" title=\"\"><\/div>\n\t\t\t\t\t<\/div>\n\t\t\t\t<\/div><\/div><\/div><\/div><\/div><\/div><\/div><\/div><\/div><\/div><div class=\"wpb_column pos-top pos-center align_left column_child col-lg-3 boomapps_vccolumn single-internal-gutter\"><div class=\"uncol style-dark\" ><div class=\"uncoltable\"><div class=\"uncell  boomapps_vccolumn no-block-padding\" ><div class=\"uncont\" ><div class=\"uncode-single-media  text-left\"><div class=\"single-wrapper\" style=\"max-width: 100%;\"><div class=\"tmb tmb-light  img-round img-round-lg tmb-img-ratio tmb-media-first tmb-media-last tmb-content-overlay tmb-no-bg\"><div class=\"t-inside\"><div class=\"t-entry-visual\"><div class=\"t-entry-visual-tc\"><div class=\"uncode-single-media-wrapper img-round img-round-lg\"><div class=\"dummy\" style=\"padding-top: 75.1%;\"><\/div><img decoding=\"async\" class=\"wp-image-68066\" src=\"https:\/\/royalcasinocompany.nl\/wp-content\/uploads\/2024\/05\/OGER_CasinoRoyaleAntwerp2024_%C2%A9RachelEcclestonePhotography_March072024_-441-uai-910x683.jpg\" width=\"910\" height=\"683\" alt=\"twee croupiers met in het midden een lachtende en winnende casino speler\" title=\"\"><\/div>\n\t\t\t\t\t<\/div>\n\t\t\t\t<\/div><\/div><\/div><\/div><\/div><\/div><\/div><\/div><\/div><\/div><\/div><\/div><\/div><\/div><\/div><\/div><\/div><\/div><script id=\"script-row-unique-3\" data-row=\"script-row-unique-3\" type=\"text\/javascript\" class=\"vc_controls\">UNCODE.initRow(document.getElementById(\"row-unique-3\"));<\/script><\/div><\/div><\/div>\n<\/div>","protected":false},"excerpt":{"rendered":"Great Gatsby Casino Night \u2013 Beleef de Roaring Twenties in stijl Stap in de wereld van Art Deco, jazz en [...]","protected":false},"author":1,"featured_media":69165,"parent":0,"menu_order":0,"comment_status":"closed","ping_status":"closed","template":"","meta":{"footnotes":""},"class_list":["post-70732","page","type-page","status-publish","has-post-thumbnail","hentry","page_category-casino-themas"],"_links":{"self":[{"href":"https:\/\/royalcasinocompany.nl\/fr\/wp-json\/wp\/v2\/pages\/70732","targetHints":{"allow":["GET"]}}],"collection":[{"href":"https:\/\/royalcasinocompany.nl\/fr\/wp-json\/wp\/v2\/pages"}],"about":[{"href":"https:\/\/royalcasinocompany.nl\/fr\/wp-json\/wp\/v2\/types\/page"}],"author":[{"embeddable":true,"href":"https:\/\/royalcasinocompany.nl\/fr\/wp-json\/wp\/v2\/users\/1"}],"replies":[{"embeddable":true,"href":"https:\/\/royalcasinocompany.nl\/fr\/wp-json\/wp\/v2\/comments?post=70732"}],"version-history":[{"count":4,"href":"https:\/\/royalcasinocompany.nl\/fr\/wp-json\/wp\/v2\/pages\/70732\/revisions"}],"predecessor-version":[{"id":70743,"href":"https:\/\/royalcasinocompany.nl\/fr\/wp-json\/wp\/v2\/pages\/70732\/revisions\/70743"}],"wp:featuredmedia":[{"embeddable":true,"href":"https:\/\/royalcasinocompany.nl\/fr\/wp-json\/wp\/v2\/media\/69165"}],"wp:attachment":[{"href":"https:\/\/royalcasinocompany.nl\/fr\/wp-json\/wp\/v2\/media?parent=70732"}],"curies":[{"name":"wp","href":"https:\/\/api.w.org\/{rel}","templated":true}]}}