{"id":70815,"date":"2025-09-09T08:31:37","date_gmt":"2025-09-09T06:31:37","guid":{"rendered":"https:\/\/royalcasinocompany.nl\/?page_id=70815"},"modified":"2025-09-09T09:33:45","modified_gmt":"2025-09-09T07:33:45","slug":"casino-thema","status":"publish","type":"page","link":"https:\/\/royalcasinocompany.nl\/fr\/casino-thema\/","title":{"rendered":"Th\u00e8me du casino"},"content":{"rendered":"<div class=\"wpb-content-wrapper\"><div data-parent=\"true\" class=\"vc_row row-container boomapps_vcrow\" id=\"row-unique-0\"><div class=\"row limit-width row-parent\"><div class=\"wpb_row row-inner\"><div class=\"wpb_column pos-top pos-center align_center column_parent col-lg-12 boomapps_vccolumn single-internal-gutter\"><div class=\"uncol style-dark\"  ><div class=\"uncoltable\"><div class=\"uncell  boomapps_vccolumn no-block-padding\" ><div class=\"uncont\" ><div class=\"vc_row row-internal row-container boomapps_vcrow\"><div class=\"row row-child\"><div class=\"wpb_row row-inner\"><div class=\"wpb_column pos-top pos-center align_center column_child col-lg-12 boomapps_vccolumn single-internal-gutter\"><div class=\"uncol style-dark\" ><div class=\"uncoltable\"><div class=\"uncell  boomapps_vccolumn no-block-padding\" ><div class=\"uncont\" ><div class=\"vc_custom_heading_wrap\"><div class=\"heading-text el-text\" ><\/p>\n<h1>TH\u00c8MES DU CASINO<\/h1>\n<p>\n<hr class=\"separator-break separator-accent\" \/><\/div><div class=\"clear\"><\/div><\/div><div class=\"uncode_text_column\" ><p>Une f\u00eate ou un \u00e9v\u00e9nement inoubliable commence par le choix du bon th\u00e8me de casino. Chez Royal Casino Company, nous apportons la magie de Las Vegas, l'excitation de James Bond et l'\u00e9l\u00e9gance de Great Gatsby directement sur votre lieu de r\u00e9union. Avec des tables de casino de luxe, des croupiers professionnels et une d\u00e9coration de style, nous faisons de chaque f\u00eate une exp\u00e9rience compl\u00e8te. Que vous organisiez un \u00e9v\u00e9nement d'entreprise, un mariage ou une soir\u00e9e \u00e0 th\u00e8me, le th\u00e8me du casino vous garantit glamour et divertissement.<\/p>\n<\/div><div class=\"vc_custom_heading_wrap\"><div class=\"heading-text el-text\" ><\/p>\n<h2>Th\u00e8mes de casino populaires<\/h2>\n<p>\n<\/div><div class=\"clear\"><\/div><\/div><div class=\"uncode_text_column\" ><p>Organiser une f\u00eate sur le th\u00e8me du casino est le moyen de surprendre vos invit\u00e9s. Nous proposons diff\u00e9rents th\u00e8mes qui r\u00e9pondent au style, \u00e0 l'atmosph\u00e8re et \u00e0 l'exp\u00e9rience. Qu'il s'agisse d'une vibrante soir\u00e9e spectacle \u00e0 Las Vegas ou d'une \u00e9l\u00e9gante soir\u00e9e casino \u00e0 la James Bond, chaque th\u00e8me garantit une exp\u00e9rience unique.<\/p>\n<\/div><div class=\"divider-wrapper\"  >\n    <hr class=\"border-accent-color separator-no-padding\"  \/>\n<\/div>\n<\/div><\/div><\/div><\/div><\/div><\/div><\/div><\/div><\/div><\/div><\/div><\/div><\/div><script id=\"script-row-unique-0\" data-row=\"script-row-unique-0\" type=\"text\/javascript\" class=\"vc_controls\">UNCODE.initRow(document.getElementById(\"row-unique-0\"));<\/script><\/div><\/div><\/div><div data-parent=\"true\" class=\"vc_row row-container boomapps_vcrow\" id=\"row-unique-1\"><div class=\"row limit-width row-parent\"><div class=\"wpb_row row-inner\"><div class=\"wpb_column pos-top pos-center align_center column_parent col-lg-12 boomapps_vccolumn single-internal-gutter\"><div class=\"uncol style-dark\"  ><div class=\"uncoltable\"><div class=\"uncell  boomapps_vccolumn no-block-padding\" ><div class=\"uncont\" ><div class=\"vc_row row-internal row-container boomapps_vcrow\"><div class=\"row row-child\"><div class=\"wpb_row row-inner\"><div class=\"wpb_column pos-top pos-center align_center column_child col-lg-12 boomapps_vccolumn single-internal-gutter\"><div class=\"uncol style-dark\" ><div class=\"uncoltable\"><div class=\"uncell  boomapps_vccolumn no-block-padding\" ><div class=\"uncont\" ><div id=\"index-998870\" class=\"isotope-system isotope-general-dark grid-general-dark\" >\n\t\t\t\n\t\t\t\t\t\t\t\t\t\t\t\t\t\t<div class=\"isotope-wrapper grid-wrapper half-gutter\" >\t\t\t\t\t\t\t\t\t\t\t\t<div class=\"isotope-container grid-container isotope-layout style-masonry isotope-pagination grid-pagination\" data-type=\"masonry\" data-layout=\"masonry\" data-lg=\"1000\" data-md=\"600\" data-sm=\"480\" data-vp-height=\"\">\t\t\t<div class=\"tmb atc-typography-inherit tmb-iso-w4 tmb-iso-h4 tmb-round img-round-lg tmb-dark tmb-overlay-text-anim tmb-overlay-anim tmb-content-center tmb-image-anim  grid-cat-1472 tmb-id-70738 tmb-img-ratio tmb-content-under tmb-media-first\" ><div class=\"t-inside style-color-prif-bg no-anim\" ><div class=\"t-entry-visual\"><div class=\"t-entry-visual-tc\"><div class=\"t-entry-visual-cont\"><div class=\"dummy\" style=\"padding-top: 80%;\"><\/div><a role=\"button\" tabindex=\"-1\" href=\"https:\/\/royalcasinocompany.nl\/fr\/las-vegas-casino-night\/\" class=\"pushed\" aria-label=\"Carte de menu sur le th\u00e8me de Las Vegas\"  target=\"_self\" data-lb-index=\"0\"><div class=\"t-entry-visual-overlay\"><div class=\"t-entry-visual-overlay-in style-light-bg\" style=\"opacity: 0.01;\"><\/div><\/div><img decoding=\"async\" class=\"wp-image-68393\" src=\"https:\/\/royalcasinocompany.nl\/wp-content\/uploads\/2024\/05\/6-SFEER-5november-HermanceVanDijkPhotography-scaled-uai-2133x1707.jpg\" width=\"2133\" height=\"1707\" alt=\"Menu kaart in het thema van Las Vegas\" title=\"\"><\/a><\/div>\n\t\t\t\t\t<\/div>\n\t\t\t\t<\/div><div class=\"t-entry-text\">\n\t\t\t\t\t\t\t\t\t<div class=\"t-entry-text-tc single-block-padding\"><div class=\"t-entry\"><h3 class=\"t-entry-title h6 title-scale\"><a href=\"https:\/\/royalcasinocompany.nl\/fr\/las-vegas-casino-night\/\" target=\"_self\">Soir\u00e9e spectacle \u00e0 Las Vegas - Vivez la magie du Strip sur place<\/a><\/h3><p class=\"t-entry-readmore btn-container\"><a href=\"https:\/\/royalcasinocompany.nl\/fr\/las-vegas-casino-night\/\" class=\"btn btn-default btn-outline btn-round btn-flat\" target=\"_self\">Plus d'informations et prix<\/a><\/p><\/div><\/div>\n\t\t\t\t\t\t\t<\/div><\/div><\/div><div class=\"tmb atc-typography-inherit tmb-iso-w4 tmb-iso-h4 tmb-round img-round-lg tmb-dark tmb-overlay-text-anim tmb-overlay-anim tmb-content-center tmb-image-anim  grid-cat-1472 tmb-id-70732 tmb-img-ratio tmb-content-under tmb-media-first\" ><div class=\"t-inside style-color-prif-bg no-anim\" ><div class=\"t-entry-visual\"><div class=\"t-entry-visual-tc\"><div class=\"t-entry-visual-cont\"><div class=\"dummy\" style=\"padding-top: 80%;\"><\/div><a role=\"button\" tabindex=\"-1\" href=\"https:\/\/royalcasinocompany.nl\/fr\/great-gatsby-casino-night\/\" class=\"pushed\" aria-label=\"Location d&#039;une enseigne de casino avec rideau d&#039;entr\u00e9e\"  target=\"_self\" data-lb-index=\"1\"><div class=\"t-entry-visual-overlay\"><div class=\"t-entry-visual-overlay-in style-light-bg\" style=\"opacity: 0.01;\"><\/div><\/div><img decoding=\"async\" class=\"wp-image-69165\" src=\"https:\/\/royalcasinocompany.nl\/wp-content\/uploads\/2024\/05\/Royalcasino1-161-scaled-uai-2133x1707.jpg\" width=\"2133\" height=\"1707\" alt=\"Casino sign met entree gordijn huren\" title=\"\"><\/a><\/div>\n\t\t\t\t\t<\/div>\n\t\t\t\t<\/div><div class=\"t-entry-text\">\n\t\t\t\t\t\t\t\t\t<div class=\"t-entry-text-tc single-block-padding\"><div class=\"t-entry\"><h3 class=\"t-entry-title h6 title-scale\"><a href=\"https:\/\/royalcasinocompany.nl\/fr\/great-gatsby-casino-night\/\" target=\"_self\">Soir\u00e9e casino \"Great Gatsby\" - Vivez les ann\u00e9es folles avec style<\/a><\/h3><p class=\"t-entry-readmore btn-container\"><a href=\"https:\/\/royalcasinocompany.nl\/fr\/great-gatsby-casino-night\/\" class=\"btn btn-default btn-outline btn-round btn-flat\" target=\"_self\">Plus d'informations et prix<\/a><\/p><\/div><\/div>\n\t\t\t\t\t\t\t<\/div><\/div><\/div><div class=\"tmb atc-typography-inherit tmb-iso-w4 tmb-iso-h4 tmb-round img-round-lg tmb-dark tmb-overlay-text-anim tmb-overlay-anim tmb-content-center tmb-image-anim  grid-cat-1472 tmb-id-70727 tmb-img-ratio tmb-content-under tmb-media-first\" ><div class=\"t-inside style-color-prif-bg no-anim\" ><div class=\"t-entry-visual\"><div class=\"t-entry-visual-tc\"><div class=\"t-entry-visual-cont\"><div class=\"dummy\" style=\"padding-top: 80%;\"><\/div><a role=\"button\" tabindex=\"-1\" href=\"https:\/\/royalcasinocompany.nl\/fr\/james-bond-casino-night\/\" class=\"pushed\" aria-label=\"Royal casino play money\"  target=\"_self\" data-lb-index=\"2\"><div class=\"t-entry-visual-overlay\"><div class=\"t-entry-visual-overlay-in style-light-bg\" style=\"opacity: 0.01;\"><\/div><\/div><img decoding=\"async\" class=\"wp-image-69139\" src=\"https:\/\/royalcasinocompany.nl\/wp-content\/uploads\/2024\/05\/19-SFEER-5november-HermanceVanDijkPhotography-scaled-uai-1707x1365.jpg\" width=\"1707\" height=\"1365\" alt=\"Royal casino speelgeld\" title=\"\"><\/a><\/div>\n\t\t\t\t\t<\/div>\n\t\t\t\t<\/div><div class=\"t-entry-text\">\n\t\t\t\t\t\t\t\t\t<div class=\"t-entry-text-tc single-block-padding\"><div class=\"t-entry\"><h3 class=\"t-entry-title h6 title-scale\"><a href=\"https:\/\/royalcasinocompany.nl\/fr\/james-bond-casino-night\/\" target=\"_self\">Soir\u00e9e Casino James Bond - D\u00e9couvrez Casino Royale sur place<\/a><\/h3><p class=\"t-entry-readmore btn-container\"><a href=\"https:\/\/royalcasinocompany.nl\/fr\/james-bond-casino-night\/\" class=\"btn btn-default btn-outline btn-round btn-flat\" target=\"_self\">Plus d'informations et prix<\/a><\/p><\/div><\/div>\n\t\t\t\t\t\t\t<\/div><\/div><\/div>\t\t<\/div>\t\n\t\n\n\t<\/div>\t\t\t\t<\/div>\n<\/div><\/div><\/div><\/div><\/div><\/div><\/div><\/div><div class=\"divider-wrapper\"  >\n    <hr class=\"border-accent-color separator-no-padding\"  \/>\n<\/div>\n<\/div><\/div><\/div><\/div><\/div><script id=\"script-row-unique-1\" data-row=\"script-row-unique-1\" type=\"text\/javascript\" class=\"vc_controls\">UNCODE.initRow(document.getElementById(\"row-unique-1\"));<\/script><\/div><\/div><\/div><div data-parent=\"true\" class=\"vc_row row-container boomapps_vcrow\" id=\"row-unique-2\"><div class=\"row limit-width row-parent\"><div class=\"wpb_row row-inner\"><div class=\"wpb_column pos-top pos-center align_left column_parent col-lg-12 boomapps_vccolumn single-internal-gutter\"><div class=\"uncol style-dark\"  ><div class=\"uncoltable\"><div class=\"uncell  boomapps_vccolumn no-block-padding\" ><div class=\"uncont\" ><div class=\"vc_row row-internal row-container boomapps_vcrow\"><div class=\"row row-child\"><div class=\"wpb_row row-inner\"><div class=\"wpb_column pos-top pos-center align_left column_child col-lg-6 boomapps_vccolumn single-internal-gutter\"><div class=\"uncol style-dark\" ><div class=\"uncoltable\"><div class=\"uncell  boomapps_vccolumn no-block-padding\" ><div class=\"uncont\" ><div class=\"vc_custom_heading_wrap\"><div class=\"heading-text el-text\" ><\/p>\n<h2>Soir\u00e9e casino James Bond<\/h2>\n<p>\n<\/div><div class=\"clear\"><\/div><\/div><div class=\"uncode_text_column\" ><p>Vous avez toujours voulu d\u00e9couvrir l'univers de 007 ? Avec un th\u00e8me de casino James Bond, plongez vos invit\u00e9s dans une atmosph\u00e8re d'excitation et de classe. Des tables \u00e9l\u00e9gantes, des croupiers professionnels et une ambiance myst\u00e9rieuse qui correspond parfaitement au personnage de James Bond. Ce th\u00e8me est id\u00e9al pour ceux qui souhaitent organiser une soir\u00e9e chic et exclusive.<\/p>\n<\/div><\/div><\/div><\/div><\/div><\/div><div class=\"wpb_column pos-top pos-center align_left column_child col-lg-6 boomapps_vccolumn single-internal-gutter\"><div class=\"uncol style-dark\" ><div class=\"uncoltable\"><div class=\"uncell  boomapps_vccolumn no-block-padding\" ><div class=\"uncont\" ><div id=\"index-9988702\" class=\"isotope-system isotope-general-dark grid-general-dark\" >\n\t\t\t\n\t\t\t\t\t\t\t\t\t\t\t\t\t\t<div class=\"isotope-wrapper grid-wrapper half-gutter\" >\t\t\t\t\t\t\t\t\t\t\t\t<div class=\"isotope-container grid-container isotope-layout style-masonry isotope-pagination grid-pagination\" data-type=\"masonry\" data-layout=\"masonry\" data-lg=\"1000\" data-md=\"600\" data-sm=\"480\" data-vp-height=\"\">\t\t\t<div class=\"tmb atc-typography-inherit tmb-iso-w6 tmb-iso-h4 tmb-round img-round-lg tmb-dark tmb-overlay-text-anim tmb-overlay-anim tmb-content-center tmb-image-anim  grid-cat-1472 tmb-id-70727 tmb-img-ratio tmb-content-under tmb-media-first\" ><div class=\"t-inside style-color-prif-bg no-anim\" ><div class=\"t-entry-visual\"><div class=\"t-entry-visual-tc\"><div class=\"t-entry-visual-cont\"><div class=\"dummy\" style=\"padding-top: 75%;\"><\/div><a role=\"button\" tabindex=\"-1\" href=\"https:\/\/royalcasinocompany.nl\/fr\/james-bond-casino-night\/\" class=\"pushed\" aria-label=\"Royal casino play money\"  target=\"_self\" data-lb-index=\"0\"><div class=\"t-entry-visual-overlay\"><div class=\"t-entry-visual-overlay-in style-light-bg\" style=\"opacity: 0.01;\"><\/div><\/div><img decoding=\"async\" class=\"wp-image-69139\" src=\"https:\/\/royalcasinocompany.nl\/wp-content\/uploads\/2024\/05\/19-SFEER-5november-HermanceVanDijkPhotography-scaled-uai-1707x1280.jpg\" width=\"1707\" height=\"1280\" alt=\"Royal casino speelgeld\" title=\"\"><\/a><\/div>\n\t\t\t\t\t<\/div>\n\t\t\t\t<\/div><div class=\"t-entry-text\">\n\t\t\t\t\t\t\t\t\t<div class=\"t-entry-text-tc single-block-padding\"><div class=\"t-entry\"><h3 class=\"t-entry-title h6 title-scale\"><a href=\"https:\/\/royalcasinocompany.nl\/fr\/james-bond-casino-night\/\" target=\"_self\">Soir\u00e9e Casino James Bond - D\u00e9couvrez Casino Royale sur place<\/a><\/h3><p class=\"t-entry-readmore btn-container\"><a href=\"https:\/\/royalcasinocompany.nl\/fr\/james-bond-casino-night\/\" class=\"btn btn-default btn-outline btn-round btn-flat\" target=\"_self\">Plus d'informations et prix<\/a><\/p><\/div><\/div>\n\t\t\t\t\t\t\t<\/div><\/div><\/div>\t\t<\/div>\t\n\t\n\n\t<\/div>\t\t\t\t<\/div>\n<\/div><\/div><\/div><\/div><\/div><\/div><\/div><\/div><div class=\"vc_row row-internal row-container boomapps_vcrow\"><div class=\"row row-child\"><div class=\"wpb_row row-inner\"><div class=\"wpb_column pos-top pos-center align_left column_child col-lg-6 boomapps_vccolumn single-internal-gutter\"><div class=\"uncol style-dark\" ><div class=\"uncoltable\"><div class=\"uncell  boomapps_vccolumn no-block-padding\" ><div class=\"uncont\" ><div class=\"vc_custom_heading_wrap\"><div class=\"heading-text el-text\" ><\/p>\n<h2>Soir\u00e9e spectacle \u00e0 Las Vegas<\/h2>\n<p>\n<\/div><div class=\"clear\"><\/div><\/div><div class=\"uncode_text_column\" ><p>Organiser un \u00e9v\u00e9nement sur le th\u00e8me du casino de Las Vegas est synonyme de paillettes, de n\u00e9ons et de divertissement ultime. Nos showgirls, nos tables de casino spectaculaires et notre d\u00e9cor luxueux apportent la magie du c\u00e9l\u00e8bre Strip directement \u00e0 votre \u00e9v\u00e9nement. Ce th\u00e8me garantit \u00e9nergie, glamour et une f\u00eate dont vos invit\u00e9s se souviendront longtemps.<\/p>\n<\/div><\/div><\/div><\/div><\/div><\/div><div class=\"wpb_column pos-top pos-center align_left column_child col-lg-6 boomapps_vccolumn single-internal-gutter\"><div class=\"uncol style-dark\" ><div class=\"uncoltable\"><div class=\"uncell  boomapps_vccolumn no-block-padding\" ><div class=\"uncont\" ><div id=\"index-99887028\" class=\"isotope-system isotope-general-dark grid-general-dark\" >\n\t\t\t\n\t\t\t\t\t\t\t\t\t\t\t\t\t\t<div class=\"isotope-wrapper grid-wrapper half-gutter\" >\t\t\t\t\t\t\t\t\t\t\t\t<div class=\"isotope-container grid-container isotope-layout style-masonry isotope-pagination grid-pagination\" data-type=\"masonry\" data-layout=\"masonry\" data-lg=\"1000\" data-md=\"600\" data-sm=\"480\" data-vp-height=\"\">\t\t\t<div class=\"tmb atc-typography-inherit tmb-iso-w6 tmb-iso-h4 tmb-round img-round-lg tmb-dark tmb-overlay-text-anim tmb-overlay-anim tmb-content-center tmb-image-anim  grid-cat-1472 tmb-id-70738 tmb-img-ratio tmb-content-under tmb-media-first\" ><div class=\"t-inside style-color-prif-bg no-anim\" ><div class=\"t-entry-visual\"><div class=\"t-entry-visual-tc\"><div class=\"t-entry-visual-cont\"><div class=\"dummy\" style=\"padding-top: 75%;\"><\/div><a role=\"button\" tabindex=\"-1\" href=\"https:\/\/royalcasinocompany.nl\/fr\/las-vegas-casino-night\/\" class=\"pushed\" aria-label=\"Carte de menu sur le th\u00e8me de Las Vegas\"  target=\"_self\" data-lb-index=\"0\"><div class=\"t-entry-visual-overlay\"><div class=\"t-entry-visual-overlay-in style-light-bg\" style=\"opacity: 0.01;\"><\/div><\/div><img decoding=\"async\" class=\"wp-image-68393\" src=\"https:\/\/royalcasinocompany.nl\/wp-content\/uploads\/2024\/05\/6-SFEER-5november-HermanceVanDijkPhotography-scaled-uai-2276x1707.jpg\" width=\"2276\" height=\"1707\" alt=\"Menu kaart in het thema van Las Vegas\" title=\"\"><\/a><\/div>\n\t\t\t\t\t<\/div>\n\t\t\t\t<\/div><div class=\"t-entry-text\">\n\t\t\t\t\t\t\t\t\t<div class=\"t-entry-text-tc single-block-padding\"><div class=\"t-entry\"><h3 class=\"t-entry-title h6 title-scale\"><a href=\"https:\/\/royalcasinocompany.nl\/fr\/las-vegas-casino-night\/\" target=\"_self\">Soir\u00e9e spectacle \u00e0 Las Vegas - Vivez la magie du Strip sur place<\/a><\/h3><p class=\"t-entry-readmore btn-container\"><a href=\"https:\/\/royalcasinocompany.nl\/fr\/las-vegas-casino-night\/\" class=\"btn btn-default btn-outline btn-round btn-flat\" target=\"_self\">Plus d'informations et prix<\/a><\/p><\/div><\/div>\n\t\t\t\t\t\t\t<\/div><\/div><\/div>\t\t<\/div>\t\n\t\n\n\t<\/div>\t\t\t\t<\/div>\n<\/div><\/div><\/div><\/div><\/div><\/div><\/div><\/div><div class=\"vc_row row-internal row-container boomapps_vcrow\"><div class=\"row row-child\"><div class=\"wpb_row row-inner\"><div class=\"wpb_column pos-top pos-center align_left column_child col-lg-6 boomapps_vccolumn single-internal-gutter\"><div class=\"uncol style-dark\" ><div class=\"uncoltable\"><div class=\"uncell  boomapps_vccolumn no-block-padding\" ><div class=\"uncont\" ><div class=\"vc_custom_heading_wrap\"><div class=\"heading-text el-text\" ><\/p>\n<h2>Soir\u00e9e casino \"Great Gatsby<\/h2>\n<p>\n<\/div><div class=\"clear\"><\/div><\/div><div class=\"uncode_text_column\" ><p>Replongez dans les ann\u00e9es folles et choisissez un th\u00e8me de casino \"Great Gatsby\". Des d\u00e9tails Art d\u00e9co, un d\u00e9cor \u00e9l\u00e9gant et l'atmosph\u00e8re des ann\u00e9es folles cr\u00e9ent une f\u00eate enchanteresse. Ce th\u00e8me est parfait pour ceux qui souhaitent organiser une soir\u00e9e luxueuse et \u00e9l\u00e9gante avec une touche de nostalgie.<\/p>\n<\/div><\/div><\/div><\/div><\/div><\/div><div class=\"wpb_column pos-top pos-center align_left column_child col-lg-6 boomapps_vccolumn single-internal-gutter\"><div class=\"uncol style-dark\" ><div class=\"uncoltable\"><div class=\"uncell  boomapps_vccolumn no-block-padding\" ><div class=\"uncont\" ><div id=\"index-998870284\" class=\"isotope-system isotope-general-dark grid-general-dark\" >\n\t\t\t\n\t\t\t\t\t\t\t\t\t\t\t\t\t\t<div class=\"isotope-wrapper grid-wrapper half-gutter\" >\t\t\t\t\t\t\t\t\t\t\t\t<div class=\"isotope-container grid-container isotope-layout style-masonry isotope-pagination grid-pagination\" data-type=\"masonry\" data-layout=\"masonry\" data-lg=\"1000\" data-md=\"600\" data-sm=\"480\" data-vp-height=\"\">\t\t\t<div class=\"tmb atc-typography-inherit tmb-iso-w6 tmb-iso-h4 tmb-round img-round-lg tmb-dark tmb-overlay-text-anim tmb-overlay-anim tmb-content-center tmb-image-anim  grid-cat-1472 tmb-id-70732 tmb-img-ratio tmb-content-under tmb-media-first\" ><div class=\"t-inside style-color-prif-bg no-anim\" ><div class=\"t-entry-visual\"><div class=\"t-entry-visual-tc\"><div class=\"t-entry-visual-cont\"><div class=\"dummy\" style=\"padding-top: 75%;\"><\/div><a role=\"button\" tabindex=\"-1\" href=\"https:\/\/royalcasinocompany.nl\/fr\/great-gatsby-casino-night\/\" class=\"pushed\" aria-label=\"Location d&#039;une enseigne de casino avec rideau d&#039;entr\u00e9e\"  target=\"_self\" data-lb-index=\"0\"><div class=\"t-entry-visual-overlay\"><div class=\"t-entry-visual-overlay-in style-light-bg\" style=\"opacity: 0.01;\"><\/div><\/div><img decoding=\"async\" class=\"wp-image-69165\" src=\"https:\/\/royalcasinocompany.nl\/wp-content\/uploads\/2024\/05\/Royalcasino1-161-scaled-uai-2276x1707.jpg\" width=\"2276\" height=\"1707\" alt=\"Casino sign met entree gordijn huren\" title=\"\"><\/a><\/div>\n\t\t\t\t\t<\/div>\n\t\t\t\t<\/div><div class=\"t-entry-text\">\n\t\t\t\t\t\t\t\t\t<div class=\"t-entry-text-tc single-block-padding\"><div class=\"t-entry\"><h3 class=\"t-entry-title h6 title-scale\"><a href=\"https:\/\/royalcasinocompany.nl\/fr\/great-gatsby-casino-night\/\" target=\"_self\">Soir\u00e9e casino \"Great Gatsby\" - Vivez les ann\u00e9es folles avec style<\/a><\/h3><p class=\"t-entry-readmore btn-container\"><a href=\"https:\/\/royalcasinocompany.nl\/fr\/great-gatsby-casino-night\/\" class=\"btn btn-default btn-outline btn-round btn-flat\" target=\"_self\">Plus d'informations et prix<\/a><\/p><\/div><\/div>\n\t\t\t\t\t\t\t<\/div><\/div><\/div>\t\t<\/div>\t\n\t\n\n\t<\/div>\t\t\t\t<\/div>\n<\/div><\/div><\/div><\/div><\/div><\/div><\/div><\/div><\/div><\/div><\/div><\/div><\/div><script id=\"script-row-unique-2\" data-row=\"script-row-unique-2\" type=\"text\/javascript\" class=\"vc_controls\">UNCODE.initRow(document.getElementById(\"row-unique-2\"));<\/script><\/div><\/div><\/div>\n<\/div>","protected":false},"excerpt":{"rendered":"Great Gatsby Casino Night \u2013 Beleef de Roaring Twenties in stijl Stap in de wereld van Art Deco, jazz en [...]","protected":false},"author":1,"featured_media":67073,"parent":0,"menu_order":0,"comment_status":"closed","ping_status":"closed","template":"","meta":{"footnotes":""},"class_list":["post-70815","page","type-page","status-publish","has-post-thumbnail","hentry"],"_links":{"self":[{"href":"https:\/\/royalcasinocompany.nl\/fr\/wp-json\/wp\/v2\/pages\/70815","targetHints":{"allow":["GET"]}}],"collection":[{"href":"https:\/\/royalcasinocompany.nl\/fr\/wp-json\/wp\/v2\/pages"}],"about":[{"href":"https:\/\/royalcasinocompany.nl\/fr\/wp-json\/wp\/v2\/types\/page"}],"author":[{"embeddable":true,"href":"https:\/\/royalcasinocompany.nl\/fr\/wp-json\/wp\/v2\/users\/1"}],"replies":[{"embeddable":true,"href":"https:\/\/royalcasinocompany.nl\/fr\/wp-json\/wp\/v2\/comments?post=70815"}],"version-history":[{"count":12,"href":"https:\/\/royalcasinocompany.nl\/fr\/wp-json\/wp\/v2\/pages\/70815\/revisions"}],"predecessor-version":[{"id":70833,"href":"https:\/\/royalcasinocompany.nl\/fr\/wp-json\/wp\/v2\/pages\/70815\/revisions\/70833"}],"wp:featuredmedia":[{"embeddable":true,"href":"https:\/\/royalcasinocompany.nl\/fr\/wp-json\/wp\/v2\/media\/67073"}],"wp:attachment":[{"href":"https:\/\/royalcasinocompany.nl\/fr\/wp-json\/wp\/v2\/media?parent=70815"}],"curies":[{"name":"wp","href":"https:\/\/api.w.org\/{rel}","templated":true}]}}