{"id":71067,"date":"2025-10-29T10:41:00","date_gmt":"2025-10-29T09:41:00","guid":{"rendered":"https:\/\/royalcasinocompany.nl\/?page_id=71067"},"modified":"2026-01-15T23:11:15","modified_gmt":"2026-01-15T22:11:15","slug":"jouw-rol-als-croupier","status":"publish","type":"page","link":"https:\/\/royalcasinocompany.nl\/fr\/personeel\/jouw-rol-als-croupier\/","title":{"rendered":"Votre r\u00f4le de croupier"},"content":{"rendered":"<div class=\"wpb-content-wrapper\"><div data-parent=\"true\" class=\"vc_row row-container boomapps_vcrow\" id=\"row-unique-0\"><div class=\"row limit-width row-parent\"><div class=\"wpb_row row-inner\"><div class=\"wpb_column pos-top pos-center align_left column_parent col-lg-12 boomapps_vccolumn single-internal-gutter\"><div class=\"uncol style-dark\"  ><div class=\"uncoltable\"><div class=\"uncell  boomapps_vccolumn no-block-padding\" ><div class=\"uncont\" ><div class=\"vc_row row-internal row-container boomapps_vcrow\"><div class=\"row row-child\"><div class=\"wpb_row row-inner\"><div class=\"wpb_column pos-top pos-center align_left column_child col-lg-12 boomapps_vccolumn single-internal-gutter\"><div class=\"uncol style-dark\" ><div class=\"uncoltable\"><div class=\"uncell  boomapps_vccolumn no-block-padding\" ><div class=\"uncont\" ><div class=\"vc_custom_heading_wrap\"><div class=\"heading-text el-text\" ><\/p>\n<h1>\ud83c\udfb0 Votre r\u00f4le en tant que croupier<\/h1>\n<p>\n<hr class=\"separator-break separator-accent\" \/><\/div><div class=\"clear\"><\/div><\/div><div class=\"empty-space empty-single\" ><span class=\"empty-space-inner\"><\/span><\/div>\n<div class=\"uncode_text_column\" ><p>En tant que <strong>croupier au Royal Casino Company<\/strong> c'est vous <strong>visage de notre entreprise<\/strong>.<br \/>\nVous veillez \u00e0 ce que les clients vivent une exp\u00e9rience inoubliable dans les casinos, en faisant preuve de professionnalisme, d'enthousiasme et d'efficacit\u00e9.<br \/>\nLe sourire de chaque invit\u00e9 commence par votre engagement, votre apparence et votre professionnalisme.<\/p>\n<p>-<\/p>\n<h3>\ud83c\udf1f Ce que nous attendons de vous<\/h3>\n<p>Un bon croupier est plus qu'une personne qui accompagne un jeu.<br \/>\nVous \u00eates \u00e0 la fois h\u00f4te ou h\u00f4tesse, animateur ou animatrice, organisateur ou organisatrice et coll\u00e8gue.<br \/>\nQue vous travailliez dans l'entrep\u00f4t, sur la route ou sur le terrain : vous travaillez <strong>soign\u00e9, attentif et fier<\/strong>.<\/p>\n<ul>\n<li>\u2705 Vous aidez vos coll\u00e8gues et travaillez en \u00e9quipe.<\/li>\n<li>\u2705 Vous pensez \u00e0 l'avance et prenez des initiatives m\u00eame sans que personne ne vous le dise.<\/li>\n<li>\u2705 Vous \u00eates responsable de votre mat\u00e9riel et de votre lieu de travail.<\/li>\n<li>\u2705 Vous restez toujours et partout professionnel, aimable et pr\u00e9sentable.<\/li>\n<\/ul>\n<p>-<\/p>\n<h3>\ud83e\udded Vos fonctions<\/h3>\n<p>Chaque mission se compose de diff\u00e9rentes phases dans lesquelles vous jouez un r\u00f4le important :<\/p>\n<ul>\n<li>\ud83c\udfb2 <strong>Collecte et chargement des mat\u00e9riaux :<\/strong> s'assurer que tout est complet, propre et bien emball\u00e9 pour aller dans le bus.<\/li>\n<li>\ud83e\udea9 <strong>Construire et construire :<\/strong> Participer activement \u00e0 la mise en place des tables, des d\u00e9corations et de l'\u00e9clairage. Travaillez avec soin pour que tout soit propre et s\u00fbr.<\/li>\n<li>\ud83d\ude90 <strong>Chargement et d\u00e9chargement des bus :<\/strong> Le chargement doit toujours \u00eatre organis\u00e9 et contr\u00f4l\u00e9. Les dommages ou la n\u00e9gligence ne sont pas professionnels.<\/li>\n<li>\ud83c\udfed <strong>Retourner :<\/strong> s'assurer que tout est retourn\u00e9 \u00e0 l'entrep\u00f4t propre, complet et au bon endroit apr\u00e8s l'ach\u00e8vement des travaux.<\/li>\n<\/ul>\n<p>Lors de chaque mission, une personne a \u00e9t\u00e9 d\u00e9sign\u00e9e comme <strong>ex\u00e9cutif (LG)<\/strong>. \u00c9couter ses instructions et travailler en \u00e9quipe.<br \/>\nUne bonne \u00e9quipe est une \u00e9quipe dans laquelle chacun r\u00e9fl\u00e9chit, aide et prend des responsabilit\u00e9s.<\/p>\n<p>-<\/p>\n<h3>\ud83e\udde0 Connaissance du jeu et professionnalisme<\/h3>\n<p>Un croupier professionnel conna\u00eet les r\u00e8gles, per\u00e7oit l'atmosph\u00e8re et sait comment mettre les invit\u00e9s \u00e0 l'aise.<br \/>\nC'est pourquoi il est important que vous connaissiez les r\u00e8gles de nos jeux de casino <strong>m\u00e9moris\u00e9<\/strong> et peut les expliquer avec enthousiasme.<\/p>\n<p>Utilisez les connaissances acquises lors de votre formation, exercez-vous \u00e0 la maison, regardez des vid\u00e9os et continuez \u00e0 apprendre.<br \/>\nPlus vous ma\u00eetrisez le jeu, plus votre travail devient amusant et facile et plus vous rayonnez de confiance \u00e0 la table.<\/p>\n<ul>\n<li>\ud83c\udfaf Expliquer calmement et clairement les jeux aux invit\u00e9s.<\/li>\n<li>\ud83c\udccf Cr\u00e9ez une atmosph\u00e8re d\u00e9tendue et chaleureuse \u00e0 table.<\/li>\n<li>\ud83d\udcac Soyez vigilant, professionnel et patient, m\u00eame lorsque vous \u00eates occup\u00e9.<\/li>\n<li>\ud83c\udfc6 Restez pr\u00e9sentable et veillez \u00e0 ce que votre tenue, votre attitude et votre communication soient irr\u00e9prochables.<\/li>\n<\/ul>\n<p>-<\/p>\n<h3>\ud83d\udcbc Responsabilit\u00e9 et r\u00e9mun\u00e9ration<\/h3>\n<p>Ceux qui travaillent de mani\u00e8re professionnelle re\u00e7oivent quelque chose en retour.<br \/>\nLe bon travail est r\u00e9compens\u00e9 par un bon salaire, une appr\u00e9ciation et une atmosph\u00e8re de travail agr\u00e9able.<br \/>\nUn travail b\u00e2cl\u00e9, des dommages ou des mat\u00e9riaux oubli\u00e9s affectent la confiance et peuvent conduire \u00e0 la r\u00e9tention d'heures ou \u00e0 l'impossibilit\u00e9 d'\u00eatre programm\u00e9 pour des missions ult\u00e9rieures.<\/p>\n<p><strong>Rappelez-vous :<\/strong> chaque mission est une occasion de montrer votre valeur.<br \/>\nSoyez toujours \u00e0 l'heure, pr\u00e9parez-vous et r\u00e9fl\u00e9chissez.<br \/>\nAinsi, vous \u00e9voluez plus rapidement, vous obtenez plus de responsabilit\u00e9s et vous \u00eates d\u00e9ploy\u00e9 lors des meilleurs \u00e9v\u00e9nements.<\/p>\n<p>-<\/p>\n<h3>\ud83e\udd1d Vous faites la diff\u00e9rence<\/h3>\n<p>Chez Royal Casino Company, tout est question de <strong>qualit\u00e9, exp\u00e9rience et travail d'\u00e9quipe<\/strong>. Nous comptons sur vous pour prendre la responsabilit\u00e9 de faire de chaque \u00e9v\u00e9nement un succ\u00e8s.<br \/>\nFaites preuve d'initiative, rayonnez de plaisir et soyez fiers de ce que nous construisons ensemble.<\/p>\n<p>-<\/p>\n<p><strong>En bref :<\/strong><br \/>\nTravaillez proprement, faites preuve d'engagement et de professionnalisme, et vous ferez partie de l'\u00e9quipe d'experts. <strong>meilleure \u00e9quipe de casino aux Pays-Bas<\/strong>. \ud83c\udfa9\u2728<\/p>\n<\/div><div class=\"divider-wrapper\"  >\n    <hr class=\"separator-no-padding\"  \/>\n<\/div>\n<\/div><\/div><\/div><\/div><\/div><\/div><\/div><\/div><\/div><\/div><\/div><\/div><\/div><script id=\"script-row-unique-0\" data-row=\"script-row-unique-0\" type=\"text\/javascript\" class=\"vc_controls\">UNCODE.initRow(document.getElementById(\"row-unique-0\"));<\/script><\/div><\/div><\/div>\n<\/div>","protected":false},"excerpt":{"rendered":"\ud83c\udfb0 Jouw rol als Croupier Als croupier bij Royal Casino Company ben jij het gezicht van ons bedrijf. Jij zorgt [...]","protected":false},"author":1,"featured_media":68479,"parent":71016,"menu_order":0,"comment_status":"closed","ping_status":"closed","template":"","meta":{"footnotes":""},"class_list":["post-71067","page","type-page","status-publish","has-post-thumbnail","hentry","page_category-personeel-portaal"],"_links":{"self":[{"href":"https:\/\/royalcasinocompany.nl\/fr\/wp-json\/wp\/v2\/pages\/71067","targetHints":{"allow":["GET"]}}],"collection":[{"href":"https:\/\/royalcasinocompany.nl\/fr\/wp-json\/wp\/v2\/pages"}],"about":[{"href":"https:\/\/royalcasinocompany.nl\/fr\/wp-json\/wp\/v2\/types\/page"}],"author":[{"embeddable":true,"href":"https:\/\/royalcasinocompany.nl\/fr\/wp-json\/wp\/v2\/users\/1"}],"replies":[{"embeddable":true,"href":"https:\/\/royalcasinocompany.nl\/fr\/wp-json\/wp\/v2\/comments?post=71067"}],"version-history":[{"count":8,"href":"https:\/\/royalcasinocompany.nl\/fr\/wp-json\/wp\/v2\/pages\/71067\/revisions"}],"predecessor-version":[{"id":71938,"href":"https:\/\/royalcasinocompany.nl\/fr\/wp-json\/wp\/v2\/pages\/71067\/revisions\/71938"}],"up":[{"embeddable":true,"href":"https:\/\/royalcasinocompany.nl\/fr\/wp-json\/wp\/v2\/pages\/71016"}],"wp:featuredmedia":[{"embeddable":true,"href":"https:\/\/royalcasinocompany.nl\/fr\/wp-json\/wp\/v2\/media\/68479"}],"wp:attachment":[{"href":"https:\/\/royalcasinocompany.nl\/fr\/wp-json\/wp\/v2\/media?parent=71067"}],"curies":[{"name":"wp","href":"https:\/\/api.w.org\/{rel}","templated":true}]}}