{"id":71076,"date":"2025-10-29T13:22:19","date_gmt":"2025-10-29T12:22:19","guid":{"rendered":"https:\/\/royalcasinocompany.nl\/?page_id=71076"},"modified":"2026-01-15T22:42:21","modified_gmt":"2026-01-15T21:42:21","slug":"dit-verwachten-wij-van-jou","status":"publish","type":"page","link":"https:\/\/royalcasinocompany.nl\/fr\/personeel\/dit-verwachten-wij-van-jou\/","title":{"rendered":"Voici ce que nous attendons de vous"},"content":{"rendered":"<div class=\"wpb-content-wrapper\"><div data-parent=\"true\" class=\"vc_row row-container boomapps_vcrow\" id=\"row-unique-0\"><div class=\"row limit-width row-parent\"><div class=\"wpb_row row-inner\"><div class=\"wpb_column pos-top pos-left align_left column_parent col-lg-12 boomapps_vccolumn single-internal-gutter\"><div class=\"uncol style-dark\"  ><div class=\"uncoltable\"><div class=\"uncell  boomapps_vccolumn no-block-padding\" ><div class=\"uncont\" ><div class=\"vc_row row-internal row-container boomapps_vcrow\"><div class=\"row row-child\"><div class=\"wpb_row row-inner\"><div class=\"wpb_column pos-top pos-center align_left column_child col-lg-12 boomapps_vccolumn single-internal-gutter\"><div class=\"uncol style-dark\" ><div class=\"uncoltable\"><div class=\"uncell  boomapps_vccolumn no-block-padding\" ><div class=\"uncont\" ><div class=\"vc_custom_heading_wrap\"><div class=\"heading-text el-text\" ><\/p>\n<h1>C'est ce que nous attendons de vous :<\/h1>\n<p>\n<hr class=\"separator-break separator-accent\" \/><\/div><div class=\"clear\"><\/div><\/div><div class=\"empty-space empty-single\" ><span class=\"empty-space-inner\"><\/span><\/div>\n<div class=\"uncode_text_column\" ><\/p>\n<div class=\"rcc-portal\">\n<h2>Travailler comme croupier<\/h2>\n<p>Travailler comme croupier \u00e0 <strong>Royal Casino Company<\/strong> n'est pas un emploi standard.<br \/>\nVous \u00eates le visage de notre entreprise et vous veillez \u00e0 ce que les invit\u00e9s vivent une soir\u00e9e professionnelle et inoubliable.<br \/>\nCela n\u00e9cessite de l'engagement, de la responsabilit\u00e9, de l'empathie, de l'envie d'apprendre et de l'enthousiasme.<\/p>\n<p>Nos missions se d\u00e9roulent souvent le soir et le week-end.<br \/>\nLors d'un \u00e9v\u00e9nement, vous \u00eates le patron \u00e0 la table de casino : vous d\u00e9terminez l'atmosph\u00e8re et l'exp\u00e9rience des invit\u00e9s.<\/p>\n<p>-<\/p>\n<div class=\"rcc-grid\">\n<div class=\"rcc-card\">\n<h3><span class=\"rcc-emoji\">\ud83d\udcaa<\/span>Effort<\/h3>\n<p>Nous attendons de vous un engagement total. Vous \u00eates un ambassadeur de la Royal Casino Company et vous faites en sorte que les clients se sentent les bienvenus, qu'ils s'amusent et qu'on s'occupe bien d'eux. Vous \u00eates poli(e), enthousiaste et orient\u00e9(e) vers le service, tant pour les clients que pour vos coll\u00e8gues.<\/p>\n<p>-<\/p>\n<\/div>\n<div class=\"rcc-card\">\n<h3><span class=\"rcc-emoji\">\ud83e\udded<\/span>Responsabilit\u00e9<\/h3>\n<p>Chaque employ\u00e9 est responsable du d\u00e9but \u00e0 la fin.<br \/>\nVous devez signaler votre disponibilit\u00e9 en temps utile, aider \u00e0 l'installation et au nettoyage, divertir les invit\u00e9s et enregistrer correctement vos heures de travail.<br \/>\nNous travaillons avec des personnes ind\u00e9pendantes qui sont fi\u00e8res de ce qu'elles font.<br \/>\nVous n'aimez pas cela ou cela ne vous convient pas ? Alors ce travail n'est probablement pas ce que vous recherchez.<\/p>\n<p>-<\/p>\n<\/div>\n<div class=\"rcc-card\">\n<h3><span class=\"rcc-emoji\">\ud83e\udd1d<\/span>Empathie<\/h3>\n<p>Chaque situation est diff\u00e9rente. Parfois, il faut agir rapidement, rester professionnel et r\u00e9pondre de mani\u00e8re soign\u00e9e.<br \/>\nQu'il s'agisse d'un invit\u00e9 g\u00eanant ou d'une erreur \u00e0 r\u00e9soudre, vous vous assurez que tout se passe bien et de mani\u00e8re conviviale.<br \/>\nC'est ainsi que l'atmosph\u00e8re reste positive pour tout le monde.<\/p>\n<p>-<\/p>\n<\/div>\n<div class=\"rcc-card\">\n<h3><span class=\"rcc-emoji\">\ud83e\udde0<\/span>Curiosit\u00e9<\/h3>\n<p>Au d\u00e9but, vous recevrez beaucoup d'informations nouvelles. Nous attendons de vous que vous fassiez preuve d'initiative et que vous appreniez activement.<br \/>\nApprenez le fonctionnement de nos jeux et entra\u00eenez-vous \u00e0 la maison pour pouvoir les expliquer et les guider parfaitement.<\/p>\n<p><strong>Nos jeux de casino sont :<\/strong><br \/>\nRoulette, Blackjack, Poker, Roue d'argent, Chuck \u00e1 Luck, Bonus Poker, Roulette fran\u00e7aise et Craps.<\/p>\n<p>Vous apprendrez \u00e9galement \u00e0 monter et d\u00e9monter les d\u00e9corations, \u00e0 utiliser les machines \u00e0 sous et \u00e0 pr\u00e9senter le tout de mani\u00e8re professionnelle.<\/p>\n<p>-<\/p>\n<\/div>\n<div class=\"rcc-card\">\n<h3><span class=\"rcc-emoji\">\u2b50<\/span>Enthousiasme<\/h3>\n<p>Votre \u00e9nergie et votre charisme cr\u00e9ent l'ambiance au sein de l'\u00e9quipe, sur le terrain et \u00e0 la table du casino.<br \/>\nLes clients nous engagent parce que nous travaillons avec des croupiers enthousiastes, pr\u00e9sentables et sociables.<br \/>\nPlus vous vous amuserez, plus les invit\u00e9s s'amuseront et plus vous serez appr\u00e9ci\u00e9.<\/p>\n<\/div>\n<\/div>\n<\/div>\n<p>\n<\/div><div class=\"divider-wrapper\"  >\n    <hr class=\"border-accent-color separator-no-padding\"  \/>\n<\/div>\n<\/div><\/div><\/div><\/div><\/div><\/div><\/div><\/div><\/div><\/div><\/div><\/div><\/div><script id=\"script-row-unique-0\" data-row=\"script-row-unique-0\" type=\"text\/javascript\" class=\"vc_controls\">UNCODE.initRow(document.getElementById(\"row-unique-0\"));<\/script><\/div><\/div><\/div>\n<\/div>","protected":false},"excerpt":{"rendered":"Dit verwachten wij van jou: Werken als croupier Werken als croupier bij Royal Casino Company is geen standaard baan. Je [...]","protected":false},"author":1,"featured_media":70251,"parent":71016,"menu_order":0,"comment_status":"closed","ping_status":"closed","template":"","meta":{"footnotes":""},"class_list":["post-71076","page","type-page","status-publish","has-post-thumbnail","hentry","page_category-personeel-portaal"],"_links":{"self":[{"href":"https:\/\/royalcasinocompany.nl\/fr\/wp-json\/wp\/v2\/pages\/71076","targetHints":{"allow":["GET"]}}],"collection":[{"href":"https:\/\/royalcasinocompany.nl\/fr\/wp-json\/wp\/v2\/pages"}],"about":[{"href":"https:\/\/royalcasinocompany.nl\/fr\/wp-json\/wp\/v2\/types\/page"}],"author":[{"embeddable":true,"href":"https:\/\/royalcasinocompany.nl\/fr\/wp-json\/wp\/v2\/users\/1"}],"replies":[{"embeddable":true,"href":"https:\/\/royalcasinocompany.nl\/fr\/wp-json\/wp\/v2\/comments?post=71076"}],"version-history":[{"count":20,"href":"https:\/\/royalcasinocompany.nl\/fr\/wp-json\/wp\/v2\/pages\/71076\/revisions"}],"predecessor-version":[{"id":71920,"href":"https:\/\/royalcasinocompany.nl\/fr\/wp-json\/wp\/v2\/pages\/71076\/revisions\/71920"}],"up":[{"embeddable":true,"href":"https:\/\/royalcasinocompany.nl\/fr\/wp-json\/wp\/v2\/pages\/71016"}],"wp:featuredmedia":[{"embeddable":true,"href":"https:\/\/royalcasinocompany.nl\/fr\/wp-json\/wp\/v2\/media\/70251"}],"wp:attachment":[{"href":"https:\/\/royalcasinocompany.nl\/fr\/wp-json\/wp\/v2\/media?parent=71076"}],"curies":[{"name":"wp","href":"https:\/\/api.w.org\/{rel}","templated":true}]}}