{"id":71079,"date":"2025-10-29T13:25:07","date_gmt":"2025-10-29T12:25:07","guid":{"rendered":"https:\/\/royalcasinocompany.nl\/?page_id=71079"},"modified":"2026-01-16T11:02:39","modified_gmt":"2026-01-16T10:02:39","slug":"uiterlijke-verzorging","status":"publish","type":"page","link":"https:\/\/royalcasinocompany.nl\/fr\/personeel\/uiterlijke-verzorging\/","title":{"rendered":"Soins ext\u00e9rieurs"},"content":{"rendered":"<div class=\"wpb-content-wrapper\"><div data-parent=\"true\" class=\"vc_row row-container boomapps_vcrow\" id=\"row-unique-0\"><div class=\"row limit-width row-parent\"><div class=\"wpb_row row-inner\"><div class=\"wpb_column pos-top pos-center align_left column_parent col-lg-12 boomapps_vccolumn single-internal-gutter\"><div class=\"uncol style-dark\"  ><div class=\"uncoltable\"><div class=\"uncell  boomapps_vccolumn no-block-padding\" ><div class=\"uncont\" ><div class=\"vc_row row-internal row-container boomapps_vcrow\"><div class=\"row row-child\"><div class=\"wpb_row row-inner\"><div class=\"wpb_column pos-top pos-center align_left column_child col-lg-12 boomapps_vccolumn single-internal-gutter\"><div class=\"uncol style-dark\" ><div class=\"uncoltable\"><div class=\"uncell  boomapps_vccolumn no-block-padding\" ><div class=\"uncont\" ><div class=\"vc_custom_heading_wrap\"><div class=\"heading-text el-text\" ><\/p>\n<h1>\ud83d\udc8e Soins physiques<\/h1>\n<p>\n<hr class=\"separator-break separator-accent\" \/><\/div><div class=\"clear\"><\/div><\/div><div class=\"empty-space empty-single\" ><span class=\"empty-space-inner\"><\/span><\/div>\n<div class=\"uncode_text_column\" ><p>Une apparence soign\u00e9e et pr\u00e9sentable est l'un des aspects les plus importants de votre r\u00f4le en tant que croupier au sein de l'Union europ\u00e9enne. <strong>Royal Casino Company<\/strong>.<br \/>\nLa premi\u00e8re impression du client d\u00e9termine le d\u00e9but de l'\u00e9v\u00e9nement et vous ne l'aurez qu'une seule fois. Veillez donc \u00e0 ce que cette impression soit professionnelle, soign\u00e9e et positive.<\/p>\n<p>Lorsque vous arrivez sur le chantier, vous \u00eates souvent la premi\u00e8re personne \u00e0 rencontrer le client. \u00c0 ce moment-l\u00e0, vous repr\u00e9sentez non seulement vous-m\u00eame, mais aussi toute l'entreprise.<br \/>\nLe client doit imm\u00e9diatement voir que nous repr\u00e9sentons <strong>qualit\u00e9, style et professionnalisme<\/strong>. Une apparence soign\u00e9e inspire confiance, rayonne de fiert\u00e9 et fait la diff\u00e9rence entre une soir\u00e9e ordinaire et une exp\u00e9rience inoubliable.<\/p>\n<p>-<\/p>\n<h3>\ud83e\uddcd\u200d\u2642\ufe0f Soins personnels<\/h3>\n<p>Vous n'\u00eates pas oblig\u00e9 de venir dans votre tenue de casino soign\u00e9e lors de la mise en place, mais vous entendez <strong>soign\u00e9 et pr\u00e9sentable<\/strong> pour la journ\u00e9e.<br \/>\nFaites attention aux points suivants pour toujours para\u00eetre soign\u00e9 et professionnel :<\/p>\n<ul>\n<li>\ud83c\udf38 <strong>Parfum frais pour le corps :<\/strong> Utilisez quotidiennement un d\u00e9odorant et un parfum subtil. N'en faites pas trop avec le parfum ou l'apr\u00e8s-rasage.<\/li>\n<li>\ud83e\uddb7 <strong>Des dents propres et une haleine fra\u00eeche :<\/strong> brossez-vous les dents avant de partir et prenez un bonbon \u00e0 la menthe si n\u00e9cessaire.<\/li>\n<li>\ud83d\udc87\u200d\u2642\ufe0f <strong>Coupe de cheveux soign\u00e9e :<\/strong> Utilisez de la cire, du gel ou de la laque pour mettre vos cheveux en forme. Ne vous pr\u00e9sentez jamais avec des cheveux d\u00e9faits ou gras.<\/li>\n<li>\ud83e\uddd4 <strong>Barbe :<\/strong> Gardez toujours votre barbe bien taill\u00e9e et entretenue. Pas de barbe sans forme ni toilettage.<\/li>\n<li>\ud83d\udc85 <strong>Les ongles :<\/strong> courtes, propres et soign\u00e9es. Lavez-vous toujours les mains apr\u00e8s avoir construit un b\u00e2timent.<\/li>\n<li>\ud83e\uddf4 <strong>La peau :<\/strong> Veillez \u00e0 ce que votre visage soit propre, sans peau grasse ni aspect n\u00e9glig\u00e9.<\/li>\n<li>\ud83e\uddfc <strong>Hygi\u00e8ne g\u00e9n\u00e9rale :<\/strong> veillez \u00e0 ce que vos v\u00eatements, vos mains et votre visage soient toujours frais et propres. Une douche avant le d\u00e9part est une \u00e9vidence.<\/li>\n<\/ul>\n<p>Une apparence fra\u00eeche et soign\u00e9e montre que vous \u00eates fier de votre travail et que vous respectez \u00e0 la fois le client et vos coll\u00e8gues.<br \/>\nVous respirez le professionnalisme et prenez votre r\u00f4le au s\u00e9rieux.<\/p>\n<p>-<\/p>\n<h3>\ud83d\udc54 V\u00eatements et pr\u00e9sentation<\/h3>\n<p>Pendant la p\u00e9riode de pr\u00e9paration, vous pouvez porter une tenue d\u00e9contract\u00e9e, \u00e0 condition qu'elle soit <strong>propre, soign\u00e9 et pr\u00e9sentable<\/strong> est.<br \/>\nAu cours de l'\u00e9v\u00e9nement, les repr\u00e9sentants officiels de la <strong><a href=\"#\">code vestimentaire<\/a><\/strong> et <strong>code vestimentaire<\/strong>, Mais il est \u00e9galement important de soigner les choses en dehors de ces moments.<\/p>\n<h4>\ud83d\udeab Interdit (y compris pendant la construction) :<\/h4>\n<ul>\n<li>\u274c Chaussures \u00e9rafl\u00e9es ou sales<\/li>\n<li>\u274c Pantalon trou\u00e9 ou d\u00e9chir\u00e9<\/li>\n<li>\u274c Pantoufles ou sandales<\/li>\n<li>\u274c Short<\/li>\n<li>\u274c Pantalon d'entra\u00eenement ou de surv\u00eatement<\/li>\n<\/ul>\n<p>Assurez-vous que vos v\u00eatements <strong>propre, repass\u00e9 et complet<\/strong> est. Une apparence soign\u00e9e fait partie de l'exp\u00e9rience que nous offrons \u00e0 nos clients.<br \/>\nLes invit\u00e9s vous consid\u00e8rent comme un \u00e9l\u00e9ment du spectacle et votre apparence contribue \u00e0 d\u00e9terminer l'atmosph\u00e8re et l'aspect de l'ensemble de l'\u00e9v\u00e9nement.<\/p>\n<p>-<\/p>\n<h3>\ud83c\udf1f Attitude et apparence<\/h3>\n<p>Les soins externes ne se limitent pas aux v\u00eatements ou \u00e0 la coiffure. Votre posture, votre \u00e9nergie et l'expression de votre visage font \u00e9galement partie de l'exp\u00e9rience.<br \/>\nUn sourire amical, une position droite et une attitude ouverte font toute la diff\u00e9rence.<\/p>\n<ul>\n<li>\ud83d\ude0a Souriez et \u00e9tablissez un contact visuel avec les clients.<\/li>\n<li>\ud83d\udde3\ufe0f Parler clairement et avec enthousiasme.<\/li>\n<li>\ud83d\udcac Soyez poli, calme et professionnel dans toute conversation.<\/li>\n<li>\ud83e\uddcd\u200d\u2640\ufe0f Tenez-vous droit, ne vous appuyez pas contre les tables ou les murs et gardez vos mains bien rang\u00e9es.<\/li>\n<\/ul>\n<p>-<\/p>\n<h3>\ud83c\udfc1 En conclusion<\/h3>\n<p>Vous travaillez dans le <strong>industrie du divertissement<\/strong> tout est question d'exp\u00e9rience, de charisme et d'\u00e9nergie. Un croupier soign\u00e9 rayonne <strong>classe, paix et confiance<\/strong> de.<br \/>\nC'est exactement ce que nos clients appr\u00e9cient et la raison pour laquelle ils choisissent <strong>Royal Casino Company<\/strong> choisir.<\/p>\n<p>-<\/p>\n<p><strong>Rappelez-vous :<\/strong> votre apparence est notre premi\u00e8re impression.<br \/>\nSoyez fier, respirez le professionnalisme et montrez que vous faites partie de la meilleure \u00e9quipe de casino des Pays-Bas. \u2728<\/p>\n<\/div><div class=\"divider-wrapper\"  >\n    <hr class=\"border-accent-color separator-no-padding\"  \/>\n<\/div>\n<\/div><\/div><\/div><\/div><\/div><\/div><\/div><\/div><\/div><\/div><\/div><\/div><\/div><script id=\"script-row-unique-0\" data-row=\"script-row-unique-0\" type=\"text\/javascript\" class=\"vc_controls\">UNCODE.initRow(document.getElementById(\"row-unique-0\"));<\/script><\/div><\/div><\/div>\n<\/div>","protected":false},"excerpt":{"rendered":"\ud83d\udc8e Uiterlijke verzorging Een verzorgde en representatieve uitstraling is \u00e9\u00e9n van de belangrijkste onderdelen van jouw rol als croupier bij [...]","protected":false},"author":1,"featured_media":69137,"parent":71016,"menu_order":0,"comment_status":"closed","ping_status":"closed","template":"","meta":{"footnotes":""},"class_list":["post-71079","page","type-page","status-publish","has-post-thumbnail","hentry","page_category-personeel-portaal"],"_links":{"self":[{"href":"https:\/\/royalcasinocompany.nl\/fr\/wp-json\/wp\/v2\/pages\/71079","targetHints":{"allow":["GET"]}}],"collection":[{"href":"https:\/\/royalcasinocompany.nl\/fr\/wp-json\/wp\/v2\/pages"}],"about":[{"href":"https:\/\/royalcasinocompany.nl\/fr\/wp-json\/wp\/v2\/types\/page"}],"author":[{"embeddable":true,"href":"https:\/\/royalcasinocompany.nl\/fr\/wp-json\/wp\/v2\/users\/1"}],"replies":[{"embeddable":true,"href":"https:\/\/royalcasinocompany.nl\/fr\/wp-json\/wp\/v2\/comments?post=71079"}],"version-history":[{"count":8,"href":"https:\/\/royalcasinocompany.nl\/fr\/wp-json\/wp\/v2\/pages\/71079\/revisions"}],"predecessor-version":[{"id":71964,"href":"https:\/\/royalcasinocompany.nl\/fr\/wp-json\/wp\/v2\/pages\/71079\/revisions\/71964"}],"up":[{"embeddable":true,"href":"https:\/\/royalcasinocompany.nl\/fr\/wp-json\/wp\/v2\/pages\/71016"}],"wp:featuredmedia":[{"embeddable":true,"href":"https:\/\/royalcasinocompany.nl\/fr\/wp-json\/wp\/v2\/media\/69137"}],"wp:attachment":[{"href":"https:\/\/royalcasinocompany.nl\/fr\/wp-json\/wp\/v2\/media?parent=71079"}],"curies":[{"name":"wp","href":"https:\/\/api.w.org\/{rel}","templated":true}]}}