{"id":71082,"date":"2025-10-29T13:31:20","date_gmt":"2025-10-29T12:31:20","guid":{"rendered":"https:\/\/royalcasinocompany.nl\/?page_id=71082"},"modified":"2026-01-15T23:12:48","modified_gmt":"2026-01-15T22:12:48","slug":"kledingvoorschriften","status":"publish","type":"page","link":"https:\/\/royalcasinocompany.nl\/fr\/personeel\/kledingvoorschriften\/","title":{"rendered":"Code vestimentaire"},"content":{"rendered":"<div class=\"wpb-content-wrapper\"><div data-parent=\"true\" class=\"vc_row row-container boomapps_vcrow\" id=\"row-unique-0\"><div class=\"row limit-width row-parent\"><div class=\"wpb_row row-inner\"><div class=\"wpb_column pos-top pos-center align_left column_parent col-lg-12 boomapps_vccolumn single-internal-gutter\"><div class=\"uncol style-dark\"  ><div class=\"uncoltable\"><div class=\"uncell  boomapps_vccolumn no-block-padding\" ><div class=\"uncont\" ><div class=\"vc_row row-internal row-container boomapps_vcrow\"><div class=\"row row-child\"><div class=\"wpb_row row-inner\"><div class=\"wpb_column pos-top pos-center align_left column_child col-lg-12 boomapps_vccolumn single-internal-gutter\"><div class=\"uncol style-dark\" ><div class=\"uncoltable\"><div class=\"uncell  boomapps_vccolumn no-block-padding\" ><div class=\"uncont\" ><div class=\"vc_custom_heading_wrap\"><div class=\"heading-text el-text\" ><\/p>\n<h1>\ud83d\udc54 Code vestimentaire &amp; code vestimentaire<\/h1>\n<p>\n<hr class=\"separator-break separator-accent\" \/><\/div><div class=\"clear\"><\/div><\/div><div class=\"empty-space empty-single\" ><span class=\"empty-space-inner\"><\/span><\/div>\n<div class=\"uncode_text_column\" ><p>Votre apparence et votre tenue d\u00e9terminent en grande partie l'impression que vous laisserez \u00e0 nos clients.<br \/>\nAu\u00a0<strong>\u00c9v\u00e9nements Be Our Guest<\/strong> est synonyme de professionnalisme, de style et de qualit\u00e9, que l'on fait rayonner en portant les bons v\u00eatements et en prenant soin de sa personne.<\/p>\n<p>Nos v\u00eatements d'entreprise sont plus qu'une tenue : c'est une <strong>une partie de notre image de marque<\/strong>.<br \/>\nEn ayant une apparence soign\u00e9e, ordonn\u00e9e et uniforme, nous montrons que nous formons une seule et m\u00eame \u00e9quipe.<br \/>\nLes clients nous reconnaissent imm\u00e9diatement et ont confiance en notre professionnalisme.<\/p>\n<p>-<\/p>\n<h3>\ud83c\udfaf Pourquoi nous travaillons avec des v\u00eatements d'entreprise<\/h3>\n<p>Avec nos v\u00eatements d'entreprise, nous cr\u00e9ons de la reconnaissance, de l'unit\u00e9 et de la confiance ; ils garantissent que tout le monde est pr\u00e9sentable et contribuent \u00e0 la perception positive de nos clients. En outre, ils renforcent l'esprit d'\u00e9quipe : tout le monde est \u00e9gal, fait partie du m\u00eame ensemble et rayonne de la m\u00eame mani\u00e8re.<\/p>\n<p>De plus, vous n'avez pas \u00e0 r\u00e9fl\u00e9chir \u00e0 ce que vous portez, vous savez toujours ce que l'on attend de vous.<br \/>\nUne apparence soign\u00e9e et une tenue vestimentaire correcte font partie de la carte de visite de l'entreprise. <strong>\u00c9v\u00e9nements Be Our Guest<\/strong>.<\/p>\n<p>-<\/p>\n<h3>\ud83d\ude9a Lors du montage et du d\u00e9montage<\/h3>\n<p>Pendant le chargement, le montage et le d\u00e9montage, vous pouvez \u00eatre habill\u00e9 confortablement mais pr\u00e9sentable.<br \/>\nApr\u00e8s tout, vous \u00eates toujours le visage de l'entreprise, m\u00eame lorsque vous \u00eates occup\u00e9 \u00e0 des travaux pratiques.<\/p>\n<p><strong>A porter pendant le montage et le d\u00e9montage :<\/strong><\/p>\n<ul>\n<li>\ud83d\udc55 <strong>T-shirt \"Be Our Guest\" (Soyez notre invit\u00e9)<\/strong>\u00a0<em>(en pr\u00eat)<\/em><\/li>\n<li>\ud83c\udf92 <strong>Rangez votre \u00e9quipement dans notre sac de sport<\/strong> <em>(en pr\u00eat)<\/em><\/li>\n<li>\ud83e\udde5 <strong>Veste Be Our Guest<\/strong> <em>(en pr\u00eat)<\/em><\/li>\n<li>\ud83d\udc56 Un jean propre (sans trous ni d\u00e9chirures)<\/li>\n<li>\ud83d\udc5f Nettoyer les baskets repr\u00e9sentatives<\/li>\n<li>\ud83c\udf38 Odeur corporelle fra\u00eeche et apparence soign\u00e9e<\/li>\n<\/ul>\n<p>-<\/p>\n<h3>\ud83c\udfb2 Lors d'un \u00e9v\u00e9nement<\/h3>\n<p>Lorsque le casino commence, nous attendons de chacun qu'il se pr\u00e9sente en tenue de croupier repr\u00e9sentative.<br \/>\n\u00c0 ce moment-l\u00e0, vous \u00eates la carte de visite de <strong>Royal Casino Company<\/strong> Les clients doivent imm\u00e9diatement voir qu'ils ont affaire \u00e0 une \u00e9quipe de casino professionnelle.<\/p>\n<p><strong>\u00c0 porter pendant l'\u00e9v\u00e9nement :<\/strong><\/p>\n<ul>\n<li>\ud83d\udda4 Chaussures noires soign\u00e9es (pas de baskets)<\/li>\n<li>\ud83e\udde6 Chaussettes hautes noires<\/li>\n<li>\ud83d\udc56 Pantalon noir (pas de jeans ou de pantalons bleus)<\/li>\n<li>\ud83e\uddcd\u200d\u2642\ufe0f Ceinture noire<\/li>\n<li>\ud83e\udd0d Chemise blanche \u00e0 col montant (adapt\u00e9e \u00e0 la cravate)<\/li>\n<li>\ud83d\udc9b Cravate en or <em>(de Royal Casino Company)<\/em><\/li>\n<li>\ud83d\udda4 Gilet noir <em>(de Royal Casino Company)<\/em><\/li>\n<\/ul>\n<p>-<\/p>\n<h3>\ud83e\uddf3 V\u00eatements de la Royal Casino Company<\/h3>\n<p>Vous recevrez les articles suivants de notre part et devrez les utiliser avec pr\u00e9caution :<\/p>\n<ul>\n<li>\ud83d\udc9b Cravate en or<\/li>\n<li>\ud83d\udda4 Gilet noir<\/li>\n<li>\ud83e\udde5 Veste Be Our Guest<\/li>\n<li>\ud83d\udc55 Be Our Guest sweat \u00e0 capuche<\/li>\n<\/ul>\n<p>Vous prendrez ces articles dans l'entrep\u00f4t pour chaque travail et les ram\u00e8nerez apr\u00e8s l'ach\u00e8vement de celui-ci. <strong>soign\u00e9 et propre<\/strong> au bon endroit.<br \/>\nToute perte ou dommage doit \u00eatre signal\u00e9 imm\u00e9diatement dans l'application de votre groupe d'affectation.<\/p>\n<p>-<\/p>\n<h3>\ud83d\udcb6 D\u00e9p\u00f4t et pr\u00eat<\/h3>\n<p>Les \u00e9l\u00e9ments suivants sont en <strong>pr\u00eat<\/strong> et restent la propri\u00e9t\u00e9 de l'entreprise :<\/p>\n<ul>\n<li>\ud83d\udc55 <strong>T-shirts \"Be Our Guest<\/strong><\/li>\n<li>\ud83d\udc55<strong> Sweat \u00e0 capuche Be Our Guest<\/strong><\/li>\n<li>\ud83c\udf92 <strong>Sac Royal Casino<br \/>\n<\/strong><\/li>\n<li>\ud83e\udde5 <strong>Veste Be Our Guest<\/strong><\/li>\n<\/ul>\n<p>Pour cela, vous payez un <strong>D\u00e9p\u00f4t unique de 25 euros<\/strong>.<br \/>\nSi vous renvoyez ces articles dans le m\u00eame \u00e9tat, ils vous seront int\u00e9gralement rembours\u00e9s.<\/p>\n<p><strong>D\u00e9p\u00f4t transf\u00e9r\u00e9 \u00e0 :<\/strong><br \/>\nIBAN : <strong>NL93 RABO 0125 8363 84<\/strong><br \/>\nA l'attention de. <strong>Creative Entertainment Group B.V.<\/strong><br \/>\nO.v.v. <em>Ensemble de v\u00eatements d'entreprise Borg Be Our Guest\u00a0<\/em><\/p>\n<p>-<\/p>\n<h3>\ud83d\udecd\ufe0f Acheter ses propres v\u00eatements<\/h3>\n<p>Vous vous occupez vous-m\u00eame des autres v\u00eatements.<br \/>\nVeillez \u00e0 ce que tout soit toujours propre, repass\u00e9 et bien rang\u00e9. Vous trouverez ci-dessous quelques <strong>magasins recommand\u00e9s<\/strong> o\u00f9 vous trouverez des v\u00eatements de travail de qualit\u00e9 et \u00e9l\u00e9gants :<\/p>\n<ul>\n<li>\ud83d\udda4 <strong>WE<\/strong> - professionnelle, abordable et repr\u00e9sentative<\/li>\n<li>\ud83e\udd0d <strong>H&amp;M<\/strong> - moderne, abordable et ordonn\u00e9<\/li>\n<li>\ud83d\udc8e <strong>Cavallaro (Laren)<\/strong> - chemises de haute qualit\u00e9<\/li>\n<\/ul>\n<p>Une bonne chemise de Cavallaro co\u00fbte en moyenne 95 euros, mais elle restera belle apr\u00e8s un usage fr\u00e9quent et aura une allure \u00e9l\u00e9gante et professionnelle lors de n'importe quel \u00e9v\u00e9nement.<\/p>\n<p>-<\/p>\n<h3>\u2728 Soins physiques<\/h3>\n<p>Outre les v\u00eatements, les soins personnels sont tout aussi importants.<br \/>\nUne apparence soign\u00e9e rayonne de respect envers les coll\u00e8gues et les invit\u00e9s. Notez les points suivants :<\/p>\n<ul>\n<li>\ud83e\uddf4 Utilisez un d\u00e9odorant et un parfum frais.<\/li>\n<li>\ud83e\uddfc Assurez-vous que vos v\u00eatements sont propres, repass\u00e9s et qu'ils sentent bon.<\/li>\n<li>\ud83e\ude9e Cheveux bien coiff\u00e9s (pas de casquette, de chapeau ou de capuchon).<\/li>\n<li>\ud83e\uddd4 Barbe soign\u00e9e et bien taill\u00e9e.<\/li>\n<li>\ud83d\udc85 Des ongles et des mains soign\u00e9s.<\/li>\n<li>\ud83e\uddb7 Une haleine fra\u00eeche et des dents propres.<\/li>\n<\/ul>\n<p>-<\/p>\n<h3>\ud83d\udeab Non autoris\u00e9<\/h3>\n<ul>\n<li>\u274c Chapeaux, casquettes ou sweats \u00e0 capuche<\/li>\n<li>\u274c Pantalon d'entra\u00eenement ou de surv\u00eatement<\/li>\n<li>\u274c V\u00eatements n\u00e9glig\u00e9s, d\u00e9color\u00e9s ou cass\u00e9s<\/li>\n<li>\u274c Parfum ou apr\u00e8s-rasage excessif<\/li>\n<li>\u274c Apparence n\u00e9glig\u00e9e (cheveux, mains, v\u00eatements, chaussures)<\/li>\n<\/ul>\n<p>-<\/p>\n<h3>\ud83c\udfc1 En conclusion<\/h3>\n<p>Assurez-vous d'\u00eatre toujours pr\u00e9sent <strong>soign\u00e9, \u00e9l\u00e9gant et professionnel<\/strong> Les visiteurs ont l'impression d'\u00eatre dans un \u00e9tat d'esprit de s\u00e9curit\u00e9, \u00e0 la fois lors de l'installation et pendant l'\u00e9v\u00e9nement proprement dit.<br \/>\nVous \u00eates le visage de <strong>\u00c9v\u00e9nements Be Our Guest<\/strong>, L'exp\u00e9rience de nos clients commence par votre apparence.<br \/>\nQuand on est bien dans sa peau, c'est toute l'\u00e9quipe qui rayonne. \u2728<\/p>\n<\/div><div class=\"divider-wrapper\"  >\n    <hr class=\"border-accent-color separator-no-padding\"  \/>\n<\/div>\n<\/div><\/div><\/div><\/div><\/div><\/div><\/div><\/div><\/div><\/div><\/div><\/div><\/div><script id=\"script-row-unique-0\" data-row=\"script-row-unique-0\" type=\"text\/javascript\" class=\"vc_controls\">UNCODE.initRow(document.getElementById(\"row-unique-0\"));<\/script><\/div><\/div><\/div>\n<\/div>","protected":false},"excerpt":{"rendered":"\ud83d\udc54 Kledingvoorschriften &amp; Dresscode Jouw uiterlijk en kleding bepalen voor een groot deel de indruk die je achterlaat bij onze [...]","protected":false},"author":1,"featured_media":68399,"parent":71016,"menu_order":0,"comment_status":"closed","ping_status":"closed","template":"","meta":{"footnotes":""},"class_list":["post-71082","page","type-page","status-publish","has-post-thumbnail","hentry","page_category-personeel-portaal"],"_links":{"self":[{"href":"https:\/\/royalcasinocompany.nl\/fr\/wp-json\/wp\/v2\/pages\/71082","targetHints":{"allow":["GET"]}}],"collection":[{"href":"https:\/\/royalcasinocompany.nl\/fr\/wp-json\/wp\/v2\/pages"}],"about":[{"href":"https:\/\/royalcasinocompany.nl\/fr\/wp-json\/wp\/v2\/types\/page"}],"author":[{"embeddable":true,"href":"https:\/\/royalcasinocompany.nl\/fr\/wp-json\/wp\/v2\/users\/1"}],"replies":[{"embeddable":true,"href":"https:\/\/royalcasinocompany.nl\/fr\/wp-json\/wp\/v2\/comments?post=71082"}],"version-history":[{"count":7,"href":"https:\/\/royalcasinocompany.nl\/fr\/wp-json\/wp\/v2\/pages\/71082\/revisions"}],"predecessor-version":[{"id":71939,"href":"https:\/\/royalcasinocompany.nl\/fr\/wp-json\/wp\/v2\/pages\/71082\/revisions\/71939"}],"up":[{"embeddable":true,"href":"https:\/\/royalcasinocompany.nl\/fr\/wp-json\/wp\/v2\/pages\/71016"}],"wp:featuredmedia":[{"embeddable":true,"href":"https:\/\/royalcasinocompany.nl\/fr\/wp-json\/wp\/v2\/media\/68399"}],"wp:attachment":[{"href":"https:\/\/royalcasinocompany.nl\/fr\/wp-json\/wp\/v2\/media?parent=71082"}],"curies":[{"name":"wp","href":"https:\/\/api.w.org\/{rel}","templated":true}]}}