{"id":71087,"date":"2025-10-29T13:39:35","date_gmt":"2025-10-29T12:39:35","guid":{"rendered":"https:\/\/royalcasinocompany.nl\/?page_id=71087"},"modified":"2026-01-15T22:50:51","modified_gmt":"2026-01-15T21:50:51","slug":"bonusregeling","status":"publish","type":"page","link":"https:\/\/royalcasinocompany.nl\/fr\/personeel\/bonusregeling\/","title":{"rendered":"R\u00e9gime de primes"},"content":{"rendered":"<div class=\"wpb-content-wrapper\"><div data-parent=\"true\" class=\"vc_row row-container boomapps_vcrow\" id=\"row-unique-0\"><div class=\"row limit-width row-parent\"><div class=\"wpb_row row-inner\"><div class=\"wpb_column pos-top pos-left align_left column_parent col-lg-12 boomapps_vccolumn single-internal-gutter\"><div class=\"uncol style-dark\"  ><div class=\"uncoltable\"><div class=\"uncell  boomapps_vccolumn\" ><div class=\"uncont no-block-padding col-custom-width\" style=\" max-width:60%;\" ><div class=\"vc_row row-internal row-container boomapps_vcrow\"><div class=\"row row-child\"><div class=\"wpb_row row-inner\"><div class=\"wpb_column pos-top pos-center align_left column_child col-lg-12 boomapps_vccolumn single-internal-gutter\"><div class=\"uncol style-dark\" ><div class=\"uncoltable\"><div class=\"uncell  boomapps_vccolumn no-block-padding\" ><div class=\"uncont\" ><div class=\"vc_custom_heading_wrap\"><div class=\"heading-text el-text\" ><\/p>\n<h1>\ud83c\udfaf R\u00e9gime de primes<\/h1>\n<p>\n<hr class=\"separator-break separator-accent\" \/><\/div><div class=\"clear\"><\/div><\/div><div class=\"empty-space empty-single\" ><span class=\"empty-space-inner\"><\/span><\/div>\n<div class=\"uncode_text_column\" ><\/p>\n<div class=\"rcc-portal\">\n<p>Au <strong>Royal Casino Company<\/strong> nous appr\u00e9cions les employ\u00e9s qui s'engagent activement dans l'entreprise et qui contribuent \u00e0 la croissance de notre \u00e9quipe. En plus de votre salaire normal, vous pouvez donc obtenir des primes suppl\u00e9mentaires pour <strong>l'initiative, l'engagement et la loyaut\u00e9<\/strong>.<\/p>\n<p>Notre syst\u00e8me de primes vise \u00e0 r\u00e9compenser les coll\u00e8gues qui contribuent au succ\u00e8s de l'\u00e9quipe, que ce soit en recrutant de nouveaux croupiers ou en obtenant de nouvelles missions.<\/p>\n<p>-<\/p>\n<div class=\"rcc-grid\">\n<div class=\"rcc-card\">\n<h4><span class=\"rcc-emoji\">\ud83c\udccf<\/span>Appliquer un nouveau croupier<\/h4>\n<p><strong>R\u00e9compense :<\/strong> 200 \u20ac net<\/p>\n<p>Vous accueillez un nouveau coll\u00e8gue qui r\u00e9ussit \u00e0 s'int\u00e9grer dans l'\u00e9quipe ? Dans ce cas, vous recevrez une prime pour vos efforts.<\/p>\n<p><strong>Conditions :<\/strong><\/p>\n<ul class=\"rcc-bullets\">\n<li>Le nouveau croupier a travaill\u00e9 au moins cinq fois au Royal Casino Company.<\/li>\n<li>Vous fournissez ses coordonn\u00e9es <strong>avant<\/strong> l'application.<\/li>\n<li>Les rapports ult\u00e9rieurs ne sont pas \u00e9ligibles \u00e0 la prime.<\/li>\n<li>Vous demandez vous-m\u00eame la r\u00e9compense une fois que les conditions sont remplies.<\/li>\n<\/ul>\n<p>-<\/p>\n<\/div>\n<div class=\"rcc-card\">\n<h4><span class=\"rcc-emoji\">\ud83c\udfb0<\/span>Appliquer une nouvelle commande de casino<\/h4>\n<p><strong>R\u00e9compense :<\/strong> 100 \u20ac net<\/p>\n<p>Vous nous apportez un nouveau client ou un nouvel \u00e9v\u00e9nement ? Nous vous en remercions en vous offrant un bonus suppl\u00e9mentaire.<\/p>\n<p><strong>Conditions :<\/strong><\/p>\n<ul class=\"rcc-bullets\">\n<li>La commande a un chiffre d'affaires minimum de <strong>\u20ac 1,000,- hors TVA<\/strong>.<\/li>\n<li>La r\u00e9servation contient au moins <strong>2 tables de jeu<\/strong>.<\/li>\n<li>Vous avez transmis les coordonn\u00e9es d'un client <strong>avant<\/strong> le client demande lui-m\u00eame un devis.<\/li>\n<\/ul>\n<p>-<\/p>\n<\/div>\n<\/div>\n<h3>Pourquoi ce syst\u00e8me de primes ?<\/h3>\n<p>Notre syst\u00e8me de primes est con\u00e7u pour <strong>une initiative valorisante<\/strong>.<br \/>\nNous sommes fiers de nos coll\u00e8gues qui pensent plus loin, voient des opportunit\u00e9s et aident Royal Casino Company \u00e0 continuer \u00e0 se d\u00e9velopper.<\/p>\n<p>Vous aiderez-vous \u00e0 recruter de nouveaux coll\u00e8gues ou clients ?<br \/>\nNous aimons alors montrer notre reconnaissance non seulement par des mots, mais aussi par une r\u00e9compense financi\u00e8re.<\/p>\n<p><strong>Gr\u00e2ce \u00e0 vos efforts, ensemble nous faisons la diff\u00e9rence !<\/strong><\/p>\n<\/div>\n<p>\n<\/div><div class=\"divider-wrapper\"  >\n    <hr class=\"border-accent-color separator-no-padding\"  \/>\n<\/div>\n<\/div><\/div><\/div><\/div><\/div><\/div><\/div><\/div><\/div><\/div><\/div><\/div><\/div><script id=\"script-row-unique-0\" data-row=\"script-row-unique-0\" type=\"text\/javascript\" class=\"vc_controls\">UNCODE.initRow(document.getElementById(\"row-unique-0\"));<\/script><\/div><\/div><\/div>\n<\/div>","protected":false},"excerpt":{"rendered":"\ud83c\udfaf Bonusregeling Bij Royal Casino Company waarderen we medewerkers die zich actief inzetten voor het bedrijf en ons team helpen [...]","protected":false},"author":1,"featured_media":69859,"parent":71016,"menu_order":0,"comment_status":"closed","ping_status":"closed","template":"","meta":{"footnotes":""},"class_list":["post-71087","page","type-page","status-publish","has-post-thumbnail","hentry","page_category-personeel-portaal"],"_links":{"self":[{"href":"https:\/\/royalcasinocompany.nl\/fr\/wp-json\/wp\/v2\/pages\/71087","targetHints":{"allow":["GET"]}}],"collection":[{"href":"https:\/\/royalcasinocompany.nl\/fr\/wp-json\/wp\/v2\/pages"}],"about":[{"href":"https:\/\/royalcasinocompany.nl\/fr\/wp-json\/wp\/v2\/types\/page"}],"author":[{"embeddable":true,"href":"https:\/\/royalcasinocompany.nl\/fr\/wp-json\/wp\/v2\/users\/1"}],"replies":[{"embeddable":true,"href":"https:\/\/royalcasinocompany.nl\/fr\/wp-json\/wp\/v2\/comments?post=71087"}],"version-history":[{"count":8,"href":"https:\/\/royalcasinocompany.nl\/fr\/wp-json\/wp\/v2\/pages\/71087\/revisions"}],"predecessor-version":[{"id":71927,"href":"https:\/\/royalcasinocompany.nl\/fr\/wp-json\/wp\/v2\/pages\/71087\/revisions\/71927"}],"up":[{"embeddable":true,"href":"https:\/\/royalcasinocompany.nl\/fr\/wp-json\/wp\/v2\/pages\/71016"}],"wp:featuredmedia":[{"embeddable":true,"href":"https:\/\/royalcasinocompany.nl\/fr\/wp-json\/wp\/v2\/media\/69859"}],"wp:attachment":[{"href":"https:\/\/royalcasinocompany.nl\/fr\/wp-json\/wp\/v2\/media?parent=71087"}],"curies":[{"name":"wp","href":"https:\/\/api.w.org\/{rel}","templated":true}]}}