{"id":71090,"date":"2025-10-29T13:44:37","date_gmt":"2025-10-29T12:44:37","guid":{"rendered":"https:\/\/royalcasinocompany.nl\/?page_id=71090"},"modified":"2026-01-15T22:58:11","modified_gmt":"2026-01-15T21:58:11","slug":"collegialiteit","status":"publish","type":"page","link":"https:\/\/royalcasinocompany.nl\/fr\/personeel\/collegialiteit\/","title":{"rendered":"Coll\u00e9gialit\u00e9"},"content":{"rendered":"<div class=\"wpb-content-wrapper\"><div data-parent=\"true\" class=\"vc_row row-container boomapps_vcrow\" id=\"row-unique-0\"><div class=\"row limit-width row-parent\"><div class=\"wpb_row row-inner\"><div class=\"wpb_column pos-top pos-left align_left column_parent col-lg-12 boomapps_vccolumn single-internal-gutter\"><div class=\"uncol style-dark\"  ><div class=\"uncoltable\"><div class=\"uncell  boomapps_vccolumn no-block-padding\" ><div class=\"uncont\" ><div class=\"vc_row row-internal row-container boomapps_vcrow\"><div class=\"row row-child\"><div class=\"wpb_row row-inner\"><div class=\"wpb_column pos-top pos-center align_left column_child col-lg-12 boomapps_vccolumn single-internal-gutter\"><div class=\"uncol style-dark\" ><div class=\"uncoltable\"><div class=\"uncell  boomapps_vccolumn no-block-padding\" ><div class=\"uncont\" ><div class=\"vc_custom_heading_wrap\"><div class=\"heading-text el-text\" ><\/p>\n<h1>\ud83e\udd1d Coll\u00e9gialit\u00e9<\/h1>\n<p>\n<hr class=\"separator-break separator-accent\" \/><\/div><div class=\"clear\"><\/div><\/div><div class=\"empty-space empty-single\" ><span class=\"empty-space-inner\"><\/span><\/div>\n<div class=\"uncode_text_column\" ><\/p>\n<h2>Coop\u00e9ration et esprit d'\u00e9quipe<\/h2>\n<p>Au <strong>Royal Casino Company<\/strong> est ax\u00e9 sur la collaboration. Nous travaillons <strong>ensemble<\/strong>, pas <strong>c\u00f4te \u00e0 c\u00f4te<\/strong>.<br \/>\nCe n'est qu'en pensant, en agissant et en communiquant comme une seule \u00e9quipe que nous pourrons faire de chaque travail une r\u00e9ussite.<\/p>\n<p>Vous travaillez \u00e0 la Royal Casino Company parce que vous \u00eates un <strong>esprit d'\u00e9quipe<\/strong> \u00eates quelqu'un qui comprend qu'une bonne ambiance, une communication claire et un soutien mutuel font la diff\u00e9rence entre une bonne soir\u00e9e et un \u00e9v\u00e9nement inoubliable.<\/p>\n<p>-<\/p>\n<h3>\ud83d\udcac Ce que la coll\u00e9gialit\u00e9 signifie pour nous<\/h3>\n<p>La coll\u00e9gialit\u00e9, c'est plus qu'\u00eatre gentil avec les autres.<br \/>\nCela signifie que vous <strong>s'aider, se soutenir et s'adresser les uns aux autres<\/strong> en cas de besoin.<br \/>\nTout le monde commet une erreur ou a une baisse de r\u00e9gime de temps en temps - et ce n'est pas une mauvaise chose.<br \/>\nIl s'agit de savoir comment nous y faisons face : sans condamner, mais en aidant et en am\u00e9liorant ensemble.<\/p>\n<p>Vous pouvez reconna\u00eetre une \u00e9quipe professionnelle \u00e0 des coll\u00e8gues qui :<\/p>\n<ul>\n<li>\ud83e\udd1d S'entraider sans avoir \u00e0 le demander.<\/li>\n<li>\ud83d\udde3\ufe0f Oser s'adresser et s'am\u00e9liorer mutuellement avec respect.<\/li>\n<li>\ud83d\udc42 S'\u00e9couter les uns les autres et \u00eatre ouvert au retour d'information.<\/li>\n<li>\ud83d\udcaa Faire quelque chose de plus pour soulager l'\u00e9quipe.<\/li>\n<li>\ud83d\udd25 Se motiver mutuellement dans les moments difficiles.<\/li>\n<li>\ud83c\udfc6 \u00catre fier d'un bon r\u00e9sultat obtenu ensemble.<\/li>\n<li>\ud83d\udcac Oser \u00eatre critique, mais toujours avec respect.<\/li>\n<li>\ud83d\udd17 Communiquer clairement, honn\u00eatement et directement.<\/li>\n<\/ul>\n<p>-<\/p>\n<h3>\ud83d\udc65 Ensemble responsables<\/h3>\n<p>Chaque travail que nous effectuons, nous le faisons en tant que <strong>une \u00e9quipe<\/strong>.<br \/>\nLe client ne nous consid\u00e8re pas comme des croupiers distincts, mais comme une seule et m\u00eame unit\u00e9. <strong>Royal Casino Company<\/strong>.<br \/>\nSi une personne ne fait pas bien son travail, cela affecte l'ensemble du groupe.<br \/>\nC'est pourquoi chacun prend ses responsabilit\u00e9s - pour lui-m\u00eame, pour le mat\u00e9riel et pour les autres.<\/p>\n<p>Un probl\u00e8me ? Pas de probl\u00e8me, cela peut arriver.<br \/>\nCe qui compte, c'est que vous le reconnaissiez, que vous en tiriez les le\u00e7ons et que vous fassiez en sorte que cela ne se reproduise plus.<br \/>\nCeux qui sont ouverts au retour d'information et \u00e0 l'am\u00e9lioration se d\u00e9veloppent le plus rapidement et font vraiment partie de notre \u00e9quipe.<\/p>\n<p>-<\/p>\n<h3>\ud83c\udf1f Notre vision<\/h3>\n<p>Nous pensons qu'une atmosph\u00e8re d'\u00e9quipe forte commence par <strong>le respect, l'honn\u00eatet\u00e9 et l'humour<\/strong>.<br \/>\nNous voulons des coll\u00e8gues qui travaillent s\u00e9rieusement, se font confiance et s'efforcent ensemble d'atteindre la qualit\u00e9.<br \/>\nDes coll\u00e8gues qui ne pensent pas seulement \u00e0 leur propre t\u00e2che, mais \u00e0 l'ensemble de l'exp\u00e9rience de nos h\u00f4tes.<\/p>\n<p>-<\/p>\n<h3>\ud83d\udcac Nos valeurs fondamentales<\/h3>\n<p><strong>\ud83e\udd1d We do it together<\/strong><br \/>\nTout le monde contribue au succ\u00e8s. Nous nous aidons, nous nous soutenons et nous nous compl\u00e9tons mutuellement si n\u00e9cessaire. Personne n'est isol\u00e9.<\/p>\n<p><strong>\ud83d\udcac Nous communiquons ouvertement<\/strong><br \/>\nNous disons ce qui pourrait \u00eatre am\u00e9lior\u00e9, mais toujours avec respect. Une communication claire \u00e9vite les malentendus et garantit une coop\u00e9ration agr\u00e9able.<\/p>\n<p><strong>\ud83d\udcaa Nous nous aidons les uns les autres<\/strong><br \/>\nQu'il s'agisse d'une activit\u00e9 intense ou d'une p\u00e9riode un peu plus difficile, nous sommes l\u00e0 les uns pour les autres en tant qu'\u00e9quipe. Ensemble, nous faisons la diff\u00e9rence.<\/p>\n<p><strong>\ud83c\udfc6 Nous nous assurons que chaque client rentre chez lui satisfait<\/strong><br \/>\nEn fin de compte, c'est l'exp\u00e9rience des invit\u00e9s qui compte. En tant qu'\u00e9quipe, nous cr\u00e9ons une atmosph\u00e8re qui impressionne et laisse des souvenirs.<\/p>\n<p>-<\/p>\n<p><strong>C'est ce qui fait la force de la Royal Casino Company - et c'est pourquoi vous faites partie de cette \u00e9quipe.<\/strong><br \/>\nEnsemble, nous veillons \u00e0 ce que chaque \u00e9v\u00e9nement se d\u00e9roule sans accroc, avec professionnalisme et plaisir. \ud83d\udcaa\u2728<\/p>\n<\/div><div class=\"divider-wrapper\"  >\n    <hr class=\"border-accent-color separator-no-padding\"  \/>\n<\/div>\n<\/div><\/div><\/div><\/div><\/div><\/div><\/div><\/div><\/div><\/div><\/div><\/div><\/div><script id=\"script-row-unique-0\" data-row=\"script-row-unique-0\" type=\"text\/javascript\" class=\"vc_controls\">UNCODE.initRow(document.getElementById(\"row-unique-0\"));<\/script><\/div><\/div><\/div>\n<\/div>","protected":false},"excerpt":{"rendered":"\ud83e\udd1d Collegialiteit Samenwerking &amp; Teamspirit Bij Royal Casino Company draait alles om samenwerking. We werken met elkaar, niet naast elkaar. [...]","protected":false},"author":1,"featured_media":70351,"parent":71016,"menu_order":0,"comment_status":"closed","ping_status":"closed","template":"","meta":{"footnotes":""},"class_list":["post-71090","page","type-page","status-publish","has-post-thumbnail","hentry","page_category-personeel-portaal"],"_links":{"self":[{"href":"https:\/\/royalcasinocompany.nl\/fr\/wp-json\/wp\/v2\/pages\/71090","targetHints":{"allow":["GET"]}}],"collection":[{"href":"https:\/\/royalcasinocompany.nl\/fr\/wp-json\/wp\/v2\/pages"}],"about":[{"href":"https:\/\/royalcasinocompany.nl\/fr\/wp-json\/wp\/v2\/types\/page"}],"author":[{"embeddable":true,"href":"https:\/\/royalcasinocompany.nl\/fr\/wp-json\/wp\/v2\/users\/1"}],"replies":[{"embeddable":true,"href":"https:\/\/royalcasinocompany.nl\/fr\/wp-json\/wp\/v2\/comments?post=71090"}],"version-history":[{"count":8,"href":"https:\/\/royalcasinocompany.nl\/fr\/wp-json\/wp\/v2\/pages\/71090\/revisions"}],"predecessor-version":[{"id":71931,"href":"https:\/\/royalcasinocompany.nl\/fr\/wp-json\/wp\/v2\/pages\/71090\/revisions\/71931"}],"up":[{"embeddable":true,"href":"https:\/\/royalcasinocompany.nl\/fr\/wp-json\/wp\/v2\/pages\/71016"}],"wp:featuredmedia":[{"embeddable":true,"href":"https:\/\/royalcasinocompany.nl\/fr\/wp-json\/wp\/v2\/media\/70351"}],"wp:attachment":[{"href":"https:\/\/royalcasinocompany.nl\/fr\/wp-json\/wp\/v2\/media?parent=71090"}],"curies":[{"name":"wp","href":"https:\/\/api.w.org\/{rel}","templated":true}]}}