{"id":71097,"date":"2025-10-29T14:02:31","date_gmt":"2025-10-29T13:02:31","guid":{"rendered":"https:\/\/royalcasinocompany.nl\/?page_id=71097"},"modified":"2025-11-11T10:42:30","modified_gmt":"2025-11-11T09:42:30","slug":"werken-in-de-entertainmentbranche","status":"publish","type":"page","link":"https:\/\/royalcasinocompany.nl\/fr\/personeel\/werken-in-de-entertainmentbranche\/","title":{"rendered":"Travailler dans l'industrie du divertissement"},"content":{"rendered":"<div class=\"wpb-content-wrapper\"><div data-parent=\"true\" class=\"vc_row row-container boomapps_vcrow\" id=\"row-unique-0\"><div class=\"row limit-width row-parent\"><div class=\"wpb_row row-inner\"><div class=\"wpb_column pos-top pos-left align_left column_parent col-lg-12 boomapps_vccolumn single-internal-gutter\"><div class=\"uncol style-dark\"  ><div class=\"uncoltable\"><div class=\"uncell  boomapps_vccolumn no-block-padding\" ><div class=\"uncont\" ><div class=\"vc_row row-internal row-container boomapps_vcrow\"><div class=\"row row-child\"><div class=\"wpb_row row-inner\"><div class=\"wpb_column pos-top pos-center align_left column_child col-lg-12 boomapps_vccolumn single-internal-gutter\"><div class=\"uncol style-dark\" ><div class=\"uncoltable\"><div class=\"uncell  boomapps_vccolumn no-block-padding\" ><div class=\"uncont\" ><div class=\"vc_custom_heading_wrap\"><div class=\"heading-text el-text\" ><\/p>\n<h1>Travailler dans l'industrie du divertissement<\/h1>\n<p>\n<hr class=\"separator-break separator-accent\" \/><\/div><div class=\"clear\"><\/div><\/div><div class=\"empty-space empty-single\" ><span class=\"empty-space-inner\"><\/span><\/div>\n<div class=\"uncode_text_column\" ><\/p>\n<div class=\"rcc-portal\">\n<h2>Coop\u00e9ration et esprit d'\u00e9quipe<\/h2>\n<p>Au <strong>Royal Casino Company<\/strong> est ax\u00e9 sur la collaboration.<br \/>\nNous travaillons <strong>ensemble<\/strong>, pas <strong>c\u00f4te \u00e0 c\u00f4te<\/strong>. Ce n'est qu'ensemble que nous pouvons faire de chaque emploi une r\u00e9ussite.<\/p>\n<p>Vous travaillez \u00e0 la Royal Casino Company parce que vous \u00eates un <strong>esprit d'\u00e9quipe<\/strong> \u00eates quelqu'un qui comprend qu'une bonne ambiance, la communication et la coop\u00e9ration font la diff\u00e9rence entre une belle soir\u00e9e et un \u00e9v\u00e9nement inoubliable.<\/p>\n<h3>Ce que la coll\u00e9gialit\u00e9 signifie pour nous<\/h3>\n<p>La coll\u00e9gialit\u00e9, c'est plus qu'\u00eatre gentil avec les autres. Elle signifie que vous <strong>s'aider, se soutenir et s'adresser les uns aux autres<\/strong> en cas de besoin.<br \/>\nTout le monde commet une erreur ou a une mauvaise journ\u00e9e de temps en temps et ce n'est pas une mauvaise chose.<br \/>\nIl s'agit de ne pas se juger les uns les autres, mais de s'entraider et de s'am\u00e9liorer ensemble.<\/p>\n<p>Vous pouvez reconna\u00eetre une \u00e9quipe professionnelle \u00e0 des coll\u00e8gues qui :<\/p>\n<ul class=\"rcc-bullets\">\n<li>S'entraider sans qu'on nous le demande.<\/li>\n<li>Oser s'adresser \u00e0 l'autre et l'am\u00e9liorer dans le respect.<\/li>\n<li>S'\u00e9couter les uns les autres et \u00eatre ouvert au retour d'information.<\/li>\n<li>Faire quelque chose de plus pour soulager l'\u00e9quipe.<\/li>\n<li>Se motiver mutuellement dans les moments difficiles.<\/li>\n<li>La fiert\u00e9 d'avoir obtenu un bon r\u00e9sultat ensemble.<\/li>\n<li>Oser \u00eatre critique, mais toujours avec respect.<\/li>\n<li>Communiquer clairement et honn\u00eatement.<\/li>\n<\/ul>\n<h3>Ensemble responsables<\/h3>\n<p>Chaque travail que nous effectuons, nous le faisons en tant que <strong>une \u00e9quipe<\/strong>.<br \/>\nLe client ne nous consid\u00e8re pas comme des croupiers distincts, mais comme une seule entit\u00e9 : <strong>Royal Casino Company<\/strong>.<br \/>\nSi une personne ne fait pas bien son travail, cela affecte l'ensemble du groupe.<br \/>\nC'est pourquoi chacun prend ses responsabilit\u00e9s - pour lui-m\u00eame et pour l'\u00e9quipe.<\/p>\n<p>Un probl\u00e8me ? Aucun probl\u00e8me ne peut survenir.<br \/>\nL'important est de le reconna\u00eetre, d'en tirer les le\u00e7ons et de veiller \u00e0 ce que cela ne se reproduise pas.<br \/>\nCeux qui sont ouverts \u00e0 l'am\u00e9lioration se d\u00e9veloppent le plus rapidement et font vraiment partie de notre \u00e9quipe.<\/p>\n<h3>Le pouvoir du travail d'\u00e9quipe<\/h3>\n<p>Une soir\u00e9e r\u00e9ussie n'est jamais le fruit du travail d'une seule personne, mais d'un ensemble de personnes. <strong>travail d'\u00e9quipe<\/strong>.<br \/>\nAvec vos coll\u00e8gues et le directeur, vous formez une unit\u00e9 : professionnelle, \u00e9nergique et enthousiaste.<br \/>\nLes invit\u00e9s sentent que vous vous amusez, et cela fait toute la diff\u00e9rence.<\/p>\n<div class=\"rcc-grid\">\n<div class=\"rcc-card\">\n<h4><span class=\"rcc-emoji\">\ud83e\udd1d<\/span>Nous le faisons ensemble<\/h4>\n<p>Tout le monde contribue au succ\u00e8s. Nous nous aidons, nous nous soutenons et nous nous compl\u00e9tons mutuellement si n\u00e9cessaire. Personne n'est isol\u00e9.<\/p>\n<\/div>\n<div class=\"rcc-card\">\n<h4><span class=\"rcc-emoji\">\ud83d\udcac<\/span>Nous communiquons ouvertement<\/h4>\n<p>Nous disons ce qui pourrait \u00eatre am\u00e9lior\u00e9, mais toujours avec respect. Une communication claire \u00e9vite les malentendus et garantit une atmosph\u00e8re de travail agr\u00e9able.<\/p>\n<\/div>\n<div class=\"rcc-card\">\n<h4><span class=\"rcc-emoji\">\ud83d\udcaa<\/span>Nous nous entraidons<\/h4>\n<p>En \u00e9quipe, nous sommes l\u00e0 les uns pour les autres, qu'il s'agisse d'une activit\u00e9 intense ou d'une p\u00e9riode un peu difficile. Ensemble, nous faisons la diff\u00e9rence.<\/p>\n<\/div>\n<div class=\"rcc-card\">\n<h4><span class=\"rcc-emoji\">\ud83c\udfc6<\/span>Nous veillons \u00e0 ce que chaque client rentre chez lui satisfait<\/h4>\n<p>En fin de compte, c'est l'exp\u00e9rience des clients qui compte. En tant qu'\u00e9quipe, nous cr\u00e9ons une atmosph\u00e8re qui impressionne et qui reste.<\/p>\n<\/div>\n<div class=\"rcc-card\">\n<h4><span class=\"rcc-emoji\">\u2b50<\/span>Nous sommes fiers de notre travail<\/h4>\n<p>Nous le faisons avec passion, respect et plaisir. Tous ceux qui font de leur mieux contribuent au succ\u00e8s de Royal Casino Company.<\/p>\n<\/div>\n<\/div>\n<h3>Notre vision<\/h3>\n<p>Nous pensons qu'une atmosph\u00e8re de travail agr\u00e9able commence par <strong>le respect, l'honn\u00eatet\u00e9 et l'humour<\/strong>.<br \/>\nNous voulons des coll\u00e8gues qui travaillent s\u00e9rieusement, se font confiance et s'efforcent ensemble d'atteindre la qualit\u00e9.<br \/>\nDes coll\u00e8gues qui ne pensent pas seulement \u00e0 leur propre t\u00e2che, mais \u00e0 l'ensemble de la situation.<\/p>\n<h3>R\u00e9sum\u00e9<\/h3>\n<p>La collaboration est \u00e0 la base de tout ce que nous faisons.<br \/>\nNous nous faisons confiance, nous nous soutenons mutuellement et nous c\u00e9l\u00e9brons les succ\u00e8s ensemble.<br \/>\nEn tant qu'\u00e9quipe, nous ne nous contentons pas de cr\u00e9er une soir\u00e9e casino, mais nous cr\u00e9ons une ambiance de f\u00eate. <strong>exp\u00e9rience<\/strong> n'oubliera jamais ces gars-l\u00e0.<\/p>\n<p>C'est ce que <strong>Royal Casino Company<\/strong> C'est pourquoi vous faites partie de cette \u00e9quipe. \ud83d\udcab<\/p>\n<\/div>\n<p>\n<\/div><\/div><\/div><\/div><\/div><\/div><\/div><\/div><\/div><\/div><\/div><\/div><\/div><\/div><script id=\"script-row-unique-0\" data-row=\"script-row-unique-0\" type=\"text\/javascript\" class=\"vc_controls\">UNCODE.initRow(document.getElementById(\"row-unique-0\"));<\/script><\/div><\/div><\/div>\n<\/div>","protected":false},"excerpt":{"rendered":"Werken in de entertainmentbranche Samenwerking &amp; Teamspirit Bij Royal Casino Company draait alles om samenwerking. We werken met elkaar, niet [...]","protected":false},"author":1,"featured_media":68380,"parent":71016,"menu_order":0,"comment_status":"closed","ping_status":"closed","template":"","meta":{"footnotes":""},"class_list":["post-71097","page","type-page","status-publish","has-post-thumbnail","hentry","page_category-personeel-portaal"],"_links":{"self":[{"href":"https:\/\/royalcasinocompany.nl\/fr\/wp-json\/wp\/v2\/pages\/71097","targetHints":{"allow":["GET"]}}],"collection":[{"href":"https:\/\/royalcasinocompany.nl\/fr\/wp-json\/wp\/v2\/pages"}],"about":[{"href":"https:\/\/royalcasinocompany.nl\/fr\/wp-json\/wp\/v2\/types\/page"}],"author":[{"embeddable":true,"href":"https:\/\/royalcasinocompany.nl\/fr\/wp-json\/wp\/v2\/users\/1"}],"replies":[{"embeddable":true,"href":"https:\/\/royalcasinocompany.nl\/fr\/wp-json\/wp\/v2\/comments?post=71097"}],"version-history":[{"count":12,"href":"https:\/\/royalcasinocompany.nl\/fr\/wp-json\/wp\/v2\/pages\/71097\/revisions"}],"predecessor-version":[{"id":71414,"href":"https:\/\/royalcasinocompany.nl\/fr\/wp-json\/wp\/v2\/pages\/71097\/revisions\/71414"}],"up":[{"embeddable":true,"href":"https:\/\/royalcasinocompany.nl\/fr\/wp-json\/wp\/v2\/pages\/71016"}],"wp:featuredmedia":[{"embeddable":true,"href":"https:\/\/royalcasinocompany.nl\/fr\/wp-json\/wp\/v2\/media\/68380"}],"wp:attachment":[{"href":"https:\/\/royalcasinocompany.nl\/fr\/wp-json\/wp\/v2\/media?parent=71097"}],"curies":[{"name":"wp","href":"https:\/\/api.w.org\/{rel}","templated":true}]}}