{"id":71104,"date":"2025-10-29T15:00:15","date_gmt":"2025-10-29T14:00:15","guid":{"rendered":"https:\/\/royalcasinocompany.nl\/?page_id=71104"},"modified":"2026-01-15T22:59:53","modified_gmt":"2026-01-15T21:59:53","slug":"fotos-maken-op-locatie","status":"publish","type":"page","link":"https:\/\/royalcasinocompany.nl\/fr\/personeel\/fotos-maken-op-locatie\/","title":{"rendered":"Prendre des photos sur place"},"content":{"rendered":"<div class=\"wpb-content-wrapper\"><div data-parent=\"true\" class=\"vc_row row-container boomapps_vcrow\" id=\"row-unique-0\"><div class=\"row limit-width row-parent\"><div class=\"wpb_row row-inner\"><div class=\"wpb_column pos-top pos-center align_left column_parent col-lg-12 boomapps_vccolumn single-internal-gutter\"><div class=\"uncol style-dark\"  ><div class=\"uncoltable\"><div class=\"uncell  boomapps_vccolumn no-block-padding\" ><div class=\"uncont\" ><div class=\"vc_row row-internal row-container boomapps_vcrow\"><div class=\"row row-child\"><div class=\"wpb_row row-inner\"><div class=\"wpb_column pos-top pos-center align_left column_child col-lg-12 boomapps_vccolumn single-internal-gutter\"><div class=\"uncol style-dark\" ><div class=\"uncoltable\"><div class=\"uncell  boomapps_vccolumn no-block-padding\" ><div class=\"uncont\" ><div class=\"vc_custom_heading_wrap\"><div class=\"heading-text el-text\" ><\/p>\n<h1>Prendre des photos et des vid\u00e9os sur place<\/h1>\n<p>\n<hr class=\"separator-break separator-accent\" \/><\/div><div class=\"clear\"><\/div><\/div><div class=\"empty-space empty-single\" ><span class=\"empty-space-inner\"><\/span><\/div>\n<div class=\"uncode_text_column\" ><\/p>\n<h2>\ud83d\udcf8 Cr\u00e9er du contenu - Photos et films<\/h2>\n<p>Faire du bien <strong>photos et vid\u00e9os<\/strong> sur place est <strong>obligatoire<\/strong> \u00e0 chaque commandement de <strong>Royal Casino Company<\/strong>.<br \/>\nCes images sont indispensables pour notre marketing, notre site web, nos m\u00e9dias sociaux et nos pr\u00e9sentations.<br \/>\nIls montrent qui nous sommes, notre professionnalisme et l'exp\u00e9rience que nous offrons \u00e0 nos clients.<\/p>\n<p><strong>Sans un bon contenu, nous ne pouvons pas mettre en valeur nos missions, convaincre de nouveaux clients et donc g\u00e9n\u00e9rer de nouvelles commandes.<\/strong><br \/>\nEn d'autres termes : <strong>de bonnes photos et vid\u00e9os = plus de travail pour tout le monde.<\/strong><\/p>\n<p>-<\/p>\n<h3>\ud83c\udfaf Pourquoi le contenu est si important<\/h3>\n<p>Royal Casino Company ne vend pas un produit standard, nous vendons un produit de qualit\u00e9. <strong>exp\u00e9rience<\/strong>.<br \/>\nSeule l'imagerie permet de transmettre correctement cette exp\u00e9rience. Les clients potentiels doivent pouvoir <em>voir<\/em> la beaut\u00e9 de nos tables, l'enthousiasme de nos croupiers et l'amusement des invit\u00e9s.<\/p>\n<p>Le contenu que vous cr\u00e9ez :<\/p>\n<ul>\n<li>\ud83d\udcf1 Utilis\u00e9 pour notre site web, les m\u00e9dias sociaux et le mat\u00e9riel promotionnel.<\/li>\n<li>\ud83c\udfaf Permet de conqu\u00e9rir de nouveaux clients.<\/li>\n<li>\ud83d\udc8e Mettre en valeur notre qualit\u00e9 et notre professionnalisme.<\/li>\n<li>\ud83e\udd1d indirectement, il cr\u00e9e plus de travail et de continuit\u00e9 pour l'ensemble de l'\u00e9quipe.<\/li>\n<\/ul>\n<p>Par cons\u00e9quent, la r\u00e9alisation de bonnes images n'est pas une t\u00e2che facultative, mais une n\u00e9cessit\u00e9. <strong>responsabilit\u00e9 fixe<\/strong> \u00e0 chaque mission.<\/p>\n<p>-<\/p>\n<h3>\ud83d\udc65 Qui est responsable ?<\/h3>\n<p>Le <strong>ex\u00e9cutif (LG)<\/strong> est responsable en dernier ressort de la cr\u00e9ation du contenu.<br \/>\nLe LG peut charger un membre de l'\u00e9quipe de prendre des photos et des vid\u00e9os, mais il reste responsable de la r\u00e9alisation de ces op\u00e9rations. <strong>bonne et compl\u00e8te<\/strong> se produit.<\/p>\n<p>Pr\u00e9voyez toujours du temps pour cela.<br \/>\nUn bon moment est, par exemple, \u00e0 l'arriv\u00e9e, pendant l'installation, juste avant le d\u00e9but de l'\u00e9v\u00e9nement ou pendant une courte pause.<br \/>\nPrenez votre temps et veillez \u00e0 ce que le r\u00e9sultat soit professionnel : pas de photos rapides ou b\u00e2cl\u00e9es, mais des images qui ont de l'allure. <strong>Digne d'Instagram<\/strong> sont.<\/p>\n<p>-<\/p>\n<h3>\ud83d\udcf2 Quel type d'images faut-il prendre ?<\/h3>\n<p>Marque de <strong>tout au moins 3 tirs<\/strong> des photos et de courtes vid\u00e9os. (voir la liste de contr\u00f4le du contenu)<br \/>\nPour cela, utilisez l'appareil photo d'un bon t\u00e9l\u00e9phone (de pr\u00e9f\u00e9rence iPhone ou similaire) et filmez toujours. <strong>vertical<\/strong>.<\/p>\n<h4>\ud83c\udfe0 Le lieu<\/h4>\n<ul>\n<li>\ud83d\udcf8 Photo\/movie de l'ext\u00e9rieur du lieu de r\u00e9union.<\/li>\n<li>\ud83c\udff7\ufe0f Photo\/movie du logo ou du nom sur la fa\u00e7ade.<\/li>\n<li>\ud83c\udfdb\ufe0f Photo\/film du hall vide avant la construction.<\/li>\n<li>\u2728 Photo\/movie de l'espace une fois que tout est install\u00e9 et pr\u00eat.<\/li>\n<\/ul>\n<h4>\ud83c\udfb2 Les tables de casino<\/h4>\n<ul>\n<li>\ud83c\udfaf Gros plan sur chaque table de casino.<\/li>\n<li>\ud83d\udcf7 Photo d'ensemble de toutes les tables r\u00e9unies.<\/li>\n<li>\ud83d\udc8e Photos de d\u00e9tail des accessoires, des puces, des lampes et de la d\u00e9coration.<\/li>\n<\/ul>\n<h4>\ud83e\uddcd\u200d\u2642\ufe0f Les croupiers<\/h4>\n<ul>\n<li>\ud83d\ude04 Photo de chaque croupier sur un fond amusant ou stylis\u00e9.<\/li>\n<li>\ud83c\udfb0 Photo de chaque croupier derri\u00e8re sa table de casino.<\/li>\n<li>\ud83d\udcf8 Photo de groupe de tous les croupiers ensemble sur un beau fond ou dans la salle.<\/li>\n<\/ul>\n<h4>\ud83c\udf89 Extras et atmosph\u00e8re<\/h4>\n<ul>\n<li>\ud83d\udcf8 Jouer les invit\u00e9s (uniquement avec des images respectueuses et repr\u00e9sentatives).<\/li>\n<li>\ud83d\udcac Interaction entre les clients et les croupiers.<\/li>\n<li>\ud83c\udf78 Images d'ambiance du lieu, de l'\u00e9clairage, de la restauration ou des acteurs.<\/li>\n<li>\ud83d\ude90 Bus ou v\u00e9hicules de notre casino avec logo sur place.<\/li>\n<\/ul>\n<p>-<\/p>\n<h3>\ud83e\udde0 Important : la qualit\u00e9 plut\u00f4t que la quantit\u00e9<\/h3>\n<ul>\n<li>Il vaut mieux prendre 10 bonnes photos que 30 m\u00e9diocres.<\/li>\n<li>Assurez-vous que les images <strong>vertical<\/strong> sont (pour les m\u00e9dias sociaux).<\/li>\n<li>Assurez-vous d'avoir suffisamment de lumi\u00e8re, utilisez un flash si n\u00e9cessaire.<\/li>\n<li>Gardez l'appareil photo droit et \u00e9vitez les images floues.<\/li>\n<li>Pensez \u00e0 la composition : la table, les personnes et l'atmosph\u00e8re sont r\u00e9unis dans l'image.<\/li>\n<li>Prenez des photos d'ensemble et des gros plans.<\/li>\n<li>Veillez toujours au respect de la vie priv\u00e9e : ne prenez pas de photos qui montrent les invit\u00e9s sous un jour d\u00e9favorable.<\/li>\n<\/ul>\n<p>-<\/p>\n<h3>\ud83d\udcf8 Si un photographe est pr\u00e9sent<\/h3>\n<p>Lorsqu'un photographe officiel est pr\u00e9sent, demandez-lui toujours gentiment son autorisation. <strong>billet ou coordonn\u00e9es<\/strong>.<br \/>\nVeuillez fournir ces informations au bureau afin que nous puissions demander les photos.<br \/>\nVeuillez noter que cela remplace <strong>pas<\/strong> Votre propre obligation de contenu.<br \/>\nNous avons toujours <strong>ses propres photos et vid\u00e9os<\/strong> n\u00e9cessaires pour nos archives et nos m\u00e9dias sociaux.<\/p>\n<p>-<\/p>\n<h3>\ud83d\udca1 R\u00e9sum\u00e9<\/h3>\n<ul>\n<li>\ud83d\udcf7 Prendre des photos et des vid\u00e9os est <strong>obligatoire<\/strong> \u00e0 chaque mission.<\/li>\n<li>\ud83d\udc54 Le superviseur est responsable en dernier ressort.<\/li>\n<li>\ud83d\udcf1 Prendre des images verticales, claires et repr\u00e9sentatives.<\/li>\n<li>\ud83c\udfaf Pr\u00e9senter l'atmosph\u00e8re, la qualit\u00e9 et le professionnalisme de la Royal Casino Company.<\/li>\n<li>\ud83c\udfc6 Un bon contenu = plus de visibilit\u00e9, plus de clients, plus de commandes.<\/li>\n<\/ul>\n<p><strong>Un bon contenu montre qui nous sommes, ce que nous faisons et pourquoi les clients choisissent Royal Casino Company - et cela commence par vous !<\/strong> \ud83d\ude4c<\/p>\n<\/div><div class=\"divider-wrapper\"  >\n    <hr class=\"border-accent-color separator-no-padding\"  \/>\n<\/div>\n<\/div><\/div><\/div><\/div><\/div><\/div><\/div><\/div><\/div><\/div><\/div><\/div><\/div><script id=\"script-row-unique-0\" data-row=\"script-row-unique-0\" type=\"text\/javascript\" class=\"vc_controls\">UNCODE.initRow(document.getElementById(\"row-unique-0\"));<\/script><\/div><\/div><\/div>\n<\/div>","protected":false},"excerpt":{"rendered":"Foto's &amp; Filmpjes maken op locatie \ud83d\udcf8 Content maken \u2013 Foto\u2019s &amp; Filmpjes Het maken van goede foto\u2019s en filmpjes [...]","protected":false},"author":1,"featured_media":67076,"parent":71016,"menu_order":0,"comment_status":"closed","ping_status":"closed","template":"","meta":{"footnotes":""},"class_list":["post-71104","page","type-page","status-publish","has-post-thumbnail","hentry","page_category-personeel-portaal"],"_links":{"self":[{"href":"https:\/\/royalcasinocompany.nl\/fr\/wp-json\/wp\/v2\/pages\/71104","targetHints":{"allow":["GET"]}}],"collection":[{"href":"https:\/\/royalcasinocompany.nl\/fr\/wp-json\/wp\/v2\/pages"}],"about":[{"href":"https:\/\/royalcasinocompany.nl\/fr\/wp-json\/wp\/v2\/types\/page"}],"author":[{"embeddable":true,"href":"https:\/\/royalcasinocompany.nl\/fr\/wp-json\/wp\/v2\/users\/1"}],"replies":[{"embeddable":true,"href":"https:\/\/royalcasinocompany.nl\/fr\/wp-json\/wp\/v2\/comments?post=71104"}],"version-history":[{"count":7,"href":"https:\/\/royalcasinocompany.nl\/fr\/wp-json\/wp\/v2\/pages\/71104\/revisions"}],"predecessor-version":[{"id":71932,"href":"https:\/\/royalcasinocompany.nl\/fr\/wp-json\/wp\/v2\/pages\/71104\/revisions\/71932"}],"up":[{"embeddable":true,"href":"https:\/\/royalcasinocompany.nl\/fr\/wp-json\/wp\/v2\/pages\/71016"}],"wp:featuredmedia":[{"embeddable":true,"href":"https:\/\/royalcasinocompany.nl\/fr\/wp-json\/wp\/v2\/media\/67076"}],"wp:attachment":[{"href":"https:\/\/royalcasinocompany.nl\/fr\/wp-json\/wp\/v2\/media?parent=71104"}],"curies":[{"name":"wp","href":"https:\/\/api.w.org\/{rel}","templated":true}]}}