{"id":71107,"date":"2025-10-29T15:07:20","date_gmt":"2025-10-29T14:07:20","guid":{"rendered":"https:\/\/royalcasinocompany.nl\/?page_id=71107"},"modified":"2026-01-15T22:56:22","modified_gmt":"2026-01-15T21:56:22","slug":"callsheet","status":"publish","type":"page","link":"https:\/\/royalcasinocompany.nl\/fr\/personeel\/callsheet\/","title":{"rendered":"Fiche d'appel"},"content":{"rendered":"<div class=\"wpb-content-wrapper\"><div data-parent=\"true\" class=\"vc_row row-container boomapps_vcrow\" id=\"row-unique-0\"><div class=\"row limit-width row-parent\"><div class=\"wpb_row row-inner\"><div class=\"wpb_column pos-top pos-center align_left column_parent col-lg-12 boomapps_vccolumn single-internal-gutter\"><div class=\"uncol style-dark\"  ><div class=\"uncoltable\"><div class=\"uncell  boomapps_vccolumn no-block-padding\" ><div class=\"uncont\" ><div class=\"vc_row row-internal row-container boomapps_vcrow\"><div class=\"row row-child\"><div class=\"wpb_row row-inner\"><div class=\"wpb_column pos-top pos-center align_left column_child col-lg-12 boomapps_vccolumn single-internal-gutter\"><div class=\"uncol style-dark\" ><div class=\"uncoltable\"><div class=\"uncell  boomapps_vccolumn no-block-padding\" ><div class=\"uncont\" ><div class=\"vc_custom_heading_wrap\"><div class=\"heading-text el-text\" ><\/p>\n<h1>\ud83d\udccb La feuille d'appel<\/h1>\n<p>\n<hr class=\"separator-break separator-accent\" \/><\/div><div class=\"clear\"><\/div><\/div><div class=\"empty-space empty-single\" ><span class=\"empty-space-inner\"><\/span><\/div>\n<div class=\"uncode_text_column\" ><p>Le <strong>feuille d'appel<\/strong> est l'un des documents les plus importants de la <strong>\u00c9v\u00e9nements Be Our Guest<\/strong>.<br \/>\nC'est votre <strong>manuel, planification et liste de contr\u00f4le<\/strong> pour chaque emploi.<br \/>\nIl contient tout ce qu'il faut savoir pour organiser un \u00e9v\u00e9nement de mani\u00e8re correcte, efficace et irr\u00e9prochable.<br \/>\nEn lisant et en utilisant attentivement la feuille d'appel, vous \u00e9viterez les erreurs, les malentendus et le stress inutile.<\/p>\n<p>Chaque employ\u00e9 - du croupier au directeur - est tenu de suivre la feuille de route.<br \/>\nConsid\u00e9rez-le comme le <strong>script d'\u00e9v\u00e9nement<\/strong>Si tout le monde utilise correctement la feuille d'appel, l'\u00e9v\u00e9nement se d\u00e9roulera sans heurts, de mani\u00e8re professionnelle et sans surprises.<\/p>\n<p>-<\/p>\n<h3>\ud83e\udded Qu'est-ce qu'une feuille d'appel ?<\/h3>\n<p>Une feuille d'appel est un aper\u00e7u de tout ce que vous et votre \u00e9quipe devez savoir sur la mission.<br \/>\nLe document contient des instructions claires sur le client, le mat\u00e9riel, le calendrier et le lieu.<br \/>\nIl vous aide \u00e9galement \u00e0 \u00eatre organis\u00e9, \u00e0 collaborer et \u00e0 faire preuve de professionnalisme.<\/p>\n<p>-<\/p>\n<h3>\ud83d\udcd1 Que contient une feuille d'appel ?<\/h3>\n<ul>\n<li><strong>\ud83d\udc64 Informations sur les clients :<\/strong> le nom du client, la personne de contact et tous les d\u00e9tails ou exigences.<\/li>\n<li><strong>\ud83d\udcc5 Calendrier :<\/strong> un aper\u00e7u exact de tous les moments, tels que le chargement, le d\u00e9part, le montage, le d\u00e9but de l'\u00e9v\u00e9nement, le d\u00e9montage et le retour.<br \/>\nL'heure de fin indiqu\u00e9e sur la feuille d'appel est l'heure de fin de la journ\u00e9e. <strong>le temps maximum pay\u00e9.<\/strong><\/li>\n<li><strong>\ud83d\udccd D\u00e9tails de l'emplacement :<\/strong> l'adresse, le temps de trajet, la personne de contact sur place et les \u00e9ventuelles particularit\u00e9s (comme les \u00e9tages, les ascenseurs ou le parking).<\/li>\n<li><strong>\ud83c\udfb2 Liste des mat\u00e9riaux :<\/strong> une liste compl\u00e8te de toutes les tables de jeu, d\u00e9corations, \u00e9clairages et accessoires qui doivent \u00eatre fournis.<br \/>\nTout est clairement indiqu\u00e9 avec des cases \u00e0 cocher pour le chargement et le nettoyage.<\/li>\n<li><strong>\ud83d\ude90 Informations sur le bus :<\/strong> le bus utilis\u00e9, le num\u00e9ro du bus, le conducteur et le mat\u00e9riel transport\u00e9 dans le bus.<\/li>\n<li><strong>\ud83d\udc55 Informations compl\u00e9mentaires :<\/strong> le code vestimentaire, la restauration de l'\u00e9quipage, les caract\u00e9ristiques sp\u00e9ciales ou les t\u00e2ches suppl\u00e9mentaires applicables \u00e0 cette mission particuli\u00e8re.<\/li>\n<\/ul>\n<p>-<\/p>\n<h3>\ud83e\udded Le r\u00f4le du manager<\/h3>\n<p>Chaque fiche d'appel indique clairement qui est le <strong>ex\u00e9cutif (LG)<\/strong> est.<br \/>\nLe superviseur est responsable de la bonne ex\u00e9cution de la mission et du respect de la feuille d'appel.<br \/>\nIl ou elle :<\/p>\n<ul>\n<li>Donne des instructions sur le chargement, le d\u00e9chargement, le montage et le d\u00e9montage.<\/li>\n<li>V\u00e9rifie que toutes les informations sont correctes et que rien n'a \u00e9t\u00e9 oubli\u00e9.<\/li>\n<li>Compl\u00e8te la feuille d'appel pendant le chargement, le travail et le d\u00e9blayage.<\/li>\n<li>Il supervise l'\u00e9quipe, la communication et l'apparence professionnelle sur le site.<\/li>\n<\/ul>\n<p><strong>Important :<\/strong> seul le superviseur peut cocher la feuille d'appel.<br \/>\nD'autres membres de l'\u00e9quipe contribuent bien s\u00fbr au suivi, mais la responsabilit\u00e9 finale incombe toujours au directeur.<\/p>\n<p>-<\/p>\n<h3>La feuille d'appel en tant que liste de contr\u00f4le<\/h3>\n<p>La liste des mat\u00e9riaux de la feuille d'appel contient des cases \u00e0 cocher. Vous les utilisez \u00e0 trois reprises :<\/p>\n<ol>\n<li><strong>Pendant le chargement :<\/strong> cocher chaque \u00e9l\u00e9ment d\u00e8s qu'il arrive dans le bus.<\/li>\n<li><strong>Apr\u00e8s l'\u00e9v\u00e9nement :<\/strong> Pendant le nettoyage, cochez \u00e0 nouveau ce qui est remis dans le bidon.<\/li>\n<li><strong>En retournant dans le hangar :<\/strong> v\u00e9rifier que tout est complet et remis au bon endroit.<\/li>\n<\/ol>\n<p>Cela peut sembler inutile, mais cela permet d'\u00e9viter d'oublier ou de perdre des objets.<br \/>\nUne pi\u00e8ce manquante (comme une jambe, une lampe ou un bac \u00e0 copeaux) peut perturber consid\u00e9rablement la t\u00e2che suivante.<br \/>\nCeux qui cochent les cases avec soin travaillent de mani\u00e8re professionnelle et \u00e9vitent les probl\u00e8mes \u00e0 l'ensemble de l'\u00e9quipe.<\/p>\n<p>-<\/p>\n<h3>\ud83d\udce3 Que faire en cas de probl\u00e8me ?<\/h3>\n<p>Si vous trouvez sur place quelque chose qui ne va pas, par exemple un objet cass\u00e9, du mat\u00e9riel manquant ou des d\u00e9g\u00e2ts, signalez-le imm\u00e9diatement dans l'application de groupe de la mission.<br \/>\nUtilisez toujours l'application de groupe pour cet \u00e9v\u00e9nement particulier afin que tout le monde (bureau, superviseur et coll\u00e8gues) soit inform\u00e9.<br \/>\n\u00c9crivez bri\u00e8vement ce qui se passe et ajoutez une photo si n\u00e9cessaire.<\/p>\n<p>Au bureau, ce probl\u00e8me est pris en charge et r\u00e9solu le jour suivant.<br \/>\nEn le signalant, vous vous aidez vous-m\u00eame, mais vous aidez aussi vos coll\u00e8gues qui travailleront plus tard avec le m\u00eame mat\u00e9riel.<\/p>\n<p>-<\/p>\n<h3>\ud83c\udfaf V\u00e9rifier les jetons \u00e0 la fin d'une soir\u00e9e au casino<\/h3>\n<p>\u00c0 la fin de chaque travail, les copeaux doivent toujours \u00eatre v\u00e9rifi\u00e9s.<br \/>\nPourquoi ? Parce que c'est important \u00e0 la fois pour l'administration et pour la pr\u00e9paration des \u00e9v\u00e9nements ult\u00e9rieurs.<\/p>\n<p>Si de nombreux jetons sont perdus au cours de la soir\u00e9e, le bureau doit en \u00eatre inform\u00e9. Dans ce cas, le client peut \u00eatre factur\u00e9 pour la perte. En outre, le contr\u00f4le des jetons permet \u00e0 vos coll\u00e8gues du bureau de d\u00e9terminer si de nouveaux jetons doivent \u00eatre r\u00e9approvisionn\u00e9s avant le prochain \u00e9v\u00e9nement.<\/p>\n<p>Il faut donc toujours v\u00e9rifier la quantit\u00e9 de jetons avant de d\u00e9barrasser les tables. Nous \u00e9viterons ainsi des probl\u00e8mes lors de la prochaine mission, car il n'y a rien de plus ennuyeux que de commencer une soir\u00e9e avec trop peu de jetons \u00e0 la table.<\/p>\n<ul>\n<li>Pas besoin de compter les jetons \u00e0 la pi\u00e8ce<\/li>\n<li>Signalez dans l'application du groupe si vous pensez qu'il manque beaucoup de jetons et \u00e0 quelle table du casino.<\/li>\n<\/ul>\n<p>Cela permet d'\u00e9viter les malentendus, de maintenir le niveau des stocks et de montrer que vous travaillez avec soin et professionnalisme.<\/p>\n<p>-<\/p>\n<h3>\ud83d\udcd8 Informations et conseils suppl\u00e9mentaires<\/h3>\n<ul>\n<li>Toujours lire la fiche d'appel <strong>minimum un jour<\/strong> pour l'\u00e9v\u00e9nement par.<\/li>\n<li>V\u00e9rifiez soigneusement les horaires : d\u00e9part, montage, d\u00e9but de l'\u00e9v\u00e9nement, d\u00e9montage et retour.<\/li>\n<li>D\u00e9couvrez qui sont les membres de votre \u00e9quipe et quel est leur r\u00f4le.<\/li>\n<li>V\u00e9rifiez que vos v\u00eatements, votre \u00e9quipement et vos moyens de transport sont en ordre.<\/li>\n<li>Utilisez la feuille d'appel comme guide de communication, toutes les informations s'y trouvent.<\/li>\n<\/ul>\n<p>-<\/p>\n<h3>\ud83c\udfc1 Pourquoi la feuille d'appel est indispensable<\/h3>\n<p>La feuille d'appel est le c\u0153ur de notre organisation.<br \/>\nIl pr\u00e9voit <strong>structure, clart\u00e9 et responsabilit\u00e9<\/strong>.<br \/>\nGr\u00e2ce \u00e0 la feuille d'appel, chacun sait exactement ce qu'il doit faire, quand et avec qui.<br \/>\nC'est la diff\u00e9rence entre un \u00e9v\u00e9nement bien organis\u00e9 et le chaos.<\/p>\n<p>En suivant la feuille d'appel, vous contribuez \u00e0 :<\/p>\n<ul>\n<li>\ud83e\udde9 Travail d'\u00e9quipe et coop\u00e9ration<\/li>\n<li>\ud83d\udcc5 Une planification rigoureuse et une communication claire<\/li>\n<li>\ud83c\udfb2 Ex\u00e9cution sans erreur de chaque \u00e9v\u00e9nement<\/li>\n<li>\ud83d\udcaa Professionnalisme et fiabilit\u00e9<\/li>\n<\/ul>\n<p><strong>En bref :<\/strong> la feuille d'appel est votre script, votre liste de contr\u00f4le et la garantie d'un \u00e9v\u00e9nement sans faille.<br \/>\nL'utiliser avec soin, travailler proprement et prendre ses responsabilit\u00e9s, c'est ce qui fait la force et le professionnalisme de notre \u00e9quipe. \ud83c\udfaf<\/p>\n<\/div><div class=\"divider-wrapper\"  >\n    <hr class=\"border-accent-color separator-no-padding\"  \/>\n<\/div>\n<\/div><\/div><\/div><\/div><\/div><\/div><\/div><\/div><\/div><\/div><\/div><\/div><\/div><script id=\"script-row-unique-0\" data-row=\"script-row-unique-0\" type=\"text\/javascript\" class=\"vc_controls\">UNCODE.initRow(document.getElementById(\"row-unique-0\"));<\/script><\/div><\/div><\/div>\n<\/div>","protected":false},"excerpt":{"rendered":"\ud83d\udccb De Callsheet De callsheet is \u00e9\u00e9n van de belangrijkste documenten binnen Be Our Guest Events. Het is jouw handleiding, [...]","protected":false},"author":1,"featured_media":69080,"parent":71016,"menu_order":0,"comment_status":"closed","ping_status":"closed","template":"","meta":{"footnotes":""},"class_list":["post-71107","page","type-page","status-publish","has-post-thumbnail","hentry","page_category-personeel-portaal"],"_links":{"self":[{"href":"https:\/\/royalcasinocompany.nl\/fr\/wp-json\/wp\/v2\/pages\/71107","targetHints":{"allow":["GET"]}}],"collection":[{"href":"https:\/\/royalcasinocompany.nl\/fr\/wp-json\/wp\/v2\/pages"}],"about":[{"href":"https:\/\/royalcasinocompany.nl\/fr\/wp-json\/wp\/v2\/types\/page"}],"author":[{"embeddable":true,"href":"https:\/\/royalcasinocompany.nl\/fr\/wp-json\/wp\/v2\/users\/1"}],"replies":[{"embeddable":true,"href":"https:\/\/royalcasinocompany.nl\/fr\/wp-json\/wp\/v2\/comments?post=71107"}],"version-history":[{"count":7,"href":"https:\/\/royalcasinocompany.nl\/fr\/wp-json\/wp\/v2\/pages\/71107\/revisions"}],"predecessor-version":[{"id":71930,"href":"https:\/\/royalcasinocompany.nl\/fr\/wp-json\/wp\/v2\/pages\/71107\/revisions\/71930"}],"up":[{"embeddable":true,"href":"https:\/\/royalcasinocompany.nl\/fr\/wp-json\/wp\/v2\/pages\/71016"}],"wp:featuredmedia":[{"embeddable":true,"href":"https:\/\/royalcasinocompany.nl\/fr\/wp-json\/wp\/v2\/media\/69080"}],"wp:attachment":[{"href":"https:\/\/royalcasinocompany.nl\/fr\/wp-json\/wp\/v2\/media?parent=71107"}],"curies":[{"name":"wp","href":"https:\/\/api.w.org\/{rel}","templated":true}]}}