{"id":71174,"date":"2025-10-31T09:51:39","date_gmt":"2025-10-31T08:51:39","guid":{"rendered":"https:\/\/royalcasinocompany.nl\/?page_id=71174"},"modified":"2026-01-16T09:28:49","modified_gmt":"2026-01-16T08:28:49","slug":"rentman","status":"publish","type":"page","link":"https:\/\/royalcasinocompany.nl\/fr\/personeel\/rentman\/","title":{"rendered":"Rentman"},"content":{"rendered":"<div class=\"wpb-content-wrapper\"><div data-parent=\"true\" class=\"vc_row row-container boomapps_vcrow\" id=\"row-unique-0\"><div class=\"row limit-width row-parent\"><div class=\"wpb_row row-inner\"><div class=\"wpb_column pos-top pos-center align_left column_parent col-lg-12 boomapps_vccolumn single-internal-gutter\"><div class=\"uncol style-dark\"  ><div class=\"uncoltable\"><div class=\"uncell  boomapps_vccolumn no-block-padding\" ><div class=\"uncont\" ><div class=\"vc_custom_heading_wrap\"><div class=\"heading-text el-text\" ><\/p>\n<h1>\ud83d\udcf2 Rentman - Votre planification et vos communications<\/h1>\n<p>\n<hr class=\"separator-break separator-accent\" \/><\/div><div class=\"clear\"><\/div><\/div><div class=\"empty-space empty-single\" ><span class=\"empty-space-inner\"><\/span><\/div>\n<div class=\"uncode_text_column\" ><p>A l'int\u00e9rieur <strong>\u00c9v\u00e9nements Be Our Guest<\/strong>\u00a0nous travaillons avec <strong>Rentman<\/strong>, Notre outil de planification central pour le personnel, le mat\u00e9riel et les commandes.<br \/>\nAvec Rentman, nous veillons \u00e0 ce que tout soit clair, professionnel et efficace, tant au bureau que pour tous ceux qui travaillent sur place.<br \/>\nLe syst\u00e8me vous permet de toujours savoir exactement <strong>o\u00f9<\/strong> et <strong>quand<\/strong> Vous devez travailler, avec qui vous travaillez et ce que l'on attend de vous.<\/p>\n<p>-<\/p>\n<h3>\ud83d\udd0d Qu'est-ce que Rentman ?<\/h3>\n<p>Rentman est un environnement num\u00e9rique dans lequel sont planifi\u00e9es toutes nos missions, la composition des \u00e9quipes et le mat\u00e9riel.<br \/>\nChaque employ\u00e9 a son propre profil o\u00f9 vous pouvez indiquer votre disponibilit\u00e9, consulter vos missions et trouver des informations importantes sur vos \u00e9v\u00e9nements.<br \/>\nVous pouvez utiliser Rentman via la fonction <strong>sur votre t\u00e9l\u00e9phone<\/strong> ou par l'interm\u00e9diaire du <strong>ordinateur ou tablette<\/strong>.<\/p>\n<p>A Rentman, vous trouverez, entre autres :<\/p>\n<ul>\n<li>\ud83d\udcc5 Votre personnel <strong>grille<\/strong> avec des \u00e9v\u00e9nements programm\u00e9s.<\/li>\n<li>\ud83d\udd52 L'exacte <strong>heures de travail<\/strong> et <strong>temps de pr\u00e9sence<\/strong>.<\/li>\n<li>\ud83d\udccd The <strong>emplacement<\/strong> de l'\u00e9v\u00e9nement avec navigation via Google Maps.<\/li>\n<li>\ud83d\udc65 Les noms de vos <strong>coll\u00e8gues<\/strong> au sein de l'\u00e9quipe.<\/li>\n<li>\ud83e\uddfe Important <strong>documents<\/strong> ou <strong>les annexes<\/strong> qui appartiennent \u00e0 votre mission.<\/li>\n<\/ul>\n<p>-<\/p>\n<h3>\ud83d\udca1 Pourquoi nous travaillons avec Rentman<\/h3>\n<p>Nous utilisons Rentman pour la clart\u00e9, la rapidit\u00e9 et le professionnalisme de sa communication.<br \/>\nEn travaillant avec ce syst\u00e8me :<\/p>\n<ul>\n<li>Est-ce que tout le monde a toujours une id\u00e9e de son propre emploi du temps ?.<\/li>\n<li>\u2705 Pouvez-vous rapidement et facilement faire votre <strong>disponibilit\u00e9<\/strong> transmettre.<\/li>\n<li>\u2705 Les changements sont imm\u00e9diatement visibles, sans messages s\u00e9par\u00e9s via WhatsApp ou e-mail.<\/li>\n<li>\u2705 Veillez \u00e0 ce que les horaires soient clairs pour le bureau et le personnel.<\/li>\n<li>Pouvons-nous mieux former des \u00e9quipes et planifier plus efficacement ?.<\/li>\n<\/ul>\n<p>-<\/p>\n<p>En bref : <strong>Rentman est le moyen d'organiser nos missions de mani\u00e8re fluide, professionnelle et sans erreur.<\/strong>.<br \/>\nTout le monde utilise le m\u00eame syst\u00e8me et travaille \u00e0 partir des m\u00eames informations, ce qui \u00e9vite la confusion et apporte calme et structure.<\/p>\n<p>-<\/p>\n<h3>\ud83d\udcd8 Comment utilisez-vous Rentman ?<\/h3>\n<p>Pour vous mettre sur la bonne voie, nous avons cr\u00e9\u00e9 trois guides clairs.<br \/>\nLisez-les attentivement et assurez-vous que vous savez exactement comment cela fonctionne.<br \/>\nUne bonne pr\u00e9paration facilite votre travail et le rend plus professionnel.<\/p>\n<ul>\n<li>\ud83d\udcf1 <a href=\"https:\/\/royalcasinocompany.nl\/wp-content\/uploads\/2025\/10\/01-Hoe-werkt-de-Rentman-App.pdf\">Manuel : Comment fonctionne l'application Rentman<\/a><\/li>\n<li>\ud83d\uddd3\ufe0f <a href=\"https:\/\/royalcasinocompany.nl\/wp-content\/uploads\/2025\/11\/01-Uitleg-over-de-Rentman-Beschikbaarheid-doorgeven-1.pdf\">Manuel : Transmission de la disponibilit\u00e9<\/a><\/li>\n<li>\ud83d\udcbb <a href=\"https:\/\/royalcasinocompany.nl\/wp-content\/uploads\/2025\/11\/03-Uitleg-over-de-Rentman-op-Computer-of-tablet-1.pdf\">Manuel : Rentman sur ordinateur ou tablette<\/a><\/li>\n<\/ul>\n<p>-<\/p>\n<h3>\u2699\ufe0f Important \u00e0 savoir<\/h3>\n<ul>\n<li>T\u00e9l\u00e9chargez toujours le <strong>Application Rentman<\/strong> d\u00e8s votre entr\u00e9e en service.<\/li>\n<li>V\u00e9rifiez r\u00e9guli\u00e8rement votre emploi du temps et signalez \u00e0 temps tout changement dans vos disponibilit\u00e9s.<\/li>\n<li>Lisez attentivement les informations relatives \u00e0 chaque devoir.<\/li>\n<li>Utilisation <strong>Seulement pour Rentman<\/strong> pour la programmation et la disponibilit\u00e9. WhatsApp n'est utilis\u00e9 que pour la communication au sein d'une \u00e9quipe sp\u00e9cifique.<\/li>\n<\/ul>\n<p>En utilisant Rentman well, vous travaillez comme le reste de notre \u00e9quipe. <strong>professionnel, fiable et pr\u00e9par\u00e9<\/strong>.<br \/>\nC'est la base d'un \u00e9v\u00e9nement qui se d\u00e9roule bien et de clients satisfaits. \ud83c\udfaf<\/p>\n<\/div><span class=\"btn-container\" ><a role=\"button\"  href=\"https:\/\/royalcasinocompany.nl\/wp-content\/uploads\/2025\/10\/01-Hoe-werkt-de-Rentman-App.pdf\" class=\"custom-link btn border-width-0 btn-default btn-flat btn-icon-left\" target=\"_blank\">Comment fonctionne l'application Rentman<\/a><\/span><div class=\"divider-wrapper\"  >\n    <hr class=\"border-accent-color separator-no-padding\"  \/>\n<\/div>\n<\/div><\/div><\/div><\/div><\/div><script id=\"script-row-unique-0\" data-row=\"script-row-unique-0\" type=\"text\/javascript\" class=\"vc_controls\">UNCODE.initRow(document.getElementById(\"row-unique-0\"));<\/script><\/div><\/div><\/div>\n<\/div>","protected":false},"excerpt":{"rendered":"\ud83d\udcf2 Rentman \u2013 Jouw planning &amp; communicatie Binnen Be Our Guest Events\u00a0werken we met Rentman, onze centrale planningstool voor personeel, [...]","protected":false},"author":1,"featured_media":0,"parent":71016,"menu_order":0,"comment_status":"closed","ping_status":"closed","template":"","meta":{"footnotes":""},"class_list":["post-71174","page","type-page","status-publish","hentry","page_category-personeel-portaal"],"_links":{"self":[{"href":"https:\/\/royalcasinocompany.nl\/fr\/wp-json\/wp\/v2\/pages\/71174","targetHints":{"allow":["GET"]}}],"collection":[{"href":"https:\/\/royalcasinocompany.nl\/fr\/wp-json\/wp\/v2\/pages"}],"about":[{"href":"https:\/\/royalcasinocompany.nl\/fr\/wp-json\/wp\/v2\/types\/page"}],"author":[{"embeddable":true,"href":"https:\/\/royalcasinocompany.nl\/fr\/wp-json\/wp\/v2\/users\/1"}],"replies":[{"embeddable":true,"href":"https:\/\/royalcasinocompany.nl\/fr\/wp-json\/wp\/v2\/comments?post=71174"}],"version-history":[{"count":11,"href":"https:\/\/royalcasinocompany.nl\/fr\/wp-json\/wp\/v2\/pages\/71174\/revisions"}],"predecessor-version":[{"id":71954,"href":"https:\/\/royalcasinocompany.nl\/fr\/wp-json\/wp\/v2\/pages\/71174\/revisions\/71954"}],"up":[{"embeddable":true,"href":"https:\/\/royalcasinocompany.nl\/fr\/wp-json\/wp\/v2\/pages\/71016"}],"wp:attachment":[{"href":"https:\/\/royalcasinocompany.nl\/fr\/wp-json\/wp\/v2\/media?parent=71174"}],"curies":[{"name":"wp","href":"https:\/\/api.w.org\/{rel}","templated":true}]}}