{"id":71188,"date":"2025-11-02T12:36:08","date_gmt":"2025-11-02T11:36:08","guid":{"rendered":"https:\/\/royalcasinocompany.nl\/?page_id=71188"},"modified":"2026-01-15T23:20:26","modified_gmt":"2026-01-15T22:20:26","slug":"opbouw","status":"publish","type":"page","link":"https:\/\/royalcasinocompany.nl\/fr\/personeel\/opbouw\/","title":{"rendered":"La construction"},"content":{"rendered":"<div class=\"wpb-content-wrapper\"><div data-parent=\"true\" class=\"vc_row row-container boomapps_vcrow\" id=\"row-unique-0\"><div class=\"row limit-width row-parent\"><div class=\"wpb_row row-inner\"><div class=\"wpb_column pos-top pos-center align_left column_parent col-lg-12 boomapps_vccolumn single-internal-gutter\"><div class=\"uncol style-dark\"  ><div class=\"uncoltable\"><div class=\"uncell  boomapps_vccolumn no-block-padding\" ><div class=\"uncont\" ><div class=\"vc_row row-internal row-container boomapps_vcrow\"><div class=\"row row-child\"><div class=\"wpb_row row-inner\"><div class=\"wpb_column pos-top pos-center align_left column_child col-lg-12 boomapps_vccolumn single-internal-gutter\"><div class=\"uncol style-dark\" ><div class=\"uncoltable\"><div class=\"uncell  boomapps_vccolumn no-block-padding\" ><div class=\"uncont\" ><div class=\"vc_custom_heading_wrap\"><div class=\"heading-text el-text\" ><\/p>\n<h1>\ud83e\uddf1 Le casino construit<\/h1>\n<p>\n<hr class=\"separator-break separator-accent\" \/><\/div><div class=\"clear\"><\/div><\/div><div class=\"empty-space empty-single\" ><span class=\"empty-space-inner\"><\/span><\/div>\n<div class=\"uncode_text_column\" ><p>L'am\u00e9nagement d\u00e9termine la premi\u00e8re impression de nos clients et de nos invit\u00e9s. Nous travaillons <strong>structur\u00e9, rapide et ordonn\u00e9<\/strong>, Le travail de l'homme est un travail de longue haleine, avec le souci du d\u00e9tail.<br \/>\nSuivez les \u00e9tapes ci-dessous pour faire en sorte que chaque montage soit \u00e9l\u00e9gant, styl\u00e9 et conforme au calendrier.<\/p>\n<p>-<\/p>\n<h3>\ud83d\ude90 Avant de commencer (\u00e0 l'arriv\u00e9e)<\/h3>\n<ul>\n<li>\ud83d\udcc4 <strong>V\u00e9rifier la feuille d'appel<\/strong> (organisation, horaires, personne de contact, d\u00e9tails).<\/li>\n<li>\ud83d\uddfa\ufe0f <strong>Faire le tour de la salle<\/strong> avec le gestionnaire (LG) : entr\u00e9e, all\u00e9es, prises de courant, sc\u00e8ne, piste de danse, bar, passages, voies d'\u00e9vacuation.<\/li>\n<li>\ud83e\udded <strong>D\u00e9finir la structure logique<\/strong>Les crit\u00e8res d'\u00e9valuation sont les suivants : lignes de vue, espace de circulation autour des tables, distance par rapport au DJ\/\u00e0 l'orchestre, \u00e9clairage, esth\u00e9tique.<\/li>\n<li>\ud83d\udde3\ufe0f <strong>S'aligner bri\u00e8vement sur le client<\/strong> si l'endroit propos\u00e9 n'est pas id\u00e9al. Conseiller avec gentillesse et professionnalisme.<\/li>\n<\/ul>\n<p>-<\/p>\n<h3>\ud83d\udce6 D\u00e9chargement et positionnement<\/h3>\n<ul>\n<li>\ud83d\ude9a <strong>D\u00e9chargement selon le plan<\/strong>L'\u00e9quipe de direction r\u00e9partit les t\u00e2ches (qui s'occupe des tables, qui s'occupe de l'\u00e9clairage, qui s'occupe des bo\u00eetes de mat\u00e9riaux, qui s'occupe des c\u00e2bles).<\/li>\n<li>\ud83d\udccd <strong>Premi\u00e8re position<\/strong> toutes les tables en place avant d'ouvrir les bo\u00eetes. Vous gardez ainsi une vue d'ensemble et travaillez plus rapidement.<\/li>\n<li>\ud83d\udcd0 <strong>Droit et en ligne<\/strong>Les tables forment une \u201czone de casino\u201d bien ordonn\u00e9e.<\/li>\n<li>\ud83e\uddef <strong>S\u00e9curit\u00e9<\/strong>Les sorties de secours doivent \u00eatre d\u00e9gag\u00e9es, les c\u00e2bles ne doivent pas traverser les all\u00e9es (ou \u00eatre recouverts d'un ruban adh\u00e9sif ou d'un pont de c\u00e2bles).<\/li>\n<\/ul>\n<p>-<\/p>\n<h3>\ud83d\udee0\ufe0f Mise en place par table (de base)<\/h3>\n<ul>\n<li>\ud83e\udde9 <strong>Roulette<\/strong>Les travaux d'entretien et de r\u00e9paration sont termin\u00e9s : les cadres inf\u00e9rieurs (poutre en H\/poutre interm\u00e9diaire) sont solidement fix\u00e9s, le tapis est nettoy\u00e9, le cylindre est poli, le bac \u00e0 copeaux et la bo\u00eete \u00e0 mat\u00e9riaux sont termin\u00e9s.<br \/>\n<em>Contr\u00f4le : balle, chariot, explication du jeu, suffisamment de jetons.<\/em><\/li>\n<li>\ud83c\udccf <strong>Blackjack<\/strong>La fixation des bases, l'absence de poussi\u00e8re sur le tapis, la pr\u00e9sence d'un bac \u00e0 copeaux et d'une bo\u00eete \u00e0 mat\u00e9riaux sont autant d'\u00e9l\u00e9ments qui permettent d'assurer une bonne fixation des bases.<br \/>\n<em>Contr\u00f4le : cartes (jeux), d\u00e9fausse, stylo\/note, explication du jeu, suffisamment de jetons.<\/em><\/li>\n<li>\ud83c\udce0 <strong>Poker<\/strong> (le cas \u00e9ch\u00e9ant) : tapis propre, position du croupier d\u00e9gag\u00e9e, cartes et cartes de \u201cclassement des mains\u201d pr\u00eates.<\/li>\n<li>Etc. Etc.<\/li>\n<\/ul>\n<p>-<\/p>\n<h3>\ud83d\udca1 Lumi\u00e8re, puissance et d\u00e9coration<\/h3>\n<ul>\n<li>\ud83d\udd0c <strong>Actuel<\/strong>Les c\u00e2bles d'extension doivent \u00eatre plac\u00e9s de mani\u00e8re s\u00fbre, sans spaghetti ; ils doivent longer les murs et \u00eatre prot\u00e9g\u00e9s par du ruban adh\u00e9sif si n\u00e9cessaire ; il faut faire attention aux d\u00e9tails.<\/li>\n<li>\ud83d\udca1 <strong>Lampes<\/strong>Le test de l'\u00e9clairage : placer sym\u00e9triquement, capots droits, pieds parall\u00e8les aux tables ; tester toutes les lampes (LEDs correctement serr\u00e9es).<\/li>\n<li>\ud83c\udfb4 <strong>D\u00e9tails<\/strong>Cartes de visite, notes de jeu, blocs-notes et stylos par table, tous droits et espac\u00e9s de mani\u00e8re r\u00e9guli\u00e8re.<\/li>\n<\/ul>\n<p>-<\/p>\n<h3>\ud83e\uddfd Finishing &amp; polishing round<\/h3>\n<ul>\n<li>\ud83e\uddf4 <strong>Tout polir<\/strong> \u00e0 l'aide d'un spray et d'un chiffon en microfibre : les bords de table, les pieds de lampe, les abat-jours, les d\u00e9cors, toutes les traces de doigts.<\/li>\n<li>\ud83e\ude91 <strong>Chaises<\/strong> (le cas \u00e9ch\u00e9ant) : sous le bord de la table, tous les dos sur la m\u00eame ligne.<\/li>\n<li>\ud83e\uddfc <strong>La salet\u00e9 s'en va<\/strong>Les bo\u00eetes vides, le papier d'aluminium et les restes de ruban adh\u00e9sif sont imm\u00e9diatement \u00e9limin\u00e9s \u201csol propre et \u00e9tanche\u201d.<\/li>\n<\/ul>\n<p>-<\/p>\n<h3>\ud83d\udd0d Contr\u00f4le de qualit\u00e9 avant le d\u00e9marrage<\/h3>\n<ul>\n<li>\ud83d\udccf <strong>Alignement<\/strong>Les tables sont-elles toutes droites, align\u00e9es et espac\u00e9es de la m\u00eame mani\u00e8re ?<\/li>\n<li>\ud83e\uddee <strong>Equipement complet<\/strong>Le contr\u00f4le est effectu\u00e9 \u00e0 l'aide de la feuille d'appel\/liste finale (jetons, balles, jeux de cartes, marqueurs, \u00e9tag\u00e8res, ruban adh\u00e9sif, r\u00e9serve).<\/li>\n<li>\ud83d\udca1 <strong>Lumi\u00e8re et \u00e9lectricit\u00e9<\/strong>Le syst\u00e8me de contr\u00f4le de l'acc\u00e8s \u00e0 l'internet a \u00e9t\u00e9 mis en place par le minist\u00e8re de l'\u00e9ducation et de la culture.<\/li>\n<li>\ud83c\udf9b\ufe0f <strong>Sonorisation\/DJ<\/strong> dans le voisinage ? L'emplacement est-il encore judicieux (volume\/d\u00e9bit) ?<\/li>\n<li>\ud83d\udcf8 <strong>Contenu<\/strong>Cr\u00e9er des clich\u00e9s dignes d'Instagram (vue d'ensemble, gros plan, d\u00e9tail). Voir la page \u201cCr\u00e9er du contenu\u201d.<\/li>\n<\/ul>\n<p>-<\/p>\n<h3>\ud83d\udc54 Pr\u00e9sentation du croupier<\/h3>\n<ul>\n<li>\ud83c\udfbd <strong>V\u00eatements de rechange<\/strong>Les visiteurs sont invit\u00e9s \u00e0 se rendre \u00e0 l'h\u00f4tel avant l'ouverture en tenue de ville (voir \u201cCode vestimentaire\u201d).<\/li>\n<li>\ud83e\ude9e <strong>Autocontr\u00f4le<\/strong>Le gilet doit \u00eatre bien droit, la cravate correcte, les chaussures propres, les cheveux et les ongles soign\u00e9s. Souriez. \u2714\ufe0f<\/li>\n<\/ul>\n<p>-<\/p>\n<h3>\ud83e\udde0 Penser logiquement = travailler professionnellement<\/h3>\n<ul>\n<li>\ud83e\udded <strong>Se placer du point de vue de l'invit\u00e9<\/strong>Les conditions d'acc\u00e8s sont les suivantes : bonne visibilit\u00e9, espace pour se tenir debout ou marcher, pas de c\u00e2bles sur le chemin, position correcte de la table.<\/li>\n<li>\ud83d\udd04 <strong>Travailler dans un ordre logique<\/strong>: d\u00e9poser \u2192 aligner \u2192 couvrir \u2192 mat\u00e9riaux \u2192 lumi\u00e8re \u2192 polir \u2192 photo \u2192 changer.<\/li>\n<li>\ud83e\udd1d <strong>S'entraider<\/strong>: vous avez termin\u00e9 votre table ? Passez voir votre coll\u00e8gue pour un dernier contr\u00f4le ou un tour de polissage.<\/li>\n<\/ul>\n<p>-<\/p>\n<h3>\u26a0\ufe0f Erreurs courantes (et comment les \u00e9viter)<\/h3>\n<ul>\n<li>\u274c Inclinaison des tableaux ou \u201csaut\u201d en ligne \u2192 <strong>Toujours<\/strong> la visualisation et le repositionnement \u00e0 distance.<\/li>\n<li>\u274c Faire passer les c\u00e2bles dans les all\u00e9es \u2192 le long des murs ou les fixer \u00e0 l'aide d'un ruban ou d'un pont de c\u00e2bles.<\/li>\n<li>\u274c Traces de doigts gras sur les bords\/couverture \u2192 finition <strong>toujours<\/strong> avec spray + chiffon.<\/li>\n<li>\u274c Bo\u00eete de mat\u00e9riel incompl\u00e8te \u2192 cocher avec la liste ; en cas de doute, signaler imm\u00e9diatement dans l'application du groupe.<\/li>\n<li>\u274c Installation trop serr\u00e9e \u2192 repositionner avant le d\u00e9ballage ; demander \u00e0 LG de prendre une d\u00e9cision\/accord avec le client.<\/li>\n<\/ul>\n<p>-<\/p>\n<h3>\ud83d\udd52 Temps et travail d'\u00e9quipe<\/h3>\n<ul>\n<li>\u23f1\ufe0f <strong>Respecter le calendrier<\/strong> To (feuille d'appel) : accumuler du temps pour pouvoir se changer et se mettre au courant tranquillement.<\/li>\n<li>\ud83d\udc42 <strong>\u00c9couter le LG<\/strong> et communiquer bri\u00e8vement et clairement. Un seul point de contact = rapidit\u00e9 et tranquillit\u00e9 d'esprit.<\/li>\n<\/ul>\n<p>-<\/p>\n<h3>Liste de contr\u00f4le de fin de chantier (contr\u00f4le rapide)<\/h3>\n<ul>\n<li>\ud83d\udccd Tables align\u00e9es et plac\u00e9es de mani\u00e8re logique<\/li>\n<li>\ud83e\udde9 Mat\u00e9riel complet par tableau (liste de contr\u00f4le utilis\u00e9e)<\/li>\n<li>\ud83d\udca1 Lumi\u00e8res test\u00e9es ; c\u00e2bles s\u00e9curis\u00e9s et rang\u00e9s<\/li>\n<li>\ud83e\uddfd Polissage des arrondis effectu\u00e9 (bords, pieds de lampe, capuchons, d\u00e9tails)<\/li>\n<li>\ud83d\udcf8 Cr\u00e9ation de 3 plans de contenu (vue d'ensemble, gros plan, d\u00e9tail)<\/li>\n<li>\ud83d\udc54 L'\u00e9quipe en tenue compl\u00e8te est pr\u00eate pour le d\u00e9part<\/li>\n<\/ul>\n<p>-<\/p>\n<p><strong>La norme que nous nous effor\u00e7ons d'atteindre :<\/strong> bien agenc\u00e9s, logiquement dispos\u00e9s, solidement c\u00e2bl\u00e9s, brillamment polis et pr\u00eats \u00e0 \u00eatre photographi\u00e9s.<br \/>\nDe cette mani\u00e8re, nous atteignons le niveau o\u00f9 <strong>Royal Casino Company<\/strong> repr\u00e9sente. \u2728<\/p>\n<\/div><div class=\"divider-wrapper\"  >\n    <hr class=\"border-accent-color separator-no-padding\"  \/>\n<\/div>\n<\/div><\/div><\/div><\/div><\/div><\/div><\/div><\/div><\/div><\/div><\/div><\/div><\/div><script id=\"script-row-unique-0\" data-row=\"script-row-unique-0\" type=\"text\/javascript\" class=\"vc_controls\">UNCODE.initRow(document.getElementById(\"row-unique-0\"));<\/script><\/div><\/div><\/div>\n<\/div>","protected":false},"excerpt":{"rendered":"\ud83e\uddf1 Opbouw casino De opbouw bepaalt de eerste indruk van onze klant en gasten. We werken gestructureerd, snel en netjes, [...]","protected":false},"author":1,"featured_media":0,"parent":71016,"menu_order":0,"comment_status":"closed","ping_status":"closed","template":"","meta":{"footnotes":""},"class_list":["post-71188","page","type-page","status-publish","hentry","page_category-personeel-portaal"],"_links":{"self":[{"href":"https:\/\/royalcasinocompany.nl\/fr\/wp-json\/wp\/v2\/pages\/71188","targetHints":{"allow":["GET"]}}],"collection":[{"href":"https:\/\/royalcasinocompany.nl\/fr\/wp-json\/wp\/v2\/pages"}],"about":[{"href":"https:\/\/royalcasinocompany.nl\/fr\/wp-json\/wp\/v2\/types\/page"}],"author":[{"embeddable":true,"href":"https:\/\/royalcasinocompany.nl\/fr\/wp-json\/wp\/v2\/users\/1"}],"replies":[{"embeddable":true,"href":"https:\/\/royalcasinocompany.nl\/fr\/wp-json\/wp\/v2\/comments?post=71188"}],"version-history":[{"count":7,"href":"https:\/\/royalcasinocompany.nl\/fr\/wp-json\/wp\/v2\/pages\/71188\/revisions"}],"predecessor-version":[{"id":71945,"href":"https:\/\/royalcasinocompany.nl\/fr\/wp-json\/wp\/v2\/pages\/71188\/revisions\/71945"}],"up":[{"embeddable":true,"href":"https:\/\/royalcasinocompany.nl\/fr\/wp-json\/wp\/v2\/pages\/71016"}],"wp:attachment":[{"href":"https:\/\/royalcasinocompany.nl\/fr\/wp-json\/wp\/v2\/media?parent=71188"}],"curies":[{"name":"wp","href":"https:\/\/api.w.org\/{rel}","templated":true}]}}