{"id":71194,"date":"2025-11-02T12:39:05","date_gmt":"2025-11-02T11:39:05","guid":{"rendered":"https:\/\/royalcasinocompany.nl\/?page_id=71194"},"modified":"2026-01-16T10:56:00","modified_gmt":"2026-01-16T09:56:00","slug":"uitdelen-speelgeld","status":"publish","type":"page","link":"https:\/\/royalcasinocompany.nl\/fr\/personeel\/uitdelen-speelgeld\/","title":{"rendered":"Distribution d'argent de jeu"},"content":{"rendered":"<div class=\"wpb-content-wrapper\"><div data-parent=\"true\" class=\"vc_row row-container boomapps_vcrow\" id=\"row-unique-0\"><div class=\"row limit-width row-parent\"><div class=\"wpb_row row-inner\"><div class=\"wpb_column pos-top pos-center align_left column_parent col-lg-12 boomapps_vccolumn single-internal-gutter\"><div class=\"uncol style-dark\"  ><div class=\"uncoltable\"><div class=\"uncell  boomapps_vccolumn no-block-padding\" ><div class=\"uncont\" ><div class=\"vc_row row-internal row-container boomapps_vcrow\"><div class=\"row row-child\"><div class=\"wpb_row row-inner\"><div class=\"wpb_column pos-top pos-center align_left column_child col-lg-12 boomapps_vccolumn single-internal-gutter\"><div class=\"uncol style-dark\" ><div class=\"uncoltable\"><div class=\"uncell  boomapps_vccolumn no-block-padding\" ><div class=\"uncont\" ><div class=\"vc_custom_heading_wrap\"><div class=\"heading-text el-text\" ><\/p>\n<h1>\ud83d\udcb5 Distribuer de l'argent et des jetons<\/h1>\n<p>\n<hr class=\"separator-break separator-accent\" \/><\/div><div class=\"clear\"><\/div><\/div><div class=\"empty-space empty-single\" ><span class=\"empty-space-inner\"><\/span><\/div>\n<div class=\"uncode_text_column\" ><p>La distribution d'argent de jeu est une partie importante du travail dans un casino.<br \/>\nApr\u00e8s tout, c'est elle qui d\u00e9termine le d\u00e9but de la soir\u00e9e casino, l'\u00e9quilibre sur les tables et l'exp\u00e9rience des invit\u00e9s.<br \/>\nIl est donc important que cette <strong>claire, professionnelle et coh\u00e9rente<\/strong> est r\u00e9alis\u00e9e par l'ensemble de l'\u00e9quipe.<\/p>\n<p>-<\/p>\n<h3>\ud83c\udfaf Pourquoi c'est important<\/h3>\n<p>L'utilisation correcte de l'argent de jeu et des jetons est garantie :<\/p>\n<ul>\n<li>\u2696\ufe0f Un d\u00e9part juste et \u00e9quitable pour tous les invit\u00e9s.<\/li>\n<li>\ud83c\udfb2 Un bon \u00e9quilibre entre le jeu, le suspense et l'amusement.<\/li>\n<li>\ud83d\udcac Une image professionnelle vis-\u00e0-vis du client.<\/li>\n<li>\ud83d\udcb0 Une exp\u00e9rience de jeu r\u00e9aliste pas trop peu et pas trop de jetons en circulation.<\/li>\n<\/ul>\n<p>-<\/p>\n<h3>\ud83d\udc64 Qui distribue l'argent des jeux ?<\/h3>\n<ul>\n<li>Le <strong>croupier ex\u00e9cutif (LG)<\/strong> d\u00e9termine la valeur en jetons d'un billet (voir le tableau des billets et des jetons ci-dessous).<\/li>\n<li>Le <strong>croupiers<\/strong> distribuer l'argent des jeux aux invit\u00e9s, ce qui arrive toujours <strong>sous l'\u00e9gide du gouvernement local<\/strong> et selon la valeur convenue par billet.<\/li>\n<li>La valeur ne vous a pas encore \u00e9t\u00e9 transmise ? <strong>Poser des questions proactives au LG \u00e0 ce sujet<\/strong> avant de commencer \u00e0 distribuer.<\/li>\n<\/ul>\n<p>-<\/p>\n<h3>\ud83d\udccd O\u00f9 et quand distribuez-vous les documents ?<\/h3>\n<ul>\n<li>L'argent de jeu sera distribu\u00e9 \u00e0 l'entr\u00e9e des invit\u00e9s, en fonction de l'organisation de l'\u00e9v\u00e9nement.<br \/>\nConsultez toujours le client au sujet de ses souhaits et des modalit\u00e9s de distribution de l'argent de jeu.<\/li>\n<li>Lors d'\u00e9v\u00e9nements plus modestes, les croupiers distribuent eux-m\u00eames les billets ou les jetons en se d\u00e9pla\u00e7ant et en remettant personnellement \u00e0 chaque invit\u00e9 de l'argent de jeu, accompagn\u00e9 d'une br\u00e8ve explication de l'objectif et du prix \u00e0 gagner.<\/li>\n<li>Pour les \u00e9v\u00e9nements plus importants, cela se fait g\u00e9n\u00e9ralement de mani\u00e8re centralis\u00e9e \u00e0 l'entr\u00e9e de la f\u00eate. Les h\u00f4tesses sont souvent l\u00e0 pour accueillir les invit\u00e9s avec un verre de bulles, et il est particuli\u00e8rement agr\u00e9able qu'elles remettent \u00e9galement l'argent de jeu aux invit\u00e9s. Cela se fait toujours en concertation avec le client, afin que les souhaits et les accords soient clairs.<\/li>\n<li>Le LG s'assure que tout le monde est au courant <strong>o\u00f9<\/strong> la distribution a lieu et <strong>quand<\/strong> cela devrait se produire.<\/li>\n<\/ul>\n<p>-<\/p>\n<h3>\ud83d\udcb8 Combien d'argent de jeu donnez-vous par invit\u00e9 ?<\/h3>\n<p>La quantit\u00e9 de jetons par invit\u00e9 d\u00e9pend de la taille de l'\u00e9v\u00e9nement et du nombre de tables.<br \/>\nSuivez toujours les instructions figurant sur le <strong>feuille d'appel<\/strong> ou utiliser le tableau ci-dessous.<\/p>\n<p>-<\/p>\n<h3>\ud83d\udcb6 Tableau des notes et des fiches (ligne directrice)<\/h3>\n<p>Utilisez ce tableau pour d\u00e9terminer <strong>Combien de billets ?<\/strong> et <strong>Combien d'euros en jetons ?<\/strong> par billet.<br \/>\nCette ligne directrice garantit que chaque \u00e9v\u00e9nement est \u00e9quilibr\u00e9 : il n'y a ni trop ni trop peu d'argent de jeu en circulation.<br \/>\nLe nombre de billets et la valeur par billet sont d\u00e9termin\u00e9s en fonction du nombre d'invit\u00e9s et de tables de l'\u00e9v\u00e9nement.<\/p>\n<p>La r\u00e9partition correcte des jetons est importante pour la <strong>temps de jeu, exp\u00e9rience et professionnalisme<\/strong>.<br \/>\nTrop de jetons entra\u00eenent une faible rotation aux tables de jeu, trop peu de jetons entra\u00eenent un \u00e9puisement trop rapide des jetons par les clients.<br \/>\nIl est donc essentiel que vous compreniez bien cette table et que vous l'utilisiez syst\u00e9matiquement lorsque vous distribuez de l'argent de jeu.<\/p>\n<style>\n  table.rcc-table {<br \/>    width: 100%;<br \/>    border-collapse: collapse;<br \/>    margin-top: 10px;<br \/>    margin-bottom: 20px;<br \/>    font-size: 15px;<br \/>    border: 1px solid #444;<br \/>  }<br \/>  table.rcc-table th {<br \/>    background-color: #c9a34a; \/* goudkleurige header *\/<br \/>    color: #111; \/* donkere tekst voor contrast *\/<br \/>    text-align: left;<br \/>    padding: 10px;<br \/>    font-weight: 700;<br \/>  }<br \/>  table.rcc-table td {<br \/>    border: 1px solid #555;<br \/>    padding: 10px;<br \/>    color: #fff; \/* witte tekst *\/<br \/>    background-color: #1f1f1f; \/* donkergrijze cellen *\/<br \/>  }<br \/>  table.rcc-table tr:nth-child(even) td {<br \/>    background-color: #292929; \/* afwisselend iets lichtere achtergrond *\/<br \/>  }<br \/>  table.rcc-table caption {<br \/>    caption-side: bottom;<br \/>    text-align: left;<br \/>    font-size: 14px;<br \/>    color: #aaa;<br \/>    padding-top: 8px;<br \/>  }<br \/><\/style>\n<table class=\"rcc-table\">\n<thead>\n<tr>\n<th>Nombre de tables de casino<\/th>\n<th>Nombre d'invit\u00e9s \u00e0 la f\u00eate<\/th>\n<th>Nombre de notes par invit\u00e9<\/th>\n<th>Valeur des jetons par billet<\/th>\n<\/tr>\n<\/thead>\n<tbody>\n<tr>\n<td>1 table<\/td>\n<td>10 - 50<\/td>\n<td>2<\/td>\n<td>\u20ac30 - \u20ac40<\/td>\n<\/tr>\n<tr>\n<td>2 tables<\/td>\n<td>25 - 150<\/td>\n<td>1-2<\/td>\n<td>\u20ac40 - \u20ac50<\/td>\n<\/tr>\n<tr>\n<td>3 tables<\/td>\n<td>50 - 200<\/td>\n<td>1<\/td>\n<td>\u20ac40 - \u20ac50<\/td>\n<\/tr>\n<tr>\n<td>4 tables<\/td>\n<td>100 - 250<\/td>\n<td>1<\/td>\n<td>\u20ac30 - \u20ac40<\/td>\n<\/tr>\n<tr>\n<td>5-7 tables<\/td>\n<td>150 - 500<\/td>\n<td>1<\/td>\n<td>\u20ac30 - \u20ac50<\/td>\n<\/tr>\n<tr>\n<td>8-10 tables<\/td>\n<td>250+<\/td>\n<td>1<\/td>\n<td>\u20ac30 - \u20ac40<\/td>\n<\/tr>\n<\/tbody>\n<\/table>\n<p>Veuillez noter qu'il s'agit de lignes directrices. Les valeurs exactes sont d\u00e9termin\u00e9es pour chaque \u00e9v\u00e9nement par le superviseur ou le personnel de bureau.<\/p>\n<p>-<\/p>\n<h3>\ud83d\udcc8 Lignes directrices g\u00e9n\u00e9rales<\/h3>\n<ul>\n<li>Au <strong>petits partis<\/strong> vous donnent g\u00e9n\u00e9ralement quelque chose <strong>plus de jetons par note<\/strong> Pour maintenir le jeu en vie.<\/li>\n<li>Au <strong>\u00e9v\u00e9nements majeurs<\/strong> vous donner <strong>moins de jetons<\/strong> pour mieux \u00e9quilibrer le jeu.<\/li>\n<li>L'objectif est toujours de faire en sorte que le <strong>temps de jeu<\/strong> et <strong>arc de tension<\/strong> \u00e9quilibre : personne ne doit \u00eatre \u00e0 court de jetons trop t\u00f4t.<\/li>\n<\/ul>\n<p>-<\/p>\n<h3>\ud83e\uddee Billets de banque personnalis\u00e9s<\/h3>\n<p>Il arrive qu'un client commande des notes personnalis\u00e9es avec son propre logo ou dessin. Comme le client paie un suppl\u00e9ment pour cela, il est important que vous sachiez <strong>combien et comment<\/strong> ces notes seront distribu\u00e9es.<\/p>\n<p>-<\/p>\n<h4>R\u00e8gles importantes :<\/h4>\n<ul>\n<li>\n<ul>\n<li>\ud83c\udf9f\ufe0f Distribuer les notes personnalis\u00e9es de la m\u00eame mani\u00e8re que les notes standard.<\/li>\n<li>\ud83d\udcb0 Utiliser le plus grand nombre possible de billets command\u00e9s - c'est le client qui les paie.<\/li>\n<li>\ud83d\udce6 Les notes sont g\u00e9n\u00e9ralement command\u00e9es par lots de 250. Utilisez la quasi-totalit\u00e9 d'entre elles, sauf accord contraire.<\/li>\n<li>\ud83c\udf81 Laissez les notes restantes sur place apr\u00e8s l'\u00e9v\u00e9nement ou donnez-les au client en souvenir. Le client a achet\u00e9 ces notes, alors assurez-vous toujours qu'elles lui parviennent.<\/li>\n<\/ul>\n<\/li>\n<\/ul>\n<h4>C'est ainsi que l'on calcule le nombre de notes par invit\u00e9 :<\/h4>\n<ol>\n<li>V\u00e9rifier le <strong>feuille d'appel<\/strong> Combien d'invit\u00e9s sont attendus.<\/li>\n<li>Divisez le nombre total de billets (g\u00e9n\u00e9ralement 250 ou 500) par le nombre d'invit\u00e9s.<\/li>\n<li>Arrondir le r\u00e9sultat \u00e0 <strong>ci-dessous<\/strong> sur une bonne note.<\/li>\n<\/ol>\n<p><strong>Exemple :<\/strong><br \/>\nLe client a command\u00e9 250 billets personnalis\u00e9s et il y a 70 invit\u00e9s.<br \/>\n250 \u00f7 70 = 3,5 \u2192 chaque invit\u00e9 re\u00e7oit <strong>3 notes<\/strong>.<\/p>\n<p>-<\/p>\n<h4>\u2696\ufe0f Important :<\/h4>\n<p>Lorsque vous d\u00e9pensez plus de billets par invit\u00e9, vous devez le faire. <strong>nombre de jetons par ticket<\/strong> l\u00e9g\u00e8rement vers le bas. Si vous ne le faites pas, trop d'argent de jeu entre en jeu et les tables sont d\u00e9s\u00e9quilibr\u00e9es. Travaillez donc toujours de mani\u00e8re coh\u00e9rente et coordonnez-vous avec le LG en cas de doute.<\/p>\n<p>-<\/p>\n<h3>\ud83e\udd14 Que faire lorsque les invit\u00e9s n'ont plus de jetons ?<\/h3>\n<ul>\n<li>\ud83c\udf89 <strong>Petites f\u00eates :<\/strong> remarquer que de nombreux invit\u00e9s sont \u201cfauch\u00e9s\u201d ?<br \/>\nAvec l'accord du GL et du client, organiser une r\u00e9union d'information. <strong>document suppl\u00e9mentaire<\/strong> et redonner de l'argent de d\u00e9part \u00e0 tous les invit\u00e9s pour que chacun ait \u00e0 nouveau les m\u00eames chances.<\/li>\n<li>\ud83c\udfe2 <strong>\u00c9v\u00e9nements majeurs :<\/strong> ne distribue des notes suppl\u00e9mentaires qu'en concertation avec le client et LG n'est souvent pas n\u00e9cessaire en cas de longue dur\u00e9e de jeu ou de nombreuses tables.<\/li>\n<\/ul>\n<p>-<\/p>\n<h3>\ud83d\udca1 Conseil suppl\u00e9mentaire<\/h3>\n<p>Les h\u00f4tes profitent de <strong>commencer par une grosse pile de jetons<\/strong>. Cela apporte imm\u00e9diatement de l'ambiance et de l'\u00e9nergie \u00e0 la pi\u00e8ce.<br \/>\nUn d\u00e9but enthousiaste = un meilleur jeu et un client plus heureux. Faire en sorte que les clients se sentent partie prenante d'une v\u00e9ritable exp\u00e9rience de casino d\u00e8s la premi\u00e8re seconde - c'est la diff\u00e9rence que fait Royal Casino Company. \ud83c\udfb2<\/p>\n<p>-<\/p>\n<h3>\u2705 R\u00e9sum\u00e9<\/h3>\n<ul>\n<li>Le <strong>ex\u00e9cutif<\/strong> d\u00e9termine la valeur par note \u2192 toujours demander.<\/li>\n<li>Le <strong>croupiers<\/strong> distribuer l'argent des jeux - de mani\u00e8re ordonn\u00e9e, organis\u00e9e et avec le sourire.<\/li>\n<li>Utiliser des notes personnalis\u00e9es <strong>presque tous<\/strong> (le client paie pour cela).<\/li>\n<li>Pour des notes suppl\u00e9mentaires, ajuster le <strong>nombre de jetons par ticket<\/strong> pour maintenir l'\u00e9quilibre.<\/li>\n<li>Travaillez toujours selon le tableau ou les instructions du bureau.<\/li>\n<li>Faites d\u00e9marrer les invit\u00e9s avec enthousiasme : plus de jetons = plus de plaisir = client satisfait.<\/li>\n<\/ul>\n<p>-<\/p>\n<p><strong>Conclusion :<\/strong> Travailler de mani\u00e8re coh\u00e9rente, assurer une bonne coordination avec le GL et distribuer les documents de mani\u00e8re professionnelle garantissent le bon d\u00e9roulement et l'\u00e9quit\u00e9 de chaque \u00e9v\u00e9nement.<br \/>\nC'est la base d'un casino prosp\u00e8re - et cela commence par vous. \ud83d\udcaa<\/p>\n<\/div><div class=\"divider-wrapper\"  >\n    <hr class=\"border-accent-color separator-no-padding\"  \/>\n<\/div>\n<\/div><\/div><\/div><\/div><\/div><\/div><\/div><\/div><\/div><\/div><\/div><\/div><\/div><script id=\"script-row-unique-0\" data-row=\"script-row-unique-0\" type=\"text\/javascript\" class=\"vc_controls\">UNCODE.initRow(document.getElementById(\"row-unique-0\"));<\/script><\/div><\/div><\/div>\n<\/div>","protected":false},"excerpt":{"rendered":"\ud83d\udcb5 Uitdelen van speelgeld &amp; fiches Het uitdelen van het casino-speelgeld is een belangrijk onderdeel van elke casino opdracht. Het [...]","protected":false},"author":1,"featured_media":0,"parent":71016,"menu_order":0,"comment_status":"closed","ping_status":"closed","template":"","meta":{"footnotes":""},"class_list":["post-71194","page","type-page","status-publish","hentry","page_category-personeel-portaal"],"_links":{"self":[{"href":"https:\/\/royalcasinocompany.nl\/fr\/wp-json\/wp\/v2\/pages\/71194","targetHints":{"allow":["GET"]}}],"collection":[{"href":"https:\/\/royalcasinocompany.nl\/fr\/wp-json\/wp\/v2\/pages"}],"about":[{"href":"https:\/\/royalcasinocompany.nl\/fr\/wp-json\/wp\/v2\/types\/page"}],"author":[{"embeddable":true,"href":"https:\/\/royalcasinocompany.nl\/fr\/wp-json\/wp\/v2\/users\/1"}],"replies":[{"embeddable":true,"href":"https:\/\/royalcasinocompany.nl\/fr\/wp-json\/wp\/v2\/comments?post=71194"}],"version-history":[{"count":11,"href":"https:\/\/royalcasinocompany.nl\/fr\/wp-json\/wp\/v2\/pages\/71194\/revisions"}],"predecessor-version":[{"id":71963,"href":"https:\/\/royalcasinocompany.nl\/fr\/wp-json\/wp\/v2\/pages\/71194\/revisions\/71963"}],"up":[{"embeddable":true,"href":"https:\/\/royalcasinocompany.nl\/fr\/wp-json\/wp\/v2\/pages\/71016"}],"wp:attachment":[{"href":"https:\/\/royalcasinocompany.nl\/fr\/wp-json\/wp\/v2\/media?parent=71194"}],"curies":[{"name":"wp","href":"https:\/\/api.w.org\/{rel}","templated":true}]}}