{"id":71196,"date":"2025-11-02T12:41:05","date_gmt":"2025-11-02T11:41:05","guid":{"rendered":"https:\/\/royalcasinocompany.nl\/?page_id=71196"},"modified":"2025-11-14T08:24:48","modified_gmt":"2025-11-14T07:24:48","slug":"verloop-casino-avond","status":"publish","type":"page","link":"https:\/\/royalcasinocompany.nl\/fr\/personeel\/verloop-casino-avond\/","title":{"rendered":"D\u00e9roulement de la soir\u00e9e casino"},"content":{"rendered":"<div class=\"wpb-content-wrapper\"><div data-parent=\"true\" class=\"vc_row row-container boomapps_vcrow\" id=\"row-unique-0\"><div class=\"row limit-width row-parent\"><div class=\"wpb_row row-inner\"><div class=\"wpb_column pos-top pos-center align_left column_parent col-lg-12 boomapps_vccolumn single-internal-gutter\"><div class=\"uncol style-dark\"  ><div class=\"uncoltable\"><div class=\"uncell  boomapps_vccolumn no-block-padding\" ><div class=\"uncont\" ><div class=\"vc_row row-internal row-container boomapps_vcrow\"><div class=\"row row-child\"><div class=\"wpb_row row-inner\"><div class=\"wpb_column pos-top pos-center align_left column_child col-lg-12 boomapps_vccolumn single-internal-gutter\"><div class=\"uncol style-dark\" ><div class=\"uncoltable\"><div class=\"uncell  boomapps_vccolumn no-block-padding\" ><div class=\"uncont\" ><div class=\"vc_custom_heading_wrap\"><div class=\"heading-text el-text\" ><\/p>\n<h1>\ud83c\udfb2 D\u00e9roulement de la soir\u00e9e casino<\/h1>\n<p>\n<hr class=\"separator-break separator-accent\" \/><\/div><div class=\"clear\"><\/div><\/div><div class=\"empty-space empty-single\" ><span class=\"empty-space-inner\"><\/span><\/div>\n<div class=\"uncode_text_column\" ><p>Une soir\u00e9e casino au <strong>Royal Casino Company<\/strong> est une exp\u00e9rience du d\u00e9but \u00e0 la fin. Pendant l'\u00e9v\u00e9nement, tout tourne autour du professionnalisme, de l'enthousiasme et de l'hospitalit\u00e9. En tant que croupier, vous \u00eates responsable du bon d\u00e9roulement des op\u00e9rations \u00e0 votre table, de la premi\u00e8re \u00e0 la derni\u00e8re partie.<\/p>\n<h3>\u23f1\ufe0f Avant le d\u00e9part<\/h3>\n<ul>\n<li>\ud83d\udd54 <strong>Cinq minutes avant que les invit\u00e9s ne commencent \u00e0 jouer<\/strong> \u00eates-vous <strong>active et repr\u00e9sentative<\/strong> pr\u00eat derri\u00e8re votre table.<\/li>\n<li>\ud83d\udc4b Accueillir les invit\u00e9s avec le sourire et se pr\u00e9senter poliment (\u201cBonsoir, bienvenue \u00e0 la table de Blackjack !\u201d).<\/li>\n<li>\ud83d\udcd8 Beaucoup d'invit\u00e9s ne savent pas comment fonctionne le jeu, c'est pourquoi ils donnent <strong>toujours une explication enthousiaste du jeu<\/strong>.<\/li>\n<li>\ud83d\udcc4 Apr\u00e8s votre explication, pointez du doigt les <strong>r\u00e8gles-flyer<\/strong> qui se trouve sur la table, afin que les invit\u00e9s qui embarqueront plus tard puissent \u00e9galement prendre le temps de lire.<\/li>\n<li>\ud83d\udcac Utilisez un langage simple, de l'humour et de l'\u00e9nergie - l'ambiance \u00e0 table commence par vous !<\/li>\n<\/ul>\n<h3>\ud83c\udfaf En jouant<\/h3>\n<p>D\u00e8s l'ouverture des tables du casino, vous jouez un r\u00f4le central dans l'atmosph\u00e8re et l'exp\u00e9rience.<br \/>\nVous n'\u00eates pas seulement le directeur du jeu, mais aussi l'animateur, l'h\u00f4te ou l'h\u00f4tesse et le point de contact pour tous les joueurs.<\/p>\n<ul>\n<li>\ud83c\udfb2 <strong>Restez actif et impliqu\u00e9 :<\/strong> Parlez \u00e0 vos joueurs, encouragez-les et f\u00e9licitez-les lorsqu'ils gagnent.<\/li>\n<li>\ud83d\udd04 <strong>Encourager le flux :<\/strong> les clients peuvent changer de table au cours de la soir\u00e9e et continuer \u00e0 jouer sur d'autres jeux.<\/li>\n<li>\ud83d\udcac <strong>Les explications restent importantes :<\/strong> les nouveaux joueurs expliquent toujours bri\u00e8vement le jeu, m\u00eame lorsqu'il y a beaucoup de monde.<\/li>\n<li>\ud83d\udc40 <strong>Gardez une vue d'ensemble :<\/strong> faire attention \u00e0 qui joue beaucoup, \u00e0 qui est nouveau, et si tout le monde s'amuse.<\/li>\n<li>\ud83d\udcb8 <strong>Soyez attentifs aux copeaux :<\/strong> v\u00e9rifier r\u00e9guli\u00e8rement que les chiffres sont corrects et que personne ne prend de jetons suppl\u00e9mentaires sans s'en apercevoir.<\/li>\n<\/ul>\n<p>Avant tout, laissez vos invit\u00e9s s'amuser <strong>Il ne s'agit pas seulement de gagner, mais de vivre une exp\u00e9rience inoubliable.<\/strong>. C'est vous qui veillez \u00e0 ce que tout le monde se sente bien accueilli et comprenne le fonctionnement du jeu. Un croupier enthousiaste cr\u00e9e automatiquement une atmosph\u00e8re amicale et professionnelle.<\/p>\n<h3>\u2615 Pause pendant l'\u00e9v\u00e9nement<\/h3>\n<p>Lors d'une soir\u00e9e casino d'environ <strong>4 heures<\/strong> aura lieu apr\u00e8s environ <strong>2 heures une courte pause<\/strong> lieu.<\/p>\n<ul>\n<li>\ud83d\udd52 <strong>Dur\u00e9e de la pause :<\/strong> 15 minutes maximum.<\/li>\n<li>\ud83d\udce2 Vous annoncez la pause en disant clairement :<br \/>\n<em>\u201cMesdames et Messieurs, deux derniers rounds avant la pause !\u201d<\/em><\/li>\n<li>\ud83e\uddcd Pause <strong>\u00e0 son tour<\/strong> Ainsi, quelqu'un reste toujours \u00e0 c\u00f4t\u00e9 des tables pour superviser.<\/li>\n<li>\ud83d\udebb Profitez de ce moment pour aller aux toilettes et boire un verre (sans alcool).<\/li>\n<\/ul>\n<h4>\ud83d\udd12 S\u00e9curit\u00e9 pendant les pauses<\/h4>\n<ul>\n<li>\ud83d\udd10 Ne laissez jamais de jetons sans surveillance.<\/li>\n<li>\ud83e\udde9 Fermer le <strong>chiptray<\/strong> avec le couvercle (au Blackjack) ou couvrir les jetons avec un <strong>torchon<\/strong> s'il n'y a pas de couvercle.<\/li>\n<li>\ud83d\udeab Les invit\u00e9s ne sont pas autoris\u00e9s \u00e0 toucher les tables ou les jetons pendant la pause.<\/li>\n<\/ul>\n<h4>\ud83d\udead Important : pause non-fumeur<\/h4>\n<p>Fumer est <strong>interdit<\/strong> pendant les pauses au casino. L'odeur de cigarette et les mains qui sentent la cigarette font mauvaise impression sur les clients.<br \/>\nDe plus, cette odeur persiste dans vos v\u00eatements, ce qui n'est pas frais pendant que vous travaillez. Profitez de la pause pour boire un verre, prendre l'air et vous reposer un peu, pas pour fumer une cigarette.<\/p>\n<h3>\ud83d\udcac Traiter avec les invit\u00e9s<\/h3>\n<ul>\n<li>\ud83e\udd1d Soyez toujours aimable, patient et professionnel, m\u00eame aux tables les plus fr\u00e9quent\u00e9es.<\/li>\n<li>\ud83d\udca1 Soyez attentifs aux invit\u00e9s qui ne comprennent pas le jeu et r\u00e9expliquez-le calmement.<\/li>\n<li>\ud83c\udfa9 S'adresser aux invit\u00e9s avec politesse et garder une attitude ouverte et positive.<\/li>\n<li>\ud83c\udfb6 Cr\u00e9er une atmosph\u00e8re d\u00e9tendue et confortable sans se salir.<\/li>\n<li>\ud83c\udfaf Toujours se concentrer sur le plaisir des invit\u00e9s : c'est plus important que le r\u00e9sultat du jeu.<\/li>\n<\/ul>\n<h3>\ud83e\udded Attitude professionnelle pendant l'\u00e9v\u00e9nement<\/h3>\n<ul>\n<li>\ud83d\udcf1 Les t\u00e9l\u00e9phones sont gard\u00e9s hors de vue et ne sont pas utilis\u00e9s \u00e0 table.<\/li>\n<li>\ud83c\udf79 Pas de boissons alcoolis\u00e9es pendant les heures de travail.<\/li>\n<li>\ud83e\ude9e Portez des v\u00eatements soign\u00e9s, un gilet droit, une cravate, vous repr\u00e9sentez bien la marque Royal Casino Company.<\/li>\n<li>\ud83d\ude0a Gardez le sourire, \u00e9tablissez un contact visuel et rayonnez de calme et d'amusement, m\u00eame dans les foules.<\/li>\n<\/ul>\n<h3>\ud83c\udfc1 Fin de soir\u00e9e<\/h3>\n<p>\u00c0 la fin de l'\u00e9v\u00e9nement, tout le monde aide \u00e0 cl\u00f4turer la soir\u00e9e proprement. Vous attendez le signal du manager avant de commencer \u00e0 nettoyer. Toutes les tables restent occup\u00e9es jusqu'\u00e0 ce que le responsable signale que le jeu est officiellement termin\u00e9.<\/p>\n<ul>\n<li>\ud83c\udfb2 Annoncer le tour final avec un sourire :<br \/>\n<em>\u201cMesdames et messieurs, c'est le dernier tour. Bonne chance et merci d'avoir jou\u00e9 !\u201d<\/em><\/li>\n<li>\ud83e\uddee Ensuite, commencez \u00e0 compter les jetons et notez le nom et le pr\u00e9nom du joueur, ainsi que son score final.<\/li>\n<li>\ud83e\uddfc Veillez \u00e0 ce que la table reste bien rang\u00e9e jusqu'au d\u00e9part du dernier invit\u00e9.<\/li>\n<\/ul>\n<h3>R\u00e9sum\u00e9<\/h3>\n<ul>\n<li>\ud83d\udd54 Soyez pr\u00eat derri\u00e8re votre table 5 minutes avant le d\u00e9part.<\/li>\n<li>\ud83c\udf93 Donnez \u00e0 chaque nouveau joueur une explication courte et claire du jeu.<\/li>\n<li>\ud83d\udcc4 Reportez-vous aux d\u00e9pliants contenant les r\u00e8gles du jeu qui se trouvent sur les tables.<\/li>\n<li>\u2615 Apr\u00e8s 2 heures : courte pause de \u00b115 minutes, \u00e0 tour de r\u00f4le.<\/li>\n<li>\ud83d\udd12 Couvrez toujours les jetons lorsque vous quittez la table.<\/li>\n<li>\ud83d\udead Il est interdit de fumer pendant les pauses.<\/li>\n<li>\ud83c\udfa9 Restez professionnel, enthousiaste et pr\u00e9sentable.<\/li>\n<\/ul>\n<p>En suivant correctement ces lignes directrices, nous garantissons ensemble une <strong>soir\u00e9e casino parfaitement organis\u00e9e, professionnelle et atmosph\u00e9rique<\/strong> exactement ce que nos clients attendent de nous. <strong>Royal Casino Company<\/strong>. \ud83c\udf1f<\/p>\n<\/div><\/div><\/div><\/div><\/div><\/div><\/div><\/div><\/div><\/div><\/div><\/div><\/div><\/div><script id=\"script-row-unique-0\" data-row=\"script-row-unique-0\" type=\"text\/javascript\" class=\"vc_controls\">UNCODE.initRow(document.getElementById(\"row-unique-0\"));<\/script><\/div><\/div><\/div>\n<\/div>","protected":false},"excerpt":{"rendered":"\ud83c\udfb2 Verloop van de casino avond Een casinoavond bij Royal Casino Company is een beleving van begin tot eind. Tijdens [...]","protected":false},"author":1,"featured_media":0,"parent":71016,"menu_order":0,"comment_status":"closed","ping_status":"closed","template":"","meta":{"footnotes":""},"class_list":["post-71196","page","type-page","status-publish","hentry","page_category-personeel-portaal"],"_links":{"self":[{"href":"https:\/\/royalcasinocompany.nl\/fr\/wp-json\/wp\/v2\/pages\/71196","targetHints":{"allow":["GET"]}}],"collection":[{"href":"https:\/\/royalcasinocompany.nl\/fr\/wp-json\/wp\/v2\/pages"}],"about":[{"href":"https:\/\/royalcasinocompany.nl\/fr\/wp-json\/wp\/v2\/types\/page"}],"author":[{"embeddable":true,"href":"https:\/\/royalcasinocompany.nl\/fr\/wp-json\/wp\/v2\/users\/1"}],"replies":[{"embeddable":true,"href":"https:\/\/royalcasinocompany.nl\/fr\/wp-json\/wp\/v2\/comments?post=71196"}],"version-history":[{"count":5,"href":"https:\/\/royalcasinocompany.nl\/fr\/wp-json\/wp\/v2\/pages\/71196\/revisions"}],"predecessor-version":[{"id":71473,"href":"https:\/\/royalcasinocompany.nl\/fr\/wp-json\/wp\/v2\/pages\/71196\/revisions\/71473"}],"up":[{"embeddable":true,"href":"https:\/\/royalcasinocompany.nl\/fr\/wp-json\/wp\/v2\/pages\/71016"}],"wp:attachment":[{"href":"https:\/\/royalcasinocompany.nl\/fr\/wp-json\/wp\/v2\/media?parent=71196"}],"curies":[{"name":"wp","href":"https:\/\/api.w.org\/{rel}","templated":true}]}}