{"id":71203,"date":"2025-11-02T12:49:30","date_gmt":"2025-11-02T11:49:30","guid":{"rendered":"https:\/\/royalcasinocompany.nl\/?page_id=71203"},"modified":"2026-01-16T10:47:45","modified_gmt":"2026-01-16T09:47:45","slug":"sluiting-casinotafels","status":"publish","type":"page","link":"https:\/\/royalcasinocompany.nl\/fr\/personeel\/sluiting-casinotafels\/","title":{"rendered":"Fermeture des tables de casino"},"content":{"rendered":"<div class=\"wpb-content-wrapper\"><div data-parent=\"true\" class=\"vc_row row-container boomapps_vcrow\" id=\"row-unique-0\"><div class=\"row limit-width row-parent\"><div class=\"wpb_row row-inner\"><div class=\"wpb_column pos-top pos-center align_left column_parent col-lg-12 boomapps_vccolumn single-internal-gutter\"><div class=\"uncol style-dark\"  ><div class=\"uncoltable\"><div class=\"uncell  boomapps_vccolumn no-block-padding\" ><div class=\"uncont\" ><div class=\"vc_row row-internal row-container boomapps_vcrow\"><div class=\"row row-child\"><div class=\"wpb_row row-inner\"><div class=\"wpb_column pos-top pos-center align_left column_child col-lg-12 boomapps_vccolumn single-internal-gutter\"><div class=\"uncol style-dark\" ><div class=\"uncoltable\"><div class=\"uncell  boomapps_vccolumn no-block-padding\" ><div class=\"uncont\" ><div class=\"vc_custom_heading_wrap\"><div class=\"heading-text el-text\" ><\/p>\n<h1>\ud83c\udfb0 Fermeture des tables de casino<\/h1>\n<p>\n<hr class=\"separator-break separator-accent\" \/><\/div><div class=\"clear\"><\/div><\/div><div class=\"empty-space empty-single\" ><span class=\"empty-space-inner\"><\/span><\/div>\n<div class=\"uncode_text_column\" ><p>La fin de la soir\u00e9e casino est un moment important. Elle d\u00e9termine l'impression finale du client et des invit\u00e9s.<br \/>\nC'est pourquoi nous fermons les tables du casino un <strong>de mani\u00e8re professionnelle, claire et structur\u00e9e<\/strong> off. Chaque croupier sait exactement ce que l'on attend de lui.<\/p>\n<p>-<\/p>\n<h3>\u23f3 Pr\u00e9paration de la fermeture<\/h3>\n<ul>\n<li>\ud83d\udd52 <strong>L'ex\u00e9cutif (LG)<\/strong> s'arr\u00eate \u00e0 peu pr\u00e8s <strong>15 minutes avant l'heure officielle d'arriv\u00e9e<\/strong>\u00a0avec son travail \u00e0 la table du casino pour aider l'association. <strong>c\u00e9r\u00e9monie de remise des prix<\/strong> pr\u00e9parer.<\/li>\n<li>\ud83c\udfb2 Les autres tables resteront ouvertes comme d'habitude, afin que les invit\u00e9s de la table ferm\u00e9e puissent continuer \u00e0 y jouer si n\u00e9cessaire.<\/li>\n<\/ul>\n<p>-<\/p>\n<h3>\ud83d\udce2 Annonce de fermeture<\/h3>\n<ul>\n<li>\ud83c\udfa4 Le LG annonce clairement la fermeture imminente, que ce soit par l'interm\u00e9diaire d'un DJ, d'un microphone ou verbalement.<br \/>\nPar exemple : <em>\u201cMesdames et Messieurs, le casino fermera dans 10 minutes. Veuillez remettre vos ch\u00e8ques et vos jetons aux tables du casino. La c\u00e9r\u00e9monie de remise des prix suivra.\u201d<\/em><\/li>\n<li>\ud83d\udcac Si n\u00e9cessaire, r\u00e9p\u00e9tez ce message une nouvelle fois sur un ton amical cinq minutes plus tard.<\/li>\n<li>\ud83c\udfaf De cette fa\u00e7on, tous les clients savent que le casino est sur le point de fermer et peuvent placer leurs derniers paris ou faire enregistrer leurs gains.<\/li>\n<\/ul>\n<p>-<\/p>\n<h3>\ud83e\uddee Collecte de jetons et de ch\u00e8ques<\/h3>\n<ul>\n<li>\ud83d\udcac Annoncez \u00e0 votre table avec un sourire que c'est le dernier tour.<br \/>\nPar exemple : <em>\u201cMesdames et messieurs, c'est le dernier round ! Mettez tout en \u0153uvre une derni\u00e8re fois et qui sait, vous pourriez terminer vainqueur de la soir\u00e9e !\u201d<\/em><\/li>\n<li>\ud83d\udcb0 Les croupiers veillent ensuite \u00e0 ce que tous les jetons soient proprement pris et que le score soit enregistr\u00e9 avec les noms et pr\u00e9noms.<\/li>\n<li>\ud83e\uddfe Les invit\u00e9s qui se pr\u00e9sentent \u00e0 votre table avec des ch\u00e8ques ou des jetons seront aid\u00e9s en notant leur score proprement et correctement avec leur nom et pr\u00e9nom.<\/li>\n<li>\ud83e\uddcd Le LG effectue un dernier tour dans la salle pour v\u00e9rifier si des jetons ou des ch\u00e8ques sont encore en circulation parmi les invit\u00e9s pr\u00e9sents.<\/li>\n<li>\ud83d\udccb S'il y a encore des joueurs avec des ch\u00e8ques, le GL note leur nom. <strong>score<\/strong> y compris le nom et le pr\u00e9nom sur la liste des laur\u00e9ats de la c\u00e9r\u00e9monie de remise des prix.<\/li>\n<\/ul>\n<p>-<\/p>\n<h3>\ud83e\udeb6 Fermeture professionnelle de la table<\/h3>\n<ul>\n<li>\ud83e\uddfc Veillez \u00e0 ce que la table soit bien rang\u00e9e, m\u00eame dans les derni\u00e8res minutes. Une table bien tenue respire le professionnalisme.<\/li>\n<li>\ud83e\uddee Ensuite, comptez calmement les jetons, notez les particularit\u00e9s et signalez imm\u00e9diatement les \u00e9carts dans l'appli du groupe de l'\u00e9v\u00e9nement. Il vous manque beaucoup de jetons ? Dirigez-vous alors vers une autre table de jeu pour voir s'il n'y a pas un surplus de jetons \u00e0 cet endroit, ce qui vous permettra de r\u00e9approvisionner votre plateau de jetons.<\/li>\n<\/ul>\n<p>-<\/p>\n<h3>\ud83c\udfc6 Pr\u00e9paration de la c\u00e9r\u00e9monie de remise des prix<\/h3>\n<ul>\n<li>\ud83c\udf9f\ufe0f Une fois tous les jetons et les ch\u00e8ques retir\u00e9s, le LG recueillera les scores les plus \u00e9lev\u00e9s de la soir\u00e9e, en fonction du nombre de prix disponibles.<\/li>\n<li>\ud83d\udcc8 Les croupiers peuvent aider en transmettant les gagnants de leur table au LG.<\/li>\n<li>\ud83c\udf81 Le LG pr\u00e9pare la c\u00e9r\u00e9monie de remise des prix ainsi que les prix fournis par le bureau ou le client.<\/li>\n<\/ul>\n<p>-<\/p>\n<h3>\u26a0\ufe0f Contr\u00f4le par le superviseur<\/h3>\n<ul>\n<li>\ud83d\udc40 Le chef de d\u00e9l\u00e9gation v\u00e9rifie toutes les tables avant le d\u00e9but de la c\u00e9r\u00e9monie de remise des prix.<\/li>\n<li>\ud83d\udd0d Points de contr\u00f4le : tous les jetons sont-ils pour la plupart complets, les bacs \u00e0 jetons sont-ils ferm\u00e9s, l'argent de jeu est-il rang\u00e9, les tables sont-elles bien rang\u00e9es ?<\/li>\n<li>\ud83d\udce2 Une fois que tout est termin\u00e9, le LG annonce que la c\u00e9r\u00e9monie de remise des prix va commencer.<\/li>\n<\/ul>\n<p>-<\/p>\n<h3>\ud83d\udca1 Points d'attention importants<\/h3>\n<ul>\n<li>\ud83d\udd52 La soir\u00e9e ne se termine que lorsque <strong>tous les jetons, billets et ch\u00e8ques<\/strong> ont \u00e9t\u00e9 remis et v\u00e9rifi\u00e9s.<\/li>\n<li>\ud83d\udeab Plus aucun joueur n'est autoris\u00e9 aux tables une fois la fermeture annonc\u00e9e.<\/li>\n<li>\ud83e\uddcd Rester professionnel et amical les derni\u00e8res minutes rester avec les invit\u00e9s le mieux.<\/li>\n<li>\ud83d\udde3\ufe0f \u00c9vitez la pr\u00e9cipitation ou le chaos. Le calme, la structure et le sourire garantissent une conclusion agr\u00e9able.<\/li>\n<\/ul>\n<p>-<\/p>\n<h3>\u2705 R\u00e9sum\u00e9<\/h3>\n<ul>\n<li>\u23f3 LG arr\u00eate le jeu 15 minutes avant la fin pour pr\u00e9parer la c\u00e9r\u00e9monie de remise des prix.<\/li>\n<li>\ud83d\udce2 LG annonce clairement la fermeture par l'interm\u00e9diaire d'un DJ ou d'un radiodiffuseur.<\/li>\n<li>\ud83c\udfb2 Les croupiers prennent tous les jetons et les ch\u00e8ques avec soin.<\/li>\n<li>Le responsable du projet note les r\u00e9sultats finaux et pr\u00e9pare la c\u00e9r\u00e9monie de remise des prix.<\/li>\n<li>\ud83e\uddfc Les tables restent bien rang\u00e9es jusqu'au dernier moment.<\/li>\n<li>\ud83c\udfc6 La soir\u00e9e se termine par une c\u00e9r\u00e9monie de remise des prix et la satisfaction des invit\u00e9s.<\/li>\n<\/ul>\n<p>-<\/p>\n<p>En adh\u00e9rant \u00e0 cette approche, nous terminons chaque soir\u00e9e de mani\u00e8re professionnelle, dans le calme et avec classe.<br \/>\nC'est ainsi que chaque \u00e9v\u00e9nement se termine comme il se doit : <strong>avec des clients satisfaits et une impression parfaite de la Royal Casino Company.<\/strong> \u2728<\/p>\n<\/div><div class=\"divider-wrapper\"  >\n    <hr class=\"border-accent-color separator-no-padding\"  \/>\n<\/div>\n<\/div><\/div><\/div><\/div><\/div><\/div><\/div><\/div><\/div><\/div><\/div><\/div><\/div><script id=\"script-row-unique-0\" data-row=\"script-row-unique-0\" type=\"text\/javascript\" class=\"vc_controls\">UNCODE.initRow(document.getElementById(\"row-unique-0\"));<\/script><\/div><\/div><\/div>\n<\/div>","protected":false},"excerpt":{"rendered":"\ud83c\udfb0 Sluiting van de casinotafels Het einde van de casinoavond is een belangrijk moment. Het bepaalt de laatste indruk bij [...]","protected":false},"author":1,"featured_media":0,"parent":71016,"menu_order":0,"comment_status":"closed","ping_status":"closed","template":"","meta":{"footnotes":""},"class_list":["post-71203","page","type-page","status-publish","hentry","page_category-personeel-portaal"],"_links":{"self":[{"href":"https:\/\/royalcasinocompany.nl\/fr\/wp-json\/wp\/v2\/pages\/71203","targetHints":{"allow":["GET"]}}],"collection":[{"href":"https:\/\/royalcasinocompany.nl\/fr\/wp-json\/wp\/v2\/pages"}],"about":[{"href":"https:\/\/royalcasinocompany.nl\/fr\/wp-json\/wp\/v2\/types\/page"}],"author":[{"embeddable":true,"href":"https:\/\/royalcasinocompany.nl\/fr\/wp-json\/wp\/v2\/users\/1"}],"replies":[{"embeddable":true,"href":"https:\/\/royalcasinocompany.nl\/fr\/wp-json\/wp\/v2\/comments?post=71203"}],"version-history":[{"count":7,"href":"https:\/\/royalcasinocompany.nl\/fr\/wp-json\/wp\/v2\/pages\/71203\/revisions"}],"predecessor-version":[{"id":71958,"href":"https:\/\/royalcasinocompany.nl\/fr\/wp-json\/wp\/v2\/pages\/71203\/revisions\/71958"}],"up":[{"embeddable":true,"href":"https:\/\/royalcasinocompany.nl\/fr\/wp-json\/wp\/v2\/pages\/71016"}],"wp:attachment":[{"href":"https:\/\/royalcasinocompany.nl\/fr\/wp-json\/wp\/v2\/media?parent=71203"}],"curies":[{"name":"wp","href":"https:\/\/api.w.org\/{rel}","templated":true}]}}