{"id":71206,"date":"2025-11-02T12:50:41","date_gmt":"2025-11-02T11:50:41","guid":{"rendered":"https:\/\/royalcasinocompany.nl\/?page_id=71206"},"modified":"2026-01-15T23:30:55","modified_gmt":"2026-01-15T22:30:55","slug":"prijsuitreiking","status":"publish","type":"page","link":"https:\/\/royalcasinocompany.nl\/fr\/personeel\/prijsuitreiking\/","title":{"rendered":"C\u00e9r\u00e9monie de remise des prix"},"content":{"rendered":"<div class=\"wpb-content-wrapper\"><div data-parent=\"true\" class=\"vc_row row-container boomapps_vcrow\" id=\"row-unique-0\"><div class=\"row limit-width row-parent\"><div class=\"wpb_row row-inner\"><div class=\"wpb_column pos-top pos-center align_left column_parent col-lg-12 boomapps_vccolumn single-internal-gutter\"><div class=\"uncol style-dark\"  ><div class=\"uncoltable\"><div class=\"uncell  boomapps_vccolumn no-block-padding\" ><div class=\"uncont\" ><div class=\"vc_row row-internal row-container boomapps_vcrow\"><div class=\"row row-child\"><div class=\"wpb_row row-inner\"><div class=\"wpb_column pos-top pos-center align_left column_child col-lg-12 boomapps_vccolumn single-internal-gutter\"><div class=\"uncol style-dark\" ><div class=\"uncoltable\"><div class=\"uncell  boomapps_vccolumn no-block-padding\" ><div class=\"uncont\" ><div class=\"vc_custom_heading_wrap\"><div class=\"heading-text el-text\" ><\/p>\n<h1>\ud83c\udfc6 C\u00e9r\u00e9monie de remise des prix<\/h1>\n<p>\n<hr class=\"separator-break separator-accent\" \/><\/div><div class=\"clear\"><\/div><\/div><div class=\"empty-space empty-single\" ><span class=\"empty-space-inner\"><\/span><\/div>\n<div class=\"uncode_text_column\" ><p>La c\u00e9r\u00e9monie de remise des prix est la <strong>point culminant et moment final<\/strong> de chaque soir\u00e9e casino. C'est le moment o\u00f9 nous remercions les invit\u00e9s pour leur enthousiasme, o\u00f9 nous mettons en avant les gagnants et o\u00f9 nous concluons l'\u00e9v\u00e9nement de mani\u00e8re festive. Une c\u00e9r\u00e9monie de remise des prix bien organis\u00e9e donne une excellente impression finale au client et aux invit\u00e9s.<\/p>\n<p>-<\/p>\n<h3>\ud83e\udded Pr\u00e9paration<\/h3>\n<ul>\n<li>\ud83d\udd52 <strong>Au d\u00e9but de la soir\u00e9e, discutez<\/strong> avec le client les modalit\u00e9s de notation et de remise des prix.<br \/>\nDiscutez \u00e9galement de la question de savoir si le client souhaite <strong>vous en tant que gestionnaire<\/strong> pr\u00e9sente la c\u00e9r\u00e9monie de remise des prix, ou s'il pr\u00e9f\u00e8re le faire lui-m\u00eame.<\/li>\n<li>\ud83d\udccb Apr\u00e8s avoir ferm\u00e9 les tables du casino, v\u00e9rifiez tous les <strong>scores et ch\u00e8ques<\/strong> et d\u00e9cider, avec l'\u00e9quipe, de l'identit\u00e9 des <strong>gagnants<\/strong>\u00a0de la soir\u00e9e sont.<\/li>\n<li>\ud83c\udfa4 Si possible : pr\u00e9parer la c\u00e9r\u00e9monie de remise des prix avec une <strong>microphone<\/strong> ou par l'interm\u00e9diaire du DJ pour une pr\u00e9sentation professionnelle.<\/li>\n<li>\ud83c\udf81 V\u00e9rifier que les lots sont pr\u00e9sents et complets (fournis par le client ou par la soci\u00e9t\u00e9 Royal Casino).<\/li>\n<li>\ud83d\udccd Choisissez un endroit central dans la salle o\u00f9 tous les invit\u00e9s auront une bonne vue sur la c\u00e9r\u00e9monie de remise des prix.<\/li>\n<\/ul>\n<p>-<\/p>\n<h3>\ud83d\udce2 D\u00e9roulement de la c\u00e9r\u00e9monie de remise des prix<\/h3>\n<ul>\n<li>\ud83c\udf89 Commencez par un accueil enthousiaste et remerciez tous les invit\u00e9s pour leur participation et leur convivialit\u00e9.<br \/>\nMettre l'accent sur les <strong>atmosph\u00e8re positive et fanatique<\/strong> de la soir\u00e9e et de la fa\u00e7on dont tout le monde a jou\u00e9 le jeu.<\/li>\n<li>\u2705 Pour \u00eatre s\u00fbr, demandez encore une fois si des invit\u00e9s n'ont pas encore remis leurs ch\u00e8ques ou leurs jetons.<\/li>\n<li>\ud83c\udfc5 Annoncer les gagnants, en commen\u00e7ant par celui qui a le plus de chance d'\u00eatre \u00e9lu. <strong>troisi\u00e8me place<\/strong> (le cas \u00e9ch\u00e9ant), puis le second, et terminer par le <strong>grand gagnant.<\/strong><\/li>\n<li>\ud83d\udc4f Apr\u00e8s chaque annonce, demandez <strong>applaudissements du public<\/strong> et donner bri\u00e8vement la parole au gagnant pour qu'il re\u00e7oive son prix.<\/li>\n<li>\ud83d\udcf8 Encourager le client ou le photographe \u00e0 prendre une photo rapide. <strong>captures d'images<\/strong> de la c\u00e9r\u00e9monie de remise des prix pour les m\u00e9dias sociaux ou pour un usage interne.<\/li>\n<li>\ud83d\udcac Faites preuve de l\u00e9g\u00e8ret\u00e9, de positivit\u00e9 et d'humour. Par exemple :<br \/>\n<em>\u201cEt ce joueur a eu tellement de chance que m\u00eame le casino n'a pas pu le suivre !\u201d<\/em><\/li>\n<\/ul>\n<p>-<\/p>\n<h3>\ud83c\udf81 Remise des prix<\/h3>\n<ul>\n<li>Le LG ou le croupier remet personnellement le prix avec un sourire et f\u00e9licite le gagnant.<\/li>\n<li>V\u00e9rifier que chaque prix va \u00e0 la bonne personne (selon les scores not\u00e9s).<\/li>\n<li>Remercier le client et \u00e9ventuellement l'organisation pour avoir rendu l'\u00e9v\u00e9nement possible.<\/li>\n<\/ul>\n<p>-<\/p>\n<h3>\ud83c\udfa4 Suggestion de texte pour le LG<\/h3>\n<p><em>\u201cMesdames et messieurs, quelle belle soir\u00e9e casino nous avons eue !<br \/>\nTout le monde a jou\u00e9 avec fanatisme et a cr\u00e9\u00e9 une atmosph\u00e8re fantastique.<br \/>\nMais comme dans tous les casinos, il y a de vrais gagnants au bout du compte<br \/>\nNous commen\u00e7ons par le chiffre trois...\u201d<\/em><\/p>\n<p>Faites preuve d'humour, d'\u00e9nergie et d'enthousiasme : c'est le moment o\u00f9 vous terminez la soir\u00e9e en beaut\u00e9.<br \/>\nNous voulons que les clients repartent avec un sourire et un bon sentiment.<\/p>\n<p>-<\/p>\n<h3>\ud83c\udf87 Cl\u00f4ture de la soir\u00e9e<\/h3>\n<ul>\n<li>\ud83d\udc4f Terminer par une derni\u00e8re salve d'applaudissements pour tous les participants.<\/li>\n<li>\ud83d\udcac Remercier \u00e0 nouveau le public au nom de <strong>Royal Casino Company<\/strong> pour leur enthousiasme.<\/li>\n<li>\ud83c\udfa4 Au nom de l'\u00e9quipe, je vous souhaite \u00e0 tous une bonne ann\u00e9e. <strong>bonne continuation de la soir\u00e9e<\/strong> ou de l'afterparty.<\/li>\n<li>\ud83d\udce6 Lorsque vous avez termin\u00e9, rassemblez les ch\u00e8ques ou les mat\u00e9riaux restants et remettez-les \u00e0 l'administrateur g\u00e9n\u00e9ral ou au croupier responsable.<\/li>\n<\/ul>\n<p>-<\/p>\n<h3>\ud83d\udca1 Conseils pour une c\u00e9r\u00e9monie de remise des prix parfaite<\/h3>\n<ul>\n<li>\ud83d\udd0a Parlez calmement et clairement ; utilisez un microphone si vous en avez un.<\/li>\n<li>\ud83c\udfb5 Si n\u00e9cessaire, demandez au DJ de jouer une courte musique \u00e0 chaque moment d'applaudissements.<\/li>\n<li>\ud83d\udcf8 Demandez s'il est possible de prendre une photo des gagnants avec leurs prix.<\/li>\n<li>\ud83c\udfa9 Restez professionnel, mais aussi spontan\u00e9 et enthousiaste ce moment pourrait bien avoir une dimension de spectacle.<\/li>\n<li>\ud83e\udd1d Prenez \u00e9galement le temps de remercier personnellement le client ou l'organisateur dans le micro pour sa coop\u00e9ration.<\/li>\n<\/ul>\n<p>-<\/p>\n<h3>\u2705 R\u00e9sum\u00e9<\/h3>\n<ul>\n<li>\ud83d\udd52 Pr\u00e9parer la c\u00e9r\u00e9monie de remise des prix en d\u00e9but de soir\u00e9e.<\/li>\n<li>\ud83d\udccb V\u00e9rifier les scores et d\u00e9terminer les trois premiers (en fonction du nombre de prix).<\/li>\n<li>\ud83c\udfa4 Pr\u00e9senter de mani\u00e8re \u00e9nergique, positive et avec humour.<\/li>\n<li>\ud83d\udc4f Faire participer le public par des applaudissements et de l'enthousiasme.<\/li>\n<li>\ud83c\udfc5 Remettre les prix de mani\u00e8re professionnelle et avec fiert\u00e9.<\/li>\n<li>\ud83c\udf87 Cl\u00f4turez la soir\u00e9e de mani\u00e8re festive par un vote de remerciement au nom de la Royal Casino Company.<\/li>\n<\/ul>\n<p>-<\/p>\n<p>Par un <strong>une c\u00e9r\u00e9monie de remise des prix claire, enthousiaste et bien organis\u00e9e<\/strong> En outre, nous terminons chaque \u00e9v\u00e9nement avec classe, plaisir et professionnalisme.<br \/>\nLes invit\u00e9s repartent avec le sourire et c'est le meilleur compliment que l'on puisse nous faire. \u2728<\/p>\n<\/div><div class=\"divider-wrapper\"  >\n    <hr class=\"border-accent-color separator-no-padding\"  \/>\n<\/div>\n<\/div><\/div><\/div><\/div><\/div><\/div><\/div><\/div><\/div><\/div><\/div><\/div><\/div><script id=\"script-row-unique-0\" data-row=\"script-row-unique-0\" type=\"text\/javascript\" class=\"vc_controls\">UNCODE.initRow(document.getElementById(\"row-unique-0\"));<\/script><\/div><\/div><\/div>\n<\/div>","protected":false},"excerpt":{"rendered":"\ud83c\udfc6 Prijsuitreiking De prijsuitreiking is het hoogtepunt \u00e9n slotmoment van elke casinoavond. Het is h\u00e9t moment waarop we de gasten [...]","protected":false},"author":1,"featured_media":0,"parent":71016,"menu_order":0,"comment_status":"closed","ping_status":"closed","template":"","meta":{"footnotes":""},"class_list":["post-71206","page","type-page","status-publish","hentry","page_category-personeel-portaal"],"_links":{"self":[{"href":"https:\/\/royalcasinocompany.nl\/fr\/wp-json\/wp\/v2\/pages\/71206","targetHints":{"allow":["GET"]}}],"collection":[{"href":"https:\/\/royalcasinocompany.nl\/fr\/wp-json\/wp\/v2\/pages"}],"about":[{"href":"https:\/\/royalcasinocompany.nl\/fr\/wp-json\/wp\/v2\/types\/page"}],"author":[{"embeddable":true,"href":"https:\/\/royalcasinocompany.nl\/fr\/wp-json\/wp\/v2\/users\/1"}],"replies":[{"embeddable":true,"href":"https:\/\/royalcasinocompany.nl\/fr\/wp-json\/wp\/v2\/comments?post=71206"}],"version-history":[{"count":5,"href":"https:\/\/royalcasinocompany.nl\/fr\/wp-json\/wp\/v2\/pages\/71206\/revisions"}],"predecessor-version":[{"id":71952,"href":"https:\/\/royalcasinocompany.nl\/fr\/wp-json\/wp\/v2\/pages\/71206\/revisions\/71952"}],"up":[{"embeddable":true,"href":"https:\/\/royalcasinocompany.nl\/fr\/wp-json\/wp\/v2\/pages\/71016"}],"wp:attachment":[{"href":"https:\/\/royalcasinocompany.nl\/fr\/wp-json\/wp\/v2\/media?parent=71206"}],"curies":[{"name":"wp","href":"https:\/\/api.w.org\/{rel}","templated":true}]}}