{"id":71208,"date":"2025-11-02T12:52:28","date_gmt":"2025-11-02T11:52:28","guid":{"rendered":"https:\/\/royalcasinocompany.nl\/?page_id=71208"},"modified":"2026-01-15T22:45:39","modified_gmt":"2026-01-15T21:45:39","slug":"afbouw","status":"publish","type":"page","link":"https:\/\/royalcasinocompany.nl\/fr\/personeel\/afbouw\/","title":{"rendered":"Ach\u00e8vement"},"content":{"rendered":"<div class=\"wpb-content-wrapper\"><div data-parent=\"true\" class=\"vc_row row-container boomapps_vcrow\" id=\"row-unique-0\"><div class=\"row limit-width row-parent\"><div class=\"wpb_row row-inner\"><div class=\"wpb_column pos-top pos-center align_left column_parent col-lg-12 boomapps_vccolumn single-internal-gutter\"><div class=\"uncol style-dark\"  ><div class=\"uncoltable\"><div class=\"uncell  boomapps_vccolumn no-block-padding\" ><div class=\"uncont\" ><div class=\"vc_row row-internal row-container boomapps_vcrow\"><div class=\"row row-child\"><div class=\"wpb_row row-inner\"><div class=\"wpb_column pos-top pos-center align_left column_child col-lg-12 boomapps_vccolumn single-internal-gutter\"><div class=\"uncol style-dark\" ><div class=\"uncoltable\"><div class=\"uncell  boomapps_vccolumn no-block-padding\" ><div class=\"uncont\" ><div class=\"vc_custom_heading_wrap\"><div class=\"heading-text el-text\" ><\/p>\n<h1>\ud83e\uddf1 D\u00e9mant\u00e8lement du casino<\/h1>\n<p>\n<hr class=\"separator-break separator-accent\" \/><\/div><div class=\"clear\"><\/div><\/div><div class=\"empty-space empty-single\" ><span class=\"empty-space-inner\"><\/span><\/div>\n<div class=\"uncode_text_column\" ><p>Apr\u00e8s une soir\u00e9e r\u00e9ussie, les invit\u00e9s se disent au revoir et pour notre \u00e9quipe, l'heure est au bilan. <strong>suppression progressive<\/strong>.<br \/>\nC'est une partie cruciale du travail : c'est l\u00e0 que nous montrons notre professionnalisme, notre diligence et notre sens des responsabilit\u00e9s.<br \/>\nUne soir\u00e9e bien construite se termine toujours par un d\u00e9montage soign\u00e9, organis\u00e9 et sans d\u00e9g\u00e2ts.<\/p>\n<p>-<\/p>\n<h3>\ud83d\udc54 Br\u00e8ve pr\u00e9paration<\/h3>\n<ul>\n<li>\ud83e\uddcd Une fois que les invit\u00e9s sont partis et que les tables sont officiellement ferm\u00e9es, <strong>tous les croupiers changent de v\u00eatements<\/strong> de leur tenue de casino soign\u00e9e. (Voir la feuille d'appel lorsqu'il est permis de construire vers le bas)<\/li>\n<li>\ud83c\udfaf Apr\u00e8s cela, le <strong>d\u00e9mant\u00e8lement structur\u00e9<\/strong> de tous les mat\u00e9riaux conform\u00e9ment aux instructions figurant sur le <strong>feuille d'appel<\/strong> et le <strong>liste de contr\u00f4le avec cases \u00e0 cocher<\/strong> (\u201cFin de la mission - chargement dans le bus\u201d).<\/li>\n<li>\ud83d\udcac Le superviseur (LG) d\u00e9cide qui fait quoi et r\u00e9partit clairement les t\u00e2ches : qui choisit les tables, qui choisit les lampes, qui choisit les bo\u00eetes de mat\u00e9riel, etc.<\/li>\n<\/ul>\n<p>-<\/p>\n<h3>\ud83e\uddf9 Ranger et nettoyer<\/h3>\n<p>Chez Royal Casino Company, nous laissons chaque site dans l'\u00e9tat o\u00f9 nous l'avons trouv\u00e9, voire mieux.<br \/>\nPar cons\u00e9quent, le <strong>tout est soigneusement nettoy\u00e9 et emball\u00e9<\/strong> avant qu'il ne soit charg\u00e9.<\/p>\n<ul>\n<li>\ud83e\uddfd Nettoyer chaque table de casino avec un chiffon l\u00e9g\u00e8rement humide (spray nettoyant) et s\u00e9cher imm\u00e9diatement apr\u00e8s (pas de surfaces mouill\u00e9es dans le bus).<\/li>\n<li>\u2728 V\u00e9rifier que les tables, les bacs \u00e0 copeaux, les cylindres et la d\u00e9coration sont exempts d'empreintes digitales, de poussi\u00e8re ou de taches de boisson.<\/li>\n<li>\ud83e\uddf4 Utilisez le chiffon de polissage et le spray pour nettoyer les bords, les bases des lampes et les \u00e9crans.<\/li>\n<li>\ud83c\udfb2 V\u00e9rifiez les jetons, les cartes et les accessoires et assurez-vous que tout est complet (voir la feuille d'appel et la liste de contr\u00f4le dans la bo\u00eete de mat\u00e9riel).<\/li>\n<li>\ud83d\udce6 Trier les mat\u00e9riaux dans des bo\u00eetes appropri\u00e9es et les fermer herm\u00e9tiquement avant de les transporter.<\/li>\n<\/ul>\n<p>-<\/p>\n<h3>\ud83d\ude9a Chargement dans le bus<\/h3>\n<ul>\n<li>\ud83e\udeb6 Travail <strong>structur\u00e9 et calme<\/strong> Il est pr\u00e9f\u00e9rable de passer 10 minutes de plus que les d\u00e9g\u00e2ts gr\u00e2ce \u00e0 la h\u00e2te.<\/li>\n<li>\ud83d\udccb Utiliser le <strong>liste de contr\u00f4le sur la feuille d'appel<\/strong> de signer chaque article d\u00e8s qu'il est dans la camionnette. De cette mani\u00e8re, nous \u00e9vitons les oublis.<\/li>\n<li>\ud83e\udde9 Chargez d'abord les \u00e9l\u00e9ments lourds tels que les bases de table, les chariots de transport et la d\u00e9coration, puis les mat\u00e9riaux plus l\u00e9gers.<\/li>\n<li>\ud83e\uddfc Assurez-vous que tout <strong>stables, s\u00fbrs et s\u00e9curis\u00e9s<\/strong> dans la camionnette. Utilisez des sangles si n\u00e9cessaire pour \u00e9viter les dommages sur la route.<\/li>\n<li>\ud83d\udeab Ne pas empiler de pi\u00e8ces ou de mat\u00e9riaux en vrac sans protection (toujours utiliser des couvertures de transport).<\/li>\n<li>\ud83d\udd26 V\u00e9rifier que les \u00e9clairages, les enrouleurs et les rallonges ont \u00e9galement \u00e9t\u00e9 ramen\u00e9s - ils sont souvent oubli\u00e9s.<\/li>\n<\/ul>\n<p>-<\/p>\n<h3>\ud83d\udc40 V\u00e9rification avant le d\u00e9part<\/h3>\n<ul>\n<li>\ud83d\udccb Le LG ou l'officier final d\u00e9sign\u00e9 fait une <strong>derni\u00e8re tourn\u00e9e<\/strong> par la localisation et les contr\u00f4les :\n<ul>\n<li>Tout est charg\u00e9 conform\u00e9ment \u00e0 la liste de contr\u00f4le ?<\/li>\n<li>Tous les espaces, les coins et le vestiaire sont-ils vides ?<\/li>\n<li>Les tables, les chaises et les d\u00e9corations des clients ont-elles \u00e9t\u00e9 remises en place ?<\/li>\n<li>Le lieu est-il laiss\u00e9 propre et bien rang\u00e9 ?<\/li>\n<\/ul>\n<\/li>\n<li>\ud83d\udd12 Ce n'est que lorsque le contr\u00f4le complet a \u00e9t\u00e9 effectu\u00e9 que le bus peut \u00eatre ferm\u00e9 et que l'\u00e9quipe peut partir.<\/li>\n<\/ul>\n<p>-<\/p>\n<h3>\ud83d\udeab Points d'attention importants<\/h3>\n<ul>\n<li>\ud83e\udde0 Stay <strong>cibl\u00e9<\/strong> jusqu'\u00e0 la derni\u00e8re minute, c'est l\u00e0 que la plupart des erreurs sont commises.<\/li>\n<li>\ud83d\udcac Travail <strong>ensemble<\/strong> et se parler si quelque chose n'est pas fait proprement ou en toute s\u00e9curit\u00e9.<\/li>\n<li>\ud83e\udeb6 Soulevez de mani\u00e8re responsable : utilisez vos genoux, demandez de l'aide pour les pi\u00e8ces lourdes et \u00e9vitez les blessures ou les dommages.<\/li>\n<li>\ud83d\udead Il est interdit de fumer pendant le d\u00e9montage ou dans le bus.<\/li>\n<li>\ud83c\udf7b Pas d'alcool quand on travaille pour Royal Casino Company.<\/li>\n<\/ul>\n<p>-<\/p>\n<h3>\ud83d\udd50 Temps et horaires<\/h3>\n<p>L'\u00e9limination progressive prend en moyenne <strong>au moins une heure<\/strong>, en fonction du nombre de tables et de la d\u00e9coration.<br \/>\nLes grands \u00e9v\u00e9nements peuvent prendre plus de temps, mais l'important est que tout se d\u00e9roule avec soin et en toute s\u00e9curit\u00e9.<\/p>\n<p>Le gestionnaire reste responsable jusqu'\u00e0 ce que <strong>le dernier bus est enti\u00e8rement charg\u00e9<\/strong> et l'\u00e9quipe peut partir en toute s\u00e9curit\u00e9.<\/p>\n<p>-<\/p>\n<h3>\u2705 R\u00e9sum\u00e9 - vos \u00e9tapes de r\u00e9duction progressive de la charge de travail<\/h3>\n<ul>\n<li>\ud83d\udc55 Changer de v\u00eatements apr\u00e8s l'\u00e9v\u00e9nement.<\/li>\n<li>\ud83e\uddf9 Nettoyer et v\u00e9rifier les tables et le mat\u00e9riel.<\/li>\n<li>\ud83d\udce6 Charger tout de mani\u00e8re structur\u00e9e selon la liste de contr\u00f4le.<\/li>\n<li>\ud83d\ude9a Emballez le bus en toute s\u00e9curit\u00e9, ne laissez rien en vrac.<\/li>\n<li>\ud83d\udc40 Contr\u00f4le final de l'emplacement par LG laiss\u00e9 propre.<\/li>\n<li>\ud83d\udd12 Ne partez que lorsque tout est 100% v\u00e9rifi\u00e9.<\/li>\n<\/ul>\n<p>En terminant proprement et avec concentration, nous laissons une trace de notre passage. <strong>impression professionnelle<\/strong> et s'assurer que l'\u00e9quipement reste en parfait \u00e9tat.<br \/>\nAinsi, le prochain \u00e9v\u00e9nement recommence parfaitement gr\u00e2ce \u00e0 votre d\u00e9vouement et \u00e0 votre diligence. \ud83d\ude4c<\/p>\n<\/div><div class=\"divider-wrapper\"  >\n    <hr class=\"border-accent-color separator-no-padding\"  \/>\n<\/div>\n<\/div><\/div><\/div><\/div><\/div><\/div><\/div><\/div><\/div><\/div><\/div><\/div><\/div><script id=\"script-row-unique-0\" data-row=\"script-row-unique-0\" type=\"text\/javascript\" class=\"vc_controls\">UNCODE.initRow(document.getElementById(\"row-unique-0\"));<\/script><\/div><\/div><\/div>\n<\/div>","protected":false},"excerpt":{"rendered":"\ud83e\uddf1 Afbouw van het casino Na een geslaagde avond nemen de gasten afscheid en begint voor ons team de afbouwfase. [...]","protected":false},"author":1,"featured_media":0,"parent":71016,"menu_order":0,"comment_status":"closed","ping_status":"closed","template":"","meta":{"footnotes":""},"class_list":["post-71208","page","type-page","status-publish","hentry","page_category-personeel-portaal"],"_links":{"self":[{"href":"https:\/\/royalcasinocompany.nl\/fr\/wp-json\/wp\/v2\/pages\/71208","targetHints":{"allow":["GET"]}}],"collection":[{"href":"https:\/\/royalcasinocompany.nl\/fr\/wp-json\/wp\/v2\/pages"}],"about":[{"href":"https:\/\/royalcasinocompany.nl\/fr\/wp-json\/wp\/v2\/types\/page"}],"author":[{"embeddable":true,"href":"https:\/\/royalcasinocompany.nl\/fr\/wp-json\/wp\/v2\/users\/1"}],"replies":[{"embeddable":true,"href":"https:\/\/royalcasinocompany.nl\/fr\/wp-json\/wp\/v2\/comments?post=71208"}],"version-history":[{"count":7,"href":"https:\/\/royalcasinocompany.nl\/fr\/wp-json\/wp\/v2\/pages\/71208\/revisions"}],"predecessor-version":[{"id":71922,"href":"https:\/\/royalcasinocompany.nl\/fr\/wp-json\/wp\/v2\/pages\/71208\/revisions\/71922"}],"up":[{"embeddable":true,"href":"https:\/\/royalcasinocompany.nl\/fr\/wp-json\/wp\/v2\/pages\/71016"}],"wp:attachment":[{"href":"https:\/\/royalcasinocompany.nl\/fr\/wp-json\/wp\/v2\/media?parent=71208"}],"curies":[{"name":"wp","href":"https:\/\/api.w.org\/{rel}","templated":true}]}}