{"id":71211,"date":"2025-11-02T12:53:52","date_gmt":"2025-11-02T11:53:52","guid":{"rendered":"https:\/\/royalcasinocompany.nl\/?page_id=71211"},"modified":"2026-01-15T23:00:56","modified_gmt":"2026-01-15T22:00:56","slug":"het-magazijn","status":"publish","type":"page","link":"https:\/\/royalcasinocompany.nl\/fr\/personeel\/het-magazijn\/","title":{"rendered":"L'entrep\u00f4t"},"content":{"rendered":"<div class=\"wpb-content-wrapper\"><div data-parent=\"true\" class=\"vc_row row-container boomapps_vcrow\" id=\"row-unique-0\"><div class=\"row limit-width row-parent\"><div class=\"wpb_row row-inner\"><div class=\"wpb_column pos-top pos-center align_left column_parent col-lg-12 boomapps_vccolumn single-internal-gutter\"><div class=\"uncol style-dark\"  ><div class=\"uncoltable\"><div class=\"uncell  boomapps_vccolumn no-block-padding\" ><div class=\"uncont\" ><div class=\"vc_row row-internal row-container boomapps_vcrow\"><div class=\"row row-child\"><div class=\"wpb_row row-inner\"><div class=\"wpb_column pos-top pos-center align_left column_child col-lg-12 boomapps_vccolumn single-internal-gutter\"><div class=\"uncol style-dark\" ><div class=\"uncoltable\"><div class=\"uncell  boomapps_vccolumn no-block-padding\" ><div class=\"uncont\" ><div class=\"vc_custom_heading_wrap\"><div class=\"heading-text el-text\" ><\/p>\n<h1>\ud83c\udfe0 L'entrep\u00f4t<\/h1>\n<p>\n<hr class=\"separator-break separator-accent\" \/><\/div><div class=\"clear\"><\/div><\/div><div class=\"empty-space empty-single\" ><span class=\"empty-space-inner\"><\/span><\/div>\n<div class=\"uncode_text_column\" ><p>Notre entrep\u00f4t est situ\u00e9 au <strong>Ambachtsweg off no. 51 \u00e0 Huizen<\/strong> (mais de l'autre c\u00f4t\u00e9 de la rue).<br \/>\nC'est le point central o\u00f9 tous nos mat\u00e9riaux, tables de jeu, d\u00e9corations et fournitures sont stock\u00e9s et pr\u00e9par\u00e9s pour les \u00e9v\u00e9nements.<br \/>\nIci, presque toutes les journ\u00e9es de travail commencent et se terminent \u00e0 <strong>\u00c9v\u00e9nements Be Our Guest<\/strong>.<\/p>\n<p>-<\/p>\n<h3>\ud83d\udd27 Que se passe-t-il dans l'entrep\u00f4t ?<\/h3>\n<p>Dans l'entrep\u00f4t, tous les mat\u00e9riaux sont contr\u00f4l\u00e9s, nettoy\u00e9s, tri\u00e9s et pr\u00e9par\u00e9s pour les t\u00e2ches suivantes.<br \/>\nLes bus y sont \u00e9galement charg\u00e9s et d\u00e9charg\u00e9s lors d'\u00e9v\u00e9nements. Chaque employ\u00e9 travaillant dans l'entrep\u00f4t joue un r\u00f4le important dans l'ordre et le bon fonctionnement de notre organisation.<\/p>\n<p>Les activit\u00e9s standard comprennent<\/p>\n<ul>\n<li>\ud83c\udfb2 Pr\u00e9parer et charger les tables de jeu, les d\u00e9corations et le mat\u00e9riel pour les \u00e9v\u00e9nements.<\/li>\n<li>\ud83e\uddfd Nettoyer et ranger les mat\u00e9riaux, la d\u00e9coration et le mat\u00e9riel de transport apr\u00e8s le retour.<\/li>\n<li>\ud83d\udce6 V\u00e9rifier que le mat\u00e9riel n'est pas endommag\u00e9 ou qu'il ne manque pas de pi\u00e8ces.<\/li>\n<li>\ud83d\uddc2\ufe0f Replacer correctement les articles \u00e0 leur place dans l'entrep\u00f4t.<\/li>\n<\/ul>\n<p>Un entrep\u00f4t bien organis\u00e9 est essentiel au succ\u00e8s de nos \u00e9v\u00e9nements.<br \/>\nPlus nous maintenons l'ordre, plus le travail est rapide et facile pour tout le monde.<\/p>\n<p>-<\/p>\n<h3>\ud83d\udc65 Responsabilit\u00e9<\/h3>\n<p>Les <strong>personnel de bureau<\/strong> est responsable de l'entrep\u00f4t, mais toutes les personnes qui y travaillent ou qui utilisent des articles contribuent \u00e0 l'ordre et \u00e0 la propret\u00e9.<br \/>\nConsid\u00e9rez l'entrep\u00f4t comme notre espace de travail commun : ensemble, nous veillons \u00e0 ce que tout reste complet, propre et bien rang\u00e9.<\/p>\n<ul>\n<li>Ne laissez jamais de choses tra\u00eener ou inachev\u00e9es.<\/li>\n<li>V\u00e9rifiez toujours que ce que vous apportez est complet et propre.<\/li>\n<li>Remettre le mat\u00e9riel \u00e0 sa place imm\u00e9diatement apr\u00e8s l'avoir utilis\u00e9.<\/li>\n<li>Vous constatez des dommages, des salissures ou des pi\u00e8ces manquantes ? Signalez-le imm\u00e9diatement \u00e0 <strong>Tim<\/strong> ou <strong>Talitha<\/strong>.<\/li>\n<\/ul>\n<p>-<\/p>\n<h3>\u26a0\ufe0f R\u00e8gles importantes<\/h3>\n<ul>\n<li>\ud83d\udd10 <strong>Acc\u00e8s<\/strong> - Seuls les employ\u00e9s disposant d'une autorisation sont autoris\u00e9s \u00e0 p\u00e9n\u00e9trer dans l'entrep\u00f4t.<\/li>\n<li>\ud83d\udccb <strong>Attention<\/strong> - Manipulez toujours les mat\u00e9riaux avec pr\u00e9caution ; de nombreux objets sont pr\u00e9cieux ou fabriqu\u00e9s \u00e0 la main.<\/li>\n<li>\ud83e\uddf9 <strong>Propret\u00e9<\/strong> - Laissez votre lieu de travail propre, balayez si n\u00e9cessaire et jetez les d\u00e9chets.<\/li>\n<li>\ud83e\uddfe <strong>V\u00e9rifier<\/strong> - Tout ce qui est apport\u00e9 ou ramen\u00e9 doit correspondre \u00e0 ce qui figure sur la feuille d'appel.<\/li>\n<\/ul>\n<h3><\/h3>\n<p>\n<\/div><div class=\"divider-wrapper\"  >\n    <hr class=\"border-accent-color separator-no-padding\"  \/>\n<\/div>\n<\/div><\/div><\/div><\/div><\/div><\/div><\/div><\/div><\/div><\/div><\/div><\/div><\/div><script id=\"script-row-unique-0\" data-row=\"script-row-unique-0\" type=\"text\/javascript\" class=\"vc_controls\">UNCODE.initRow(document.getElementById(\"row-unique-0\"));<\/script><\/div><\/div><\/div>\n<\/div>","protected":false},"excerpt":{"rendered":"\ud83c\udfe0 Het magazijn Ons magazijn bevindt zich aan de Ambachtsweg ter hoogte nr. 51 in Huizen (maar dan aan de [...]","protected":false},"author":1,"featured_media":0,"parent":71016,"menu_order":0,"comment_status":"closed","ping_status":"closed","template":"","meta":{"footnotes":""},"class_list":["post-71211","page","type-page","status-publish","hentry","page_category-personeel-portaal"],"_links":{"self":[{"href":"https:\/\/royalcasinocompany.nl\/fr\/wp-json\/wp\/v2\/pages\/71211","targetHints":{"allow":["GET"]}}],"collection":[{"href":"https:\/\/royalcasinocompany.nl\/fr\/wp-json\/wp\/v2\/pages"}],"about":[{"href":"https:\/\/royalcasinocompany.nl\/fr\/wp-json\/wp\/v2\/types\/page"}],"author":[{"embeddable":true,"href":"https:\/\/royalcasinocompany.nl\/fr\/wp-json\/wp\/v2\/users\/1"}],"replies":[{"embeddable":true,"href":"https:\/\/royalcasinocompany.nl\/fr\/wp-json\/wp\/v2\/comments?post=71211"}],"version-history":[{"count":7,"href":"https:\/\/royalcasinocompany.nl\/fr\/wp-json\/wp\/v2\/pages\/71211\/revisions"}],"predecessor-version":[{"id":71933,"href":"https:\/\/royalcasinocompany.nl\/fr\/wp-json\/wp\/v2\/pages\/71211\/revisions\/71933"}],"up":[{"embeddable":true,"href":"https:\/\/royalcasinocompany.nl\/fr\/wp-json\/wp\/v2\/pages\/71016"}],"wp:attachment":[{"href":"https:\/\/royalcasinocompany.nl\/fr\/wp-json\/wp\/v2\/media?parent=71211"}],"curies":[{"name":"wp","href":"https:\/\/api.w.org\/{rel}","templated":true}]}}