{"id":71218,"date":"2025-11-02T12:58:05","date_gmt":"2025-11-02T11:58:05","guid":{"rendered":"https:\/\/royalcasinocompany.nl\/?page_id=71218"},"modified":"2026-01-15T22:52:45","modified_gmt":"2026-01-15T21:52:45","slug":"bus-inladen","status":"publish","type":"page","link":"https:\/\/royalcasinocompany.nl\/fr\/personeel\/bus-inladen\/","title":{"rendered":"Chargement du bus"},"content":{"rendered":"<div class=\"wpb-content-wrapper\"><div data-parent=\"true\" class=\"vc_row row-container boomapps_vcrow\" id=\"row-unique-0\"><div class=\"row limit-width row-parent\"><div class=\"wpb_row row-inner\"><div class=\"wpb_column pos-top pos-center align_left column_parent col-lg-12 boomapps_vccolumn single-internal-gutter\"><div class=\"uncol style-dark\"  ><div class=\"uncoltable\"><div class=\"uncell  boomapps_vccolumn no-block-padding\" ><div class=\"uncont\" ><div class=\"vc_row row-internal row-container boomapps_vcrow\"><div class=\"row row-child\"><div class=\"wpb_row row-inner\"><div class=\"wpb_column pos-top pos-center align_left column_child col-lg-12 boomapps_vccolumn single-internal-gutter\"><div class=\"uncol style-dark\" ><div class=\"uncoltable\"><div class=\"uncell  boomapps_vccolumn no-block-padding\" ><div class=\"uncont\" ><div class=\"vc_custom_heading_wrap\"><div class=\"heading-text el-text\" ><\/p>\n<h1>\ud83d\ude9a Chargement des bus<\/h1>\n<p>\n<hr class=\"separator-break separator-accent\" \/><\/div><div class=\"clear\"><\/div><\/div><div class=\"empty-space empty-single\" ><span class=\"empty-space-inner\"><\/span><\/div>\n<div class=\"uncode_text_column\" ><p>Un chargement correct et s\u00fbr est essentiel. Au <strong>Royal Casino Company<\/strong> nous transportons des mat\u00e9riaux pr\u00e9cieux et fragiles, des tables de casino de luxe \u00e0 la d\u00e9coration et \u00e0 l'\u00e9quipement.<br \/>\nIl est donc important que tout <strong>dans le bon ordre, bien prot\u00e9g\u00e9s et solidement attach\u00e9s<\/strong> est charg\u00e9. Cela permet d'\u00e9viter les dommages, les glissements ou les accidents en cours de route.<\/p>\n<p>-<\/p>\n<h3>\ud83c\udfaf Pourquoi c'est si important<\/h3>\n<ul>\n<li>\ud83d\udcb8 Pour \u00e9viter d'endommager les tables, les cylindres et la d\u00e9coration.<\/li>\n<li>\ud83d\udd12 Pour \u00e9viter que les mat\u00e9riaux ne se d\u00e9placent ou ne tombent pendant le transport.<\/li>\n<li>\ud83d\ude9a Maintenir le bus en ordre, afin que tout puisse \u00eatre d\u00e9charg\u00e9 imm\u00e9diatement dans l'ordre \u00e0 l'arriv\u00e9e.<\/li>\n<li>\ud83d\udcaa Travailler avec professionnalisme et soin, notre mat\u00e9riel est notre carte de visite.<\/li>\n<\/ul>\n<p>-<\/p>\n<h3>1\ufe0f\u20e3 Pr\u00e9paration<\/h3>\n<ul>\n<li>\ud83e\uddf9 Assurez-vous que le bus est propre et vide avant de commencer \u00e0 le charger.<\/li>\n<li>\ud83d\udce6 Assurez-vous que vous avez tous les <strong>couvertures, mousses et sangles<\/strong> \u00e0 port\u00e9e de main.<\/li>\n<li>\ud83e\udde0 Pensez \u00e0 l'avance : les objets lourds et les tables sont plac\u00e9s en premier, les mat\u00e9riaux l\u00e9gers sont plac\u00e9s plus tard sur le dessus ou entre les deux. (Utilisez toujours des couvertures de transport)<\/li>\n<li>\ud83c\udfaf Travaillez dans le calme et en concertation avec vos coll\u00e8gues. Le superviseur (LG) indique qui charge quoi.<\/li>\n<\/ul>\n<p>-<\/p>\n<h3>2\ufe0f\u20e3 Tables de chargement<\/h3>\n<p>Commencez toujours par placer les tables de jeu, qui constituent la base du chargement.<\/p>\n<ul>\n<li>\ud83d\udd17 Faire deux <strong>sangles d'arrimage<\/strong> fix\u00e9 sur le c\u00f4t\u00e9 gauche du bus, o\u00f9 les tables seront plac\u00e9es.<\/li>\n<li>\ud83e\uddfd Leg <strong>deux tapis en mousse<\/strong> sur les sangles pour prot\u00e9ger les surfaces de la table.<\/li>\n<li>\ud83e\ude91 D\u00e9finir le premier tableau avec la fonction <strong>fond<\/strong> contre le c\u00f4t\u00e9 du bus.<\/li>\n<li>\ud83c\udfb2 Placez la deuxi\u00e8me table avec le <strong>feuille contre l'autre feuille<\/strong> Ne jamais jouer sur le terrain contre l'arri\u00e8re !<\/li>\n<li>\ud83e\uddf4 Put two or three <strong>couvertures<\/strong> sur les tables pour que tout soit bien prot\u00e9g\u00e9.<\/li>\n<li>\ud83d\udd12 Confirmer la <strong>sangles d'arrimage solides<\/strong> et placer de la mousse entre le fer \u00e0 repasser et le plateau de la table.<\/li>\n<li>\u2705 V\u00e9rifiez toujours que les tables sont solidement fix\u00e9es avant de proc\u00e9der.<\/li>\n<\/ul>\n<p>-<\/p>\n<h3>3\ufe0f\u20e3 Chargement de camions-citernes (avec chariots)<\/h3>\n<ul>\n<li>\ud83e\ude91 Dresser les tables <strong>au milieu du chariot<\/strong> et les recouvrir de 2 \u00e0 3 couvertures.<\/li>\n<li>\ud83d\udd17 Fixer les tables sur le chariot \u00e0 l'aide d'un <strong>sangle d'arrimage<\/strong> et mettre une mousse entre le pneu et la feuille.<\/li>\n<li>\u2699\ufe0f Deuxi\u00e8me \u00e9tape <strong>sangles d'arrimage pr\u00eates<\/strong> sur le c\u00f4t\u00e9 du camion-nacelle (cliquet en haut, sangle au sol).<\/li>\n<li>\ud83d\ude9b Introduire avec pr\u00e9caution le chariot dans le camion-nacelle et le fixer \u00e0 l'aide des sangles d'arrimage.<\/li>\n<li>\u2705 Si n\u00e9cessaire, utiliser <strong>film \u00e9tirable<\/strong> afin d'assurer une fixation suppl\u00e9mentaire au chariot.<\/li>\n<\/ul>\n<p>-<\/p>\n<h3>4\ufe0f\u20e3 Ch\u00e2ssis et pi\u00e8ces longues<\/h3>\n<ul>\n<li>\ud83e\uddf1 R\u00e9gler le maximum <strong>quatre bases<\/strong> attach\u00e9e au c\u00f4t\u00e9 droit de l'autobus.<\/li>\n<li>\ud83d\udd17 Utiliser des sangles d'arrimage et placer des coussins de mousse entre le m\u00e9tal et la sangle.<\/li>\n<li>\ud83e\ude9c Les poutres interm\u00e9diaires peuvent \u00eatre pos\u00e9es sur le dessus \u00e0 condition qu'elles reposent fermement et ne glissent pas.<\/li>\n<li>\ud83e\udeb5 Des barres de roulette longues ? Fixez-les avec deux sangles d'arrimage sur le c\u00f4t\u00e9 droit et v\u00e9rifiez qu'elles ne bougent pas.<\/li>\n<\/ul>\n<p>-<\/p>\n<h3>5\ufe0f\u20e3 D\u00e9coration et accessoires<\/h3>\n<ul>\n<li>\ud83c\udfc6 Placer les poteaux d'or contre la cabine du bus et les recouvrir d'une couverture.<\/li>\n<li>\ud83d\udca1 Lampes et d\u00e9corations fermement plac\u00e9es dans les coins, fix\u00e9es avec des \u00e9lastiques.<\/li>\n<li>\ud83d\udce6 Bo\u00eetes de mat\u00e9riaux au milieu, empil\u00e9es jusqu'\u00e0 deux. Veillez \u00e0 ce qu'elles ne puissent pas glisser.<\/li>\n<li>\ud83c\udfb0 Les machines \u00e0 sous sont toujours pos\u00e9es sur le sol ou contre le c\u00f4t\u00e9 (jamais sur les chiens), attach\u00e9es avec une sangle d'arrimage.<\/li>\n<\/ul>\n<p>-<\/p>\n<h3>\u2705 Contr\u00f4le et s\u00e9curit\u00e9<\/h3>\n<ul>\n<li>\ud83d\udc40 V\u00e9rifier avec le LG que tout est bien en place.<\/li>\n<li>\ud83e\uddf4 V\u00e9rifier une derni\u00e8re fois toutes les mousses, couvertures et attaches.<\/li>\n<li>\ud83d\udd12 Tirez sur les sangles pour v\u00e9rifier que tout est bien fix\u00e9.<\/li>\n<li>\ud83e\udeb6 Travailler tranquillement \u00e0 la h\u00e2te cause des d\u00e9g\u00e2ts.<\/li>\n<\/ul>\n<p>-<\/p>\n<h3>\u26a0\ufe0f Erreurs courantes (\u00e0 \u00e9viter !)<\/h3>\n<ul>\n<li>\u274c Les tableaux mettent la feuille contre le dessous - toujours feuille contre feuille ou dessous contre dessous.<\/li>\n<li>\u274c Pas de mousse entre les pneus - cela provoque des rayures.<\/li>\n<li>\u274c Les objets non fix\u00e9s risquent d'\u00eatre endommag\u00e9s pendant la conduite.<\/li>\n<li>\u274c Bo\u00eetes empil\u00e9es trop haut - peuvent basculer lors du freinage.<\/li>\n<\/ul>\n<p>-<\/p>\n<h3>\ud83e\udde0 En conclusion<\/h3>\n<p>Le chargement est un travail d'\u00e9quipe. Travaillez calmement, communiquez clairement et v\u00e9rifiez le travail de chacun.<br \/>\nUn bus correctement charg\u00e9 \u00e9vite le stress, les dommages et les pertes de temps et garantit que le prochain \u00e9v\u00e9nement commence aussi professionnellement que celui-ci se termine. \ud83d\udcaa\u2728<\/p>\n<p>-<\/p>\n<h3>\u2705 Chargement des bus - contr\u00f4le rapide avant le d\u00e9part<\/h3>\n<ul>\n<li>\ud83e\uddf9 Le bus est vide et propre<\/li>\n<li>\ud83e\udeb5 Tableaux feuille \u00e0 feuille, correctement fix\u00e9s<\/li>\n<li>\ud83e\uddf4 Mousses entre les pneus et les mat\u00e9riaux<\/li>\n<li>Bo\u00eetes de mat\u00e9riel compl\u00e8tes et solidement empil\u00e9es<\/li>\n<li>\ud83e\uddf1 Pi\u00e9destaux fix\u00e9s, poutres en place<\/li>\n<li>\ud83c\udfc6 Poteaux et d\u00e9corations prot\u00e9g\u00e9s par des couvertures<\/li>\n<li>\ud83d\udd12 Toutes les sangles d'arrimage sont fix\u00e9es et v\u00e9rifi\u00e9es<\/li>\n<li>\ud83d\udc40 Dernier contr\u00f4le effectu\u00e9 par LG<\/li>\n<\/ul>\n<p><strong>Tout a \u00e9t\u00e9 v\u00e9rifi\u00e9 ?<\/strong> Ce n'est qu'ensuite que l'on ferme le bus et que l'on part tranquillement vers la prochaine destination.<br \/>\nS\u00fbre, professionnelle et fi\u00e8re comme il se doit <strong>Royal Casino Company<\/strong>. \ud83d\ude9b\u2728<\/p>\n<\/div><div class=\"divider-wrapper\"  >\n    <hr class=\"border-accent-color separator-no-padding\"  \/>\n<\/div>\n<\/div><\/div><\/div><\/div><\/div><\/div><\/div><\/div><\/div><\/div><\/div><\/div><\/div><script id=\"script-row-unique-0\" data-row=\"script-row-unique-0\" type=\"text\/javascript\" class=\"vc_controls\">UNCODE.initRow(document.getElementById(\"row-unique-0\"));<\/script><\/div><\/div><\/div>\n<\/div>","protected":false},"excerpt":{"rendered":"\ud83d\ude9a Bus inladen Een correcte en veilige manier van inladen is essentieel. Bij Royal Casino Company vervoeren we waardevolle, kwetsbare [...]","protected":false},"author":1,"featured_media":0,"parent":71016,"menu_order":0,"comment_status":"closed","ping_status":"closed","template":"","meta":{"footnotes":""},"class_list":["post-71218","page","type-page","status-publish","hentry","page_category-personeel-portaal"],"_links":{"self":[{"href":"https:\/\/royalcasinocompany.nl\/fr\/wp-json\/wp\/v2\/pages\/71218","targetHints":{"allow":["GET"]}}],"collection":[{"href":"https:\/\/royalcasinocompany.nl\/fr\/wp-json\/wp\/v2\/pages"}],"about":[{"href":"https:\/\/royalcasinocompany.nl\/fr\/wp-json\/wp\/v2\/types\/page"}],"author":[{"embeddable":true,"href":"https:\/\/royalcasinocompany.nl\/fr\/wp-json\/wp\/v2\/users\/1"}],"replies":[{"embeddable":true,"href":"https:\/\/royalcasinocompany.nl\/fr\/wp-json\/wp\/v2\/comments?post=71218"}],"version-history":[{"count":6,"href":"https:\/\/royalcasinocompany.nl\/fr\/wp-json\/wp\/v2\/pages\/71218\/revisions"}],"predecessor-version":[{"id":71928,"href":"https:\/\/royalcasinocompany.nl\/fr\/wp-json\/wp\/v2\/pages\/71218\/revisions\/71928"}],"up":[{"embeddable":true,"href":"https:\/\/royalcasinocompany.nl\/fr\/wp-json\/wp\/v2\/pages\/71016"}],"wp:attachment":[{"href":"https:\/\/royalcasinocompany.nl\/fr\/wp-json\/wp\/v2\/media?parent=71218"}],"curies":[{"name":"wp","href":"https:\/\/api.w.org\/{rel}","templated":true}]}}