{"id":71223,"date":"2025-11-02T13:08:31","date_gmt":"2025-11-02T12:08:31","guid":{"rendered":"https:\/\/royalcasinocompany.nl\/?page_id=71223"},"modified":"2026-01-15T23:17:39","modified_gmt":"2026-01-15T22:17:39","slug":"nieuwe-medewerker","status":"publish","type":"page","link":"https:\/\/royalcasinocompany.nl\/fr\/personeel\/nieuwe-medewerker\/","title":{"rendered":"Nouvel employ\u00e9"},"content":{"rendered":"<div class=\"wpb-content-wrapper\"><div data-parent=\"true\" class=\"vc_row row-container boomapps_vcrow\" id=\"row-unique-0\"><div class=\"row limit-width row-parent\"><div class=\"wpb_row row-inner\"><div class=\"wpb_column pos-top pos-left align_left column_parent col-lg-12 boomapps_vccolumn single-internal-gutter\"><div class=\"uncol style-dark\"  ><div class=\"uncoltable\"><div class=\"uncell  boomapps_vccolumn no-block-padding\" ><div class=\"uncont\" ><div class=\"vc_row row-internal row-container boomapps_vcrow\"><div class=\"row row-child\"><div class=\"wpb_row row-inner\"><div class=\"wpb_column pos-top pos-center align_left column_child col-lg-12 boomapps_vccolumn single-internal-gutter\"><div class=\"uncol style-dark\" ><div class=\"uncoltable\"><div class=\"uncell  boomapps_vccolumn no-block-padding\" ><div class=\"uncont\" ><div class=\"vc_custom_heading_wrap\"><div class=\"heading-text el-text\" ><\/p>\n<h1>Nouvel employ\u00e9<\/h1>\n<p>\n<hr class=\"separator-break separator-accent\" \/><\/div><div class=\"clear\"><\/div><\/div><div class=\"empty-space empty-single\" ><span class=\"empty-space-inner\"><\/span><\/div>\n<div class=\"uncode_text_column\" ><p>Bienvenue dans l'\u00e9quipe de <strong>\u00c9v\u00e9nements Be Our Guest<\/strong>!<br \/>\nNous nous r\u00e9jouissons de cette collaboration agr\u00e9able, amicale et professionnelle.<\/p>\n<p>Afin d'organiser correctement votre emploi, nous avons besoin d'un certain nombre de formulaires et de documents. Gr\u00e2ce \u00e0 ces informations, nous cr\u00e9erons votre convention de garde, nous vous enregistrerons aupr\u00e8s de notre comptable et nous veillerons \u00e0 ce que vous soyez ajout\u00e9 \u00e0 notre syst\u00e8me de planification. <strong>Rentman<\/strong>.<\/p>\n<p>Veuillez lire attentivement tout ce qui suit et soumettre les formulaires d\u00fbment compl\u00e9t\u00e9s et sign\u00e9s.<\/p>\n<p>-<\/p>\n<h3>\ud83d\udcc4 Ce que vous devez fournir<\/h3>\n<ol>\n<li><strong>Donn\u00e9es requises pour le nouvel employ\u00e9<\/strong><br \/>\nRemplir ce formulaire dans son int\u00e9gralit\u00e9 et joindre une copie de :<\/p>\n<ul>\n<li>Votre pi\u00e8ce d'identit\u00e9 (pas de permis de conduire) - recto et verso<\/li>\n<li>Votre carte bancaire - pour que votre num\u00e9ro de compte soit trait\u00e9 correctement<\/li>\n<li>Votre formulaire de mutation compl\u00e9t\u00e9 par notre comptable<\/li>\n<\/ul>\n<\/li>\n<li><strong>D\u00e9claration d'imp\u00f4t sur les salaires<\/strong><br \/>\nCe formulaire est obligatoire pour tout nouvel employ\u00e9. Veuillez remplir ce formulaire et indiquer si nous disposons de la <strong>cr\u00e9dit d'imp\u00f4t sur les salaires<\/strong> doivent s'appliquer.<\/li>\n<li><strong>Contrat de pr\u00eat<\/strong><br \/>\nCe document indique les v\u00eatements et les articles de l'entreprise qui vous seront pr\u00eat\u00e9s. N'oubliez pas de verser la caution comme indiqu\u00e9 dans le document.<\/li>\n<li><strong>Indemnit\u00e9 de travail sur appel 2025<\/strong><br \/>\nDans ce document, vous trouverez toutes les informations relatives \u00e0 votre salaire horaire, \u00e0 l'indemnit\u00e9 de d\u00e9placement et aux accords importants concernant les heures de travail et les pauses.<\/li>\n<\/ol>\n<p>-<\/p>\n<h3>\u2705 Important<\/h3>\n<ul>\n<li>Fournir tous les documents <strong>num\u00e9rique ou imprim\u00e9<\/strong> avant votre premier jour de travail.<\/li>\n<li>V\u00e9rifier que tout <strong>clairement lisible<\/strong> et <strong>sign\u00e9<\/strong> est.<\/li>\n<li>Une fois que vos donn\u00e9es ont \u00e9t\u00e9 trait\u00e9es, vous recevrez votre <strong>inlog pour Rentman<\/strong> et d'autres instructions.<\/li>\n<\/ul>\n<p>Ensemble, nous ferons de cette saison une r\u00e9ussite - <strong>bienvenue dans l'\u00e9quipe !<\/strong> \ud83c\udf89<\/p>\n<\/div><div class=\"divider-wrapper\"  >\n    <hr class=\"border-accent-color separator-no-padding\"  \/>\n<\/div>\n<\/div><\/div><\/div><\/div><\/div><\/div><\/div><\/div><\/div><\/div><\/div><\/div><\/div><script id=\"script-row-unique-0\" data-row=\"script-row-unique-0\" type=\"text\/javascript\" class=\"vc_controls\">UNCODE.initRow(document.getElementById(\"row-unique-0\"));<\/script><\/div><\/div><\/div>\n<\/div>","protected":false},"excerpt":{"rendered":"Nieuwe medewerker Welkom bij het team van Be Our Guest Events! Wat leuk dat je bij ons komt werken, we [...]","protected":false},"author":1,"featured_media":0,"parent":71016,"menu_order":0,"comment_status":"closed","ping_status":"closed","template":"","meta":{"footnotes":""},"class_list":["post-71223","page","type-page","status-publish","hentry","page_category-personeel-portaal"],"_links":{"self":[{"href":"https:\/\/royalcasinocompany.nl\/fr\/wp-json\/wp\/v2\/pages\/71223","targetHints":{"allow":["GET"]}}],"collection":[{"href":"https:\/\/royalcasinocompany.nl\/fr\/wp-json\/wp\/v2\/pages"}],"about":[{"href":"https:\/\/royalcasinocompany.nl\/fr\/wp-json\/wp\/v2\/types\/page"}],"author":[{"embeddable":true,"href":"https:\/\/royalcasinocompany.nl\/fr\/wp-json\/wp\/v2\/users\/1"}],"replies":[{"embeddable":true,"href":"https:\/\/royalcasinocompany.nl\/fr\/wp-json\/wp\/v2\/comments?post=71223"}],"version-history":[{"count":16,"href":"https:\/\/royalcasinocompany.nl\/fr\/wp-json\/wp\/v2\/pages\/71223\/revisions"}],"predecessor-version":[{"id":71943,"href":"https:\/\/royalcasinocompany.nl\/fr\/wp-json\/wp\/v2\/pages\/71223\/revisions\/71943"}],"up":[{"embeddable":true,"href":"https:\/\/royalcasinocompany.nl\/fr\/wp-json\/wp\/v2\/pages\/71016"}],"wp:attachment":[{"href":"https:\/\/royalcasinocompany.nl\/fr\/wp-json\/wp\/v2\/media?parent=71223"}],"curies":[{"name":"wp","href":"https:\/\/api.w.org\/{rel}","templated":true}]}}