{"id":71237,"date":"2025-11-02T13:17:45","date_gmt":"2025-11-02T12:17:45","guid":{"rendered":"https:\/\/royalcasinocompany.nl\/?page_id=71237"},"modified":"2026-01-15T23:21:41","modified_gmt":"2026-01-15T22:21:41","slug":"parkeren","status":"publish","type":"page","link":"https:\/\/royalcasinocompany.nl\/fr\/personeel\/parkeren\/","title":{"rendered":"Parking"},"content":{"rendered":"<div class=\"wpb-content-wrapper\"><div data-parent=\"true\" class=\"vc_row row-container boomapps_vcrow\" id=\"row-unique-0\"><div class=\"row limit-width row-parent\"><div class=\"wpb_row row-inner\"><div class=\"wpb_column pos-top pos-center align_left column_parent col-lg-12 boomapps_vccolumn single-internal-gutter\"><div class=\"uncol style-dark\"  ><div class=\"uncoltable\"><div class=\"uncell  boomapps_vccolumn no-block-padding\" ><div class=\"uncont\" ><div class=\"vc_row row-internal row-container boomapps_vcrow\"><div class=\"row row-child\"><div class=\"wpb_row row-inner\"><div class=\"wpb_column pos-top pos-center align_left column_child col-lg-12 boomapps_vccolumn single-internal-gutter\"><div class=\"uncol style-dark\" ><div class=\"uncoltable\"><div class=\"uncell  boomapps_vccolumn no-block-padding\" ><div class=\"uncont\" ><div class=\"vc_custom_heading_wrap\"><div class=\"heading-text el-text\" ><\/p>\n<h1>\ud83c\udd7f\ufe0f Parking<\/h1>\n<p>\n<hr class=\"separator-break separator-accent\" \/><\/div><div class=\"clear\"><\/div><\/div><div class=\"empty-space empty-single\" ><span class=\"empty-space-inner\"><\/span><\/div>\n<div class=\"uncode_text_column\" ><p>Chez Be Our Guest Events, nous tenons \u00e0 ce que tout se passe bien et de mani\u00e8re professionnelle, y compris le stationnement de nos bus et v\u00e9hicules.<br \/>\nPour que cela soit simple et sans erreur, nous utilisons la fonction <strong>L'application SME Fuel<\/strong> pour le stationnement payant. Gr\u00e2ce \u00e0 cette application, vous pouvez facilement et en toute s\u00e9curit\u00e9 d\u00e9marrer et arr\u00eater les actions de stationnement sur place.<\/p>\n<p>-<\/p>\n<h3>\ud83d\udcf2 Stationnement via l'application SME Fuel<\/h3>\n<p>Suivez toujours attentivement les \u00e9tapes ci-dessous. Le gestionnaire est responsable du d\u00e9marrage et de l'arr\u00eat de l'action de stationnement.<\/p>\n<ol>\n<li>\ud83d\udce5 <strong>T\u00e9l\u00e9charger<\/strong> l'application SME Fuel via l'App Store (iPhone) ou Google Play (Android).<\/li>\n<li>\ud83d\udcf1 <strong>Ouvrir l'application<\/strong> et autoriser les notifications et la localisation (\u201cpartager ma position\u201d sur).<\/li>\n<li>\ud83d\udeab Lorsque l'invite \u201cCr\u00e9er un nouveau compte\u201d s'affiche \u2192 cliquez sur <strong>\u201cPas maintenant\u201d<\/strong>.<\/li>\n<li>\ud83d\udd11 En bas, cliquez sur <strong>\u201cMa PME\u201d<\/strong> et ensuite sur <strong>\u201cLogin\u201d<\/strong>.<\/li>\n<li>Saisissez les donn\u00e9es de connexion suivantes :<br \/>\n\ud83d\udce7 <strong>Adresse \u00e9lectronique :<\/strong> info@BeOurGuestEvents.nl<br \/>\n\ud83d\udd10 <strong>Mot de passe :<\/strong> Park2800 !<\/li>\n<li>\ud83d\udccd Dans la barre de menu du bas, cliquez sur <strong>\u201cCarte\u201d<\/strong>.<\/li>\n<li>Trouver et s\u00e9lectionner le bon <strong>zone de stationnement<\/strong> O\u00f9 vous vous situez.<\/li>\n<li>\ud83d\ude97 V\u00e9rifier que l'information est correcte <strong>plaque d'immatriculation<\/strong> est s\u00e9lectionn\u00e9 (la modification peut \u00eatre effectu\u00e9e en appuyant sur le num\u00e9ro d'enregistrement).<\/li>\n<li>\u23f1\ufe0f Sugg\u00e9rer un <strong>heure de fin<\/strong> avant de se garer (vous pouvez l'ajuster plus tard si n\u00e9cessaire).<\/li>\n<li>\u2705 Presse <strong>\u201cD\u00e9marrer l'action\u201d<\/strong> pour commencer le stationnement.<\/li>\n<li>\ud83c\udfc1 Vous avez termin\u00e9 avant l'heure de fin programm\u00e9e ? D\u00e9sactivez alors manuellement l'action de stationnement pour \u00e9viter des frais suppl\u00e9mentaires.<\/li>\n<\/ol>\n<p>-<\/p>\n<h3>\ud83d\udca1 Points d'attention importants<\/h3>\n<ul>\n<li>\ud83d\udc68\u200d\ud83d\udcbc Le <strong>ex\u00e9cutif<\/strong> est toujours responsable du d\u00e9marrage et de l'arr\u00eat de l'application de stationnement.<\/li>\n<li>\ud83d\udcb8 Les frais de stationnement inutiles encourus en raison d'un arr\u00eat tardif seront pris en charge. <strong>d\u00e9duit du salaire<\/strong>.<\/li>\n<li>\ud83d\udeab Les amendes de stationnement sont toujours <strong>pour son propre compte<\/strong>.<\/li>\n<li>\ud83d\udd52 Lors du stationnement, v\u00e9rifiez s'il existe une dur\u00e9e maximale de stationnement dans la zone, prolongez la dur\u00e9e si n\u00e9cessaire.<\/li>\n<li>\ud83d\udccd N'utiliser l'appli que pour un usage professionnel en lien avec notre administration et notre facturation. En cas de fraude, un licenciement imm\u00e9diat s'applique.<\/li>\n<\/ul>\n<p>-<\/p>\n<h3>\ud83d\udcde Des probl\u00e8mes pour se garer ?<\/h3>\n<p>L'application ne fonctionne pas ou la connexion \u00e9choue ?<br \/>\nContactez ensuite Tim ou Taltiha directement via l'application du groupe, vous n'obtenez pas de r\u00e9ponse ? Avancez alors les frais de parking et d\u00e9clarez-les sur votre feuille de temps, cela n'est possible que si vous avez \u00e9galement un re\u00e7u.<br \/>\nNe mettez jamais le bus n'importe o\u00f9 sans ticket de parking valide, cela entra\u00eenera des amendes qui seront r\u00e9cup\u00e9r\u00e9es aupr\u00e8s de l'\u00e9quipe.<\/p>\n<p>-<\/p>\n<h3>\ud83d\udea8 R\u00e9sum\u00e9 - votre liste de contr\u00f4le pour le stationnement<\/h3>\n<ul>\n<li>\ud83d\udcf2 Ouvrir l'application et se connecter avec les bons identifiants<\/li>\n<li>\ud83d\udccd S\u00e9lection de la bonne zone de stationnement<\/li>\n<li>\ud83d\ude97 Num\u00e9ro d'enregistrement v\u00e9rifi\u00e9<\/li>\n<li>\ud83d\udd52 Heure de fin r\u00e9gl\u00e9e<\/li>\n<li>\u2705 Lancement d'une campagne de stationnement<\/li>\n<li>\ud83c\udfc1 Action de stationnement arr\u00eat\u00e9e au d\u00e9part<\/li>\n<li>\ud83d\udcac Confirmation dans l'application du groupe que le stationnement a \u00e9t\u00e9 effectu\u00e9<\/li>\n<\/ul>\n<p>-<\/p>\n<h3>\ud83d\udcc4 T\u00e9l\u00e9charger le manuel<\/h3>\n<p>Vous souhaitez sauvegarder ou partager le guide \u00e9tape par \u00e9tape ?<br \/>\nCliquez ci-dessous pour t\u00e9l\u00e9charger le PDF complet avec des captures d'\u00e9cran et des explications.<\/p>\n<p style=\"margin-top: 15px;\"><a style=\"display: inline-block; background-color: #c9a34a; color: #111; font-weight: bold; padding: 12px 24px; border-radius: 8px; text-decoration: none;\" href=\"https:\/\/royalcasinocompany.nl\/wp-content\/uploads\/2025\/11\/PARKEER-APP-INSTRUCTIES-1-1.pdf\">\ud83d\udce5 T\u00e9l\u00e9charger les instructions de stationnement (PDF)<br \/>\n<\/a><\/p>\n<p>-<\/p>\n<p><strong><br \/>\nRappelez-vous :<\/strong> Le stationnement soigneux fait partie du travail professionnel.<br \/>\nVeillez \u00e0 toujours le faire proprement, cela \u00e9vite les amendes, les co\u00fbts inutiles et montre que nous sommes organis\u00e9s et fiables en tant qu'\u00e9quipe.<br \/>\nC'est vrai <strong>Royal Casino Company<\/strong> correspond \u00e0 . \ud83d\udcaa<\/p>\n<\/div><div class=\"divider-wrapper\"  >\n    <hr class=\"border-accent-color separator-no-padding\"  \/>\n<\/div>\n<\/div><\/div><\/div><\/div><\/div><\/div><\/div><\/div><\/div><\/div><\/div><\/div><\/div><script id=\"script-row-unique-0\" data-row=\"script-row-unique-0\" type=\"text\/javascript\" class=\"vc_controls\">UNCODE.initRow(document.getElementById(\"row-unique-0\"));<\/script><\/div><\/div><\/div>\n<\/div>","protected":false},"excerpt":{"rendered":"\ud83c\udd7f\ufe0f Parkeren Bij Be Our Guest Events willen we dat alles soepel en professioneel verloopt ook het parkeren van onze [...]","protected":false},"author":1,"featured_media":0,"parent":71016,"menu_order":0,"comment_status":"closed","ping_status":"closed","template":"","meta":{"footnotes":""},"class_list":["post-71237","page","type-page","status-publish","hentry","page_category-personeel-portaal"],"_links":{"self":[{"href":"https:\/\/royalcasinocompany.nl\/fr\/wp-json\/wp\/v2\/pages\/71237","targetHints":{"allow":["GET"]}}],"collection":[{"href":"https:\/\/royalcasinocompany.nl\/fr\/wp-json\/wp\/v2\/pages"}],"about":[{"href":"https:\/\/royalcasinocompany.nl\/fr\/wp-json\/wp\/v2\/types\/page"}],"author":[{"embeddable":true,"href":"https:\/\/royalcasinocompany.nl\/fr\/wp-json\/wp\/v2\/users\/1"}],"replies":[{"embeddable":true,"href":"https:\/\/royalcasinocompany.nl\/fr\/wp-json\/wp\/v2\/comments?post=71237"}],"version-history":[{"count":6,"href":"https:\/\/royalcasinocompany.nl\/fr\/wp-json\/wp\/v2\/pages\/71237\/revisions"}],"predecessor-version":[{"id":71946,"href":"https:\/\/royalcasinocompany.nl\/fr\/wp-json\/wp\/v2\/pages\/71237\/revisions\/71946"}],"up":[{"embeddable":true,"href":"https:\/\/royalcasinocompany.nl\/fr\/wp-json\/wp\/v2\/pages\/71016"}],"wp:attachment":[{"href":"https:\/\/royalcasinocompany.nl\/fr\/wp-json\/wp\/v2\/media?parent=71237"}],"curies":[{"name":"wp","href":"https:\/\/api.w.org\/{rel}","templated":true}]}}