{"id":71239,"date":"2025-11-02T13:19:22","date_gmt":"2025-11-02T12:19:22","guid":{"rendered":"https:\/\/royalcasinocompany.nl\/?page_id=71239"},"modified":"2026-01-15T23:16:48","modified_gmt":"2026-01-15T22:16:48","slug":"naam-kaarten","status":"publish","type":"page","link":"https:\/\/royalcasinocompany.nl\/fr\/personeel\/naam-kaarten\/","title":{"rendered":"Cartes nominatives"},"content":{"rendered":"<div class=\"wpb-content-wrapper\"><div data-parent=\"true\" class=\"vc_row row-container boomapps_vcrow\" id=\"row-unique-0\"><div class=\"row limit-width row-parent\"><div class=\"wpb_row row-inner\"><div class=\"wpb_column pos-top pos-center align_left column_parent col-lg-12 boomapps_vccolumn single-internal-gutter\"><div class=\"uncol style-dark\"  ><div class=\"uncoltable\"><div class=\"uncell  boomapps_vccolumn no-block-padding\" ><div class=\"uncont\" ><div class=\"vc_row row-internal row-container boomapps_vcrow\"><div class=\"row row-child\"><div class=\"wpb_row row-inner\"><div class=\"wpb_column pos-top pos-center align_left column_child col-lg-12 boomapps_vccolumn single-internal-gutter\"><div class=\"uncol style-dark\" ><div class=\"uncoltable\"><div class=\"uncell  boomapps_vccolumn no-block-padding\" ><div class=\"uncont\" ><div class=\"vc_custom_heading_wrap\"><div class=\"heading-text el-text\" ><\/p>\n<h1>\ud83c\udfb4 Cartes nominatives<\/h1>\n<p>\n<hr class=\"separator-break separator-accent\" \/><\/div><div class=\"clear\"><\/div><\/div><div class=\"empty-space empty-single\" ><span class=\"empty-space-inner\"><\/span><\/div>\n<div class=\"uncode_text_column\" ><p>\u00c0 chaque \u00e9v\u00e9nement <strong>Royal Casino Company<\/strong> avec <strong>badges nominatifs personnalis\u00e9s<\/strong> pour tous les croupiers.<br \/>\nCette carte appartient \u00e0 votre table de casino et nous aide \u00e0 maintenir la clart\u00e9, la structure et le professionnalisme pendant le montage et le nettoyage de l'\u00e9v\u00e9nement.<\/p>\n<p>Chaque carte nominative est li\u00e9e \u00e0 une table sp\u00e9cifique (Roulette, Blackjack ou Poker, etc.) et indique que vous \u00eates responsable de l'utilisation de la carte nominative. <strong>la pr\u00e9paration, le contr\u00f4le et le nettoyage<\/strong> de cette table. De cette mani\u00e8re, chacun sait exactement qui est charg\u00e9 de quelle t\u00e2che, le travail reste clair et quelqu'un peut \u00eatre appel\u00e9 \u00e0 rendre compte d'un travail mal fait ou de mat\u00e9riaux manquants.<\/p>\n<p>-<\/p>\n<h3>\ud83d\udc64 Quel est l'objectif de la carte nominative ?<\/h3>\n<ul>\n<li>La carte nominative sera remise par le responsable au d\u00e9but de l'\u00e9v\u00e9nement.<\/li>\n<li>La carte indique votre nom, des informations et la table de casino dont vous \u00eates responsable.<\/li>\n<li>Vous \u00eates responsable de la <strong>pr\u00e9parer, pr\u00e9senter<\/strong>\u00a0et <strong>nettoyer<\/strong> du tableau figurant sur votre carte.<\/li>\n<li>Y a-t-il eu un probl\u00e8me lors de la construction ou des mat\u00e9riaux manquants ? <strong>Signaler imm\u00e9diatement cette situation au superviseur<\/strong> avant le d\u00e9but de l'\u00e9v\u00e9nement.<\/li>\n<\/ul>\n<p>-<\/p>\n<h3>\ud83e\uddfd Que faites-vous \u00e0 la fin de la soir\u00e9e ?<\/h3>\n<p>Apr\u00e8s l'\u00e9v\u00e9nement, suivez les \u00e9tapes ci-dessous pour nettoyer votre table de casino proprement et compl\u00e8tement :<\/p>\n<ol>\n<li><strong>V\u00e9rifiez toujours que le bac \u00e0 copeaux est complet. <\/strong>Si vous manquez beaucoup de jetons, il y a de fortes chances qu'une autre table en ait trop.<strong><br \/>\nLaissez toujours ceci <strong>le contr\u00f4le par le gestionnaire<\/strong>.<\/strong><\/li>\n<li><strong>Nettoyage des tables de casino<\/strong> avec un chiffon humide (spray nettoyant) puis un chiffon sec.<br \/>\nN'oubliez pas le <strong>gobelets pour boissons<\/strong> et enlever les taches \u00e9ventuelles.<\/li>\n<li><strong>Bo\u00eete de mat\u00e9riel bien rang\u00e9e<\/strong>:\n<ul>\n<li>Pi\u00e8ces lourdes au fond de la bo\u00eete.<\/li>\n<li>Le petit mat\u00e9riel dans les poches ou les compartiments au bon endroit (voir la liste du mat\u00e9riel).<\/li>\n<li>V\u00e9rifiez que tout est complet avant de fermer la bo\u00eete.<\/li>\n<\/ul>\n<\/li>\n<li><strong>Renvoi du bristol<\/strong> dans la bo\u00eete \u00e0 mat\u00e9riel de votre table de casino.<br \/>\nAinsi, lorsque nous v\u00e9rifions la remise, nous savons imm\u00e9diatement qui est responsable de cette table.<\/li>\n<\/ol>\n<p>-<\/p>\n<h3>\u26a0\ufe0f Important<\/h3>\n<ul>\n<li>Ne laissez jamais votre carte de visite tra\u00eener ou tra\u00eener dans la remise.<\/li>\n<li>Le bristol fait partie de notre <strong>la qualit\u00e9 et le contr\u00f4le, <\/strong>le traiter avec soin.<\/li>\n<li>Si vous constatez des dommages, des pi\u00e8ces manquantes ou d'autres d\u00e9tails, signalez-les imm\u00e9diatement dans l'application de groupe de l'affectation concern\u00e9e.<\/li>\n<li>Le non-respect de ces \u00e9tapes peut avoir des cons\u00e9quences sur la liste de contr\u00f4le de l'\u00e9quipe et sur le paiement des heures travaill\u00e9es.<\/li>\n<\/ul>\n<p>-<\/p>\n<h3>\ud83c\udfaf Pourquoi nous travaillons avec des bristols<\/h3>\n<p>La carte nominative fournit <strong>clart\u00e9 et appropriation<\/strong>.<br \/>\nChacun sait ce dont il est responsable, ce qui rend l'installation et le nettoyage plus rapides et plus efficaces.<br \/>\nIl permet d'\u00e9viter que des t\u00e2ches soient omises et de s'assurer que toutes les tables et tous les mat\u00e9riaux sont en parfait \u00e9tat.<\/p>\n<p>Un bon croupier quitte toujours sa table <strong>est reparti plus propre qu'il ne l'a trouv\u00e9<\/strong>.<br \/>\nC'est le niveau que nous visons au sein de l'Union europ\u00e9enne. <strong>Royal Casino Company<\/strong> professionnel, attentionn\u00e9 et fiable.<\/p>\n<p><strong>Merci pour votre d\u00e9vouement et votre pr\u00e9cision !<\/strong><br \/>\nVotre attention et votre responsabilit\u00e9 font la diff\u00e9rence pour notre qualit\u00e9 et notre apparence. \ud83d\udcaa\ud83c\udfb2<\/p>\n<\/div><div class=\"divider-wrapper\"  >\n    <hr class=\"border-accent-color separator-no-padding\"  \/>\n<\/div>\n<\/div><\/div><\/div><\/div><\/div><\/div><\/div><\/div><\/div><\/div><\/div><\/div><\/div><script id=\"script-row-unique-0\" data-row=\"script-row-unique-0\" type=\"text\/javascript\" class=\"vc_controls\">UNCODE.initRow(document.getElementById(\"row-unique-0\"));<\/script><\/div><\/div><\/div>\n<\/div>","protected":false},"excerpt":{"rendered":"\ud83c\udfb4 Naamkaarten Bij elk evenement werkt Royal Casino Company met persoonlijke naamkaarten voor alle croupiers. Deze kaart hoort bij jouw [...]","protected":false},"author":1,"featured_media":0,"parent":71016,"menu_order":0,"comment_status":"closed","ping_status":"closed","template":"","meta":{"footnotes":""},"class_list":["post-71239","page","type-page","status-publish","hentry","page_category-personeel-portaal"],"_links":{"self":[{"href":"https:\/\/royalcasinocompany.nl\/fr\/wp-json\/wp\/v2\/pages\/71239","targetHints":{"allow":["GET"]}}],"collection":[{"href":"https:\/\/royalcasinocompany.nl\/fr\/wp-json\/wp\/v2\/pages"}],"about":[{"href":"https:\/\/royalcasinocompany.nl\/fr\/wp-json\/wp\/v2\/types\/page"}],"author":[{"embeddable":true,"href":"https:\/\/royalcasinocompany.nl\/fr\/wp-json\/wp\/v2\/users\/1"}],"replies":[{"embeddable":true,"href":"https:\/\/royalcasinocompany.nl\/fr\/wp-json\/wp\/v2\/comments?post=71239"}],"version-history":[{"count":7,"href":"https:\/\/royalcasinocompany.nl\/fr\/wp-json\/wp\/v2\/pages\/71239\/revisions"}],"predecessor-version":[{"id":71942,"href":"https:\/\/royalcasinocompany.nl\/fr\/wp-json\/wp\/v2\/pages\/71239\/revisions\/71942"}],"up":[{"embeddable":true,"href":"https:\/\/royalcasinocompany.nl\/fr\/wp-json\/wp\/v2\/pages\/71016"}],"wp:attachment":[{"href":"https:\/\/royalcasinocompany.nl\/fr\/wp-json\/wp\/v2\/media?parent=71239"}],"curies":[{"name":"wp","href":"https:\/\/api.w.org\/{rel}","templated":true}]}}