{"id":71247,"date":"2025-11-02T13:23:14","date_gmt":"2025-11-02T12:23:14","guid":{"rendered":"https:\/\/royalcasinocompany.nl\/?page_id=71247"},"modified":"2026-01-16T10:45:39","modified_gmt":"2026-01-16T09:45:39","slug":"sleutelkastje","status":"publish","type":"page","link":"https:\/\/royalcasinocompany.nl\/fr\/personeel\/sleutelkastje\/","title":{"rendered":"Bo\u00eete \u00e0 cl\u00e9s"},"content":{"rendered":"<div class=\"wpb-content-wrapper\"><div data-parent=\"true\" class=\"vc_row row-container boomapps_vcrow\" id=\"row-unique-0\"><div class=\"row limit-width row-parent\"><div class=\"wpb_row row-inner\"><div class=\"wpb_column pos-top pos-center align_left column_parent col-lg-12 boomapps_vccolumn single-internal-gutter\"><div class=\"uncol style-dark\"  ><div class=\"uncoltable\"><div class=\"uncell  boomapps_vccolumn no-block-padding\" ><div class=\"uncont\" ><div class=\"vc_row row-internal row-container boomapps_vcrow\"><div class=\"row row-child\"><div class=\"wpb_row row-inner\"><div class=\"wpb_column pos-top pos-center align_left column_child col-lg-12 boomapps_vccolumn single-internal-gutter\"><div class=\"uncol style-dark\" ><div class=\"uncoltable\"><div class=\"uncell  boomapps_vccolumn no-block-padding\" ><div class=\"uncont\" ><div class=\"vc_custom_heading_wrap\"><div class=\"heading-text el-text\" ><\/p>\n<h1>\ud83d\udd11 Bo\u00eete \u00e0 cl\u00e9s et remise d'acc\u00e8s<\/h1>\n<p>\n<hr class=\"separator-break separator-accent\" \/><\/div><div class=\"clear\"><\/div><\/div><div class=\"empty-space empty-single\" ><span class=\"empty-space-inner\"><\/span><\/div>\n<div class=\"uncode_text_column\" ><p>Lorsque vous arrivez au hangar, vous trouverez la porte d'entr\u00e9e \u00e0 gauche de la porte roulante. Directement \u00e0 gauche de cette porte d'entr\u00e9e se trouve le <strong>armoire \u00e0 cl\u00e9s<\/strong> contenant la cl\u00e9. Vous trouverez ci-dessous le mode d'emploi exact de la bo\u00eete \u00e0 cl\u00e9s, ce que nous attendons de vous et ce qu'il faut faire en cas de probl\u00e8me.<\/p>\n<p>-<\/p>\n<h3>\ud83d\udd10 Avis important<\/h3>\n<ul>\n<li>Le code et la cl\u00e9 sont <strong>confidentiel<\/strong>. Ne le partagez pas avec d'autres personnes. Seul le personnel de Be Our Guest doit y avoir acc\u00e8s.<\/li>\n<li>Manipulez toujours le code et la cl\u00e9 avec soin et attention. Toute n\u00e9gligence augmente le risque de cambriolage ou de perte.<\/li>\n<li>Si vous voyez quelque chose de suspect, si vous perdez la cl\u00e9 ou si le casier est cass\u00e9 : <strong>contacter directement Tim ou Talitha<\/strong>.<\/li>\n<\/ul>\n<p>-<\/p>\n<h3>1\ufe0f\u20e3 Comment ouvrir la bo\u00eete \u00e0 cl\u00e9s (\u00e9tape par \u00e9tape)<\/h3>\n<ol>\n<li>Marchez jusqu'\u00e0 la porte d'entr\u00e9e situ\u00e9e \u00e0 gauche de la porte roulante. \u00c0 gauche de cette porte se trouve la bo\u00eete \u00e0 cl\u00e9s.<\/li>\n<li>Faites glisser le couvercle noir de l'armoire <strong>vers le bas<\/strong> Pour en venir aux chiffres.<\/li>\n<li>Entrez le code \u00e0 l'aide des cadrans.<\/li>\n<li>Faire l'onglet noir (\u00e0 gauche des chiffres) <strong>vers le bas<\/strong> et tirez en m\u00eame temps la partie grise de la bo\u00eete vers vous.<\/li>\n<li>A l'int\u00e9rieur du casier, vous trouverez la cl\u00e9. Elle est attach\u00e9e \u00e0 un c\u00e2ble. Tirez tranquillement la cl\u00e9 vers vous et sortez-la du casier.<\/li>\n<li>Ins\u00e9rez la cl\u00e9 dans la serrure et tournez-la plusieurs fois jusqu'\u00e0 ce que la porte se d\u00e9verrouille. Poussez ensuite contre la porte pour l'ouvrir.<\/li>\n<li>Une fois \u00e0 l'int\u00e9rieur, assurez-vous que la cl\u00e9 est imm\u00e9diatement replac\u00e9e dans le casier et verrouillez le casier comme d\u00e9crit ci-dessous.<\/li>\n<\/ol>\n<p>-<\/p>\n<h3>2\ufe0f\u20e3 Comment fermer le casier (le verrouiller en toute s\u00e9curit\u00e9)<\/h3>\n<ul>\n<li>Remettez la cl\u00e9 soigneusement \u00e0 sa place dans le casier.<\/li>\n<li>Tournez bri\u00e8vement les chiffres de mani\u00e8re \u00e0 ce que le code ne reste pas visible dans la cabine (cela emp\u00eache toute personne de lire facilement le code).<\/li>\n<li>Glisser \u00e0 nouveau la languette noire <strong>vers le haut<\/strong> et fermer le rabat noir.<\/li>\n<li>V\u00e9rifiez toujours que la bo\u00eete est bien ferm\u00e9e et qu'elle ne pend pas.<\/li>\n<\/ul>\n<p>-<\/p>\n<h3>3\ufe0f\u20e3 R\u00e8gles de s\u00e9curit\u00e9 et de comportement suppl\u00e9mentaires<\/h3>\n<ul>\n<li>N'\u00e9crivez jamais le code dans un endroit visible par d'autres personnes. Gardez-le en s\u00e9curit\u00e9 dans votre t\u00e9l\u00e9phone afin de pouvoir le retrouver rapidement lors de votre prochaine garde.<\/li>\n<li>Ne dites jamais \u00e0 des tiers o\u00f9 se trouve la cl\u00e9 ou comment ouvrir l'armoire, y compris \u00e0 des amis ou \u00e0 des membres de votre famille.<\/li>\n<li>Ne laissez jamais la porte ouverte ou la cl\u00e9 tra\u00eener. Signalez imm\u00e9diatement au personnel du bureau une porte qui n'est pas correctement verrouill\u00e9e.<\/li>\n<\/ul>\n<p>-<\/p>\n<h3>4\ufe0f\u20e3 Que faire en cas de probl\u00e8mes ou d'irr\u00e9gularit\u00e9s ?<\/h3>\n<ul>\n<li>Vous n'arrivez pas \u00e0 ouvrir la bo\u00eete ? V\u00e9rifiez que le rabat noir est compl\u00e8tement abaiss\u00e9 et que les chiffres sont r\u00e9gl\u00e9s correctement.<\/li>\n<li>La cl\u00e9 est perdue ou endommag\u00e9e ? Signalez-le imm\u00e9diatement \u00e0 <strong>Tim ou Talitha<\/strong>. Ne prenez pas de risques et n'essayez pas de forcer la serrure vous-m\u00eame.<\/li>\n<li>Voyez-vous ou entendez-vous quelque chose de suspect (par exemple des signes de cambriolage) ? Quittez les lieux, appelez imm\u00e9diatement Tim ou Talitha et, si n\u00e9cessaire, appelez le 112.<\/li>\n<li>Si vous quittez le hangar et que vous voyez quelque chose de remarquable, signalez-le imm\u00e9diatement via l'application et notez bri\u00e8vement votre nom et l'heure.<\/li>\n<\/ul>\n<p>-<\/p>\n<h3>\ud83d\udd0e Liste de contr\u00f4le succincte (avant le d\u00e9part)<\/h3>\n<ul>\n<li>Avez-vous remis la cl\u00e9 en place ? \u2705<\/li>\n<li>Avez-vous m\u00e9lang\u00e9 les chiffres et mis la languette noire en haut ? \u2705<\/li>\n<li>L'armoire est-elle correctement scell\u00e9e et bien accroch\u00e9e ? \u2705<\/li>\n<li>Avez-vous vu quelque chose de suspect ? Si oui, l'avez-vous signal\u00e9 imm\u00e9diatement ? \u2705<\/li>\n<\/ul>\n<p>-<\/p>\n<p><strong>Conclusion :<\/strong> traitez toujours le code et la cl\u00e9 comme s'il s'agissait de votre responsabilit\u00e9, avec soin, respect et en tenant compte de la s\u00e9curit\u00e9 de chacun. En cas d'ambigu\u00eft\u00e9 ou de probl\u00e8me : appelez ou appelez directement. <strong>Tim<\/strong> ou <strong>Talitha<\/strong>. Nous comptons sur votre fiabilit\u00e9.<\/p>\n<\/div><div class=\"divider-wrapper\"  >\n    <hr class=\"border-accent-color separator-no-padding\"  \/>\n<\/div>\n<\/div><\/div><\/div><\/div><\/div><\/div><\/div><\/div><\/div><\/div><\/div><\/div><\/div><script id=\"script-row-unique-0\" data-row=\"script-row-unique-0\" type=\"text\/javascript\" class=\"vc_controls\">UNCODE.initRow(document.getElementById(\"row-unique-0\"));<\/script><\/div><\/div><\/div>\n<\/div>","protected":false},"excerpt":{"rendered":"\ud83d\udd11 Sleutelkastje &amp; toegang loods Als je voor het eerst bij de loods komt, vind je links van de roldeur [...]","protected":false},"author":1,"featured_media":0,"parent":71016,"menu_order":0,"comment_status":"closed","ping_status":"closed","template":"","meta":{"footnotes":""},"class_list":["post-71247","page","type-page","status-publish","hentry","page_category-personeel-portaal"],"_links":{"self":[{"href":"https:\/\/royalcasinocompany.nl\/fr\/wp-json\/wp\/v2\/pages\/71247","targetHints":{"allow":["GET"]}}],"collection":[{"href":"https:\/\/royalcasinocompany.nl\/fr\/wp-json\/wp\/v2\/pages"}],"about":[{"href":"https:\/\/royalcasinocompany.nl\/fr\/wp-json\/wp\/v2\/types\/page"}],"author":[{"embeddable":true,"href":"https:\/\/royalcasinocompany.nl\/fr\/wp-json\/wp\/v2\/users\/1"}],"replies":[{"embeddable":true,"href":"https:\/\/royalcasinocompany.nl\/fr\/wp-json\/wp\/v2\/comments?post=71247"}],"version-history":[{"count":8,"href":"https:\/\/royalcasinocompany.nl\/fr\/wp-json\/wp\/v2\/pages\/71247\/revisions"}],"predecessor-version":[{"id":71956,"href":"https:\/\/royalcasinocompany.nl\/fr\/wp-json\/wp\/v2\/pages\/71247\/revisions\/71956"}],"up":[{"embeddable":true,"href":"https:\/\/royalcasinocompany.nl\/fr\/wp-json\/wp\/v2\/pages\/71016"}],"wp:attachment":[{"href":"https:\/\/royalcasinocompany.nl\/fr\/wp-json\/wp\/v2\/media?parent=71247"}],"curies":[{"name":"wp","href":"https:\/\/api.w.org\/{rel}","templated":true}]}}