{"id":71251,"date":"2025-11-02T13:25:26","date_gmt":"2025-11-02T12:25:26","guid":{"rendered":"https:\/\/royalcasinocompany.nl\/?page_id=71251"},"modified":"2026-01-15T22:46:51","modified_gmt":"2026-01-15T21:46:51","slug":"alarm","status":"publish","type":"page","link":"https:\/\/royalcasinocompany.nl\/fr\/personeel\/alarm\/","title":{"rendered":"Alarme"},"content":{"rendered":"<div class=\"wpb-content-wrapper\"><div data-parent=\"true\" class=\"vc_row row-container boomapps_vcrow\" id=\"row-unique-0\"><div class=\"row limit-width row-parent\"><div class=\"wpb_row row-inner\"><div class=\"wpb_column pos-top pos-center align_left column_parent col-lg-12 boomapps_vccolumn single-internal-gutter\"><div class=\"uncol style-dark\"  ><div class=\"uncoltable\"><div class=\"uncell  boomapps_vccolumn no-block-padding\" ><div class=\"uncont\" ><div class=\"vc_row row-internal row-container boomapps_vcrow\"><div class=\"row row-child\"><div class=\"wpb_row row-inner\"><div class=\"wpb_column pos-top pos-center align_left column_child col-lg-12 boomapps_vccolumn single-internal-gutter\"><div class=\"uncol style-dark\" ><div class=\"uncoltable\"><div class=\"uncell  boomapps_vccolumn no-block-padding\" ><div class=\"uncont\" ><div class=\"vc_custom_heading_wrap\"><div class=\"heading-text el-text\" ><\/p>\n<h1>\ud83d\udea8 Alarme et acc\u00e8s \u00e0 l'entr\u00e9e<\/h1>\n<p>\n<hr class=\"separator-break separator-accent\" \/><\/div><div class=\"clear\"><\/div><\/div><div class=\"empty-space empty-single\" ><span class=\"empty-space-inner\"><\/span><\/div>\n<div class=\"uncode_text_column\" ><p>Dans notre hangar se trouve un <strong>syst\u00e8me d'alarme<\/strong> install\u00e9s pour s\u00e9curiser notre mat\u00e9riel et les locaux.<br \/>\nChaque employ\u00e9 ayant acc\u00e8s au hangar doit savoir comment fonctionne le syst\u00e8me et comment activer et d\u00e9sactiver l'alarme en toute s\u00e9curit\u00e9.<br \/>\nLisez attentivement les instructions ci-dessous et suivez-les \u00e0 la lettre.<\/p>\n<p>-<\/p>\n<h3>\ud83d\udccd O\u00f9 se trouve le syst\u00e8me d'alarme ?<\/h3>\n<p>D\u00e8s que vous entrez par la porte normale (\u00e0 gauche de la porte roulante), vous verrez <strong>imm\u00e9diatement<\/strong> de vous il <strong>bo\u00eetier d'alarme<\/strong>.<br \/>\nL'armoire est mont\u00e9e \u00e0 hauteur d'\u0153il contre le mur.<\/p>\n<p>-<\/p>\n<h3>\ud83d\udd13 D\u00e9sactiver l'alarme \u00e0 l'entr\u00e9e<\/h3>\n<p>Lorsque vous entrez dans l'abri, vous entendez un bip. Cela signifie que l'alarme est activ\u00e9e et que vous devez la d\u00e9sactiver dans les secondes qui suivent.<\/p>\n<ol>\n<li>Marchez directement vers la bo\u00eete d'alarme \u00e0 droite de la porte.<\/li>\n<li>Entrez le code.<\/li>\n<li>Appuyez ensuite sur la touche <strong>A<\/strong>.<\/li>\n<li>Le syst\u00e8me \u00e9met un bref signal sonore et l'\u00e9cran indique que l'alarme est en cours. <strong>handicap\u00e9<\/strong><\/li>\n<li>Vous avez saisi un code erron\u00e9 par erreur ? Appuyez alors imm\u00e9diatement sur ESC et recommencez les \u00e9tapes ci-dessus.<\/li>\n<\/ol>\n<p>D\u00e8s lors, l'abri est accessible en toute s\u00e9curit\u00e9 et vous pouvez poursuivre votre travail.<\/p>\n<p>-<\/p>\n<h3>\ud83d\udd12 Activation de l'alarme au d\u00e9part<\/h3>\n<p>Lorsque vous quittez le hangar, vous devez toujours v\u00e9rifier que tout est bien verrouill\u00e9 et que l'alarme est r\u00e9activ\u00e9e.<\/p>\n<ol>\n<li>V\u00e9rifier que la porte d'entr\u00e9e est ferm\u00e9e et verrouill\u00e9e.<\/li>\n<li>Saisissez \u00e0 nouveau le code.<\/li>\n<li>Presse <strong>A<\/strong> pour activer l'alarme.<\/li>\n<li>Vous entendrez un bip pendant le temps d'allumage (environ 20 secondes).<\/li>\n<li>Vous avez saisi un code erron\u00e9 par erreur ? Appuyez alors imm\u00e9diatement sur ESC et recommencez les \u00e9tapes ci-dessus.<\/li>\n<li>Sortez du hangar par la porte roulante et fermez-la en appuyant sur la fl\u00e8che vers le bas du panneau de commande.<\/li>\n<\/ol>\n<p><strong>Important :<\/strong> N'oubliez jamais d'activer l'alarme lorsque vous partez.<br \/>\nSi l'alarme n'est pas activ\u00e9e, le bien reste sans protection, ce qui peut avoir des cons\u00e9quences importantes en cas de cambriolage ou de d\u00e9g\u00e2ts.<br \/>\nChaque employ\u00e9 est responsable de la s\u00e9curit\u00e9 de la fermeture.<\/p>\n<p>-<\/p>\n<h3>\u26a0\ufe0f Messages d'erreur ou d\u00e9fauts<\/h3>\n<ul>\n<li>Si l'alarme \u00e9met un bip ou un message d'erreur, v\u00e9rifiez l'affichage.<br \/>\nParfois, un message tel que \u201cZone ouverte\u201d indique qu'une porte est ouverte.<\/li>\n<li>R\u00e9glez d'abord le probl\u00e8me (fermez correctement la porte) et essayez \u00e0 nouveau d'introduire le code.<\/li>\n<li>L'alarme \u00e9met-elle toujours des bips ou ne s'enclenche-t-elle pas ?<br \/>\n<strong>Appelez directement Tim ou Talitha<\/strong> et attendez les instructions \u00e0 l'ext\u00e9rieur des locaux.<\/li>\n<li>N'essayez jamais d'appuyer simplement sur un bouton ; cela pourrait bloquer le syst\u00e8me ou d\u00e9clencher la station de surveillance.<\/li>\n<\/ul>\n<p>-<\/p>\n<h3>\ud83d\udd14 Important pour les nouveaux employ\u00e9s<\/h3>\n<p>Si vous vous trouvez dans le hangar pour la premi\u00e8re fois, entra\u00eenez-vous une fois avec un coll\u00e8gue exp\u00e9riment\u00e9 au fonctionnement du syst\u00e8me d'alarme.<br \/>\nVous savez ainsi exactement ce qu'il faut faire \u00e0 l'entr\u00e9e et \u00e0 la sortie. Faites toujours tr\u00e8s attention \u00e0 l'ordre et au code, car les erreurs peuvent entra\u00eener une fausse alerte.<\/p>\n<p>-<\/p>\n<h3>\ud83e\udde0 S\u00e9curit\u00e9 et responsabilit\u00e9<\/h3>\n<ul>\n<li>Le code d'alarme est <strong>confidentiel<\/strong> et ne peuvent \u00eatre partag\u00e9s avec d'autres.<\/li>\n<li>Notez le code d'alarme en toute s\u00e9curit\u00e9 dans votre t\u00e9l\u00e9phone afin de pouvoir le retrouver rapidement et facilement la prochaine fois.<\/li>\n<li>Le code ne peut \u00eatre utilis\u00e9 qu'\u00e0 des fins professionnelles, l'usage priv\u00e9 n'\u00e9tant pas autoris\u00e9.<\/li>\n<li>Si vous pensez que quelqu'un conna\u00eet le code alors qu'il ne le devrait pas, signalez-le imm\u00e9diatement \u00e0 <strong>Tim<\/strong> ou <strong>Talitha<\/strong>.<\/li>\n<\/ul>\n<p>-<\/p>\n<h3>\u2705 R\u00e9sum\u00e9<\/h3>\n<ul>\n<li>A l'entr\u00e9e : <strong>entrer le code &gt; A<\/strong> \u2192 alarme d\u00e9sactiv\u00e9e<\/li>\n<li>Au d\u00e9part : <strong>entrer le code &gt; A<\/strong> \u2192 alarme activ\u00e9e<\/li>\n<li>V\u00e9rifier les portes avant le d\u00e9part<\/li>\n<li>Quitter les lieux en silence pendant l'heure d'allumage.<\/li>\n<li>En cas de dysfonctionnements ou de probl\u00e8mes <strong>Toujours contacter directement<\/strong><\/li>\n<\/ul>\n<p>En manipulant soigneusement le syst\u00e8me d'alarme, nous assurons ensemble un environnement de travail s\u00fbr et prot\u00e9geons notre mat\u00e9riel, nos v\u00e9hicules et les locaux.<br \/>\nNous vous remercions de votre consid\u00e9ration et de votre responsabilit\u00e9. \ud83d\udd10<\/p>\n<\/div><div class=\"divider-wrapper\"  >\n    <hr class=\"border-accent-color separator-no-padding\"  \/>\n<\/div>\n<\/div><\/div><\/div><\/div><\/div><\/div><\/div><\/div><\/div><\/div><\/div><\/div><\/div><script id=\"script-row-unique-0\" data-row=\"script-row-unique-0\" type=\"text\/javascript\" class=\"vc_controls\">UNCODE.initRow(document.getElementById(\"row-unique-0\"));<\/script><\/div><\/div><\/div>\n<\/div>","protected":false},"excerpt":{"rendered":"\ud83d\udea8 Alarm &amp; Toegang bij binnenkomst In onze loods is een alarmsysteem ge\u00efnstalleerd om onze materialen en het pand te [...]","protected":false},"author":1,"featured_media":0,"parent":71016,"menu_order":0,"comment_status":"closed","ping_status":"closed","template":"","meta":{"footnotes":""},"class_list":["post-71251","page","type-page","status-publish","hentry","page_category-personeel-portaal"],"_links":{"self":[{"href":"https:\/\/royalcasinocompany.nl\/fr\/wp-json\/wp\/v2\/pages\/71251","targetHints":{"allow":["GET"]}}],"collection":[{"href":"https:\/\/royalcasinocompany.nl\/fr\/wp-json\/wp\/v2\/pages"}],"about":[{"href":"https:\/\/royalcasinocompany.nl\/fr\/wp-json\/wp\/v2\/types\/page"}],"author":[{"embeddable":true,"href":"https:\/\/royalcasinocompany.nl\/fr\/wp-json\/wp\/v2\/users\/1"}],"replies":[{"embeddable":true,"href":"https:\/\/royalcasinocompany.nl\/fr\/wp-json\/wp\/v2\/comments?post=71251"}],"version-history":[{"count":9,"href":"https:\/\/royalcasinocompany.nl\/fr\/wp-json\/wp\/v2\/pages\/71251\/revisions"}],"predecessor-version":[{"id":71923,"href":"https:\/\/royalcasinocompany.nl\/fr\/wp-json\/wp\/v2\/pages\/71251\/revisions\/71923"}],"up":[{"embeddable":true,"href":"https:\/\/royalcasinocompany.nl\/fr\/wp-json\/wp\/v2\/pages\/71016"}],"wp:attachment":[{"href":"https:\/\/royalcasinocompany.nl\/fr\/wp-json\/wp\/v2\/media?parent=71251"}],"curies":[{"name":"wp","href":"https:\/\/api.w.org\/{rel}","templated":true}]}}